{"id":1098,"date":"2025-05-26T01:14:12","date_gmt":"2025-05-26T01:14:12","guid":{"rendered":"https:\/\/bstextract.com\/?post_type=product&#038;p=1098"},"modified":"2025-07-09T06:53:07","modified_gmt":"2025-07-09T06:53:07","slug":"extracto-de-ginkgo-biloba","status":"publish","type":"product","link":"https:\/\/bstextract.com\/es\/producto\/extracto-de-ginkgo-biloba\/","title":{"rendered":"Extracto de Ginkgo Biloba EGB 761 24%"},"content":{"rendered":"<p><strong>Extracto de Ginkgo Biloba<\/strong>EGB 761 es un extracto est\u00e1ndar de hojas de Ginkgo Biloba. Contiene 24% de gluc\u00f3sidos de flavona (principalmente quercetina, kaempferol e isorhamnetina) y 6% de lactonas terp\u00e9nicas (2,8-3,4% de ginkg\u00f3lidos A, B y C, y 2,6-3,2% de bilob\u00e1lido). El extracto de Ginkgo biloba se utiliza ampliamente en aditivos alimentarios, bebidas funcionales y materias primas cosm\u00e9ticas.<\/p>\n<ul>\n<li><strong>Fuente bot\u00e1nica<\/strong>: <em>Ginkgo biloba<\/em> (Hoja)<\/li>\n<li><strong>N\u00famero CAS<\/strong>: -<\/li>\n<li><strong>Aspecto f\u00edsico<\/strong>: Polvo fino marr\u00f3n verdoso<\/li>\n<li><strong>Especificaci\u00f3n<\/strong>: 24% Flavonoides<\/li>\n<li><strong>Sin\u00f3nimos \/ Nombres alternativos<\/strong>: Extracto de Ginkgo, Extracto de Hoja de Ginkgo, Extracto de Hoja de Ginkgo Biloba en Polvo<\/li>\n<li><strong>COA:<\/strong> <a href=\"https:\/\/bstextract.com\/wp-content\/uploads\/2025\/05\/Ginkgo-Biloba-Extract-COA.pdf\">Extracto de Ginkgo Biloba COA<\/a><\/li>\n<\/ul>\n<p>Este extracto altamente concentrado se fabrica con t\u00e9cnicas de procesamiento avanzadas para preservar los compuestos activos y garantizar los m\u00e1s altos niveles de pureza, por lo que es ideal para su uso en suplementos, alimentos funcionales y cosm\u00e9ticos.<\/p>\n<p><img fetchpriority=\"high\" decoding=\"async\" class=\"aligncenter wp-image-1103 size-full\" src=\"https:\/\/bstextract.com\/wp-content\/uploads\/2025\/05\/1-24.png\" alt=\"Extracto de Ginkgo Biloba\" width=\"750\" height=\"652\" title=\"\" srcset=\"https:\/\/bstextract.com\/wp-content\/uploads\/2025\/05\/1-24.png 750w, https:\/\/bstextract.com\/wp-content\/uploads\/2025\/05\/1-24-300x261.png 300w, https:\/\/bstextract.com\/wp-content\/uploads\/2025\/05\/1-24-14x12.png 14w, https:\/\/bstextract.com\/wp-content\/uploads\/2025\/05\/1-24-600x522.png 600w\" sizes=\"(max-width: 750px) 100vw, 750px\" \/><\/p>\n<h2>Especificaciones t\u00e9cnicas<\/h2>\n<div>\n<div tabindex=\"-1\">\n<table>\n<thead>\n<tr>\n<th>Par\u00e1metro<\/th>\n<th>Especificaci\u00f3n<\/th>\n<\/tr>\n<\/thead>\n<tbody>\n<tr>\n<td>Nombre del producto<\/td>\n<td>Extracto de Ginkgo Biloba<\/td>\n<\/tr>\n<tr>\n<td>Principio activo<\/td>\n<td>Flavonoides<\/td>\n<\/tr>\n<tr>\n<td>Apariencia<\/td>\n<td>Marr\u00f3n Polvo Verde<\/td>\n<\/tr>\n<tr>\n<td>Especificaci\u00f3n del producto<\/td>\n<td>24% Flavonoides<\/td>\n<\/tr>\n<tr>\n<td>Embalaje<\/td>\n<td>1 kg\/saco\/caja o 25 kg\/tambor\/caja, personalizable<\/td>\n<\/tr>\n<tr>\n<td>Disponibilidad de muestras<\/td>\n<td>Muestras gratuitas disponibles<\/td>\n<\/tr>\n<tr>\n<td>Vida \u00fatil<\/td>\n<td>24 meses (si se almacena correctamente)<\/td>\n<\/tr>\n<tr>\n<td>Condiciones de almacenamiento<\/td>\n<td>Almacenar en recipientes herm\u00e9ticos y resistentes a la luz. Evitar la luz solar directa, la humedad y el calor excesivo.<\/td>\n<\/tr>\n<tr>\n<td>Certificaciones<\/td>\n<td>KOSHER, HACCP, ISO22000, HALAL, Ecol\u00f3gico UE, Ecol\u00f3gico USDA<\/td>\n<\/tr>\n<\/tbody>\n<\/table>\n<div>\n<div><\/div>\n<\/div>\n<\/div>\n<\/div>\n<p><strong>Caracter\u00edsticas principales<\/strong>:<\/p>\n<ul>\n<li>Alto contenido en flavonoides naturales (24%)<\/li>\n<li>Polvo fino de color marr\u00f3n verdoso que fluye libremente<\/li>\n<li>Estable, larga vida \u00fatil<\/li>\n<li>Disponible con muestras gratuitas<\/li>\n<li>Totalmente certificado para los mercados mundiales<\/li>\n<\/ul>\n<h2>Calidad y conformidad<\/h2>\n<p>Nuestra <strong>Extracto de Ginkgo Biloba<\/strong> se fabrica bajo estrictas normas de control de calidad:<\/p>\n<ul>\n<li><strong>Certificaciones<\/strong>: KOSHER, HALAL, ISO22000, HACCP, Ecol\u00f3gico UE, Ecol\u00f3gico USDA<\/li>\n<li><strong>Cumplimiento de las normas<\/strong>: Cumple las normas internacionales, incluidas USP, EP, CP<\/li>\n<li><strong>Pruebas<\/strong>: Cada lote se somete a pruebas internas y en laboratorios de terceros:\n<ul>\n<li>Contenido en principio activo (flavonoides 24%)<\/li>\n<li>Pureza microbiol\u00f3gica<\/li>\n<li>Metales pesados (Pb, As, Cd, Hg)<\/li>\n<li>Residuos de plaguicidas<\/li>\n<\/ul>\n<\/li>\n<li><strong>COA<\/strong>: Certificado de an\u00e1lisis suministrado con cada env\u00edo<\/li>\n<li><strong>Seguridad<\/strong>: Fabricado con un estricto control de contaminaci\u00f3n y trazabilidad<\/li>\n<\/ul>\n<p><iframe title=\"Extracto de Ginkgo Biloba\" width=\"800\" height=\"450\" src=\"https:\/\/www.youtube.com\/embed\/G-mL-W830nA?feature=oembed\" frameborder=\"0\" allow=\"accelerometer; autoplay; clipboard-write; encrypted-media; gyroscope; picture-in-picture; web-share\" referrerpolicy=\"strict-origin-when-cross-origin\" allowfullscreen><\/iframe><\/p>\n<h2>Aplicaciones<\/h2>\n<h3>Industrias primarias<\/h3>\n<ul>\n<li><strong>Suplementos diet\u00e9ticos<\/strong><\/li>\n<li><strong>Alimentos funcionales<\/strong><\/li>\n<li><strong>Cosm\u00e9tica y cuidado de la piel<\/strong><\/li>\n<li><strong>Productos farmac\u00e9uticos<\/strong><\/li>\n<li><strong>Bebidas<\/strong><\/li>\n<\/ul>\n<h3>Casos de uso t\u00edpicos<\/h3>\n<ul>\n<li>C\u00e1psulas y comprimidos para la memoria y el apoyo cognitivo<\/li>\n<li>Tinturas l\u00edquidas y aerosoles orales<\/li>\n<li>Sueros antienvejecimiento y f\u00f3rmulas para el cuidado de la piel<\/li>\n<li>T\u00e9s enriquecidos y bebidas saludables<\/li>\n<\/ul>\n<h3>Recomendaciones de dosificaci\u00f3n<\/h3>\n<ul>\n<li>Intervalos de dosificaci\u00f3n t\u00edpicos: <strong>60 mg a 240 mg\/d\u00eda<\/strong>seg\u00fan la formulaci\u00f3n final y el tipo de producto <em>(consulte las directrices reglamentarias y a los desarrolladores de productos)<\/em><\/li>\n<\/ul>\n<h3>Compatibilidad de ingredientes<\/h3>\n<ul>\n<li>Combina bien con:\n<ul>\n<li><a href=\"https:\/\/bstextract.com\/es\/producto\/extracto-de-ginseng\/\"><strong>Extracto de ginseng<\/strong><\/a><\/li>\n<li><strong>Extracto de t\u00e9 verde<\/strong><\/li>\n<li><strong>Extracto de c\u00farcuma<\/strong><\/li>\n<li><strong>Extracto de seta melena de le\u00f3n<\/strong><\/li>\n<li><strong>Resveratrol<\/strong><\/li>\n<\/ul>\n<\/li>\n<\/ul>\n<h2>Suministros y servicios<\/h2>\n<ul>\n<li><strong>MOQ<\/strong>: 1kg<\/li>\n<li><strong>Opciones de envasado<\/strong>:\n<ul>\n<li>1 kg\/saco\/cart\u00f3n<\/li>\n<li>25 kg\/bid\u00f3n\/caja<\/li>\n<li>Posibilidad de envases personalizados<\/li>\n<\/ul>\n<\/li>\n<li><strong>Suministro a granel<\/strong>: Capacidad de producci\u00f3n fiable con plazos de entrega r\u00e1pidos<\/li>\n<li><strong>OEM\/ODM<\/strong>: Formulaciones personalizadas y etiquetado privado disponibles<\/li>\n<li><strong>Plazos de entrega<\/strong>: 5-7 d\u00edas laborables (existencias disponibles)<\/li>\n<li><strong>Env\u00edo<\/strong>: Env\u00edo a todo el mundo por v\u00eda a\u00e9rea, mar\u00edtima o mensajer\u00eda urgente<\/li>\n<li><strong>Ayuda<\/strong>: Equipo especializado en I+D y asistencia t\u00e9cnica<\/li>\n<li><strong>Posventa<\/strong>: Amplio servicio de atenci\u00f3n al cliente para nuevos pedidos y preguntas sobre productos<\/li>\n<\/ul>\n<h2>Credenciales de la empresa<\/h2>\n<p><strong>Xi'an Best Bio-Tech Co., Ltd.<\/strong> se dedica a la investigaci\u00f3n, el desarrollo y el comercio mundial de <strong>extractos de hierbas naturales de alta calidad<\/strong>. Con un equipo experimentado y un servicio de atenci\u00f3n al cliente 24\/7, atendemos a clientes en <strong>m\u00e1s de 60 pa\u00edses<\/strong> con precios competitivos, calidad constante y soluciones a medida.<\/p>\n<p>Nuestra f\u00e1brica se encuentra en <strong>Yangling, China<\/strong>el mayor centro de <strong>producci\u00f3n y distribuci\u00f3n de extractos vegetales<\/strong>. Equipado con <strong>instrumentos de ensayo avanzados<\/strong> y <strong>L\u00edneas de producci\u00f3n automatizadas que cumplen las GMP<\/strong>Garantizamos una calidad superior de los productos, desde la selecci\u00f3n de las materias primas hasta el envasado final.<\/p>\n<p>Nuestras certificaciones incluyen:<br \/>\n<strong>KOSHER, HALAL, ISO9001, USFDA<\/strong><\/p>\n<p>Las principales l\u00edneas de productos son:<\/p>\n<ul>\n<li><strong>Extractos de setas<\/strong><\/li>\n<li><strong>Ingredientes de los suplementos para la salud<\/strong><\/li>\n<li><strong>Extractos herbarios cosm\u00e9ticos<\/strong><\/li>\n<li><strong>Frutas y verduras en polvo<\/strong><\/li>\n<\/ul>\n<p>Nos comprometemos a proporcionar <strong>ingredientes naturales seguros, eficaces y personalizables<\/strong> para clientes de todo el mundo.<\/p>","protected":false},"excerpt":{"rendered":"<ul>\n<li><strong>Fuente bot\u00e1nica<\/strong>: <em>Ginkgo biloba<\/em> (Hoja)<\/li>\n<li><strong>N\u00famero CAS<\/strong>: -<\/li>\n<li><strong>Aspecto f\u00edsico<\/strong>: Polvo fino marr\u00f3n verdoso<\/li>\n<li><strong>Especificaci\u00f3n<\/strong>: 24% Flavonoides<\/li>\n<li><strong>Sin\u00f3nimos \/ Nombres alternativos<\/strong>: Extracto de Ginkgo, Extracto de Hoja de Ginkgo, Extracto de Hoja de Ginkgo Biloba en Polvo<\/li>\n<\/ul>\n<p>&nbsp;<\/p>","protected":false},"featured_media":1099,"comment_status":"open","ping_status":"closed","template":"","meta":{"_acf_changed":false},"product_brand":[],"product_cat":[21],"product_tag":[],"class_list":{"0":"post-1098","1":"product","2":"type-product","3":"status-publish","4":"has-post-thumbnail","6":"product_cat-plant-extracts","8":"first","9":"instock","10":"shipping-taxable","11":"product-type-simple"},"acf":[],"_links":{"self":[{"href":"https:\/\/bstextract.com\/es\/wp-json\/wp\/v2\/product\/1098","targetHints":{"allow":["GET"]}}],"collection":[{"href":"https:\/\/bstextract.com\/es\/wp-json\/wp\/v2\/product"}],"about":[{"href":"https:\/\/bstextract.com\/es\/wp-json\/wp\/v2\/types\/product"}],"replies":[{"embeddable":true,"href":"https:\/\/bstextract.com\/es\/wp-json\/wp\/v2\/comments?post=1098"}],"wp:featuredmedia":[{"embeddable":true,"href":"https:\/\/bstextract.com\/es\/wp-json\/wp\/v2\/media\/1099"}],"wp:attachment":[{"href":"https:\/\/bstextract.com\/es\/wp-json\/wp\/v2\/media?parent=1098"}],"wp:term":[{"taxonomy":"product_brand","embeddable":true,"href":"https:\/\/bstextract.com\/es\/wp-json\/wp\/v2\/product_brand?post=1098"},{"taxonomy":"product_cat","embeddable":true,"href":"https:\/\/bstextract.com\/es\/wp-json\/wp\/v2\/product_cat?post=1098"},{"taxonomy":"product_tag","embeddable":true,"href":"https:\/\/bstextract.com\/es\/wp-json\/wp\/v2\/product_tag?post=1098"}],"curies":[{"name":"wp","href":"https:\/\/api.w.org\/{rel}","templated":true}]}}