{"id":1106,"date":"2025-05-26T01:50:27","date_gmt":"2025-05-26T01:50:27","guid":{"rendered":"https:\/\/bstextract.com\/?post_type=product&#038;p=1106"},"modified":"2025-08-28T08:20:26","modified_gmt":"2025-08-28T08:20:26","slug":"monohidrato-de-creatina-200-mesh","status":"publish","type":"product","link":"https:\/\/bstextract.com\/es\/producto\/monohidrato-de-creatina-200-mesh\/","title":{"rendered":"Monohidrato de creatina"},"content":{"rendered":"<h2><strong><span class=\"selected\">Productos<\/span><\/strong><\/h2>\n<p><span class=\"selected\">Nuestro Monohidrato de Creatina 200 Mesh es un ingrediente de alta potencia, puro y micronizado, dise\u00f1ado para satisfacer las rigurosas demandas de las industrias de suplementos diet\u00e9ticos y alimentos funcionales. Mediante un proceso controlado de cristalizaci\u00f3n y molienda, producimos un polvo fino con un tama\u00f1o de part\u00edcula consistente que mejora significativamente sus propiedades f\u00edsicas. Como l\u00edder <\/span><strong><span class=\"selected\">fabricante<\/span><\/strong><span class=\"selected\">Garantizamos que cada lote cumpla las normas mundiales m\u00e1s estrictas de calidad y seguridad, proporcion\u00e1ndole un ingrediente fiable y eficaz para el lanzamiento de su pr\u00f3ximo producto.<\/span><\/p>\n<p><img fetchpriority=\"high\" decoding=\"async\" class=\"aligncenter size-full wp-image-1110\" src=\"https:\/\/bstextract.com\/wp-content\/uploads\/2025\/05\/mainq2-1024x683-1.jpg\" alt=\"Aplicaciones del monohidrato de creatina\" width=\"1024\" height=\"683\" title=\"\" srcset=\"https:\/\/bstextract.com\/wp-content\/uploads\/2025\/05\/mainq2-1024x683-1.jpg 1024w, https:\/\/bstextract.com\/wp-content\/uploads\/2025\/05\/mainq2-1024x683-1-300x200.jpg 300w, https:\/\/bstextract.com\/wp-content\/uploads\/2025\/05\/mainq2-1024x683-1-768x512.jpg 768w, https:\/\/bstextract.com\/wp-content\/uploads\/2025\/05\/mainq2-1024x683-1-18x12.jpg 18w, https:\/\/bstextract.com\/wp-content\/uploads\/2025\/05\/mainq2-1024x683-1-600x400.jpg 600w\" sizes=\"(max-width: 1024px) 100vw, 1024px\" \/><\/p>\n<p><strong><span class=\"selected\">Ventajas \u00fanicas:<\/span><\/strong><\/p>\n<ul>\n<li><strong><span class=\"selected\">Dispersi\u00f3n superior:<\/span><\/strong><span class=\"selected\"> El tama\u00f1o de part\u00edcula de 200 mesh garantiza una mezcla r\u00e1pida y sin grumos en l\u00edquidos, creando un producto final suave y apetitoso para el consumidor final.<\/span><\/li>\n<li><strong><span class=\"selected\">Optimizado para la fabricaci\u00f3n:<\/span><\/strong><span class=\"selected\"> Con una densidad aparente constante y una excelente fluidez, nuestro polvo de creatina reduce el polvo, mejora la precisi\u00f3n de la dosificaci\u00f3n y minimiza el tiempo de inactividad en las l\u00edneas de encapsulaci\u00f3n y tableteado de alta velocidad.<\/span><\/li>\n<li><strong><span class=\"selected\">Alta biodisponibilidad:<\/span><\/strong><span class=\"selected\"> La forma micronizada presenta una mayor superficie, lo que puede facilitar una absorci\u00f3n m\u00e1s eficaz en el organismo.<\/span><\/li>\n<li><strong><span class=\"selected\">Perfil sensorial neutro:<\/span><\/strong><span class=\"selected\"> Completamente inodoro e ins\u00edpido, lo que garantiza que no interfiere con el perfil de sabor de su producto acabado.<\/span><\/li>\n<li><strong><span class=\"selected\">Directo de f\u00e1brica:<\/span><\/strong><span class=\"selected\"> Nuestra cadena de suministro integrada verticalmente garantiza una trazabilidad completa, un suministro estable y precios competitivos al eliminar intermediarios.<\/span><\/li>\n<\/ul>\n<h2><strong><span class=\"selected\">Principales par\u00e1metros t\u00e9cnicos<\/span><\/strong><\/h2>\n<p><span class=\"selected\">Esta tabla representa valores t\u00edpicos de nuestro Certificado de An\u00e1lisis. Los resultados de lotes espec\u00edficos pueden variar ligeramente.<\/span><\/p>\n<table>\n<tbody>\n<tr>\n<th><span class=\"selected\">Par\u00e1metro<\/span><\/th>\n<th><span class=\"selected\">Est\u00e1ndar<\/span><\/th>\n<th><span class=\"selected\">Resultado t\u00edpico<\/span><\/th>\n<th><span class=\"selected\">M\u00e9todo<\/span><\/th>\n<\/tr>\n<tr>\n<td><strong><span class=\"selected\">Apariencia<\/span><\/strong><\/td>\n<td><span class=\"selected\">Polvo blanco<\/span><\/td>\n<td><span class=\"selected\">Conforme<\/span><\/td>\n<td><span class=\"selected\">Visual<\/span><\/td>\n<\/tr>\n<tr>\n<td><strong><span class=\"selected\">Sabor \/ Olor<\/span><\/strong><\/td>\n<td><span class=\"selected\">Ins\u00edpido \/ Inodoro<\/span><\/td>\n<td><span class=\"selected\">Conforme<\/span><\/td>\n<td><span class=\"selected\">Organol\u00e9ptico<\/span><\/td>\n<\/tr>\n<tr>\n<td><strong><span class=\"selected\">Ensayo (pureza)<\/span><\/strong><\/td>\n<td><span class=\"selected\">M\u00edn 99.50%<\/span><\/td>\n<td><strong><span class=\"selected\">99.98%<\/span><\/strong><\/td>\n<td><strong><span class=\"selected\">HPLC<\/span><\/strong><\/td>\n<\/tr>\n<tr>\n<td><strong><span class=\"selected\">Tama\u00f1o de las part\u00edculas<\/span><\/strong><\/td>\n<td><span class=\"selected\">100% hasta malla 200<\/span><\/td>\n<td><span class=\"selected\">Conforme<\/span><\/td>\n<td><span class=\"selected\">Tamizado<\/span><\/td>\n<\/tr>\n<tr>\n<td><strong><span class=\"selected\">P\u00e9rdida por secado<\/span><\/strong><\/td>\n<td><span class=\"selected\">M\u00e1x. 12.0%<\/span><\/td>\n<td><span class=\"selected\">11.27%<\/span><\/td>\n<td><span class=\"selected\">USP<\/span><\/td>\n<\/tr>\n<tr>\n<td><strong><span class=\"selected\">Residuos en el encendido<\/span><\/strong><\/td>\n<td><span class=\"selected\">M\u00e1x. 0,10%<\/span><\/td>\n<td><span class=\"selected\">0.01%<\/span><\/td>\n<td><span class=\"selected\">USP<\/span><\/td>\n<\/tr>\n<tr>\n<td><strong><span class=\"selected\">Densidad aparente<\/span><\/strong><\/td>\n<td><span class=\"selected\">M\u00ednimo 0,50 g\/L<\/span><\/td>\n<td><span class=\"selected\">0,51 g\/L<\/span><\/td>\n<td><span class=\"selected\">USP<\/span><\/td>\n<\/tr>\n<tr>\n<td><strong><span class=\"selected\">Claridad de la soluci\u00f3n<\/span><\/strong><\/td>\n<td><span class=\"selected\">Transparente e incoloro<\/span><\/td>\n<td><span class=\"selected\">Conforme<\/span><\/td>\n<td><span class=\"selected\">Visual<\/span><\/td>\n<\/tr>\n<tr>\n<td><strong><span class=\"selected\">Metales pesados (como Pb)<\/span><\/strong><\/td>\n<td><span class=\"selected\">M\u00e1x. 10 ppm<\/span><\/td>\n<td><span class=\"selected\">&lt; 10 ppm<\/span><\/td>\n<td><span class=\"selected\">ICP-MS<\/span><\/td>\n<\/tr>\n<tr>\n<td><strong><span class=\"selected\">Recuento total de placas<\/span><\/strong><\/td>\n<td><span class=\"selected\">&lt; 1000 UFC\/G<\/span><\/td>\n<td><span class=\"selected\">Conforme<\/span><\/td>\n<td><span class=\"selected\">USP<\/span><\/td>\n<\/tr>\n<tr>\n<td><strong><span class=\"selected\">Levaduras y moho<\/span><\/strong><\/td>\n<td><span class=\"selected\">&lt; 25 UFC\/G<\/span><\/td>\n<td><span class=\"selected\">Conforme<\/span><\/td>\n<td><span class=\"selected\">USP<\/span><\/td>\n<\/tr>\n<tr>\n<td><strong><span class=\"selected\">E. Coli, Salmonella, S. Aureus<\/span><\/strong><\/td>\n<td><span class=\"selected\">Negativo<\/span><\/td>\n<td><span class=\"selected\">Negativo<\/span><\/td>\n<td><span class=\"selected\">USP<\/span><\/td>\n<\/tr>\n<\/tbody>\n<\/table>\n<h2><strong><span class=\"selected\">Pruebas y control de calidad<\/span><\/strong><\/h2>\n<p><span class=\"selected\">La calidad es la piedra angular de nuestra filosof\u00eda de fabricaci\u00f3n. Proporcionamos a nuestros socios un ingrediente que no solo es potente, sino tambi\u00e9n excepcionalmente puro y seguro.<\/span><\/p>\n<h3><strong><span class=\"selected\">M\u00e9todos anal\u00edticos avanzados<\/span><\/strong><\/h3>\n<p><span class=\"selected\">Mientras que otros se basan en la valoraci\u00f3n, nosotros certificamos la pureza de nuestro Monohidrato de Creatina utilizando <\/span><strong><span class=\"selected\">Cromatograf\u00eda l\u00edquida de alto rendimiento (HPLC)<\/span><\/strong><span class=\"selected\">. Este m\u00e9todo avanzado separa y cuantifica con precisi\u00f3n la creatina, distingui\u00e9ndola de impurezas potenciales como la creatinina, la diciandiamida y otras sustancias relacionadas, garantizando que usted reciba un producto de potencia verificada.<\/span><\/p>\n<h3><strong><span class=\"selected\">Coherencia entre lotes<\/span><\/strong><\/h3>\n<p><span class=\"selected\">Operando bajo estrictas <\/span><strong><span class=\"selected\">Buenas pr\u00e1cticas de fabricaci\u00f3n (BPF)<\/span><\/strong><span class=\"selected\">, nuestro proceso se controla meticulosamente desde la s\u00edntesis de la materia prima hasta el envasado final. Esto garantiza que cada lote que reciba mantenga una distribuci\u00f3n del tama\u00f1o de las part\u00edculas, una pureza y unas propiedades f\u00edsicas constantes, garantizando la previsibilidad y fiabilidad de sus series de producci\u00f3n. Nuestra condici\u00f3n de empresa mundial de confianza <\/span><strong><span class=\"selected\">proveedor<\/span><\/strong><span class=\"selected\"> se asienta sobre esta base de calidad y transparencia.<\/span><\/p>\n<h3><strong><span class=\"selected\">Documentaci\u00f3n disponible<\/span><\/strong><\/h3>\n<p><span class=\"selected\">Proporcionamos un paquete completo de documentaci\u00f3n para respaldar sus necesidades de control de calidad y normativas:<\/span><\/p>\n<ul>\n<li><span class=\"selected\">Certificado de an\u00e1lisis (COA) de cada lote<\/span><\/li>\n<li><span class=\"selected\">Ficha de datos de seguridad (FDS)<\/span><\/li>\n<li><span class=\"selected\">Declaraci\u00f3n de al\u00e9rgenos<\/span><\/li>\n<li><span class=\"selected\">Declaraci\u00f3n de no OGM<\/span><\/li>\n<li><span class=\"selected\">Certificados Kosher y Halal<\/span><\/li>\n<li><span class=\"selected\">Certificaci\u00f3n ISO 9001 \/ 22000<\/span><\/li>\n<\/ul>\n<h2><strong><span class=\"selected\">Aplicaciones y formulaci\u00f3n<\/span><\/strong><\/h2>\n<p><span class=\"selected\">Nuestro monohidrato de creatina de 200 mesh es vers\u00e1til y adecuado para una amplia gama de aplicaciones.<\/span><\/p>\n<h3><strong><span class=\"selected\">Nutrici\u00f3n Deportiva en Polvo (Pre\/Post-Entrenamiento, Mezclas de Prote\u00ednas)<\/span><\/strong><\/h3>\n<p><span class=\"selected\">El tama\u00f1o fino de las part\u00edculas elimina la sensaci\u00f3n arenosa o arenosa en boca com\u00fan con la creatina est\u00e1ndar de malla 80. Se dispersa instant\u00e1neamente en los agitadores, creando una experiencia de consumo de primera calidad.<\/span><\/p>\n<ul>\n<li><strong><span class=\"selected\">Dosis recomendada:<\/span><\/strong><span class=\"selected\"> 3-5 gramos por raci\u00f3n.<\/span><\/li>\n<\/ul>\n<h3><strong><span class=\"selected\">Bebidas funcionales y listas para beber (RTD)<\/span><\/strong><\/h3>\n<p><span class=\"selected\">Su excelente solubilidad la convierte en una candidata ideal para las bebidas claras. Sin embargo, la estabilidad de la creatina en soluciones acuosas depende del pH y de la temperatura. Para una conservaci\u00f3n \u00f3ptima en bebidas \u00e1cidas (pH &lt; 4,5), recomendamos realizar pruebas de estabilidad o a\u00f1adir el polvo justo antes del consumo. En bebidas de pH neutro, la estabilidad mejora significativamente.<\/span><\/p>\n<ul>\n<li><strong><span class=\"selected\">Dosis recomendada:<\/span><\/strong><span class=\"selected\"> 1-3 gramos por 100 ml.<\/span><\/li>\n<\/ul>\n<h3><strong><span class=\"selected\">C\u00e1psulas y comprimidos<\/span><\/strong><\/h3>\n<p><span class=\"selected\">La consistente densidad aparente del producto y sus superiores propiedades de fluidez lo hacen ideal para el tableteado por compresi\u00f3n directa a alta velocidad y el llenado autom\u00e1tico de c\u00e1psulas, garantizando una dosificaci\u00f3n uniforme y una producci\u00f3n eficiente.<\/span><\/p>\n<h2><strong><span class=\"selected\">Estabilidad y almacenamiento<\/span><\/strong><\/h2>\n<p><span class=\"selected\">El Monohidrato de Creatina es ligeramente higrosc\u00f3pico. Para mantener la integridad del producto, debe conservarse en su envase original, sin abrir, en un lugar fresco y seco, alejado de la luz solar directa y de la humedad. Una vez abierto, el envase debe volver a cerrarse herm\u00e9ticamente.<\/span><\/p>\n<p><strong><span class=\"selected\">Seguridad e informaci\u00f3n reglamentaria<\/span><\/strong><\/p>\n<p><span class=\"selected\">Nuestro monohidrato de creatina se produce para cumplir las principales normas mundiales de seguridad alimentaria. Est\u00e1 reconocido como GRAS (Generally Recognized as Safe) para su uso en categor\u00edas espec\u00edficas de alimentos por la FDA estadounidense. Todos los lotes se someten a pruebas para garantizar que est\u00e1n muy por debajo de los estrictos l\u00edmites de metales pesados, contaminantes microbianos y residuos de disolventes.<\/span><\/p>\n<h2><strong><span class=\"selected\">Preguntas m\u00e1s frecuentes (FAQ)<\/span><\/strong><\/h2>\n<p><strong><span class=\"selected\">P1: \u00bfCu\u00e1l es la principal ventaja de la creatina de 200 mesh sobre la est\u00e1ndar de 80 mesh?<\/span><\/strong><\/p>\n<p><span class=\"selected\">R1: La principal ventaja es una solubilidad y dispersabilidad significativamente mejoradas en los l\u00edquidos. Esto se traduce en una textura m\u00e1s suave, una mezcla m\u00e1s r\u00e1pida y una mejor experiencia para el consumidor, especialmente en mezclas de bebidas en polvo.<\/span><\/p>\n<p><strong><span class=\"selected\">P2: \u00bfSu monohidrato de creatina es analizado por un laboratorio externo?<\/span><\/strong><\/p>\n<p><span class=\"selected\">A2: S\u00ed, adem\u00e1s de nuestro laboratorio interno con certificaci\u00f3n GMP, podemos proporcionar informes anal\u00edticos de terceros previa solicitud para verificar la pureza, la potencia y la seguridad.<\/span><\/p>\n<p><strong><span class=\"selected\">P3: \u00bfCu\u00e1l es la cantidad m\u00ednima de pedido (MOQ) y el plazo de entrega est\u00e1ndar?<\/span><\/strong><\/p>\n<p><span class=\"selected\">A3: Nuestro MOQ est\u00e1ndar es un pal\u00e9 (por ejemplo, 500 kg). El plazo de entrega est\u00e1ndar es de 2-4 semanas, dependiendo de su ubicaci\u00f3n y del volumen del pedido. P\u00f3ngase en contacto con nosotros para consultas espec\u00edficas.<\/span><\/p>\n<p><strong><span class=\"selected\">P4: \u00bfSuministran directamente de f\u00e1brica?<\/span><\/strong><\/p>\n<p><span class=\"selected\">A4: S\u00ed, somos los originales <\/span><strong><span class=\"selected\">fabricante<\/span><\/strong><span class=\"selected\"> y <\/span><strong><span class=\"selected\">exportador<\/span><\/strong><span class=\"selected\">. Abastecerse con nosotros garantiza una trazabilidad completa, una cadena de suministro estable y los precios m\u00e1s competitivos al eliminar los m\u00e1rgenes de los distribuidores.<\/span><\/p>\n<p><strong><span class=\"selected\">P5: \u00bfC\u00f3mo puedo solicitar una muestra para pruebas de formulaci\u00f3n?<\/span><\/strong><\/p>\n<p><span class=\"selected\">R5: Puede solicitar f\u00e1cilmente una muestra haciendo clic en el bot\u00f3n \"Solicitar una muestra\" de esta p\u00e1gina y rellenando un breve formulario. Nuestro equipo t\u00e9cnico de ventas se pondr\u00e1 en contacto con usted lo antes posible.<\/span><\/p>","protected":false},"excerpt":{"rendered":"<ul>\n<li><b>Producto:<\/b> Creatina Monohidrato, 200 Mesh Polvo<\/li>\n<li><b>Pureza:<\/b> &gt;99,5% por HPLC<\/li>\n<li><b>Fuente:<\/b> Sint\u00e9tico de gran pureza, totalmente trazable<\/li>\n<li><b>Caracter\u00edsticas principales:<\/b> Micronizado para una solubilidad superior y una sensaci\u00f3n suave en boca. Excelente fluidez para la fabricaci\u00f3n a alta velocidad.<\/li>\n<li><b>Aplicaciones:<\/b> Ideal para polvos de nutrici\u00f3n deportiva, bebidas funcionales, c\u00e1psulas y comprimidos.<\/li>\n<li><b>Conformidad:<\/b> Certificado GMP, ISO, Kosher, Halal.<\/li>\n<\/ul>","protected":false},"featured_media":1107,"comment_status":"open","ping_status":"closed","template":"","meta":{"_acf_changed":false},"product_brand":[],"product_cat":[15],"product_tag":[],"class_list":{"0":"post-1106","1":"product","2":"type-product","3":"status-publish","4":"has-post-thumbnail","6":"product_cat-dietary-supplements","8":"first","9":"instock","10":"shipping-taxable","11":"product-type-simple"},"acf":[],"_links":{"self":[{"href":"https:\/\/bstextract.com\/es\/wp-json\/wp\/v2\/product\/1106","targetHints":{"allow":["GET"]}}],"collection":[{"href":"https:\/\/bstextract.com\/es\/wp-json\/wp\/v2\/product"}],"about":[{"href":"https:\/\/bstextract.com\/es\/wp-json\/wp\/v2\/types\/product"}],"replies":[{"embeddable":true,"href":"https:\/\/bstextract.com\/es\/wp-json\/wp\/v2\/comments?post=1106"}],"wp:featuredmedia":[{"embeddable":true,"href":"https:\/\/bstextract.com\/es\/wp-json\/wp\/v2\/media\/1107"}],"wp:attachment":[{"href":"https:\/\/bstextract.com\/es\/wp-json\/wp\/v2\/media?parent=1106"}],"wp:term":[{"taxonomy":"product_brand","embeddable":true,"href":"https:\/\/bstextract.com\/es\/wp-json\/wp\/v2\/product_brand?post=1106"},{"taxonomy":"product_cat","embeddable":true,"href":"https:\/\/bstextract.com\/es\/wp-json\/wp\/v2\/product_cat?post=1106"},{"taxonomy":"product_tag","embeddable":true,"href":"https:\/\/bstextract.com\/es\/wp-json\/wp\/v2\/product_tag?post=1106"}],"curies":[{"name":"wp","href":"https:\/\/api.w.org\/{rel}","templated":true}]}}