{"id":1125,"date":"2025-05-27T01:38:55","date_gmt":"2025-05-27T01:38:55","guid":{"rendered":"https:\/\/bstextract.com\/?post_type=product&#038;p=1125"},"modified":"2025-08-22T03:19:59","modified_gmt":"2025-08-22T03:19:59","slug":"polvo-pqq","status":"publish","type":"product","link":"https:\/\/bstextract.com\/es\/producto\/polvo-pqq\/","title":{"rendered":"PQQ en polvo"},"content":{"rendered":"<p><!-- Keyword Section (Outside Article) --><\/p>\n<h2><strong><span class=\"selected\">Productos<\/span><\/strong><\/h2>\n<p><span class=\"selected\">La PQQ (pirroloquinolina quinona, CAS: 72909-34-3) es un compuesto de quinona de alto rendimiento, dise\u00f1ado como ingrediente funcional para suplementos diet\u00e9ticos avanzados y alimentos funcionales. Su funci\u00f3n de apoyo a las funciones celulares lo convierte en un componente muy apreciado en las f\u00f3rmulas modernas.<\/span><\/p>\n<p><img fetchpriority=\"high\" decoding=\"async\" class=\"aligncenter size-large wp-image-1129\" src=\"https:\/\/bstextract.com\/wp-content\/uploads\/2025\/05\/pqq-powder-supplier-1024x416.jpg\" alt=\"\" width=\"800\" height=\"325\" title=\"\" srcset=\"https:\/\/bstextract.com\/wp-content\/uploads\/2025\/05\/pqq-powder-supplier-1024x416.jpg 1024w, https:\/\/bstextract.com\/wp-content\/uploads\/2025\/05\/pqq-powder-supplier-300x122.jpg 300w, https:\/\/bstextract.com\/wp-content\/uploads\/2025\/05\/pqq-powder-supplier-768x312.jpg 768w, https:\/\/bstextract.com\/wp-content\/uploads\/2025\/05\/pqq-powder-supplier-1536x624.jpg 1536w, https:\/\/bstextract.com\/wp-content\/uploads\/2025\/05\/pqq-powder-supplier-18x7.jpg 18w, https:\/\/bstextract.com\/wp-content\/uploads\/2025\/05\/pqq-powder-supplier-600x244.jpg 600w, https:\/\/bstextract.com\/wp-content\/uploads\/2025\/05\/pqq-powder-supplier.jpg 1920w\" sizes=\"(max-width: 800px) 100vw, 800px\" \/><\/p>\n<p><strong><span class=\"selected\">Principales ventajas<\/span><\/strong><span class=\"selected\">:<\/span><\/p>\n<ul>\n<li><strong><span class=\"selected\">Pureza ultra alta<\/span><\/strong><span class=\"selected\">: Ensayo confirmado a \u226599% por HPLC, garantizando la m\u00e1xima potencia y las m\u00ednimas impurezas.<\/span><\/li>\n<li><strong><span class=\"selected\">Excelente solubilidad<\/span><\/strong><span class=\"selected\">: Se disuelve f\u00e1cilmente para integrarse sin problemas en f\u00f3rmulas de bebidas, l\u00edquidos y cosm\u00e9ticos.<\/span><\/li>\n<li><strong><span class=\"selected\">Abastecimiento directo en f\u00e1brica<\/span><\/strong><span class=\"selected\">: Procedente directamente de nuestra f\u00e1brica con certificaci\u00f3n GMP, lo que garantiza una trazabilidad completa y una cadena de suministro estable.<\/span><\/li>\n<li><strong><span class=\"selected\">Coherencia entre lotes<\/span><\/strong><span class=\"selected\">: Un riguroso control de calidad garantiza un rendimiento fiable en su producto final.<\/span><\/li>\n<li><strong><span class=\"selected\">Documentaci\u00f3n exhaustiva<\/span><\/strong><span class=\"selected\">: Se dispone de un paquete completo de documentaci\u00f3n (COA, MSDS, Declaraci\u00f3n de al\u00e9rgenos).<\/span><\/li>\n<\/ul>\n<h2><strong><span class=\"selected\">Especificaciones t\u00e9cnicas<\/span><\/strong><\/h2>\n<table>\n<tbody>\n<tr>\n<th><span class=\"selected\">Par\u00e1metro<\/span><\/th>\n<th><span class=\"selected\">Especificaci\u00f3n<\/span><\/th>\n<th><span class=\"selected\">Resultado t\u00edpico<\/span><\/th>\n<th><span class=\"selected\">M\u00e9todo<\/span><\/th>\n<\/tr>\n<tr>\n<td><strong><span class=\"selected\">Identificaci\u00f3n<\/span><\/strong><\/td>\n<td><span class=\"selected\">Cumple el espectro IR<\/span><\/td>\n<td><span class=\"selected\">Conforme<\/span><\/td>\n<td><span class=\"selected\">IR<\/span><\/td>\n<\/tr>\n<tr>\n<td><strong><span class=\"selected\">Apariencia<\/span><\/strong><\/td>\n<td><span class=\"selected\">Polvo rojo a marr\u00f3n rojizo<\/span><\/td>\n<td><span class=\"selected\">Cualificado<\/span><\/td>\n<td><span class=\"selected\">Visual<\/span><\/td>\n<\/tr>\n<tr>\n<td><strong><span class=\"selected\">Ensayo (pureza, en seco)<\/span><\/strong><\/td>\n<td><span class=\"selected\">\u226599.0%<\/span><\/td>\n<td><span class=\"selected\">100.24%<\/span><\/td>\n<td><span class=\"selected\">HPLC<\/span><\/td>\n<\/tr>\n<tr>\n<td><strong><span class=\"selected\">P\u00e9rdida por secado<\/span><\/strong><\/td>\n<td><span class=\"selected\">\u226412,0 g\/100g<\/span><\/td>\n<td><span class=\"selected\">9,03 g\/100 g<\/span><\/td>\n<td><span class=\"selected\">Valoraci\u00f3n Fischer<\/span><\/td>\n<\/tr>\n<tr>\n<td><strong><span class=\"selected\">Residuos de alcohol<\/span><\/strong><\/td>\n<td><span class=\"selected\">\u22643000 mg\/kg<\/span><\/td>\n<td><span class=\"selected\">Cualificado<\/span><\/td>\n<td><span class=\"selected\">GC<\/span><\/td>\n<\/tr>\n<tr>\n<td><strong><span class=\"selected\">Metales pesados<\/span><\/strong><\/td>\n<td><\/td>\n<td><\/td>\n<td><\/td>\n<\/tr>\n<tr>\n<td><span class=\"selected\">Plomo (Pb)<\/span><\/td>\n<td><span class=\"selected\">\u22640,5 ppm<\/span><\/td>\n<td><span class=\"selected\">Cualificado<\/span><\/td>\n<td><span class=\"selected\">ICP-MS<\/span><\/td>\n<\/tr>\n<tr>\n<td><span class=\"selected\">Ars\u00e9nico (As)<\/span><\/td>\n<td><span class=\"selected\">\u22640,5 ppm<\/span><\/td>\n<td><span class=\"selected\">Cualificado<\/span><\/td>\n<td><span class=\"selected\">ICP-MS<\/span><\/td>\n<\/tr>\n<tr>\n<td><span class=\"selected\">Mercurio (Hg)<\/span><\/td>\n<td><span class=\"selected\">\u22640,1 ppm<\/span><\/td>\n<td><span class=\"selected\">Cualificado<\/span><\/td>\n<td><span class=\"selected\">ICP-MS<\/span><\/td>\n<\/tr>\n<tr>\n<td><span class=\"selected\">Cadmio (Cd)<\/span><\/td>\n<td><span class=\"selected\">\u22640,5 ppm<\/span><\/td>\n<td><span class=\"selected\">Cualificado<\/span><\/td>\n<td><span class=\"selected\">ICP-MS<\/span><\/td>\n<\/tr>\n<tr>\n<td><strong><span class=\"selected\">Microbiol\u00f3gico<\/span><\/strong><\/td>\n<td><\/td>\n<td><\/td>\n<td><\/td>\n<\/tr>\n<tr>\n<td><span class=\"selected\">Recuento total de placas<\/span><\/td>\n<td><span class=\"selected\">\u22641000 ufc\/g<\/span><\/td>\n<td><span class=\"selected\">50 ufc\/g<\/span><\/td>\n<td><span class=\"selected\">MPN<\/span><\/td>\n<\/tr>\n<tr>\n<td><span class=\"selected\">Levaduras y moho<\/span><\/td>\n<td><span class=\"selected\">\u2264100 ufc\/g<\/span><\/td>\n<td><span class=\"selected\">10 ufc\/g<\/span><\/td>\n<td><span class=\"selected\">MPN<\/span><\/td>\n<\/tr>\n<tr>\n<td><span class=\"selected\">E. coli<\/span><\/td>\n<td><span class=\"selected\">Negativo\/10g<\/span><\/td>\n<td><span class=\"selected\">Cualificado<\/span><\/td>\n<td><span class=\"selected\">MPN<\/span><\/td>\n<\/tr>\n<tr>\n<td><span class=\"selected\">Salmonella<\/span><\/td>\n<td><span class=\"selected\">Negativo\/10g<\/span><\/td>\n<td><span class=\"selected\">Cualificado<\/span><\/td>\n<td><span class=\"selected\">MPN<\/span><\/td>\n<\/tr>\n<tr>\n<td><span class=\"selected\">Staphylococcus aureus<\/span><\/td>\n<td><span class=\"selected\">Negativo\/10g<\/span><\/td>\n<td><span class=\"selected\">Cualificado<\/span><\/td>\n<td><span class=\"selected\">MPN<\/span><\/td>\n<\/tr>\n<\/tbody>\n<\/table>\n<h2><strong><span class=\"selected\">Control de calidad y documentaci\u00f3n<\/span><\/strong><\/h2>\n<p><span class=\"selected\">Nuestro compromiso con la calidad se verifica mediante m\u00e9todos anal\u00edticos rigurosos y validados. Utilizamos cromatograf\u00eda l\u00edquida de alto rendimiento (HPLC) para la precisi\u00f3n de los ensayos y espectrometr\u00eda de masas con plasma de acoplamiento inductivo (ICP-MS) para la detecci\u00f3n ultrasensible de metales pesados. Como <\/span><strong><span class=\"selected\">fabricante y exportador original<\/span><\/strong><span class=\"selected\">con cada pedido le proporcionamos un juego completo de documentos:<\/span><\/p>\n<ul>\n<li><span class=\"selected\">Certificado de an\u00e1lisis (COA) del lote espec\u00edfico<\/span><\/li>\n<li><span class=\"selected\">Ficha de datos de seguridad (FDS)<\/span><\/li>\n<li><span class=\"selected\">Declaraci\u00f3n de al\u00e9rgenos<\/span><\/li>\n<li><span class=\"selected\">Declaraci\u00f3n de no OGM<\/span><\/li>\n<li><span class=\"selected\">Certificaciones (por ejemplo, ISO, Halal\/Kosher, si procede)<\/span><\/li>\n<\/ul>\n<h2><strong><span class=\"selected\">Aplicaciones y formulaci\u00f3n<\/span><\/strong><\/h2>\n<p><span class=\"selected\">La PQQ en polvo es un ingrediente vers\u00e1til adecuado para diversos formatos de administraci\u00f3n.<\/span><\/p>\n<ul>\n<li><strong><span class=\"selected\">Suplementos diet\u00e9ticos<\/span><\/strong><span class=\"selected\">: Ideal para c\u00e1psulas y comprimidos destinados a la salud cognitiva y la energ\u00eda celular. Dosis recomendada: 10-20 mg por porci\u00f3n.<\/span><\/li>\n<li><strong><span class=\"selected\">Bebidas funcionales<\/span><\/strong><span class=\"selected\">: Debido a su buena solubilidad en agua, puede incorporarse a bebidas energ\u00e9ticas, chupitos nootr\u00f3picos y bebidas antienvejecimiento. Dosis recomendada: 5-15 mg por porci\u00f3n. <\/span><strong><span class=\"selected\">Nota<\/span><\/strong><span class=\"selected\">: La PQQ dar\u00e1 un tono rojizo\/marr\u00f3n al producto final.<\/span><\/li>\n<li><strong><span class=\"selected\">Cosm\u00e9tica y cuidado de la piel<\/span><\/strong><span class=\"selected\">: Puede utilizarse en sueros antioxidantes, cremas antienvejecimiento y lociones protectoras. Nivel de inclusi\u00f3n recomendado: 0,1-0,5%.<\/span><\/li>\n<li><strong><span class=\"selected\">Consejo de formulaci\u00f3n<\/span><\/strong><span class=\"selected\">: Para una estabilidad \u00f3ptima en soluciones acuosas, recomendamos mantener el pH de la formulaci\u00f3n entre 3,0 y 6,0.<\/span><\/li>\n<\/ul>\n<h2><strong><span class=\"selected\">Estabilidad y almacenamiento<\/span><\/strong><\/h2>\n<ul>\n<li><strong><span class=\"selected\">Estabilidad<\/span><\/strong><span class=\"selected\">: La PQQ es sensible a la luz y a las altas temperaturas. Una exposici\u00f3n prolongada puede provocar su degradaci\u00f3n. Recomendamos utilizar envases opacos para el producto final.<\/span><\/li>\n<li><strong><span class=\"selected\">Almacenamiento<\/span><\/strong><span class=\"selected\">: Conservar en lugar fresco y seco (por debajo de 25\u00b0C), en su envase original cerrado herm\u00e9ticamente, protegido de la luz solar directa y de la humedad.<\/span><\/li>\n<li><strong><span class=\"selected\">Vida \u00fatil<\/span><\/strong><span class=\"selected\">24 meses a partir de la fecha de fabricaci\u00f3n si se conserva en las condiciones recomendadas.<\/span><\/li>\n<\/ul>\n<h2><strong><span class=\"selected\">Seguridad e informaci\u00f3n reglamentaria<\/span><\/strong><\/h2>\n<p><span class=\"selected\">Este producto est\u00e1 destinado a utilizarse como materia prima en la fabricaci\u00f3n. Cumple los l\u00edmites est\u00e1ndar de la industria para metales pesados y contaminaci\u00f3n microbiana. Para conocer el estado normativo regional espec\u00edfico (p. ej., GRAS en EE. UU.), p\u00f3ngase en contacto con nuestro equipo normativo para obtener asistencia.<\/span><\/p>\n<h2><strong><span class=\"selected\">Preguntas m\u00e1s frecuentes (FAQ)<\/span><\/strong><\/h2>\n<p><strong><span class=\"selected\">P: \u00bfSuministran polvo PQQ directamente de f\u00e1brica?<\/span><\/strong><\/p>\n<p><span class=\"selected\">R: S\u00ed, somos el <\/span><strong><span class=\"selected\">fabricante original<\/span><\/strong><span class=\"selected\">. Esto garantiza una cadena de suministro transparente y estable, una calidad constante y precios competitivos para nuestros clientes de todo el mundo.<\/span><\/p>\n<p><strong><span class=\"selected\">P: \u00bfCu\u00e1l es la cantidad m\u00ednima de pedido?<\/span><\/strong><\/p>\n<p><span class=\"selected\">R: Nuestro MOQ est\u00e1ndar es de 25 kg. Para I+D o producci\u00f3n a escala piloto, se pueden realizar pedidos de prueba m\u00e1s peque\u00f1os. P\u00f3ngase en contacto con nosotros para obtener un presupuesto.<\/span><\/p>\n<p><strong><span class=\"selected\">P: \u00bfPuedo obtener una muestra para I+D?<\/span><\/strong><\/p>\n<p><span class=\"selected\">R: Por supuesto. Proporcionamos muestras para pruebas de formulaci\u00f3n y evaluaci\u00f3n. Utilice el bot\u00f3n siguiente para enviar su solicitud.<\/span><\/p>\n<p><strong><span class=\"selected\">P: \u00bfCu\u00e1les son las opciones de envasado?<\/span><\/strong><\/p>\n<p><span class=\"selected\">R: El polvo de PQQ se suele envasar en bolsas de papel de aluminio de 1 kg dentro de bidones de fibra de 25 kg. Para los pedidos de exportaci\u00f3n a granel, se ofrecen embalajes personalizados.<\/span><\/p>","protected":false},"excerpt":{"rendered":"<ul>\n<li><strong><span class=\"selected\">PQQ (pirroloquinolina quinona) en polvo \u226599% (HPLC)<\/span><\/strong><\/li>\n<li><span class=\"selected\">Polvo fino marr\u00f3n rojizo de gran pureza.<\/span><\/li>\n<li><span class=\"selected\">Ideal para suplementos diet\u00e9ticos, f\u00f3rmulas nootr\u00f3picas y bebidas funcionales.<\/span><\/li>\n<li><span class=\"selected\">Excelente solubilidad en agua y calidad constante de los lotes.<\/span><\/li>\n<li><span class=\"selected\">Disponible directamente del fabricante para un suministro fiable y global.<\/span><\/li>\n<\/ul>","protected":false},"featured_media":1126,"comment_status":"open","ping_status":"closed","template":"","meta":{"_acf_changed":false},"product_brand":[],"product_cat":[15],"product_tag":[],"class_list":{"0":"post-1125","1":"product","2":"type-product","3":"status-publish","4":"has-post-thumbnail","6":"product_cat-dietary-supplements","8":"first","9":"instock","10":"shipping-taxable","11":"product-type-simple"},"acf":[],"_links":{"self":[{"href":"https:\/\/bstextract.com\/es\/wp-json\/wp\/v2\/product\/1125","targetHints":{"allow":["GET"]}}],"collection":[{"href":"https:\/\/bstextract.com\/es\/wp-json\/wp\/v2\/product"}],"about":[{"href":"https:\/\/bstextract.com\/es\/wp-json\/wp\/v2\/types\/product"}],"replies":[{"embeddable":true,"href":"https:\/\/bstextract.com\/es\/wp-json\/wp\/v2\/comments?post=1125"}],"wp:featuredmedia":[{"embeddable":true,"href":"https:\/\/bstextract.com\/es\/wp-json\/wp\/v2\/media\/1126"}],"wp:attachment":[{"href":"https:\/\/bstextract.com\/es\/wp-json\/wp\/v2\/media?parent=1125"}],"wp:term":[{"taxonomy":"product_brand","embeddable":true,"href":"https:\/\/bstextract.com\/es\/wp-json\/wp\/v2\/product_brand?post=1125"},{"taxonomy":"product_cat","embeddable":true,"href":"https:\/\/bstextract.com\/es\/wp-json\/wp\/v2\/product_cat?post=1125"},{"taxonomy":"product_tag","embeddable":true,"href":"https:\/\/bstextract.com\/es\/wp-json\/wp\/v2\/product_tag?post=1125"}],"curies":[{"name":"wp","href":"https:\/\/api.w.org\/{rel}","templated":true}]}}