{"id":1131,"date":"2025-05-27T01:49:14","date_gmt":"2025-05-27T01:49:14","guid":{"rendered":"https:\/\/bstextract.com\/?post_type=product&#038;p=1131"},"modified":"2025-05-27T01:53:36","modified_gmt":"2025-05-27T01:53:36","slug":"urolitina-a-en-polvo","status":"publish","type":"product","link":"https:\/\/bstextract.com\/es\/producto\/urolitina-a-en-polvo\/","title":{"rendered":"Urolitina A en polvo"},"content":{"rendered":"<p><!-- Keyword Section (Outside Article) --><\/p>\n<h2>\u00bfQu\u00e9 es la Urolitina A en polvo?<\/h2>\n<p><strong>Urolitina A en polvo<\/strong> es un compuesto postbi\u00f3tico natural derivado del metabolismo microbiano de los elagitaninos, que se encuentran com\u00fanmente en granadas, bayas y nueces. Identificado por el n\u00ba CAS. <strong>1143-70-0<\/strong>La urolitina A est\u00e1 llamando la atenci\u00f3n por su capacidad para <strong>estimular la mitofagia<\/strong>-el proceso natural del organismo para reemplazar las mitocondrias da\u00f1adas- y apoyar <strong>energ\u00eda celular, salud muscular y longevidad<\/strong>.<\/p>\n<p><img fetchpriority=\"high\" decoding=\"async\" class=\"size-full wp-image-1137 alignnone\" src=\"https:\/\/bstextract.com\/wp-content\/uploads\/2025\/05\/Urolithin-A-bulk-powder.jpg\" alt=\"\" width=\"1920\" height=\"750\" title=\"\" srcset=\"https:\/\/bstextract.com\/wp-content\/uploads\/2025\/05\/Urolithin-A-bulk-powder.jpg 1920w, https:\/\/bstextract.com\/wp-content\/uploads\/2025\/05\/Urolithin-A-bulk-powder-300x117.jpg 300w, https:\/\/bstextract.com\/wp-content\/uploads\/2025\/05\/Urolithin-A-bulk-powder-1024x400.jpg 1024w, https:\/\/bstextract.com\/wp-content\/uploads\/2025\/05\/Urolithin-A-bulk-powder-768x300.jpg 768w, https:\/\/bstextract.com\/wp-content\/uploads\/2025\/05\/Urolithin-A-bulk-powder-1536x600.jpg 1536w, https:\/\/bstextract.com\/wp-content\/uploads\/2025\/05\/Urolithin-A-bulk-powder-18x7.jpg 18w, https:\/\/bstextract.com\/wp-content\/uploads\/2025\/05\/Urolithin-A-bulk-powder-600x234.jpg 600w\" sizes=\"(max-width: 1920px) 100vw, 1920px\" \/><\/p>\n<p>Nuestra Urolitina A en polvo est\u00e1 estandarizada para <strong>98% pureza<\/strong> y aparece como una fina <strong>polvo marr\u00f3n claro<\/strong>. Tambi\u00e9n suministramos <strong>Urolitina B<\/strong>otra forma con funciones biol\u00f3gicas similares pero distintas. Ambas formas son adecuadas para <strong>aplicaciones nutrac\u00e9uticas, farmac\u00e9uticas y alimentos funcionales<\/strong>.<\/p>\n<h2>Aplicaciones de la Urolitina A en polvo<\/h2>\n<p>La urolitina A se utiliza ampliamente en <strong>suplementos antienvejecimiento, de recuperaci\u00f3n deportiva y para la salud mitocondrial<\/strong>. Suele formularse en <strong>c\u00e1psulas, comprimidos, bebidas en polvo y alimentos funcionales<\/strong> para apoyar <strong>rejuvenecimiento celular, rendimiento muscular y claridad cognitiva<\/strong>. Su papel cl\u00ednicamente probado en la mejora de la funci\u00f3n mitocondrial lo hace ideal para las personas centradas en <strong>envejecimiento saludable y optimizaci\u00f3n de la energ\u00eda<\/strong>.<\/p>\n<p>La Urolitina B, un compuesto relacionado, se utiliza en aplicaciones similares y es conocida por sus beneficios antiinflamatorios y para la s\u00edntesis de prote\u00ednas musculares. Ambas urolitinas son cada vez m\u00e1s populares en <strong>l\u00edneas de productos de biohacking, bienestar y longevidad<\/strong>.<\/p>\n<h2>Preguntas frecuentes<\/h2>\n<p><strong>\u00bfCu\u00e1l es la pureza de su Urolitina A?<\/strong><br \/>\nNuestra Urolitina A en polvo est\u00e1 estandarizada para <strong>98% pureza<\/strong> y es apto para suplementos diet\u00e9ticos humanos.<\/p>\n<p><strong>\u00bfOfrecen tambi\u00e9n Urolithin B?<\/strong><br \/>\nS\u00ed, suministramos <strong>Urolitina B<\/strong> para su uso en productos con funciones antiinflamatorias y de apoyo muscular.<\/p>\n<p><strong>\u00bfQu\u00e9 aspecto tiene el producto?<\/strong><br \/>\nSe trata de un <strong>polvo marr\u00f3n claro<\/strong> con excelente estabilidad y solubilidad para su uso en formulaci\u00f3n.<\/p>\n<p><strong>\u00bfCu\u00e1les son las principales aplicaciones de la Urolitina A?<\/strong><br \/>\nUtilizado en <strong>suplementos para la salud mitocondrial, antienvejecimiento, resistencia y longevidad<\/strong>.<\/p>\n<p><strong>\u00bfC\u00f3mo se envasa?<\/strong><br \/>\nEl embalaje est\u00e1ndar incluye <strong>1 kg\/saco\/cart\u00f3n<\/strong> o <strong>25 kg\/tambor o cart\u00f3n<\/strong>. Opciones personalizadas disponibles previa solicitud.<\/p>\n<p><strong>\u00bfCu\u00e1l es el tiempo de conservaci\u00f3n recomendado?<\/strong><br \/>\nGuardar en un <strong>recipiente fresco, seco y resistente a la luz<\/strong>. La caducidad es <strong>24 meses<\/strong> cuando se almacena correctamente.<\/p>\n<h2>Acerca de Xi'an Best Bio-Tech Co.<\/h2>\n<p><strong>Xi'an Best Bio-Tech Co., Ltd.<\/strong> se dedica a la investigaci\u00f3n, el desarrollo y el comercio mundial de extractos de hierbas naturales de alta calidad. Con un equipo apasionado y experimentado, ofrecemos atenci\u00f3n al cliente 24\/7 y nos esforzamos por ofrecer precios competitivos, calidad estable y un servicio atento a clientes de m\u00e1s de 60 pa\u00edses.<\/p>\n<p>Nuestra f\u00e1brica est\u00e1 situada en Yangling, el mayor centro de producci\u00f3n y distribuci\u00f3n de extractos de plantas de China. Equipada con avanzados instrumentos de ensayo y m\u00faltiples l\u00edneas de producci\u00f3n automatizadas que cumplen las GMP, garantizamos un estricto control de calidad desde las materias primas hasta los productos finales. Nuestras certificaciones incluyen <strong>Kosher, Halal, ISO9001 y USFDA<\/strong>.<\/p>\n<p>Nuestros principales productos son <strong>extractos de setas, ingredientes de suplementos para la salud, extractos cosm\u00e9ticos de hierbas y polvos de frutas y verduras<\/strong>. Nos comprometemos a ofrecer soluciones seguras, eficaces y personalizadas para ayudar a los clientes de todo el mundo a promover una vida sana.<\/p>","protected":false},"excerpt":{"rendered":"<table>\n<tbody>\n<tr>\n<td colspan=\"1\" rowspan=\"1\">\n<div>\n<div><b>Otros formularios<\/b><\/div>\n<\/div>\n<\/td>\n<td colspan=\"1\" rowspan=\"1\">\n<div>\n<div>Urolitina B<\/div>\n<\/div>\n<\/td>\n<\/tr>\n<tr>\n<td colspan=\"1\" rowspan=\"1\">\n<div>\n<div><b>CAS NO<\/b><\/div>\n<\/div>\n<\/td>\n<td colspan=\"1\" rowspan=\"1\">\n<div>\n<div>1143-70-0<\/div>\n<\/div>\n<\/td>\n<\/tr>\n<tr>\n<td colspan=\"1\" rowspan=\"1\">\n<div>\n<div><b>Apariencia<\/b><\/div>\n<\/div>\n<\/td>\n<td colspan=\"1\" rowspan=\"1\">\n<div>\n<div>Polvo marr\u00f3n claro<\/div>\n<\/div>\n<\/td>\n<\/tr>\n<tr>\n<td colspan=\"1\" rowspan=\"1\">\n<div>\n<div><b>Especificaci\u00f3n del producto<\/b><\/div>\n<\/div>\n<\/td>\n<td colspan=\"1\" rowspan=\"1\">\n<div>\n<div>98%<\/div>\n<\/div>\n<\/td>\n<\/tr>\n<\/tbody>\n<\/table>","protected":false},"featured_media":1132,"comment_status":"open","ping_status":"closed","template":"","meta":{"_acf_changed":false},"product_brand":[],"product_cat":[15],"product_tag":[],"class_list":{"0":"post-1131","1":"product","2":"type-product","3":"status-publish","4":"has-post-thumbnail","6":"product_cat-dietary-supplements","8":"first","9":"instock","10":"shipping-taxable","11":"product-type-simple"},"acf":[],"_links":{"self":[{"href":"https:\/\/bstextract.com\/es\/wp-json\/wp\/v2\/product\/1131","targetHints":{"allow":["GET"]}}],"collection":[{"href":"https:\/\/bstextract.com\/es\/wp-json\/wp\/v2\/product"}],"about":[{"href":"https:\/\/bstextract.com\/es\/wp-json\/wp\/v2\/types\/product"}],"replies":[{"embeddable":true,"href":"https:\/\/bstextract.com\/es\/wp-json\/wp\/v2\/comments?post=1131"}],"wp:featuredmedia":[{"embeddable":true,"href":"https:\/\/bstextract.com\/es\/wp-json\/wp\/v2\/media\/1132"}],"wp:attachment":[{"href":"https:\/\/bstextract.com\/es\/wp-json\/wp\/v2\/media?parent=1131"}],"wp:term":[{"taxonomy":"product_brand","embeddable":true,"href":"https:\/\/bstextract.com\/es\/wp-json\/wp\/v2\/product_brand?post=1131"},{"taxonomy":"product_cat","embeddable":true,"href":"https:\/\/bstextract.com\/es\/wp-json\/wp\/v2\/product_cat?post=1131"},{"taxonomy":"product_tag","embeddable":true,"href":"https:\/\/bstextract.com\/es\/wp-json\/wp\/v2\/product_tag?post=1131"}],"curies":[{"name":"wp","href":"https:\/\/api.w.org\/{rel}","templated":true}]}}