{"id":1145,"date":"2025-05-29T02:52:49","date_gmt":"2025-05-29T02:52:49","guid":{"rendered":"https:\/\/bstextract.com\/?post_type=product&#038;p=1145"},"modified":"2025-07-02T02:28:14","modified_gmt":"2025-07-02T02:28:14","slug":"n-acetil-cisteinac","status":"publish","type":"product","link":"https:\/\/bstextract.com\/es\/producto\/n-acetil-cisteinac\/","title":{"rendered":"NAC en polvo (N-acetil ciste\u00edna)"},"content":{"rendered":"<p><!-- Keyword Section (Outside Article) --><\/p>\n<p><strong>NAC en polvo<\/strong> es un derivado del amino\u00e1cido L-ciste\u00edna. Se utiliza habitualmente como suplemento diet\u00e9tico y es conocido por sus propiedades antioxidantes. La NAC es tambi\u00e9n un precursor del glutati\u00f3n, un potente antioxidante producido por el organismo.<\/p>\n<p><img fetchpriority=\"high\" decoding=\"async\" class=\"aligncenter wp-image-1784 size-large\" src=\"https:\/\/bstextract.com\/wp-content\/uploads\/2025\/05\/the-benefits-of-n-acetylcysteine-89416-primary-recirc-5a4235d9adfe45d19d276d024c537108-1024x683.webp\" alt=\"NAC en polvo\" width=\"1024\" height=\"683\" title=\"\" srcset=\"https:\/\/bstextract.com\/wp-content\/uploads\/2025\/05\/the-benefits-of-n-acetylcysteine-89416-primary-recirc-5a4235d9adfe45d19d276d024c537108-1024x683.webp 1024w, https:\/\/bstextract.com\/wp-content\/uploads\/2025\/05\/the-benefits-of-n-acetylcysteine-89416-primary-recirc-5a4235d9adfe45d19d276d024c537108-300x200.webp 300w, https:\/\/bstextract.com\/wp-content\/uploads\/2025\/05\/the-benefits-of-n-acetylcysteine-89416-primary-recirc-5a4235d9adfe45d19d276d024c537108-768x512.webp 768w, https:\/\/bstextract.com\/wp-content\/uploads\/2025\/05\/the-benefits-of-n-acetylcysteine-89416-primary-recirc-5a4235d9adfe45d19d276d024c537108-18x12.webp 18w, https:\/\/bstextract.com\/wp-content\/uploads\/2025\/05\/the-benefits-of-n-acetylcysteine-89416-primary-recirc-5a4235d9adfe45d19d276d024c537108-600x400.webp 600w, https:\/\/bstextract.com\/wp-content\/uploads\/2025\/05\/the-benefits-of-n-acetylcysteine-89416-primary-recirc-5a4235d9adfe45d19d276d024c537108.webp 1500w\" sizes=\"(max-width: 1024px) 100vw, 1024px\" \/><\/p>\n<p>Con una pureza de <strong>99%<\/strong>Este polvo cristalino blanco cumple las normas farmac\u00e9uticas y nutrac\u00e9uticas y es adecuado para la encapsulaci\u00f3n, el tableteado, el enriquecimiento de bebidas y la formulaci\u00f3n de suplementos diet\u00e9ticos.<\/p>\n<ul>\n<li><strong>Nombre qu\u00edmico<\/strong>: N-Acetil-L-Ciste\u00edna<\/li>\n<li><strong>N\u00famero CAS<\/strong>: 616-91-1<\/li>\n<li><strong>F\u00f3rmula molecular<\/strong>: C\u2085H\u2089NO\u2083S<\/li>\n<li><strong>Grado<\/strong>: Farmac\u00e9utico\/Nutrac\u00e9utico<\/li>\n<li><strong>Certificaciones<\/strong>: KOSHER, HALAL, ISO22000, HACCP, Ecol\u00f3gico UE, Ecol\u00f3gico USDA<\/li>\n<\/ul>\n<h2>Composici\u00f3n de los ingredientes y especificaciones t\u00e9cnicas<\/h2>\n<div>\n<div tabindex=\"-1\">\n<table>\n<thead>\n<tr>\n<th>Par\u00e1metro<\/th>\n<th>Especificaci\u00f3n<\/th>\n<\/tr>\n<\/thead>\n<tbody>\n<tr>\n<td>Nombre del producto<\/td>\n<td>N-acetil-L-ciste\u00edna (NAC en polvo)<\/td>\n<\/tr>\n<tr>\n<td>Sin\u00f3nimos<\/td>\n<td>NAC, N-acetilciste\u00edna, N-acetil L-ciste\u00edna<\/td>\n<\/tr>\n<tr>\n<td>Pureza<\/td>\n<td>99%<\/td>\n<\/tr>\n<tr>\n<td>Apariencia<\/td>\n<td>Polvo cristalino blanco<\/td>\n<\/tr>\n<tr>\n<td>Solubilidad<\/td>\n<td>F\u00e1cilmente soluble en agua y alcohol<\/td>\n<\/tr>\n<tr>\n<td>Tama\u00f1o de las part\u00edculas<\/td>\n<td>100% hasta malla 80<\/td>\n<\/tr>\n<tr>\n<td>Opciones de envasado<\/td>\n<td>1 kg\/saco o 25 kg\/tambor; envases personalizados disponibles<\/td>\n<\/tr>\n<tr>\n<td>Vida \u00fatil<\/td>\n<td>24 meses<\/td>\n<\/tr>\n<tr>\n<td>Almacenamiento<\/td>\n<td>Conservar en lugar fresco y seco; proteger de la luz y el calor<\/td>\n<\/tr>\n<tr>\n<td>Disponibilidad de muestras<\/td>\n<td>Muestra gratuita disponible previa solicitud<\/td>\n<\/tr>\n<\/tbody>\n<\/table>\n<div>\n<div><\/div>\n<\/div>\n<\/div>\n<\/div>\n<h2>Principales ventajas y factores diferenciadores<\/h2>\n<ul>\n<li><strong>Apoyo hep\u00e1tico y desintoxicante<\/strong>: La NAC favorece la producci\u00f3n de glutati\u00f3n, un antioxidante clave para las v\u00edas de desintoxicaci\u00f3n<\/li>\n<li><strong>Salud respiratoria<\/strong>: Act\u00faa como agente mucol\u00edtico, ayudando a descomponer la mucosidad de los pulmones y las v\u00edas respiratorias.<\/li>\n<li><strong>Defensa antioxidante celular<\/strong>: Protege las c\u00e9lulas contra el da\u00f1o oxidativo y favorece la resistencia inmunitaria<\/li>\n<li><strong>Alta pureza y estabilidad<\/strong>compuesto activo 99%, con excelente solubilidad y compatibilidad de formulaci\u00f3n<\/li>\n<li><strong>Certificaci\u00f3n de calidad para la exportaci\u00f3n<\/strong>: Cumple plenamente los principales requisitos reglamentarios del mercado<\/li>\n<\/ul>\n<h2>Reivindicaciones funcionales y antecedentes cient\u00edficos<\/h2>\n<p>La N-acetil-L-ciste\u00edna desempe\u00f1a un papel fundamental en la bios\u00edntesis de <strong>glutati\u00f3n (GSH)<\/strong>-un importante antioxidante intracelular que favorece la desintoxicaci\u00f3n, la modulaci\u00f3n inmunitaria y la reparaci\u00f3n celular.<\/p>\n<p>Ampliamente estudiado por su papel en:<\/p>\n<ul>\n<li><strong>Reducci\u00f3n del estr\u00e9s oxidativo<\/strong><\/li>\n<li><strong>Protecci\u00f3n contra las toxinas ambientales<\/strong><\/li>\n<li><strong>Favorecer la funci\u00f3n pulmonar en afecciones respiratorias<\/strong><\/li>\n<li><strong>Mejora de la actividad de las enzimas hep\u00e1ticas en los protocolos de desintoxicaci\u00f3n<\/strong><\/li>\n<\/ul>\n<blockquote><p><em>Referencia: <a href=\"https:\/\/pubmed.ncbi.nlm.nih.gov\/24080471\/\" target=\"_blank\" rel=\"noopener\">Rushworth, G. F., &amp; Megson, I. L. (2014). \"Usos terap\u00e9uticos existentes y potenciales de la N-acetilciste\u00edna\". Revista Brit\u00e1nica de Farmacolog\u00eda Cl\u00ednica.<\/a><\/em><\/p><\/blockquote>\n<h2>Escenarios de aplicaci\u00f3n y uso<\/h2>\n<h3>Uso industrial<\/h3>\n<ul>\n<li>Suplementos diet\u00e9ticos (c\u00e1psulas, comprimidos, efervescentes)<\/li>\n<li>Mezclas de productos hep\u00e1ticos y desintoxicantes<\/li>\n<li>F\u00f3rmulas de apoyo respiratorio<\/li>\n<li>Bebidas y polvos funcionales<\/li>\n<li>API farmac\u00e9uticos (para medicamentos mucol\u00edticos)<\/li>\n<\/ul>\n<h3>Dosis sugerida<\/h3>\n<ul>\n<li>Dosis t\u00edpica del suplemento: 600-1.200 mg al d\u00eda<\/li>\n<li>Formulaciones personalizadas: hasta 3 g\/d\u00eda bajo supervisi\u00f3n profesional<\/li>\n<li>Solubilidad adecuada para mezclas en polvo, bebidas y comprimidos efervescentes<\/li>\n<\/ul>\n<h2>Control de calidad y conformidad<\/h2>\n<p>Nuestro polvo de NAC se fabrica en unas instalaciones con certificaci\u00f3n GMP y se somete a pruebas de:<\/p>\n<ul>\n<li><strong>Identidad y pureza (\u226599%)<\/strong> mediante HPLC<\/li>\n<li><strong>Metales pesados<\/strong>: Plomo, ars\u00e9nico, cadmio, mercurio \u2264 l\u00edmites internacionales.<\/li>\n<li><strong>Microbiolog\u00eda<\/strong>: TPC, Levaduras y Moho, Salmonella, E. coli - Negativo<\/li>\n<li><strong>Control de residuos y contaminantes<\/strong>: Sin pesticidas, conforme a los residuos de disolventes<\/li>\n<\/ul>\n<h3>Certificaciones:<\/h3>\n<ul>\n<li>ISO22000, HACCP, KOSHER, HALAL<\/li>\n<li>Conforme a las normas ecol\u00f3gicas de la USDA y la UE (origen de la materia prima)<\/li>\n<li>COA, MSDS, TDS, informes de pruebas de terceros disponibles previa solicitud.<\/li>\n<\/ul>\n<h2>Capacidad de suministro y condiciones comerciales<\/h2>\n<div>\n<div tabindex=\"-1\">\n<table>\n<thead>\n<tr>\n<th>Plazo de suministro<\/th>\n<th>Descripci\u00f3n<\/th>\n<\/tr>\n<\/thead>\n<tbody>\n<tr>\n<td>MOQ<\/td>\n<td>1kg (prueba) \/ 25kg (est\u00e1ndar)<\/td>\n<\/tr>\n<tr>\n<td>Plazos de entrega<\/td>\n<td>5-10 d\u00edas laborables<\/td>\n<\/tr>\n<tr>\n<td>Opciones de envasado<\/td>\n<td>Bolsas de papel de aluminio, bidones de fibra, bolsas OEM<\/td>\n<\/tr>\n<tr>\n<td>Servicio OEM\/ODM<\/td>\n<td>Disponible en c\u00e1psulas, mezclas y envases personalizados<\/td>\n<\/tr>\n<tr>\n<td>Mercados de exportaci\u00f3n<\/td>\n<td>EE.UU., UE, Jap\u00f3n, Corea, Oriente Medio<\/td>\n<\/tr>\n<tr>\n<td>Condiciones de pago<\/td>\n<td>T\/T, PayPal, L\/C para pedidos al por mayor<\/td>\n<\/tr>\n<tr>\n<td>Opciones de env\u00edo<\/td>\n<td>CIF, FOB, DDP (a\u00e9reo\/mar\u00edtimo\/expr\u00e9s disponible)<\/td>\n<\/tr>\n<\/tbody>\n<\/table>\n<div>\n<div><\/div>\n<\/div>\n<\/div>\n<\/div>\n<h2>Acerca del fabricante<\/h2>\n<p><strong>Xi'an Best Bio-Tech Co., Ltd.<\/strong> es un fabricante y exportador profesional de ingredientes vegetales y derivados de amino\u00e1cidos. Situada en <strong>Yangling, China<\/strong>Nuestra f\u00e1brica est\u00e1 equipada con <strong>L\u00edneas de producci\u00f3n con certificaci\u00f3n GMP<\/strong>, <strong>laboratorios de ensayos avanzados<\/strong>y un <strong>equipo de exportaci\u00f3n experimentado<\/strong> en m\u00e1s de 60 pa\u00edses.<\/p>\n<p>Ofrecemos:<\/p>\n<ul>\n<li>Fabricaci\u00f3n por contrato (OEM\/ODM)<\/li>\n<li>Consulta sobre formulaci\u00f3n de ingredientes<\/li>\n<li>Documentaci\u00f3n reglamentaria y apoyo al registro<\/li>\n<\/ul>\n<h2>Preguntas frecuentes<\/h2>\n<p><strong>P1: \u00bfEs su polvo de NAC apto para uso farmac\u00e9utico?<\/strong><br \/>\nS\u00ed, tiene una pureza de grado farmac\u00e9utico y cumple las normas de control de calidad del sector.<\/p>\n<p><strong>P2: \u00bfProporcionan informes de laboratorio de terceros?<\/strong><br \/>\nS\u00ed, los resultados de las pruebas de COA y de terceros pueden facilitarse previa solicitud.<\/p>\n<p><strong>P3: \u00bfPuedo pedir NAC en f\u00f3rmulas personalizadas o sobres de marca?<\/strong><br \/>\nAbsolutamente. Ofrecemos todos los servicios OEM\/ODM.<\/p>\n<p><strong>P4: \u00bfCumple este producto las normas de la UE y EE.UU.?<\/strong><br \/>\nS\u00ed, cumple las normas USP, EP y otras normas internacionales de calidad.<\/p>\n<p><strong>P5: \u00bfSigue siendo legal la venta de NAC en EE.UU. como suplemento diet\u00e9tico?<\/strong><br \/>\nDado que la situaci\u00f3n reglamentaria puede variar, le recomendamos que consulte a su asesor local en materia de reglamentaci\u00f3n. Nuestro NAC es adecuado tanto para aplicaciones diet\u00e9ticas como t\u00e9cnicas.<\/p>","protected":false},"excerpt":{"rendered":"<ul>\n<li><strong>Nombre qu\u00edmico<\/strong>: N-Acetil-L-Ciste\u00edna<\/li>\n<li><strong>N\u00famero CAS<\/strong>: 616-91-1<\/li>\n<li><strong>F\u00f3rmula molecular<\/strong>: C\u2085H\u2089NO\u2083S<\/li>\n<li><strong>Grado<\/strong>: Farmac\u00e9utico\/Nutrac\u00e9utico<\/li>\n<li><strong>Certificaciones<\/strong>: KOSHER, HALAL, ISO22000, HACCP, Ecol\u00f3gico UE, Ecol\u00f3gico USDA<\/li>\n<\/ul>","protected":false},"featured_media":1780,"comment_status":"open","ping_status":"closed","template":"","meta":{"_acf_changed":false},"product_brand":[],"product_cat":[15],"product_tag":[],"class_list":{"0":"post-1145","1":"product","2":"type-product","3":"status-publish","4":"has-post-thumbnail","6":"product_cat-dietary-supplements","8":"first","9":"instock","10":"shipping-taxable","11":"product-type-simple"},"acf":[],"_links":{"self":[{"href":"https:\/\/bstextract.com\/es\/wp-json\/wp\/v2\/product\/1145","targetHints":{"allow":["GET"]}}],"collection":[{"href":"https:\/\/bstextract.com\/es\/wp-json\/wp\/v2\/product"}],"about":[{"href":"https:\/\/bstextract.com\/es\/wp-json\/wp\/v2\/types\/product"}],"replies":[{"embeddable":true,"href":"https:\/\/bstextract.com\/es\/wp-json\/wp\/v2\/comments?post=1145"}],"wp:featuredmedia":[{"embeddable":true,"href":"https:\/\/bstextract.com\/es\/wp-json\/wp\/v2\/media\/1780"}],"wp:attachment":[{"href":"https:\/\/bstextract.com\/es\/wp-json\/wp\/v2\/media?parent=1145"}],"wp:term":[{"taxonomy":"product_brand","embeddable":true,"href":"https:\/\/bstextract.com\/es\/wp-json\/wp\/v2\/product_brand?post=1145"},{"taxonomy":"product_cat","embeddable":true,"href":"https:\/\/bstextract.com\/es\/wp-json\/wp\/v2\/product_cat?post=1145"},{"taxonomy":"product_tag","embeddable":true,"href":"https:\/\/bstextract.com\/es\/wp-json\/wp\/v2\/product_tag?post=1145"}],"curies":[{"name":"wp","href":"https:\/\/api.w.org\/{rel}","templated":true}]}}