{"id":1149,"date":"2025-05-28T23:11:45","date_gmt":"2025-05-28T23:11:45","guid":{"rendered":"https:\/\/bstextract.com\/?post_type=product&#038;p=1149"},"modified":"2025-07-08T02:36:54","modified_gmt":"2025-07-08T02:36:54","slug":"l-treonato-de-magnesio","status":"publish","type":"product","link":"https:\/\/bstextract.com\/es\/producto\/l-treonato-de-magnesio\/","title":{"rendered":"L-treonato de magnesio"},"content":{"rendered":"<h2><strong>Productos<\/strong><\/h2>\n<p><strong>L-treonato de magnesio<\/strong> es una forma altamente biodisponible de magnesio derivado del \u00e1cido L-tre\u00f3nico, un metabolito de la vitamina C. Es mejor conocido por su capacidad superior para cruzar la barrera hematoencef\u00e1lica, aumentando eficazmente la concentraci\u00f3n de magnesio en el cerebro y el apoyo a la funci\u00f3n cognitiva, la memoria y la salud neurol\u00f3gica. A diferencia de los suplementos de magnesio tradicionales, se dirige a la claridad mental, la neuroplasticidad y la calidad del sue\u00f1o.<\/p>\n<h3><strong>Par\u00e1metros clave<\/strong><\/h3>\n<div>\n<div tabindex=\"-1\">\n<table>\n<thead>\n<tr>\n<th><strong>Par\u00e1metro<\/strong><\/th>\n<th><strong>Especificaci\u00f3n<\/strong><\/th>\n<\/tr>\n<\/thead>\n<tbody>\n<tr>\n<td>Nombre del producto<\/td>\n<td>L-treonato de magnesio<\/td>\n<\/tr>\n<tr>\n<td>N\u00famero CAS<\/td>\n<td>778571-57-6<\/td>\n<\/tr>\n<tr>\n<td>Sin\u00f3nimos<\/td>\n<td>Treonato de magnesio L, MgT<\/td>\n<\/tr>\n<tr>\n<td>Apariencia<\/td>\n<td>Polvo blanco<\/td>\n<\/tr>\n<tr>\n<td>Pureza<\/td>\n<td>\u226599%<\/td>\n<\/tr>\n<tr>\n<td>Solubilidad<\/td>\n<td>Soluble en agua<\/td>\n<\/tr>\n<tr>\n<td>Olor<\/td>\n<td>Sin olor<\/td>\n<\/tr>\n<tr>\n<td>Pruebe<\/td>\n<td>Ligeramente amargo-neutro<\/td>\n<\/tr>\n<tr>\n<td>Tama\u00f1o de las part\u00edculas<\/td>\n<td>100% hasta malla 80<\/td>\n<\/tr>\n<tr>\n<td>Humedad<\/td>\n<td>\u22645.0%<\/td>\n<\/tr>\n<tr>\n<td>Metales pesados<\/td>\n<td>\u226410 ppm<\/td>\n<\/tr>\n<tr>\n<td>Plomo<\/td>\n<td>\u22641 ppm<\/td>\n<\/tr>\n<tr>\n<td>Ars\u00e9nico<\/td>\n<td>\u22641 ppm<\/td>\n<\/tr>\n<tr>\n<td>Vida \u00fatil<\/td>\n<td>24 meses (en condiciones de almacenamiento adecuadas)<\/td>\n<\/tr>\n<tr>\n<td>Almacenamiento<\/td>\n<td>Conservar en recipientes herm\u00e9ticos y resistentes a la luz; evitar la humedad, el calor y la luz solar directa<\/td>\n<\/tr>\n<\/tbody>\n<\/table>\n<div>\n<div><\/div>\n<\/div>\n<\/div>\n<\/div>\n<h2><strong>Certificaciones<\/strong><\/h2>\n<p>Certificado para cumplir las normas mundiales:<\/p>\n<ul>\n<li><strong>ISO22000 \/ ISO9001<\/strong><\/li>\n<li><strong>HACCP \/ HALAL \/ KOSHER<\/strong><\/li>\n<li><strong>Ecol\u00f3gico USDA \/ Ecol\u00f3gico UE<\/strong><\/li>\n<li><strong>FSSC22000 (a petici\u00f3n)<\/strong><\/li>\n<\/ul>\n<h2><strong>Caracter\u00edsticas principales<\/strong><\/h2>\n<ul>\n<li>Forma de magnesio cient\u00edficamente desarrollada que atraviesa el <strong>barrera hematoencef\u00e1lica<\/strong><\/li>\n<li>Investigado cl\u00ednicamente para mejorar <strong>memoria de trabajo<\/strong>, <strong>capacidad de aprendizaje<\/strong>y <strong>envejecimiento cognitivo<\/strong><\/li>\n<li>Absorci\u00f3n y retenci\u00f3n superiores en el tejido cerebral<\/li>\n<li>Sin OGM, vegano, sin gluten, sin al\u00e9rgenos<\/li>\n<li>Ideal para <strong>suplementos nootr\u00f3picos<\/strong>, <strong>f\u00f3rmulas para la salud cerebral<\/strong>y <strong>ayudas para dormir<\/strong><\/li>\n<\/ul>\n<h2><strong>Aplicaciones<\/strong><\/h2>\n<ul>\n<li><strong>Suplementos diet\u00e9ticos<\/strong> - c\u00e1psulas, comprimidos, polvos<\/li>\n<li><strong>F\u00f3rmulas para la salud cognitiva<\/strong> - estimulantes cerebrales, ayuda a la memoria<\/li>\n<li><strong>Apoyo al sue\u00f1o y al estado de \u00e1nimo<\/strong> - relajaci\u00f3n, alivio del estr\u00e9s<\/li>\n<li><strong>Productos nootr\u00f3picos<\/strong> - mezclas de concentraci\u00f3n mental y rendimiento<\/li>\n<li><strong>Bebidas nutrac\u00e9uticas<\/strong> - chupitos o bebidas enriquecidos con magnesio<\/li>\n<\/ul>\n<h2><strong>Dosis recomendada<\/strong><\/h2>\n<ul>\n<li><strong>Dosis oral t\u00edpica<\/strong>: 1.000-2.000 mg\/d\u00eda (aportan ~144 mg de magnesio elemental)<\/li>\n<li>Utilizar como se indica en <strong>f\u00f3rmulas de suplementos diet\u00e9ticos<\/strong> o mezclas funcionales para la salud<\/li>\n<\/ul>\n<h2><strong>Ingredientes compatibles<\/strong><\/h2>\n<ul>\n<li><strong>L-teanina<\/strong> - para la calma y la concentraci\u00f3n<\/li>\n<li><strong>Fosfatidilserina<\/strong> - para la sinergia cognitiva<\/li>\n<li><strong>Vitamina B6\/B12<\/strong> - para apoyo neurol\u00f3gico<\/li>\n<li><strong>Ashwagandha \/ Rhodiola<\/strong> - para la gesti\u00f3n adapt\u00f3gena del estr\u00e9s<\/li>\n<li><strong>Melatonina<\/strong> - para f\u00f3rmulas que mejoran el sue\u00f1o<\/li>\n<\/ul>\n<h2><strong>Opciones de envasado y suministro<\/strong><\/h2>\n<ul>\n<li><strong>MOQ<\/strong>: 1 kg<\/li>\n<li><strong>Embalaje est\u00e1ndar<\/strong>:\n<ul>\n<li>1kg\/bolsa<\/li>\n<li>25 kg\/tambor o cart\u00f3n<\/li>\n<li>Tama\u00f1os personalizados y etiquetas OEM disponibles<\/li>\n<\/ul>\n<\/li>\n<li><strong>Plazos de entrega<\/strong>: 5-7 d\u00edas laborables para art\u00edculos en stock<\/li>\n<li><strong>Env\u00edo<\/strong>: Expr\u00e9s, a\u00e9reo o mar\u00edtimo en todo el mundo<\/li>\n<\/ul>\n<h2><strong>Preguntas m\u00e1s frecuentes (FAQ)<\/strong><\/h2>\n<p><strong>1. \u00bfCu\u00e1l es la ventaja del L-treonato de magnesio sobre otras formas de magnesio?<\/strong><br \/>\nEs el \u00fanico compuesto de magnesio que ha demostrado <strong>elevar los niveles cerebrales de magnesio<\/strong>, apoyando directamente la memoria, el aprendizaje y la claridad cognitiva.<\/p>\n<p><strong>2. \u00bfEs apto para vegetarianos y al\u00e9rgicos?<\/strong><br \/>\nS\u00ed, lo es. <strong>apto para veganos<\/strong>, sin OMG, sin gluten, sin soja y sin al\u00e9rgenos.<\/p>\n<p><strong>3. \u00bfQu\u00e9 documentaci\u00f3n aporta?<\/strong><br \/>\nOfrecemos <strong>COA, MSDS, TDS<\/strong>y <strong>informes de pruebas de terceros<\/strong> previa solicitud.<\/p>\n<p><strong>4. \u00bfPuedo utilizarlo en bebidas funcionales?<\/strong><br \/>\nS\u00ed, es hidrosoluble y apto para bebidas, polvos y c\u00e1psulas.<\/p>\n<p><strong>5. \u00bfApoyan el etiquetado privado o el envasado a medida?<\/strong><br \/>\nAbsolutamente - <strong>Servicio OEM\/ODM<\/strong> incluyendo especificaciones personalizadas, tama\u00f1os de embalaje y marcas.<\/p>","protected":false},"excerpt":{"rendered":"<table>\n<tbody>\n<tr>\n<td colspan=\"1\" rowspan=\"1\">\n<div>\n<div><b>Otro nombre<\/b><\/div>\n<\/div>\n<\/td>\n<td colspan=\"1\" rowspan=\"1\">\n<div>\n<div>Treonato de magnesio L<\/div>\n<\/div>\n<\/td>\n<\/tr>\n<tr>\n<td colspan=\"1\" rowspan=\"1\">\n<div>\n<div><b>CAS NO<\/b><\/div>\n<\/div>\n<\/td>\n<td colspan=\"1\" rowspan=\"1\">\n<div>\n<div>778571-57-6<\/div>\n<\/div>\n<\/td>\n<\/tr>\n<tr>\n<td colspan=\"1\" rowspan=\"1\">\n<div>\n<div><b>Apariencia<\/b><\/div>\n<\/div>\n<\/td>\n<td colspan=\"1\" rowspan=\"1\">\n<div>\n<div>Polvo blanco<\/div>\n<\/div>\n<\/td>\n<\/tr>\n<tr>\n<td colspan=\"1\" rowspan=\"1\">\n<div>\n<div><b>Especificaci\u00f3n del producto<\/b><\/div>\n<\/div>\n<\/td>\n<td colspan=\"1\" rowspan=\"1\">\n<div>\n<div>99%<\/div>\n<\/div>\n<\/td>\n<\/tr>\n<\/tbody>\n<\/table>","protected":false},"featured_media":1150,"comment_status":"open","ping_status":"closed","template":"","meta":{"_acf_changed":false},"product_brand":[],"product_cat":[15],"product_tag":[],"class_list":{"0":"post-1149","1":"product","2":"type-product","3":"status-publish","4":"has-post-thumbnail","6":"product_cat-dietary-supplements","8":"first","9":"instock","10":"shipping-taxable","11":"product-type-simple"},"acf":[],"_links":{"self":[{"href":"https:\/\/bstextract.com\/es\/wp-json\/wp\/v2\/product\/1149","targetHints":{"allow":["GET"]}}],"collection":[{"href":"https:\/\/bstextract.com\/es\/wp-json\/wp\/v2\/product"}],"about":[{"href":"https:\/\/bstextract.com\/es\/wp-json\/wp\/v2\/types\/product"}],"replies":[{"embeddable":true,"href":"https:\/\/bstextract.com\/es\/wp-json\/wp\/v2\/comments?post=1149"}],"wp:featuredmedia":[{"embeddable":true,"href":"https:\/\/bstextract.com\/es\/wp-json\/wp\/v2\/media\/1150"}],"wp:attachment":[{"href":"https:\/\/bstextract.com\/es\/wp-json\/wp\/v2\/media?parent=1149"}],"wp:term":[{"taxonomy":"product_brand","embeddable":true,"href":"https:\/\/bstextract.com\/es\/wp-json\/wp\/v2\/product_brand?post=1149"},{"taxonomy":"product_cat","embeddable":true,"href":"https:\/\/bstextract.com\/es\/wp-json\/wp\/v2\/product_cat?post=1149"},{"taxonomy":"product_tag","embeddable":true,"href":"https:\/\/bstextract.com\/es\/wp-json\/wp\/v2\/product_tag?post=1149"}],"curies":[{"name":"wp","href":"https:\/\/api.w.org\/{rel}","templated":true}]}}