{"id":1191,"date":"2025-05-30T01:54:52","date_gmt":"2025-05-30T01:54:52","guid":{"rendered":"https:\/\/bstextract.com\/?post_type=product&#038;p=1191"},"modified":"2025-05-30T01:54:52","modified_gmt":"2025-05-30T01:54:52","slug":"deoxiarbutina-d-arbutina","status":"publish","type":"product","link":"https:\/\/bstextract.com\/es\/producto\/deoxiarbutina-d-arbutina\/","title":{"rendered":"Deoxiarbutina (D-Arbutina)"},"content":{"rendered":"<p><!-- Keyword Section (Outside Article) --><\/p>\n<h2>\u00bfQu\u00e9 es la desoxiarbutina?<\/h2>\n<p><strong>Desoxiarbutina<\/strong>tambi\u00e9n conocido como <strong>D-Arbutina<\/strong>es un agente blanqueador de la piel de alta eficacia ampliamente utilizado en aplicaciones cosm\u00e9ticas y dermatol\u00f3gicas. Identificado por el n\u00ba CAS. <strong>53936-56-4<\/strong> y f\u00f3rmula molecular <strong>C<sub>11<\/sub>H<sub>14<\/sub>O<sub>3<\/sub><\/strong>es un producto altamente purificado <strong>polvo blanco<\/strong> con una especificaci\u00f3n est\u00e1ndar de <strong>99%<\/strong>.<\/p>\n<p>La desoxiarbutina act\u00faa inhibiendo directamente <strong>tirosinasa<\/strong>la enzima clave implicada en la producci\u00f3n de melanina. En comparaci\u00f3n con la arbutina tradicional o el \u00e1cido k\u00f3jico, ofrece una mayor estabilidad y potencia. <strong>efectos despigmentantes<\/strong> con irritaci\u00f3n reducida, lo que la hace ideal para las f\u00f3rmulas modernas de cuidado de la piel.<\/p>\n<h2>Aplicaciones de la desoxiarbutina<\/h2>\n<p>Como profesional <strong>Fabricante de deoxiarbutina y proveedor de ingredientes cosm\u00e9ticos<\/strong>proporcionamos D-arbutina de gran pureza para su uso en <strong>cremas blanqueadoras, sueros, mascarillas, lociones y correctores del tono de la piel<\/strong>. Es especialmente eficaz en <strong>difuminar manchas oscuras, manchas de la edad, cicatrices de acn\u00e9 e hiperpigmentaci\u00f3n<\/strong>.<\/p>\n<p>La desoxiarbutina es una opci\u00f3n popular en <strong>marcas de cosm\u00e9ticos premium<\/strong> y es adecuado para <strong>f\u00f3rmulas que aportan luminosidad, uniformizan el tono de la piel y combaten el envejecimiento.<\/strong>. Es compatible tanto con sistemas de base acuosa como de emulsi\u00f3n, ofreciendo a los formuladores una gran flexibilidad y estabilidad.<\/p>\n<h2>Preguntas frecuentes<\/h2>\n<p><strong>\u00bfCu\u00e1l es la pureza de su Deoxiarbutina?<\/strong><br \/>\nNuestra Deoxiarbutina est\u00e1 estandarizada para <strong>99% pureza<\/strong>garantizando una calidad constante para aplicaciones cosm\u00e9ticas de alto rendimiento.<\/p>\n<p><strong>\u00bfQu\u00e9 aspecto tiene el producto?<\/strong><br \/>\nEs una multa, <strong>polvo cristalino blanco<\/strong>Inodoro y estable en las condiciones recomendadas.<\/p>\n<p><strong>\u00bfCu\u00e1l es la funci\u00f3n principal de la D-Arbutina?<\/strong><br \/>\nLa D-Arbutina es un <strong>inhibidor de la s\u00edntesis de melanina<\/strong>utilizado principalmente para <strong>blanqueamiento de la piel, reducci\u00f3n de manchas y tonificaci\u00f3n<\/strong>.<\/p>\n<p><strong>\u00bfPueden ofrecer servicios de suministro a granel y OEM?<\/strong><br \/>\nS\u00ed, somos una <strong>F\u00e1brica de desoxiarbutina<\/strong> que ofrece <strong>pedidos al por mayor, servicios OEM\/ODM y etiquetado privado<\/strong> previa solicitud.<\/p>\n<p><strong>\u00bfCu\u00e1les son las recomendaciones de almacenamiento y conservaci\u00f3n?<\/strong><br \/>\nGuardar en un <strong>recipiente fresco, seco y cerrado<\/strong>al abrigo de la luz y el calor. Caducidad <strong>24 meses<\/strong> en condiciones de almacenamiento adecuadas.<\/p>\n<p><strong>\u00bfHay muestras gratuitas?<\/strong><br \/>\nS\u00ed, ofrecemos <strong>muestras gratuitas<\/strong> para apoyar sus pruebas de formulaci\u00f3n y su proceso de I+D.<\/p>","protected":false},"excerpt":{"rendered":"<table>\n<tbody>\n<tr>\n<td colspan=\"1\" rowspan=\"1\">\n<div>\n<div><b>Otro nombre<\/b><\/div>\n<\/div>\n<\/td>\n<td colspan=\"1\" rowspan=\"1\">\n<div>\n<div>D-Arbutina<\/div>\n<\/div>\n<\/td>\n<\/tr>\n<tr>\n<td colspan=\"1\" rowspan=\"1\">\n<div>\n<div><b>N\u00famero CAS<\/b><\/div>\n<\/div>\n<\/td>\n<td colspan=\"1\" rowspan=\"1\">\n<div>\n<div>53936-56-4<\/div>\n<\/div>\n<\/td>\n<\/tr>\n<tr>\n<td colspan=\"1\" rowspan=\"1\">\n<div>\n<div><b>F\u00f3rmula molecular<\/b><\/div>\n<\/div>\n<\/td>\n<td colspan=\"1\" rowspan=\"1\">\n<div>\n<div>C11H14O3<\/div>\n<\/div>\n<\/td>\n<\/tr>\n<tr>\n<td colspan=\"1\" rowspan=\"1\">\n<div>\n<div><b>Apariencia<\/b><\/div>\n<\/div>\n<\/td>\n<td colspan=\"1\" rowspan=\"1\">\n<div>\n<div>Polvo blanco<\/div>\n<\/div>\n<\/td>\n<\/tr>\n<tr>\n<td colspan=\"1\" rowspan=\"1\">\n<div>\n<div><b>Especificaci\u00f3n del producto<\/b><\/div>\n<\/div>\n<\/td>\n<td colspan=\"1\" rowspan=\"1\">\n<div>\n<div>99%<\/div>\n<\/div>\n<\/td>\n<\/tr>\n<\/tbody>\n<\/table>","protected":false},"featured_media":1192,"comment_status":"open","ping_status":"closed","template":"","meta":{"_acf_changed":false},"product_brand":[],"product_cat":[22],"product_tag":[],"class_list":{"0":"post-1191","1":"product","2":"type-product","3":"status-publish","4":"has-post-thumbnail","6":"product_cat-cosmetic-personal-care-ingredients","8":"first","9":"instock","10":"shipping-taxable","11":"product-type-simple"},"acf":[],"_links":{"self":[{"href":"https:\/\/bstextract.com\/es\/wp-json\/wp\/v2\/product\/1191","targetHints":{"allow":["GET"]}}],"collection":[{"href":"https:\/\/bstextract.com\/es\/wp-json\/wp\/v2\/product"}],"about":[{"href":"https:\/\/bstextract.com\/es\/wp-json\/wp\/v2\/types\/product"}],"replies":[{"embeddable":true,"href":"https:\/\/bstextract.com\/es\/wp-json\/wp\/v2\/comments?post=1191"}],"wp:featuredmedia":[{"embeddable":true,"href":"https:\/\/bstextract.com\/es\/wp-json\/wp\/v2\/media\/1192"}],"wp:attachment":[{"href":"https:\/\/bstextract.com\/es\/wp-json\/wp\/v2\/media?parent=1191"}],"wp:term":[{"taxonomy":"product_brand","embeddable":true,"href":"https:\/\/bstextract.com\/es\/wp-json\/wp\/v2\/product_brand?post=1191"},{"taxonomy":"product_cat","embeddable":true,"href":"https:\/\/bstextract.com\/es\/wp-json\/wp\/v2\/product_cat?post=1191"},{"taxonomy":"product_tag","embeddable":true,"href":"https:\/\/bstextract.com\/es\/wp-json\/wp\/v2\/product_tag?post=1191"}],"curies":[{"name":"wp","href":"https:\/\/api.w.org\/{rel}","templated":true}]}}