{"id":1197,"date":"2025-05-30T02:04:08","date_gmt":"2025-05-30T02:04:08","guid":{"rendered":"https:\/\/bstextract.com\/?post_type=product&#038;p=1197"},"modified":"2025-05-30T02:14:50","modified_gmt":"2025-05-30T02:14:50","slug":"vitamina-b3","status":"publish","type":"product","link":"https:\/\/bstextract.com\/es\/producto\/vitamina-b3\/","title":{"rendered":"Vitamina B3 Nicotinamida (Niacinamida en polvo)"},"content":{"rendered":"<p><!-- Keyword Section (Outside Article) --><\/p>\n<h2>\u00bfQu\u00e9 es la nicotinamida (vitamina B3)?<\/h2>\n<p><strong>Vitamina B3 Nicotinamida<\/strong>tambi\u00e9n conocido como <strong>Niacinamida en polvo<\/strong>es la forma amida de la vitamina B3 (niacina) y es ampliamente conocida por sus propiedades antioxidantes. <strong>beneficios dermatol\u00f3gicos y nutricionales<\/strong>. Con n\u00ba CAS <strong>98-92-0<\/strong> y f\u00f3rmula molecular <strong>C<sub>6<\/sub>H<sub>6<\/sub>N<sub>2<\/sub>O<\/strong>aparece como una multa <strong>polvo blanco<\/strong> y est\u00e1 normalizado a <strong>99% pureza<\/strong>.<\/p>\n<p>Como ingrediente clave tanto en <strong>formulaciones cosm\u00e9ticas y farmac\u00e9uticas<\/strong>La nicotinamida es soluble en agua, termoestable e ideal para aplicaciones centradas en <strong>tono de la piel, retenci\u00f3n de la humedad, antienvejecimiento y reparaci\u00f3n de la barrera<\/strong>. Tambi\u00e9n se utiliza ampliamente en suplementos diet\u00e9ticos para <strong>apoyo metab\u00f3lico y producci\u00f3n de energ\u00eda celular<\/strong>.<\/p>\n<h2>Aplicaciones de la vitamina B3 nicotinamida<\/h2>\n<p>Como empresa de confianza <strong>Fabricante de vitamina B3 y f\u00e1brica de niacinamida a granel<\/strong>Suministramos nicotinamida de gran pureza para su uso en <strong>sueros blanqueadores, productos antiacn\u00e9, cremas hidratantes, tratamientos solares y f\u00f3rmulas antienvejecimiento<\/strong>. Se valora especialmente por su capacidad para <strong>reducir la hiperpigmentaci\u00f3n, afinar la textura de la piel y mejorar su elasticidad<\/strong>.<\/p>\n<p>En el sector nutrac\u00e9utico, suele encontrarse en <strong>c\u00e1psulas, comprimidos, polvos y mezclas energ\u00e9ticas<\/strong> para apoyar <strong>salud metab\u00f3lica, funcionamiento del sistema nervioso y nutrici\u00f3n de la piel<\/strong> desde el interior. Su perfil no purgante la convierte en una alternativa favorable a la niacina en aplicaciones diet\u00e9ticas.<\/p>\n<h2>Preguntas frecuentes<\/h2>\n<p><strong>\u00bfCu\u00e1l es la pureza de su vitamina B3 Nicotinamida?<\/strong><br \/>\nNuestra niacinamida en polvo est\u00e1 estandarizada para <strong>99% pureza<\/strong> y apto tanto para uso cosm\u00e9tico como alimentario.<\/p>\n<p><strong>\u00bfQu\u00e9 aspecto tiene el producto?<\/strong><br \/>\nSe trata de un <strong>polvo blanco, inodoro<\/strong> con excelente solubilidad en agua y alta compatibilidad de formulaci\u00f3n.<\/p>\n<p><strong>\u00bfCu\u00e1les son los principales usos de la nicotinamida?<\/strong><br \/>\nUtilizado en <strong>productos iluminadores para la piel, f\u00f3rmulas antienvejecimiento, tratamientos contra el acn\u00e9, suplementos orales y apoyo al metabolismo energ\u00e9tico<\/strong>.<\/p>\n<p><strong>\u00bfPueden ofrecer suministro a granel o servicio OEM?<\/strong><br \/>\nS\u00ed, como profesional <strong>F\u00e1brica de vitamina B3<\/strong>ofrecemos <strong>envasado a granel, servicios OEM\/ODM y soluciones personalizadas de marca blanca<\/strong>.<\/p>\n<p><strong>\u00bfCu\u00e1l es su caducidad y c\u00f3mo debe conservarse?<\/strong><br \/>\nLa caducidad es <strong>24 meses<\/strong> cuando se almacena en <strong>recipientes frescos, secos y herm\u00e9ticamente cerrados<\/strong> alejado de la luz solar directa y de la humedad.<\/p>\n<p><strong>\u00bfHay alguna muestra disponible?<\/strong><br \/>\nS\u00ed, proporcionamos <strong>muestras gratuitas<\/strong> para pruebas de productos y fines de I+D.<\/p>","protected":false},"excerpt":{"rendered":"<table>\n<tbody>\n<tr>\n<td colspan=\"1\" rowspan=\"1\">\n<div>\n<div><b>Otro nombre<\/b><\/div>\n<\/div>\n<\/td>\n<td colspan=\"1\" rowspan=\"1\">\n<div>\n<div>Niacinamida en polvo<\/div>\n<\/div>\n<\/td>\n<\/tr>\n<tr>\n<td colspan=\"1\" rowspan=\"1\">\n<div>\n<div><b>CAS NO<\/b><\/div>\n<\/div>\n<\/td>\n<td colspan=\"1\" rowspan=\"1\">\n<div>\n<div>98-92-0<\/div>\n<\/div>\n<\/td>\n<\/tr>\n<tr>\n<td colspan=\"1\" rowspan=\"1\">\n<div>\n<div><b>F\u00f3rmula molecular<\/b><\/div>\n<\/div>\n<\/td>\n<td colspan=\"1\" rowspan=\"1\">\n<div>\n<div>C6H6N2O<\/div>\n<\/div>\n<\/td>\n<\/tr>\n<tr>\n<td colspan=\"1\" rowspan=\"1\">\n<div>\n<div><b>Apariencia<\/b><\/div>\n<\/div>\n<\/td>\n<td colspan=\"1\" rowspan=\"1\">\n<div>\n<div>Polvo blanco<\/div>\n<\/div>\n<\/td>\n<\/tr>\n<tr>\n<td colspan=\"1\" rowspan=\"1\">\n<div>\n<div><b>Especificaci\u00f3n del producto<\/b><\/div>\n<\/div>\n<\/td>\n<td colspan=\"1\" rowspan=\"1\">\n<div>\n<div>99%<\/div>\n<\/div>\n<\/td>\n<\/tr>\n<\/tbody>\n<\/table>","protected":false},"featured_media":1198,"comment_status":"open","ping_status":"closed","template":"","meta":{"_acf_changed":false},"product_brand":[],"product_cat":[22],"product_tag":[],"class_list":{"0":"post-1197","1":"product","2":"type-product","3":"status-publish","4":"has-post-thumbnail","6":"product_cat-cosmetic-personal-care-ingredients","8":"first","9":"instock","10":"shipping-taxable","11":"product-type-simple"},"acf":[],"_links":{"self":[{"href":"https:\/\/bstextract.com\/es\/wp-json\/wp\/v2\/product\/1197","targetHints":{"allow":["GET"]}}],"collection":[{"href":"https:\/\/bstextract.com\/es\/wp-json\/wp\/v2\/product"}],"about":[{"href":"https:\/\/bstextract.com\/es\/wp-json\/wp\/v2\/types\/product"}],"replies":[{"embeddable":true,"href":"https:\/\/bstextract.com\/es\/wp-json\/wp\/v2\/comments?post=1197"}],"wp:featuredmedia":[{"embeddable":true,"href":"https:\/\/bstextract.com\/es\/wp-json\/wp\/v2\/media\/1198"}],"wp:attachment":[{"href":"https:\/\/bstextract.com\/es\/wp-json\/wp\/v2\/media?parent=1197"}],"wp:term":[{"taxonomy":"product_brand","embeddable":true,"href":"https:\/\/bstextract.com\/es\/wp-json\/wp\/v2\/product_brand?post=1197"},{"taxonomy":"product_cat","embeddable":true,"href":"https:\/\/bstextract.com\/es\/wp-json\/wp\/v2\/product_cat?post=1197"},{"taxonomy":"product_tag","embeddable":true,"href":"https:\/\/bstextract.com\/es\/wp-json\/wp\/v2\/product_tag?post=1197"}],"curies":[{"name":"wp","href":"https:\/\/api.w.org\/{rel}","templated":true}]}}