{"id":1216,"date":"2025-06-03T02:31:32","date_gmt":"2025-06-03T02:31:32","guid":{"rendered":"https:\/\/bstextract.com\/?post_type=product&#038;p=1216"},"modified":"2025-06-03T03:02:04","modified_gmt":"2025-06-03T03:02:04","slug":"dipalmitato-de-acido-kojico-en-polvo","status":"publish","type":"product","link":"https:\/\/bstextract.com\/es\/producto\/dipalmitato-de-acido-kojico-en-polvo\/","title":{"rendered":"Dipalmitato de \u00e1cido k\u00f3jico en polvo"},"content":{"rendered":"<p><!-- Keyword Section (Outside Article) --><\/p>\n<h2>\u00bfQu\u00e9 es el dipalmitato de \u00e1cido k\u00f3jico?<\/h2>\n<p><strong>Dipalmitato de \u00e1cido k\u00f3jico<\/strong> es un derivado estable y soluble en aceite del \u00e1cido k\u00f3jico, dise\u00f1ado para mejorar la eficacia y la estabilidad de la formulaci\u00f3n en aplicaciones cosm\u00e9ticas. Identificado por el n\u00ba CAS. <strong>79725-98-7<\/strong> y f\u00f3rmula molecular <strong>C<sub>38<\/sub>H<sub>66<\/sub>O<sub>6<\/sub><\/strong>Este compuesto de gran pureza se presenta como una fina <strong>polvo blanco<\/strong> y est\u00e1 normalizado a <strong>99% pureza<\/strong>.<\/p>\n<p>En comparaci\u00f3n con la norma <a href=\"https:\/\/bstextract.com\/es\/producto\/acido-kojico-en-polvo\/\">\u00e1cido k\u00f3jico<\/a>, el dipalmitato de \u00e1cido k\u00f3jico ofrece mejores <strong>resistencia al calor, la luz y la oxidaci\u00f3n<\/strong>al tiempo que mantiene potentes efectos iluminadores de la piel. Se utiliza ampliamente en f\u00f3rmulas avanzadas para el cuidado de la piel dirigidas a <strong>hiperpigmentaci\u00f3n, melasma, manchas de la edad y tono desigual de la piel<\/strong>.<\/p>\n<h2>Aplicaciones del dipalmitato de \u00e1cido k\u00f3jico<\/h2>\n<p>Como l\u00edder <strong>Dipalmitato de \u00e1cido k\u00f3jico fabricante e ingrediente cosm\u00e9tico f\u00e1brica<\/strong>Suministramos este ingrediente de primera calidad para su uso en <strong>cremas blanqueadoras, sueros iluminadores, lociones, jabones y f\u00f3rmulas antienvejecimiento<\/strong>. Su solubilidad en l\u00edpidos lo hace especialmente eficaz en <strong>emulsiones y cremas a base de aceite<\/strong>.<\/p>\n<p>El dipalmitato de \u00e1cido k\u00f3jico act\u00faa inhibiendo <strong>tirosinasa<\/strong> la enzima clave responsable de la producci\u00f3n de melanina, sin causar irritaci\u00f3n. Es muy apreciado en los mercados asi\u00e1ticos y mundiales del cuidado de la piel por su seguridad, estabilidad y resultados visibles. <strong>productos para aclarar la piel y potenciar su luminosidad<\/strong>.<\/p>\n<h2>Preguntas frecuentes<\/h2>\n<p><strong>\u00bfCu\u00e1l es la pureza de su dipalmitato de \u00e1cido k\u00f3jico?<\/strong><br \/>\nNuestro producto est\u00e1 estandarizado para <strong>99% pureza<\/strong> y es adecuado para formulaciones de grado cosm\u00e9tico.<\/p>\n<p><strong>\u00bfQu\u00e9 aspecto tiene el producto?<\/strong><br \/>\nEs un buen <strong>polvo blanco<\/strong>, inodoro y estable en condiciones normales de almacenamiento y formulaci\u00f3n.<\/p>\n<p><strong>\u00bfCu\u00e1les son sus principales usos?<\/strong><br \/>\nUtilizado en <strong>tratamientos blanqueadores, correctores de pigmentaci\u00f3n, cosm\u00e9ticos antienvejecimiento y f\u00f3rmulas iluminadoras<\/strong>.<\/p>\n<p><strong>\u00bfCu\u00e1l es la ventaja sobre el \u00e1cido k\u00f3jico normal?<\/strong><br \/>\nEs m\u00e1s estable, soluble en aceite y <strong>menos propensos a oxidarse o degradarse<\/strong> durante el almacenamiento o el procesamiento de la formulaci\u00f3n.<\/p>","protected":false},"excerpt":{"rendered":"<table class=\"has-title all magic-13\">\n<tbody>\n<tr>\n<td colspan=\"1\" rowspan=\"1\">\n<div class=\"magic-17\" data-spm-anchor-id=\"a2700.details-description.0.i0.3b4aOlPCOlPCfT\">\n<div class=\"magic-4\" data-spm-anchor-id=\"a2700.details-description.0.i4.3b4aOlPCOlPCfT\"><span style=\"font-family: Verdana;\"><b data-spm-anchor-id=\"a2700.pc-decorate.0.i14.2a723333YPnhvL\">CAS NO<\/b><\/span><\/div>\n<\/div>\n<\/td>\n<td colspan=\"1\" rowspan=\"1\">\n<div class=\"magic-18\">\n<div class=\"magic-4\" data-spm-anchor-id=\"a2700.pc-decorate.0.i18.6a9333331GeDax\"><span style=\"font-family: Verdana;\">79725-98-7<\/span><\/div>\n<\/div>\n<\/td>\n<\/tr>\n<tr>\n<td colspan=\"1\" rowspan=\"1\">\n<div class=\"magic-17\">\n<div class=\"magic-4\" data-spm-anchor-id=\"a2700.pc-decorate.0.i17.6a9333331GeDax\"><span class=\"magic-12\" style=\"font-family: Verdana;\"><b data-spm-anchor-id=\"a2700.pc-decorate.0.i57.31b63333K2rRRx\">F\u00f3rmula molecular<\/b><\/span><\/div>\n<\/div>\n<\/td>\n<td colspan=\"1\" rowspan=\"1\">\n<div class=\"magic-18\" data-spm-anchor-id=\"a2700.details-description.0.i1.3b4aOlPCOlPCfT\">\n<div class=\"magic-4\" data-spm-anchor-id=\"a2700.pc-decorate.0.i13.63af3333GJR6zY\"><span class=\"magic-12\" style=\"font-family: Verdana;\">C38H66O6<\/span><\/div>\n<\/div>\n<\/td>\n<\/tr>\n<tr>\n<td colspan=\"1\" rowspan=\"1\">\n<div class=\"magic-17\">\n<div class=\"magic-4\" data-spm-anchor-id=\"a2700.pc-decorate.0.i24.314e3333J7ECxY\"><span class=\"magic-12\" style=\"font-family: Verdana;\"><b data-spm-anchor-id=\"a2700.pc-decorate.0.i56.31b63333K2rRRx\">Apariencia<\/b><\/span><\/div>\n<\/div>\n<\/td>\n<td colspan=\"1\" rowspan=\"1\">\n<div class=\"magic-18\">\n<div class=\"magic-4\" data-spm-anchor-id=\"a2700.pc-decorate.0.i16.314e3333J7ECxY\"><span class=\"magic-12\" style=\"font-family: Verdana;\">Polvo blanco<\/span><\/div>\n<\/div>\n<\/td>\n<\/tr>\n<tr>\n<td colspan=\"1\" rowspan=\"1\">\n<div class=\"magic-14\">\n<div class=\"magic-4\" data-spm-anchor-id=\"a2700.pc-decorate.0.i104.48d23333C7xf0C\"><b class=\"magic-15\"><span class=\"magic-12\" style=\"font-family: Verdana;\">Especificaci\u00f3n del producto<\/span><\/b><\/div>\n<\/div>\n<\/td>\n<td colspan=\"1\" rowspan=\"1\">\n<div class=\"magic-16\" data-spm-anchor-id=\"a2700.details-description.0.i3.3b4aOlPCOlPCfT\">\n<div class=\"magic-4\" data-spm-anchor-id=\"a2700.pc-decorate.0.i37.48d23333C7xf0C\"><span class=\"magic-15\" data-spm-anchor-id=\"a2700.pc-decorate.0.i39.48d23333C7xf0C\"><span class=\"magic-12\" style=\"font-family: Verdana;\">99%<\/span><\/span><\/div>\n<\/div>\n<\/td>\n<\/tr>\n<\/tbody>\n<\/table>","protected":false},"featured_media":1217,"comment_status":"open","ping_status":"closed","template":"","meta":{"_acf_changed":false},"product_brand":[],"product_cat":[22],"product_tag":[],"class_list":{"0":"post-1216","1":"product","2":"type-product","3":"status-publish","4":"has-post-thumbnail","6":"product_cat-cosmetic-personal-care-ingredients","8":"first","9":"instock","10":"shipping-taxable","11":"product-type-simple"},"acf":[],"_links":{"self":[{"href":"https:\/\/bstextract.com\/es\/wp-json\/wp\/v2\/product\/1216","targetHints":{"allow":["GET"]}}],"collection":[{"href":"https:\/\/bstextract.com\/es\/wp-json\/wp\/v2\/product"}],"about":[{"href":"https:\/\/bstextract.com\/es\/wp-json\/wp\/v2\/types\/product"}],"replies":[{"embeddable":true,"href":"https:\/\/bstextract.com\/es\/wp-json\/wp\/v2\/comments?post=1216"}],"wp:featuredmedia":[{"embeddable":true,"href":"https:\/\/bstextract.com\/es\/wp-json\/wp\/v2\/media\/1217"}],"wp:attachment":[{"href":"https:\/\/bstextract.com\/es\/wp-json\/wp\/v2\/media?parent=1216"}],"wp:term":[{"taxonomy":"product_brand","embeddable":true,"href":"https:\/\/bstextract.com\/es\/wp-json\/wp\/v2\/product_brand?post=1216"},{"taxonomy":"product_cat","embeddable":true,"href":"https:\/\/bstextract.com\/es\/wp-json\/wp\/v2\/product_cat?post=1216"},{"taxonomy":"product_tag","embeddable":true,"href":"https:\/\/bstextract.com\/es\/wp-json\/wp\/v2\/product_tag?post=1216"}],"curies":[{"name":"wp","href":"https:\/\/api.w.org\/{rel}","templated":true}]}}