{"id":1253,"date":"2025-06-04T02:36:13","date_gmt":"2025-06-04T02:36:13","guid":{"rendered":"https:\/\/bstextract.com\/?post_type=product&#038;p=1253"},"modified":"2025-06-26T07:25:34","modified_gmt":"2025-06-26T07:25:34","slug":"fabricantes-de-glabridina-en-polvo","status":"publish","type":"product","link":"https:\/\/bstextract.com\/es\/producto\/fabricantes-de-glabridina-en-polvo\/","title":{"rendered":"Glabridina"},"content":{"rendered":"<p><strong>Glabridina<\/strong> (CAS 59870-68-7) es un compuesto bioactivo que se encuentra en la ra\u00edz de regaliz, m\u00e1s conocido por sus potentes efectos antioxidantes y antiinflamatorios, as\u00ed como por su capacidad para aclarar la piel mediante la inhibici\u00f3n de la tirosinasa. Tambi\u00e9n muestra una leve actividad similar a la de los estr\u00f3genos y tiene propiedades antimicrobianas, por lo que se utiliza a menudo en productos para el cuidado de la piel y se estudia su potencial en el tratamiento de enfermedades metab\u00f3licas y neurodegenerativas.<\/p>\n<p><img fetchpriority=\"high\" decoding=\"async\" class=\"aligncenter size-full wp-image-1266\" src=\"https:\/\/bstextract.com\/wp-content\/uploads\/2025\/06\/Glabridin-source-1.webp\" alt=\"\" width=\"1000\" height=\"368\" title=\"\" srcset=\"https:\/\/bstextract.com\/wp-content\/uploads\/2025\/06\/Glabridin-source-1.webp 1000w, https:\/\/bstextract.com\/wp-content\/uploads\/2025\/06\/Glabridin-source-1-300x110.webp 300w, https:\/\/bstextract.com\/wp-content\/uploads\/2025\/06\/Glabridin-source-1-768x283.webp 768w, https:\/\/bstextract.com\/wp-content\/uploads\/2025\/06\/Glabridin-source-1-18x7.webp 18w, https:\/\/bstextract.com\/wp-content\/uploads\/2025\/06\/Glabridin-source-1-600x221.webp 600w\" sizes=\"(max-width: 1000px) 100vw, 1000px\" \/><\/p>\n<ul>\n<li><strong>Nombre del producto<\/strong>: Glabridina<\/li>\n<li><strong>Otro nombre<\/strong>: DGL (Regaliz Deglicirrizado)<\/li>\n<li><strong>N\u00famero CAS<\/strong>: 59870-68-7<\/li>\n<li><strong>F\u00f3rmula molecular<\/strong>: C\u2082\u2080H\u2082\u2080O\u2084<\/li>\n<li><strong>Fuente<\/strong>: Extracto de ra\u00edz de regaliz<\/li>\n<li><strong>Apariencia<\/strong>: Polvo blanco<\/li>\n<li><strong>Opciones de pureza<\/strong>: 40%-98%<\/li>\n<\/ul>\n<p>Como <strong>no irritante<\/strong>, <strong>alternativa natural a la hidroquinona<\/strong>La glabridina es un ingrediente activo de gran valor que se utiliza preferentemente en marcas de primera calidad para el cuidado de la piel y el cuidado personal en todo el mundo.<\/p>\n<h2>Especificaciones t\u00e9cnicas<\/h2>\n<div>\n<div tabindex=\"-1\">\n<table>\n<thead>\n<tr>\n<th><strong>Par\u00e1metro<\/strong><\/th>\n<th><strong>Especificaci\u00f3n<\/strong><\/th>\n<\/tr>\n<\/thead>\n<tbody>\n<tr>\n<td>Nombre del producto<\/td>\n<td>Glabridina<\/td>\n<\/tr>\n<tr>\n<td>Otro nombre<\/td>\n<td>DGL<\/td>\n<\/tr>\n<tr>\n<td>N\u00famero CAS<\/td>\n<td>59870-68-7<\/td>\n<\/tr>\n<tr>\n<td>F\u00f3rmula molecular<\/td>\n<td>C\u2082\u2080H\u2082\u2080O\u2084<\/td>\n<\/tr>\n<tr>\n<td>Fuente<\/td>\n<td>Extracto de ra\u00edz de regaliz<\/td>\n<\/tr>\n<tr>\n<td>Apariencia<\/td>\n<td>Polvo blanco<\/td>\n<\/tr>\n<tr>\n<td>Especificaci\u00f3n del producto<\/td>\n<td>40%, 60%, 90%, 98% Glabridina<\/td>\n<\/tr>\n<tr>\n<td>Embalaje<\/td>\n<td>1 kg\/saco\/caja o 25 kg\/tambor\/caja, personalizable<\/td>\n<\/tr>\n<tr>\n<td>Muestra<\/td>\n<td>Muestras gratuitas disponibles<\/td>\n<\/tr>\n<tr>\n<td>Vida \u00fatil<\/td>\n<td>24 meses si se almacena correctamente<\/td>\n<\/tr>\n<tr>\n<td>Almacenamiento<\/td>\n<td>Conservar en recipientes herm\u00e9ticos y resistentes a la luz; evitar la luz solar, la humedad y el calor<\/td>\n<\/tr>\n<tr>\n<td>Certificaciones<\/td>\n<td>KOSHER, HACCP, ISO22000, HALAL, Ecol\u00f3gico UE, Ecol\u00f3gico USDA<\/td>\n<\/tr>\n<\/tbody>\n<\/table>\n<div>\n<div><\/div>\n<\/div>\n<\/div>\n<\/div>\n<h2>Caracter\u00edsticas principales<\/h2>\n<ul>\n<li>Alta pureza <strong>blanqueador natural de la piel<\/strong><\/li>\n<li>Potente <strong>antiinflamatorio<\/strong> y <strong>antioxidante<\/strong> efectos<\/li>\n<li>No t\u00f3xico y <strong>no irritante<\/strong> para pieles sensibles<\/li>\n<li>Altamente estable en formulaciones de cremas, lociones y sueros<\/li>\n<li>Eficaz en bajas concentraciones (0,1%-0,5%)<\/li>\n<li>Certificado ecol\u00f3gico y apto para <strong>etiqueta limpia<\/strong> productos<\/li>\n<\/ul>\n<h2>Calidad y conformidad<\/h2>\n<p>Fabricado bajo <strong>estrictos protocolos de control de calidad<\/strong>:<\/p>\n<ul>\n<li><strong>Instalaciones de producci\u00f3n con certificaci\u00f3n GMP<\/strong><\/li>\n<li>Pruebas HPLC de alta precisi\u00f3n para determinar el contenido de glabridina<\/li>\n<li>COA, MSDS e informes de laboratorio de terceros disponibles<\/li>\n<li>Pruebas rigurosas para:\n<ul>\n<li>Pureza y niveles de ingredientes activos<\/li>\n<li>Metales pesados, disolventes y contaminantes microbianos<\/li>\n<\/ul>\n<\/li>\n<li>Certificado: <strong>KOSHER<\/strong>, <strong>HALAL<\/strong>, <strong>APPCC<\/strong>, <strong>ISO22000<\/strong>, <strong>Productos ecol\u00f3gicos UE y USDA<\/strong><\/li>\n<\/ul>\n<h2>Aplicaciones<\/h2>\n<h3>Industrias primarias<\/h3>\n<ul>\n<li><strong>Cosm\u00e9tica y cuidado de la piel (blanqueamiento, antienvejecimiento)<\/strong><\/li>\n<li><strong>Productos farmac\u00e9uticos y dermac\u00e9uticos<\/strong><\/li>\n<li><strong>Cuidado personal funcional<\/strong><\/li>\n<li><strong>Cosm\u00e9tica natural y belleza limpia<\/strong><\/li>\n<\/ul>\n<p><img decoding=\"async\" class=\"aligncenter size-full wp-image-1257\" src=\"https:\/\/bstextract.com\/wp-content\/uploads\/2025\/06\/function-3.jpg\" alt=\"\" width=\"1000\" height=\"412\" title=\"\" srcset=\"https:\/\/bstextract.com\/wp-content\/uploads\/2025\/06\/function-3.jpg 1000w, https:\/\/bstextract.com\/wp-content\/uploads\/2025\/06\/function-3-300x124.jpg 300w, https:\/\/bstextract.com\/wp-content\/uploads\/2025\/06\/function-3-768x316.jpg 768w, https:\/\/bstextract.com\/wp-content\/uploads\/2025\/06\/function-3-18x7.jpg 18w, https:\/\/bstextract.com\/wp-content\/uploads\/2025\/06\/function-3-600x247.jpg 600w\" sizes=\"(max-width: 1000px) 100vw, 1000px\" \/><\/p>\n<h3>Formulaciones habituales<\/h3>\n<ul>\n<li>Sueros iluminadores y correctores de manchas<\/li>\n<li>Cremas blanqueadoras de d\u00eda y de noche<\/li>\n<li>Cremas BB y CC<\/li>\n<li>Lociones calmantes para rojeces e irritaciones<\/li>\n<li>Cuidado de la piel despu\u00e9s del tratamiento (por ejemplo, despu\u00e9s de peelings o l\u00e1ser)<\/li>\n<\/ul>\n<h3>Uso recomendado<\/h3>\n<ul>\n<li>Dosis t\u00edpica: <strong>0,1%-0,5%<\/strong>seg\u00fan la formulaci\u00f3n<\/li>\n<li>Soluble en etanol, propilenglicol y emulsionantes<\/li>\n<\/ul>\n<h3>Ingredientes compatibles<\/h3>\n<ul>\n<li><a href=\"https:\/\/bstextract.com\/es\/producto\/vitamina-b3\/\">Niacinamida<\/a><\/li>\n<li>Vitamina C (\u00e1cido asc\u00f3rbico)<\/li>\n<li>\u00c1cido hialur\u00f3nico<\/li>\n<li><a href=\"https:\/\/bstextract.com\/es\/producto\/deoxiarbutina-d-arbutina\/\">Alfa-Arbutina<\/a><\/li>\n<li>Extracto de agua de regaliz<\/li>\n<\/ul>\n<h2>Suministros y servicios<\/h2>\n<ul>\n<li><strong>MOQ<\/strong>: 1kg<\/li>\n<li><strong>Envases disponibles<\/strong>:\n<ul>\n<li>1 kg\/saco\/cart\u00f3n<\/li>\n<li>25 kg\/bid\u00f3n\/caja<\/li>\n<li>Embalaje personalizable previa solicitud<\/li>\n<\/ul>\n<\/li>\n<li><strong>Plazos de entrega<\/strong>: 5-7 d\u00edas laborables para art\u00edculos en stock<\/li>\n<li><strong>Env\u00edo<\/strong>: Apoyo log\u00edstico global por v\u00eda mar\u00edtima, a\u00e9rea o urgente<\/li>\n<li><strong>Asistencia OEM\/ODM<\/strong>:\n<ul>\n<li>Formulaciones personalizadas<\/li>\n<li>Etiquetado privado<\/li>\n<li>Apoyo normativo<\/li>\n<\/ul>\n<\/li>\n<\/ul>\n<h2>Credenciales de la empresa<\/h2>\n<p><strong>Xi'an Best Bio-Tech Co., Ltd.<\/strong> es un fabricante l\u00edder de <strong>principios activos vegetales<\/strong>de materias primas de alta calidad a clientes de m\u00e1s de <strong>60 pa\u00edses<\/strong>. Con sede en <strong>Yangling, China<\/strong>Nuestra f\u00e1brica est\u00e1 equipada con <strong>l\u00edneas de producci\u00f3n automatizadas GMP<\/strong> y <strong>laboratorios anal\u00edticos avanzados<\/strong>.<\/p>\n<ul>\n<li>M\u00e1s de 15 a\u00f1os de experiencia en exportaci\u00f3n<\/li>\n<li>Activos cosm\u00e9ticos, adapt\u00f3genos y extractos de calidad alimentaria<\/li>\n<li>Certificado por <strong>ISO9001<\/strong>, <strong>APPCC<\/strong>, <strong>USFDA<\/strong>, <strong>HALAL<\/strong>, <strong>KOSHER<\/strong>, <strong>Productos ecol\u00f3gicos UE y USDA<\/strong><\/li>\n<li>Fuerte <strong>Equipo de I+D y apoyo a la formulaci\u00f3n<\/strong><\/li>\n<\/ul>\n<h2>Preguntas m\u00e1s frecuentes (FAQ)<\/h2>\n<h3>1. \u00bfPara qu\u00e9 se utiliza Glabridin?<\/h3>\n<p>La glabridina se utiliza principalmente en <strong>productos cosm\u00e9ticos aclaradores de la piel y antiinflamatorios<\/strong> por sus propiedades blanqueadoras y antioxidantes naturales.<\/p>\n<h3>2. \u00bfEs seguro para pieles sensibles?<\/h3>\n<p>S\u00ed, Glabridin es <strong>no irritante<\/strong> y adecuado para <strong>piel sensible e inflamada<\/strong>especialmente a bajas concentraciones.<\/p>\n<h3>3. \u00bfQu\u00e9 opciones de pureza existen?<\/h3>\n<p>Ofrecemos Glabridina en <strong>Grados de pureza 40%, 60%, 90% y 98%<\/strong> para adaptarse a diversas necesidades de formulaci\u00f3n.<\/p>\n<h3>4. \u00bfPueden apoyar el desarrollo de formulaciones personalizadas?<\/h3>\n<p>S\u00ed, proporcionamos <strong>Servicios OEM\/ODM<\/strong>documentaci\u00f3n t\u00e9cnica y <strong>consultor\u00eda de formulaci\u00f3n<\/strong>.<\/p>\n<h3>5. \u00bfC\u00f3mo debe conservarse Glabridin?<\/h3>\n<p>Mant\u00e9ngase en <strong>recipientes herm\u00e9ticos y opacos<\/strong> lejos de la luz directa del sol y del calor, en condiciones secas y frescas.<\/p>","protected":false},"excerpt":{"rendered":"<ul>\n<li><strong>Nombre del producto<\/strong>: Glabridina<\/li>\n<li><strong>Otro nombre<\/strong>: DGL (Regaliz Deglicirrizado)<\/li>\n<li><strong>N\u00famero CAS<\/strong>: 59870-68-7<\/li>\n<li><strong>F\u00f3rmula molecular<\/strong>: C\u2082\u2080H\u2082\u2080O\u2084<\/li>\n<li><strong>Fuente<\/strong>: Extracto de ra\u00edz de regaliz<\/li>\n<li><strong>Apariencia<\/strong>: Polvo blanco<\/li>\n<li><strong>Opciones de pureza<\/strong>: 40%-98%<\/li>\n<\/ul>","protected":false},"featured_media":1254,"comment_status":"open","ping_status":"closed","template":"","meta":{"_acf_changed":false},"product_brand":[],"product_cat":[22],"product_tag":[],"class_list":{"0":"post-1253","1":"product","2":"type-product","3":"status-publish","4":"has-post-thumbnail","6":"product_cat-cosmetic-personal-care-ingredients","8":"first","9":"instock","10":"shipping-taxable","11":"product-type-simple"},"acf":[],"_links":{"self":[{"href":"https:\/\/bstextract.com\/es\/wp-json\/wp\/v2\/product\/1253","targetHints":{"allow":["GET"]}}],"collection":[{"href":"https:\/\/bstextract.com\/es\/wp-json\/wp\/v2\/product"}],"about":[{"href":"https:\/\/bstextract.com\/es\/wp-json\/wp\/v2\/types\/product"}],"replies":[{"embeddable":true,"href":"https:\/\/bstextract.com\/es\/wp-json\/wp\/v2\/comments?post=1253"}],"wp:featuredmedia":[{"embeddable":true,"href":"https:\/\/bstextract.com\/es\/wp-json\/wp\/v2\/media\/1254"}],"wp:attachment":[{"href":"https:\/\/bstextract.com\/es\/wp-json\/wp\/v2\/media?parent=1253"}],"wp:term":[{"taxonomy":"product_brand","embeddable":true,"href":"https:\/\/bstextract.com\/es\/wp-json\/wp\/v2\/product_brand?post=1253"},{"taxonomy":"product_cat","embeddable":true,"href":"https:\/\/bstextract.com\/es\/wp-json\/wp\/v2\/product_cat?post=1253"},{"taxonomy":"product_tag","embeddable":true,"href":"https:\/\/bstextract.com\/es\/wp-json\/wp\/v2\/product_tag?post=1253"}],"curies":[{"name":"wp","href":"https:\/\/api.w.org\/{rel}","templated":true}]}}