{"id":1321,"date":"2025-06-06T06:44:59","date_gmt":"2025-06-06T06:44:59","guid":{"rendered":"https:\/\/bstextract.com\/?post_type=product&#038;p=1321"},"modified":"2025-06-11T02:52:01","modified_gmt":"2025-06-11T02:52:01","slug":"extracto-de-lenteja-de-agua-en-polvo","status":"publish","type":"product","link":"https:\/\/bstextract.com\/es\/producto\/extracto-de-lenteja-de-agua-en-polvo\/","title":{"rendered":"Polvo de lenteja de agua"},"content":{"rendered":"<p><!-- Keyword Section (Outside Article) --><\/p>\n<p><!-- Product Content --><\/p>\n<h2>\u00bfQu\u00e9 es la lenteja de agua en polvo?<\/h2>\n<p><strong>Polvo de lenteja de agua<\/strong> es un ingrediente vegetal altamente concentrado derivado de la planta acu\u00e1tica <em>Lemna minor<\/em>tambi\u00e9n conocida como lenteja de agua. Utilizado tradicionalmente en sistemas curativos naturales, este polvo es apreciado por su rico contenido en <strong>flavones<\/strong>un tipo de <strong>Flavonoides bot\u00e1nicos<\/strong> conocido por favorecer la desintoxicaci\u00f3n, la salud de la piel y el equilibrio inmunitario.<\/p>\n<p><img fetchpriority=\"high\" decoding=\"async\" class=\"aligncenter wp-image-1323\" src=\"https:\/\/bstextract.com\/wp-content\/uploads\/2025\/06\/108__21996.webp\" alt=\"\" width=\"1024\" height=\"735\" title=\"\" srcset=\"https:\/\/bstextract.com\/wp-content\/uploads\/2025\/06\/108__21996.webp 1280w, https:\/\/bstextract.com\/wp-content\/uploads\/2025\/06\/108__21996-300x215.webp 300w, https:\/\/bstextract.com\/wp-content\/uploads\/2025\/06\/108__21996-1024x735.webp 1024w, https:\/\/bstextract.com\/wp-content\/uploads\/2025\/06\/108__21996-768x551.webp 768w, https:\/\/bstextract.com\/wp-content\/uploads\/2025\/06\/108__21996-18x12.webp 18w, https:\/\/bstextract.com\/wp-content\/uploads\/2025\/06\/108__21996-600x431.webp 600w\" sizes=\"(max-width: 1024px) 100vw, 1024px\" \/><\/p>\n<p>Nuestro polvo de lenteja de agua se presenta como una fina <strong>polvo amarillo pardo<\/strong>estandarizado en proporciones de extracto de <strong>5:1, 10:1 y 20:1<\/strong>y probado con <strong>TLC (cromatograf\u00eda en capa fina)<\/strong>. Fresado a una <strong>80 mallas<\/strong> se mezcla f\u00e1cilmente en f\u00f3rmulas para diversas aplicaciones de salud y bienestar.<\/p>\n<h2>\u00bfPor qu\u00e9 elegir nuestro polvo de lenteja de agua?<\/h2>\n<p>Como <strong>Lenteja de agua en polvo fabricante y proveedor de extractos bot\u00e1nicos<\/strong>Con el fin de mejorar la calidad de nuestros productos, garantizamos ingredientes limpios, de origen vegetal y adaptables a suplementos, alimentos funcionales y f\u00f3rmulas de MTC.<\/p>\n<ul>\n<li>\ud83c\udf3f <strong>Rico en flavonoides bot\u00e1nicos<\/strong>-favorece la protecci\u00f3n antioxidante y la respuesta inmunitaria<\/li>\n<li>\ud83c\udf0a <strong>Tradicionalmente utilizado para limpiar y desintoxicar la piel<\/strong><\/li>\n<li>\ud83e\uddea <strong>Consistencia y pureza comprobadas por TLC<\/strong><\/li>\n<li>\ud83d\udc8a <strong>Apto para c\u00e1psulas, polvos, t\u00e9s y mezclas de bienestar<\/strong><\/li>\n<\/ul>\n<h2>Aplicaciones de la lenteja de agua en polvo<\/h2>\n<p><strong>Polvo de lenteja de agua<\/strong> se utiliza ampliamente en:<\/p>\n<ul>\n<li>\ud83c\udf75 <strong>Mezclas de hierbas desintoxicantes y de apoyo hep\u00e1tico<\/strong><\/li>\n<li>\ud83d\udc8a <strong>Suplementos para la salud inmunitaria a base de flavonoides<\/strong><\/li>\n<li>\ud83e\uddec <strong>Alimentos funcionales en polvo y mezclas de superalimentos verdes<\/strong><\/li>\n<li>\ud83c\udf3f <strong>F\u00f3rmulas de MTC y productos bot\u00e1nicos antioxidantes<\/strong><\/li>\n<\/ul>\n<p>Se suele combinar con hierbas como <strong>diente de le\u00f3n, ra\u00edz de bardana y verduras ricas en clorofila<\/strong> para crear mezclas eficaces que limpian y cuidan la piel.<\/p>\n<h2>Especificaciones<\/h2>\n<table>\n<tbody>\n<tr>\n<th>Nombre del producto<\/th>\n<td>Polvo de lenteja de agua<\/td>\n<\/tr>\n<tr>\n<th>Apariencia<\/th>\n<td>Polvo amarillo pardo<\/td>\n<\/tr>\n<tr>\n<th>Principio activo<\/th>\n<td>Flavonas (flavonoides bot\u00e1nicos)<\/td>\n<\/tr>\n<tr>\n<th>Especificaci\u00f3n<\/th>\n<td>5:1, 10:1, 20:1<\/td>\n<\/tr>\n<tr>\n<th>M\u00e9todo de ensayo<\/th>\n<td>TLC (cromatograf\u00eda en capa fina)<\/td>\n<\/tr>\n<tr>\n<th>Luz de malla<\/th>\n<td>80 Malla<\/td>\n<\/tr>\n<\/tbody>\n<\/table>\n<h2>Preguntas frecuentes<\/h2>\n<p><strong>\u00bfPara qu\u00e9 se utiliza la Polvo de lenteja de agua?<\/strong><br \/>\nSe utiliza habitualmente para <strong>apoyo a la desintoxicaci\u00f3n, aplicaciones antiinflamatorias, regulaci\u00f3n inmunitaria y f\u00f3rmulas para la salud de la piel<\/strong>.<\/p>\n<p><strong>\u00bfCu\u00e1l es el origen de su polvo de lenteja de agua?<\/strong><br \/>\nNos abastecemos y lo extraemos de <strong>Lemna minor<\/strong>conocido por su alta concentraci\u00f3n de flavonas activas.<\/p>\n<p><strong>\u00bfEste producto es soluble en agua?<\/strong><br \/>\nAunque es parcialmente dispersable en agua, se utiliza mejor en <strong>c\u00e1psulas, comprimidos, infusiones o polvos<\/strong> en lugar de soluciones l\u00edquidas transparentes.<\/p>\n<p><strong>\u00bfOfrecen formulaciones personalizadas o asistencia OEM?<\/strong><br \/>\nS\u00ed. Proporcionamos <strong>Servicios OEM\/ODM, suministro a granel y etiquetado privado<\/strong> con MOQ bajo y entrega r\u00e1pida en todo el mundo.<\/p>\n<p><strong>\u00bfCu\u00e1l es el periodo de conservaci\u00f3n?<\/strong><br \/>\nLa caducidad es <strong>24 meses<\/strong> si se almacena en un lugar cerrado, fresco y seco, alejado de la luz solar directa.<\/p>\n<h2>Acerca de Xi'an Best Bio-Tech Co.<\/h2>\n<p><strong>Xi'an Best Bio-Tech Co., Ltd.<\/strong> es una empresa global de confianza <strong>Lenteja de agua en polvo fabricante y proveedor de ingredientes bot\u00e1nicos<\/strong> con sede en Yangling, China. Con d\u00e9cadas de experiencia en la extracci\u00f3n de hierbas, suministramos ingredientes seguros, limpios y altamente eficaces a clientes de m\u00e1s de <strong>60 pa\u00edses<\/strong>.<\/p>\n<p>Nuestra f\u00e1brica cuenta con la certificaci\u00f3n GMP y cumple normas internacionales como las siguientes <strong>ISO9001, USFDA, Halal, Kosher y HACCP<\/strong>. Desde la materia prima hasta el extracto acabado, mantenemos una trazabilidad completa y un estricto control de calidad.<\/p>\n<p>As\u00f3ciese con nosotros para <strong>suministro a granel, extractos a medida, desarrollo de f\u00f3rmulas y servicios OEM\/etiquetas privadas<\/strong>. Muestras gratuitas a petici\u00f3n.<\/p>","protected":false},"excerpt":{"rendered":"<table>\n<tbody>\n<tr>\n<th>Nombre del producto<\/th>\n<td>Lenteja de agua en polvo (extracto de Lemna minor)<\/td>\n<\/tr>\n<tr>\n<th>Apariencia<\/th>\n<td>Polvo amarillo pardo<\/td>\n<\/tr>\n<tr>\n<th>Principio activo<\/th>\n<td>Flavonas (flavonoides bot\u00e1nicos)<\/td>\n<\/tr>\n<tr>\n<th>Especificaci\u00f3n<\/th>\n<td>5:1, 10:1, 20:1<\/td>\n<\/tr>\n<tr>\n<th>M\u00e9todo de ensayo<\/th>\n<td>TLC (cromatograf\u00eda en capa fina)<\/td>\n<\/tr>\n<tr>\n<th>Luz de malla<\/th>\n<td>80 Malla<\/td>\n<\/tr>\n<\/tbody>\n<\/table>","protected":false},"featured_media":1322,"comment_status":"open","ping_status":"closed","template":"","meta":{"_acf_changed":false},"product_brand":[],"product_cat":[21],"product_tag":[],"class_list":{"0":"post-1321","1":"product","2":"type-product","3":"status-publish","4":"has-post-thumbnail","6":"product_cat-plant-extracts","8":"first","9":"instock","10":"shipping-taxable","11":"product-type-simple"},"acf":[],"_links":{"self":[{"href":"https:\/\/bstextract.com\/es\/wp-json\/wp\/v2\/product\/1321","targetHints":{"allow":["GET"]}}],"collection":[{"href":"https:\/\/bstextract.com\/es\/wp-json\/wp\/v2\/product"}],"about":[{"href":"https:\/\/bstextract.com\/es\/wp-json\/wp\/v2\/types\/product"}],"replies":[{"embeddable":true,"href":"https:\/\/bstextract.com\/es\/wp-json\/wp\/v2\/comments?post=1321"}],"wp:featuredmedia":[{"embeddable":true,"href":"https:\/\/bstextract.com\/es\/wp-json\/wp\/v2\/media\/1322"}],"wp:attachment":[{"href":"https:\/\/bstextract.com\/es\/wp-json\/wp\/v2\/media?parent=1321"}],"wp:term":[{"taxonomy":"product_brand","embeddable":true,"href":"https:\/\/bstextract.com\/es\/wp-json\/wp\/v2\/product_brand?post=1321"},{"taxonomy":"product_cat","embeddable":true,"href":"https:\/\/bstextract.com\/es\/wp-json\/wp\/v2\/product_cat?post=1321"},{"taxonomy":"product_tag","embeddable":true,"href":"https:\/\/bstextract.com\/es\/wp-json\/wp\/v2\/product_tag?post=1321"}],"curies":[{"name":"wp","href":"https:\/\/api.w.org\/{rel}","templated":true}]}}