{"id":1382,"date":"2025-06-10T02:18:14","date_gmt":"2025-06-10T02:18:14","guid":{"rendered":"https:\/\/bstextract.com\/?post_type=product&#038;p=1382"},"modified":"2025-06-23T01:25:39","modified_gmt":"2025-06-23T01:25:39","slug":"extracto-de-kava","status":"publish","type":"product","link":"https:\/\/bstextract.com\/es\/producto\/extracto-de-kava\/","title":{"rendered":"10%-70% Extracto de Kava"},"content":{"rendered":"<p><!-- Keyword Section (Outside Article) --><\/p>\n<h2>\u00bfQu\u00e9 es el extracto de kava?<\/h2>\n<p><strong>Extracto de kava<\/strong> es un extracto bot\u00e1nico procedente de las ra\u00edces del <em>Piper methysticum<\/em> originaria del Pac\u00edfico Sur. Conocida por sus compuestos naturales llamados <strong>Kavalactonas<\/strong>El kava se utiliza tradicionalmente como <strong>suplemento de hierbas calmantes, estabilizadoras del humor y ansiol\u00edticas<\/strong>.<\/p>\n<p><img fetchpriority=\"high\" decoding=\"async\" class=\"aligncenter wp-image-1389\" src=\"https:\/\/bstextract.com\/wp-content\/uploads\/2025\/06\/main-image-1-scaled-1.webp\" alt=\"\" width=\"1024\" height=\"683\" title=\"\" srcset=\"https:\/\/bstextract.com\/wp-content\/uploads\/2025\/06\/main-image-1-scaled-1.webp 1620w, https:\/\/bstextract.com\/wp-content\/uploads\/2025\/06\/main-image-1-scaled-1-300x200.webp 300w, https:\/\/bstextract.com\/wp-content\/uploads\/2025\/06\/main-image-1-scaled-1-1024x683.webp 1024w, https:\/\/bstextract.com\/wp-content\/uploads\/2025\/06\/main-image-1-scaled-1-768x512.webp 768w, https:\/\/bstextract.com\/wp-content\/uploads\/2025\/06\/main-image-1-scaled-1-1536x1024.webp 1536w, https:\/\/bstextract.com\/wp-content\/uploads\/2025\/06\/main-image-1-scaled-1-18x12.webp 18w, https:\/\/bstextract.com\/wp-content\/uploads\/2025\/06\/main-image-1-scaled-1-600x400.webp 600w\" sizes=\"(max-width: 1024px) 100vw, 1024px\" \/><\/p>\n<p>&nbsp;<\/p>\n<p>Nuestro Extracto de Kava de primera calidad est\u00e1 disponible en forma de fino <strong>polvo entre marr\u00f3n y amarillo<\/strong> y estandarizado para contener <strong>10% a 70% Kavalactonas<\/strong>por lo que se adapta muy bien a la formulaci\u00f3n de diversos productos para la salud y el bienestar. Identificado por <strong>N\u00ba CAS 9000-38-8<\/strong>es ideal para su uso en <strong>industrias de nutrac\u00e9uticos, bebidas y suplementos naturales<\/strong>.<\/p>\n<h2>\u00bfPor qu\u00e9 elegir nuestro extracto de kava?<\/h2>\n<p>Como <strong>Kava Extract fabricante y proveedor bot\u00e1nico<\/strong>Con este producto, proporcionamos un producto seguro y eficaz que cumple las normas modernas de formulaci\u00f3n para la relajaci\u00f3n natural y el alivio del estr\u00e9s.<\/p>\n<ul>\n<li>\ud83c\udf3f <strong>Rico en kavalactonas<\/strong>-Estudiado cl\u00ednicamente para reducir la ansiedad y la tensi\u00f3n<\/li>\n<li>\ud83d\udca7 <strong>No sedante, no adictivo y de acci\u00f3n r\u00e1pida<\/strong><\/li>\n<li>\ud83d\udc8a <strong>Perfecto para c\u00e1psulas, t\u00e9s, tinturas y relajantes l\u00edquidos<\/strong><\/li>\n<li>\ud83e\uddd8\u200d\u2640\ufe0f <strong>Favorece un estado de \u00e1nimo tranquilo, la claridad mental y un sue\u00f1o reparador<\/strong><\/li>\n<\/ul>\n<h2>Aplicaciones del extracto de kava<\/h2>\n<p><strong>Extracto de kava<\/strong> se utiliza ampliamente en:<\/p>\n<ul>\n<li>\ud83d\udc8a <strong>Suplementos a base de plantas para reducir la ansiedad y el estr\u00e9s<\/strong><\/li>\n<li>\ud83e\uddf4 <strong>F\u00f3rmulas t\u00f3picas y terap\u00e9uticas para la relajaci\u00f3n muscular<\/strong><\/li>\n<li>\ud83e\udd64 <strong>Bebidas calmantes naturales y mezclas de hierbas<\/strong><\/li>\n<li>\ud83c\udf3f <strong>Mezclas de medicina tradicional y fitoterapia moderna<\/strong><\/li>\n<\/ul>\n<p>Se suele formular con otros adapt\u00f3genos como <strong>pasiflora, ra\u00edz de valeriana y ashwagandha<\/strong> para potenciar los efectos sin\u00e9rgicos de los productos antiestr\u00e9s.<\/p>\n<h2>Especificaciones<\/h2>\n<table>\n<tbody>\n<tr>\n<th>Nombre del producto<\/th>\n<td>Extracto de kava<\/td>\n<\/tr>\n<tr>\n<th>Principio activo<\/th>\n<td>Kavalactonas<\/td>\n<\/tr>\n<tr>\n<th>N\u00ba CAS<\/th>\n<td>9000-38-8<\/td>\n<\/tr>\n<tr>\n<th>Apariencia<\/th>\n<td>Polvo de marr\u00f3n a amarillo<\/td>\n<\/tr>\n<tr>\n<th>Especificaci\u00f3n<\/th>\n<td>10%-70% Kavalactonas<\/td>\n<\/tr>\n<\/tbody>\n<\/table>\n<h2>Preguntas frecuentes<\/h2>\n<p><strong>\u00bfQu\u00e9 son las kavalactonas?<\/strong><br \/>\nLas kavalactonas son los compuestos activos de la kava responsables de su <strong>efectos calmantes, ansiol\u00edticos y relajantes musculares<\/strong>. Afectan a las v\u00edas GABA del cerebro, favoreciendo la relajaci\u00f3n sin sedaci\u00f3n.<\/p>\n<p><strong>\u00bfC\u00f3mo se utiliza el extracto de kava?<\/strong><br \/>\nDe uso com\u00fan en <strong>c\u00e1psulas, infusiones, bebidas funcionales, tinturas y soluciones t\u00f3picas<\/strong>.<\/p>\n<p><strong>\u00bfEs seguro este producto para uso diario?<\/strong><br \/>\nS\u00ed, cuando se utiliza seg\u00fan las pautas de dosificaci\u00f3n recomendadas. Nuestro Extracto de Kava se produce bajo estrictos controles de calidad para garantizar <strong>pureza y conformidad<\/strong>.<\/p>\n<p><strong>\u00bfPuedo solicitar el etiquetado OEM o privado?<\/strong><br \/>\nAbsolutamente. Proporcionamos <strong>Servicios OEM\/ODM, suministro a granel y formulaciones personalizadas<\/strong>.<\/p>\n<p><strong>\u00bfCu\u00e1l es el periodo de conservaci\u00f3n?<\/strong><br \/>\nLa caducidad es <strong>24 meses<\/strong> cuando se almacena en un lugar fresco y seco en un recipiente cerrado.<\/p>\n<h2>Acerca de Xi'an Best Bio-Tech Co.<\/h2>\n<p><strong>Xi'an Best Bio-Tech Co., Ltd.<\/strong> es un l\u00edder <strong>Extracto de Kava fabricante y proveedor de extracto de hierbas<\/strong> con sede en Yangling, China. Estamos especializados en la producci\u00f3n de extractos bot\u00e1nicos estandarizados de alta calidad para las industrias mundiales de la salud y el bienestar.<\/p>\n<p>Con l\u00edneas de producci\u00f3n con certificaci\u00f3n GMP y certificaciones que incluyen <strong>ISO9001, USFDA, Kosher, Halal y HACCP<\/strong>atendemos a clientes en m\u00e1s de <strong>60 pa\u00edses<\/strong>. Nuestras principales categor\u00edas de productos son <strong>productos bot\u00e1nicos antiestr\u00e9s, adapt\u00f3genos, nootr\u00f3picos e ingredientes alimentarios funcionales<\/strong>.<\/p>\n<p>As\u00f3ciese con nosotros para <strong>materias primas a granel, formulaci\u00f3n a medida, fabricaci\u00f3n de marcas blancas<\/strong>y una asistencia r\u00e1pida y fiable para crear su pr\u00f3xima l\u00ednea de productos calmantes o centrados en el bienestar.<\/p>","protected":false},"excerpt":{"rendered":"<table>\n<tbody>\n<tr>\n<th>Principio activo<\/th>\n<td>Kavalactonas<\/td>\n<\/tr>\n<tr>\n<th>N\u00ba CAS<\/th>\n<td>9000-38-8<\/td>\n<\/tr>\n<tr>\n<th>Apariencia<\/th>\n<td>Polvo de marr\u00f3n a amarillo<\/td>\n<\/tr>\n<tr>\n<th>Especificaci\u00f3n<\/th>\n<td>10%-70% Kavalactonas<\/td>\n<\/tr>\n<\/tbody>\n<\/table>","protected":false},"featured_media":1383,"comment_status":"open","ping_status":"closed","template":"","meta":{"_acf_changed":false},"product_brand":[],"product_cat":[21],"product_tag":[],"class_list":{"0":"post-1382","1":"product","2":"type-product","3":"status-publish","4":"has-post-thumbnail","6":"product_cat-plant-extracts","8":"first","9":"instock","10":"shipping-taxable","11":"product-type-simple"},"acf":[],"_links":{"self":[{"href":"https:\/\/bstextract.com\/es\/wp-json\/wp\/v2\/product\/1382","targetHints":{"allow":["GET"]}}],"collection":[{"href":"https:\/\/bstextract.com\/es\/wp-json\/wp\/v2\/product"}],"about":[{"href":"https:\/\/bstextract.com\/es\/wp-json\/wp\/v2\/types\/product"}],"replies":[{"embeddable":true,"href":"https:\/\/bstextract.com\/es\/wp-json\/wp\/v2\/comments?post=1382"}],"wp:featuredmedia":[{"embeddable":true,"href":"https:\/\/bstextract.com\/es\/wp-json\/wp\/v2\/media\/1383"}],"wp:attachment":[{"href":"https:\/\/bstextract.com\/es\/wp-json\/wp\/v2\/media?parent=1382"}],"wp:term":[{"taxonomy":"product_brand","embeddable":true,"href":"https:\/\/bstextract.com\/es\/wp-json\/wp\/v2\/product_brand?post=1382"},{"taxonomy":"product_cat","embeddable":true,"href":"https:\/\/bstextract.com\/es\/wp-json\/wp\/v2\/product_cat?post=1382"},{"taxonomy":"product_tag","embeddable":true,"href":"https:\/\/bstextract.com\/es\/wp-json\/wp\/v2\/product_tag?post=1382"}],"curies":[{"name":"wp","href":"https:\/\/api.w.org\/{rel}","templated":true}]}}