{"id":1410,"date":"2025-06-11T07:00:22","date_gmt":"2025-06-11T07:00:22","guid":{"rendered":"https:\/\/bstextract.com\/?post_type=product&#038;p=1410"},"modified":"2025-06-11T07:10:23","modified_gmt":"2025-06-11T07:10:23","slug":"superverdes-ecologicos-en-polvo","status":"publish","type":"product","link":"https:\/\/bstextract.com\/es\/producto\/superverdes-ecologicos-en-polvo\/","title":{"rendered":"Super Verdes Ecol\u00f3gicos en Polvo"},"content":{"rendered":"<p><!-- Keyword Section (Outside Article) --><\/p>\n<h2>\u00bfQu\u00e9 es Organic Super Greens Powder?<\/h2>\n<p><strong>Super Verdes Ecol\u00f3gicos en Polvo<\/strong>tambi\u00e9n conocido como <strong>Superalimentos ecol\u00f3gicos en polvo<\/strong> o <strong>Supergreens en polvo<\/strong>es una mezcla densa en nutrientes de ingredientes verdes naturales dise\u00f1ada para apoyar la energ\u00eda diaria, la desintoxicaci\u00f3n y el bienestar general. Este polvo verde funcional contiene una mezcla sin\u00e9rgica de <strong>clorela, espirulina, col rizada, hierba de trigo, <a href=\"https:\/\/bstextract.com\/es\/producto\/cebada-forrajera-ecologica-en-polvo\/\">cebada forrajera<\/a><\/strong>y otros superalimentos ricos en antioxidantes.<\/p>\n<p><img fetchpriority=\"high\" decoding=\"async\" class=\"alignnone wp-image-1413\" src=\"https:\/\/bstextract.com\/wp-content\/uploads\/2025\/06\/3-5-5.webp\" alt=\"Super Verdes Ecol\u00f3gicos en Polvo\" width=\"500\" height=\"500\" title=\"\" srcset=\"https:\/\/bstextract.com\/wp-content\/uploads\/2025\/06\/3-5-5.webp 800w, https:\/\/bstextract.com\/wp-content\/uploads\/2025\/06\/3-5-5-300x300.webp 300w, https:\/\/bstextract.com\/wp-content\/uploads\/2025\/06\/3-5-5-150x150.webp 150w, https:\/\/bstextract.com\/wp-content\/uploads\/2025\/06\/3-5-5-768x768.webp 768w, https:\/\/bstextract.com\/wp-content\/uploads\/2025\/06\/3-5-5-12x12.webp 12w, https:\/\/bstextract.com\/wp-content\/uploads\/2025\/06\/3-5-5-600x600.webp 600w, https:\/\/bstextract.com\/wp-content\/uploads\/2025\/06\/3-5-5-100x100.webp 100w\" sizes=\"(max-width: 500px) 100vw, 500px\" \/><img decoding=\"async\" class=\"alignnone wp-image-1414\" src=\"https:\/\/bstextract.com\/wp-content\/uploads\/2025\/06\/4-2-3.webp\" alt=\"Super Verdes Ecol\u00f3gicos en Polvo\" width=\"500\" height=\"500\" title=\"\" srcset=\"https:\/\/bstextract.com\/wp-content\/uploads\/2025\/06\/4-2-3.webp 800w, https:\/\/bstextract.com\/wp-content\/uploads\/2025\/06\/4-2-3-300x300.webp 300w, https:\/\/bstextract.com\/wp-content\/uploads\/2025\/06\/4-2-3-150x150.webp 150w, https:\/\/bstextract.com\/wp-content\/uploads\/2025\/06\/4-2-3-768x768.webp 768w, https:\/\/bstextract.com\/wp-content\/uploads\/2025\/06\/4-2-3-12x12.webp 12w, https:\/\/bstextract.com\/wp-content\/uploads\/2025\/06\/4-2-3-600x600.webp 600w, https:\/\/bstextract.com\/wp-content\/uploads\/2025\/06\/4-2-3-100x100.webp 100w\" sizes=\"(max-width: 500px) 100vw, 500px\" \/><\/p>\n<p>Producido en un fino y vibrante <strong>polvo verde<\/strong> con un <strong>Granulometr\u00eda de 40-60 mallas<\/strong>Supergreens Powder es ideal para mezclar en batidos, licuados, c\u00e1psulas o bebidas funcionales. Si usted est\u00e1 apuntando salud inmune, ayuda digestiva, o la nutrici\u00f3n diaria alcalinizante, esta mezcla ofrece una soluci\u00f3n potente, a base de plantas.<\/p>\n<h2>\u00bfPor qu\u00e9 elegir nuestro superalimento ecol\u00f3gico en polvo?<\/h2>\n<p>Como <strong>Fabricante de Supergreens en polvo<\/strong>Ofrecemos calidad superior, trazabilidad completa y opciones a granel y de marca blanca para satisfacer las diversas necesidades del mercado.<\/p>\n<ul>\n<li>\ud83c\udf3f <strong>F\u00f3rmula a base de alimentos integrales<\/strong>-Incluye verduras y algas org\u00e1nicas para una sinergia de nutrientes.<\/li>\n<li>\ud83d\udcaa <strong>Alto contenido en clorofila, vitaminas, minerales y antioxidantes<\/strong><\/li>\n<li>\ud83c\udf43 <strong>Favorece la desintoxicaci\u00f3n, el equilibrio inmunitario y la salud digestiva<\/strong><\/li>\n<li>\ud83e\uddf4 <strong>Apto para bebidas en polvo, c\u00e1psulas, comprimidos o mezclas energ\u00e9ticas<\/strong><\/li>\n<\/ul>\n<h2>Aplicaciones de Super Greens Org\u00e1nicos en Polvo<\/h2>\n<p><strong>Supergreens ecol\u00f3gicos en polvo<\/strong> se utiliza en:<\/p>\n<ul>\n<li>\ud83e\udd64 <strong>Bebidas verdes funcionales, batidos potenciadores y batidos detox<\/strong><\/li>\n<li>\ud83d\udc8a <strong>C\u00e1psulas de superalimentos y comprimidos verdes<\/strong><\/li>\n<li>\ud83e\uddc3 <strong>Bebidas en polvo y mezclas para el bienestar con etiqueta limpia<\/strong><\/li>\n<li>\ud83c\udf7d\ufe0f <strong>Sustitutivos de comidas y f\u00f3rmulas de fitness a base de plantas<\/strong><\/li>\n<\/ul>\n<p>A menudo se combina con probi\u00f3ticos, adapt\u00f3genos o prote\u00ednas vegetales para obtener un apoyo completo a base de superalimentos.<\/p>\n<h2>Especificaciones<\/h2>\n<table>\n<tbody>\n<tr>\n<th>Nombre del producto<\/th>\n<td>Super Verdes Ecol\u00f3gicos en Polvo<\/td>\n<\/tr>\n<tr>\n<th>Otros nombres<\/th>\n<td>Superalimentos ecol\u00f3gicos en polvo, Supergreens en polvo<\/td>\n<\/tr>\n<tr>\n<th>Ingredientes activos<\/th>\n<td>Chlorella, espirulina, col rizada, hierba de trigo, <a href=\"https:\/\/bstextract.com\/es\/producto\/cebada-forrajera-ecologica-en-polvo\/\">Hierba de cebada<\/a>etc.<\/td>\n<\/tr>\n<tr>\n<th>Apariencia<\/th>\n<td>Polvo verde<\/td>\n<\/tr>\n<tr>\n<th>Tama\u00f1o de las part\u00edculas<\/th>\n<td>Malla 40 - Malla 60<\/td>\n<\/tr>\n<tr>\n<th>Paquete<\/th>\n<td>240 g\/tarro o a medida seg\u00fan los requisitos del cliente<\/td>\n<\/tr>\n<tr>\n<th>Muestra<\/th>\n<td>Muestras gratuitas disponibles<\/td>\n<\/tr>\n<\/tbody>\n<\/table>\n<h2>Preguntas frecuentes<\/h2>\n<p><strong>\u00bfCu\u00e1les son los principales beneficios de Organic Super Greens Powder?<\/strong><br \/>\nOfrece diariamente <strong>desintoxicaci\u00f3n, apoyo inmunol\u00f3gico, protecci\u00f3n antioxidante y mejora de la digesti\u00f3n<\/strong> gracias a su perfil nutricional verde concentrado.<\/p>\n<p><strong>\u00bfPuedo personalizar la f\u00f3rmula?<\/strong><br \/>\nS\u00ed. Ofrecemos **desarrollo de mezclas personalizadas, envasado de marcas blancas y abastecimiento flexible de ingredientes** a nuestros clientes.<\/p>\n<p><strong>\u00bfA qu\u00e9 sabe el polvo?<\/strong><br \/>\nTiene un **sabor verde terroso suave**, que se suele realzar con menta, lim\u00f3n o mezclas de frutas en batidos o bebidas.<\/p>\n<p><strong>\u00bfApoyan el OEM y el etiquetado privado?<\/strong><br \/>\nS\u00ed. Ofrecemos **polvo crudo a granel, tarros listos para la venta al por menor y servicios de marca blanca** a clientes de todo el mundo.<\/p>\n<p><strong>\u00bfCu\u00e1l es el periodo de conservaci\u00f3n?<\/strong><br \/>\nEl producto es estable durante **24 meses** si se almacena en un **lugar herm\u00e9tico, fresco y seco**, alejado de la luz solar directa.<\/p>\n<h2>Acerca de Xi'an Best Bio-Tech Co.<\/h2>\n<p><strong>Xi'an Best Bio-Tech Co., Ltd.<\/strong> es una empresa de confianza <strong>Fabricante de supergreens ecol\u00f3gicos en polvo y proveedor de ingredientes de superalimentos<\/strong> con sede en Yangling, China. Nos especializamos en polvos nutricionales y a base de hierbas de primera calidad con certificaciones mundiales que incluyen <strong>ISO9001, USFDA, Halal, Kosher y HACCP<\/strong>.<\/p>\n<p>Con avanzados equipos de fabricaci\u00f3n y un estricto control de calidad, suministramos a m\u00e1s de <strong>200 ingredientes bot\u00e1nicos y funcionales<\/strong> a clientes de m\u00e1s de 60 pa\u00edses. Tanto si est\u00e1 creando una l\u00ednea de suplementos ecol\u00f3gicos como si necesita mezclas personalizadas de superalimentos, le ofrecemos <strong>muestras gratuitas, suministro a granel, asistencia OEM y entrega r\u00e1pida en todo el mundo<\/strong>.<\/p>","protected":false},"excerpt":{"rendered":"<table>\n<tbody>\n<tr>\n<th>Nombre del producto<\/th>\n<td>Super Verdes Ecol\u00f3gicos en Polvo<\/td>\n<\/tr>\n<tr>\n<th>Otros nombres<\/th>\n<td>Superalimentos ecol\u00f3gicos en polvo, Supergreens en polvo<\/td>\n<\/tr>\n<tr>\n<th>Ingredientes activos<\/th>\n<td>Chlorella, espirulina, col rizada, hierba de trigo, <a href=\"https:\/\/bstextract.com\/es\/producto\/cebada-forrajera-ecologica-en-polvo\/\">Hierba de cebada<\/a>etc.<\/td>\n<\/tr>\n<tr>\n<th>Apariencia<\/th>\n<td>Polvo verde<\/td>\n<\/tr>\n<tr>\n<th>Tama\u00f1o de las part\u00edculas<\/th>\n<td>Malla 40 - Malla 60<\/td>\n<\/tr>\n<tr>\n<th>Paquete<\/th>\n<td>240 g\/tarro o a medida seg\u00fan los requisitos del cliente<\/td>\n<\/tr>\n<tr>\n<th>Muestra<\/th>\n<td>Muestras gratuitas disponibles<\/td>\n<\/tr>\n<\/tbody>\n<\/table>","protected":false},"featured_media":1411,"comment_status":"open","ping_status":"closed","template":"","meta":{"_acf_changed":false},"product_brand":[],"product_cat":[44],"product_tag":[],"class_list":{"0":"post-1410","1":"product","2":"type-product","3":"status-publish","4":"has-post-thumbnail","6":"product_cat-oem-odm","8":"first","9":"instock","10":"shipping-taxable","11":"product-type-simple"},"acf":[],"_links":{"self":[{"href":"https:\/\/bstextract.com\/es\/wp-json\/wp\/v2\/product\/1410","targetHints":{"allow":["GET"]}}],"collection":[{"href":"https:\/\/bstextract.com\/es\/wp-json\/wp\/v2\/product"}],"about":[{"href":"https:\/\/bstextract.com\/es\/wp-json\/wp\/v2\/types\/product"}],"replies":[{"embeddable":true,"href":"https:\/\/bstextract.com\/es\/wp-json\/wp\/v2\/comments?post=1410"}],"wp:featuredmedia":[{"embeddable":true,"href":"https:\/\/bstextract.com\/es\/wp-json\/wp\/v2\/media\/1411"}],"wp:attachment":[{"href":"https:\/\/bstextract.com\/es\/wp-json\/wp\/v2\/media?parent=1410"}],"wp:term":[{"taxonomy":"product_brand","embeddable":true,"href":"https:\/\/bstextract.com\/es\/wp-json\/wp\/v2\/product_brand?post=1410"},{"taxonomy":"product_cat","embeddable":true,"href":"https:\/\/bstextract.com\/es\/wp-json\/wp\/v2\/product_cat?post=1410"},{"taxonomy":"product_tag","embeddable":true,"href":"https:\/\/bstextract.com\/es\/wp-json\/wp\/v2\/product_tag?post=1410"}],"curies":[{"name":"wp","href":"https:\/\/api.w.org\/{rel}","templated":true}]}}