{"id":1433,"date":"2025-06-12T08:00:41","date_gmt":"2025-06-12T08:00:41","guid":{"rendered":"https:\/\/bstextract.com\/?post_type=product&#038;p=1433"},"modified":"2025-07-30T02:52:33","modified_gmt":"2025-07-30T02:52:33","slug":"extracto-de-fruta-del-monje","status":"publish","type":"product","link":"https:\/\/bstextract.com\/es\/producto\/extracto-de-fruta-del-monje\/","title":{"rendered":"Extracto de fruta del monje"},"content":{"rendered":"<p><!-- Keyword Section (Outside Article) --><\/p>\n<p>Como primera <b>fabricante<\/b> de edulcorantes naturales, <b>BSTBIO<\/b> proporciona Extracto de Fruta Monje de gran pureza, un revolucionario edulcorante sin calor\u00edas derivado de la <i>Siraitia grosvenorii<\/i> fruta. Nuestro extracto es la soluci\u00f3n perfecta para las estrategias de reducci\u00f3n de az\u00facar, ya que proporciona un sabor limpio y dulce sin las calor\u00edas ni el regusto asociados a otros edulcorantes.<\/p>\n<p><img fetchpriority=\"high\" decoding=\"async\" class=\"aligncenter size-full wp-image-1441\" src=\"https:\/\/bstextract.com\/wp-content\/uploads\/2025\/06\/GettyImages-1130519486-dc99352c8cfe4af8822e08340750a0f5.webp\" alt=\"\" width=\"750\" height=\"500\" title=\"\" srcset=\"https:\/\/bstextract.com\/wp-content\/uploads\/2025\/06\/GettyImages-1130519486-dc99352c8cfe4af8822e08340750a0f5.webp 750w, https:\/\/bstextract.com\/wp-content\/uploads\/2025\/06\/GettyImages-1130519486-dc99352c8cfe4af8822e08340750a0f5-300x200.webp 300w, https:\/\/bstextract.com\/wp-content\/uploads\/2025\/06\/GettyImages-1130519486-dc99352c8cfe4af8822e08340750a0f5-18x12.webp 18w, https:\/\/bstextract.com\/wp-content\/uploads\/2025\/06\/GettyImages-1130519486-dc99352c8cfe4af8822e08340750a0f5-600x400.webp 600w\" sizes=\"(max-width: 750px) 100vw, 750px\" \/><\/p>\n<p>Ofrecemos una gama vers\u00e1til de especificaciones para satisfacer las necesidades precisas de su formulaci\u00f3n:<\/p>\n<ul>\n<li><b>Extractos estandarizados (Mogroside V 25% - 50%):<\/b> Nuestras opciones m\u00e1s populares, estandarizadas a un porcentaje espec\u00edfico del compuesto activo Mogroside V. Esto proporciona un dulzor consistente y fiable para aplicaciones que requieren una formulaci\u00f3n precisa, desde bebidas a edulcorantes de mesa. Los porcentajes m\u00e1s altos ofrecen una mayor intensidad de dulzor.<\/li>\n<li><b>Ratio Extractos (10:1, 20:1):<\/b> Ideal para aplicaciones en las que se desea un perfil de sabor a fruta natural y completo junto con dulzor. Estos extractos son perfectos para suplementos nutricionales y alimentos funcionales.<\/li>\n<\/ul>\n<p><b>\u00bfPor qu\u00e9 elegir el extracto de fruta del monje de BSTBIO?<\/b><\/p>\n<ul>\n<li><b>Cero calor\u00edas e \u00edndice gluc\u00e9mico:<\/b> Una excelente opci\u00f3n para diab\u00e9ticos, ceto-amigables y productos de control de peso.<\/li>\n<li><b>Sabor limpio y azucarado:<\/b> C\u00e9lebre por su agradable dulzor sin las notas amargas o de regaliz de otros edulcorantes de alta intensidad.<\/li>\n<li><b>Estable al calor:<\/b> Mantiene su dulzor durante el procesado a alta temperatura, lo que la hace perfecta para hornear, pasteurizar y cocinar.<\/li>\n<li><b>Amplias aplicaciones:<\/b>\n<ul>\n<li>Bebidas (t\u00e9s RTD, zumos, aguas mejoradas)<\/li>\n<li>Suplementos nutricionales y deportivos (prote\u00ednas en polvo, preentrenamientos)<\/li>\n<li>L\u00e1cteos y postres (yogur, helado)<\/li>\n<li>Panader\u00eda y pasteler\u00eda<\/li>\n<\/ul>\n<\/li>\n<\/ul>\n<p>Asociarse con <b>BSTBIO<\/b>su empresa de confianza <b>proveedor<\/b>para una fuente constante y fiable de extracto de fruta del monje de alta calidad.<\/p>","protected":false},"excerpt":{"rendered":"<ul>\n<li><b>Edulcorante natural sin calor\u00edas:<\/b> El sustituto perfecto del az\u00facar procedente de la fruta Luo Han Guo.<\/li>\n<li><b>Fortalezas m\u00faltiples:<\/b> Disponible en extractos estandarizados de mogr\u00f3sido V (25%-50%) y de ratio.<\/li>\n<li><b>Sabor limpio y dulce:<\/b> No deja regusto amargo, proporcionando un perfil de sabor similar al del az\u00facar.<\/li>\n<li><b>Estable al calor y vers\u00e1til:<\/b> Ideal para bebidas, reposter\u00eda, suplementos y alimentos aptos para ceto.<\/li>\n<li><b>Calidad por BSTBIO:<\/b> Su experto <b>fabricante<\/b> para soluciones edulcorantes naturales.<\/li>\n<\/ul>","protected":false},"featured_media":1434,"comment_status":"open","ping_status":"closed","template":"","meta":{"_acf_changed":false},"product_brand":[],"product_cat":[21,49],"product_tag":[],"class_list":{"0":"post-1433","1":"product","2":"type-product","3":"status-publish","4":"has-post-thumbnail","6":"product_cat-plant-extracts","7":"product_cat-hot-product","9":"first","10":"instock","11":"shipping-taxable","12":"product-type-simple"},"acf":[],"_links":{"self":[{"href":"https:\/\/bstextract.com\/es\/wp-json\/wp\/v2\/product\/1433","targetHints":{"allow":["GET"]}}],"collection":[{"href":"https:\/\/bstextract.com\/es\/wp-json\/wp\/v2\/product"}],"about":[{"href":"https:\/\/bstextract.com\/es\/wp-json\/wp\/v2\/types\/product"}],"replies":[{"embeddable":true,"href":"https:\/\/bstextract.com\/es\/wp-json\/wp\/v2\/comments?post=1433"}],"wp:featuredmedia":[{"embeddable":true,"href":"https:\/\/bstextract.com\/es\/wp-json\/wp\/v2\/media\/1434"}],"wp:attachment":[{"href":"https:\/\/bstextract.com\/es\/wp-json\/wp\/v2\/media?parent=1433"}],"wp:term":[{"taxonomy":"product_brand","embeddable":true,"href":"https:\/\/bstextract.com\/es\/wp-json\/wp\/v2\/product_brand?post=1433"},{"taxonomy":"product_cat","embeddable":true,"href":"https:\/\/bstextract.com\/es\/wp-json\/wp\/v2\/product_cat?post=1433"},{"taxonomy":"product_tag","embeddable":true,"href":"https:\/\/bstextract.com\/es\/wp-json\/wp\/v2\/product_tag?post=1433"}],"curies":[{"name":"wp","href":"https:\/\/api.w.org\/{rel}","templated":true}]}}