{"id":1530,"date":"2025-06-24T06:04:16","date_gmt":"2025-06-24T06:04:16","guid":{"rendered":"https:\/\/bstextract.com\/?post_type=product&#038;p=1530"},"modified":"2025-06-24T06:08:33","modified_gmt":"2025-06-24T06:08:33","slug":"extracto-de-hoja-de-morera","status":"publish","type":"product","link":"https:\/\/bstextract.com\/es\/producto\/extracto-de-hoja-de-morera\/","title":{"rendered":"Extracto de hoja de morera DNJ 1%-10%"},"content":{"rendered":"<p><strong>Extracto de hoja de morera<\/strong> es un extracto natural de primera calidad derivado de las hojas del <em>Morus alba<\/em> (morera blanca). Est\u00e1 estandarizado para <strong>1-Deoxinojirimicina (DNJ)<\/strong>un potente compuesto bioactivo reconocido por sus propiedades reguladoras del az\u00facar en sangre y sus beneficios antioxidantes.<\/p>\n<ul>\n<li><strong>Fuente bot\u00e1nica<\/strong>: <em>Morus alba<\/em> (Hoja de morera)<\/li>\n<li><strong>N\u00famero CAS<\/strong>: 19130-96-2<\/li>\n<li><strong>F\u00f3rmula molecular<\/strong>: C\u2086H\u2081\u2083NO\u2084<\/li>\n<li><strong>Aspecto f\u00edsico<\/strong>: Polvo amarillo pardo<\/li>\n<li><strong>Especificaci\u00f3n<\/strong>: DNJ 1%, 5%, 10%<\/li>\n<li><strong>Sin\u00f3nimos \/ Nombres alternativos<\/strong>: Extracto de Morera, Extracto de Hoja de Morera DNJ, Extracto de Hoja de Morus alba<\/li>\n<li><strong>COA: <a href=\"https:\/\/bstextract.com\/wp-content\/uploads\/2025\/06\/Mulberry-Leaf-Extract-COA.pdf\">Extracto de hoja de morera COA<\/a><\/strong><\/li>\n<\/ul>\n<p>Nuestra <strong>Extracto de hoja de morera<\/strong> se fabrica utilizando t\u00e9cnicas avanzadas para preservar sus compuestos activos, lo que garantiza una calidad y eficacia \u00f3ptimas para una amplia gama de aplicaciones.<\/p>\n<p><img fetchpriority=\"high\" decoding=\"async\" class=\"aligncenter wp-image-1536 size-large\" src=\"https:\/\/bstextract.com\/wp-content\/uploads\/2025\/06\/Mulberry-Leaf-Extract-1024x614.webp\" alt=\"Extracto de hoja de morera\" width=\"800\" height=\"480\" title=\"\" srcset=\"https:\/\/bstextract.com\/wp-content\/uploads\/2025\/06\/Mulberry-Leaf-Extract-1024x614.webp 1024w, https:\/\/bstextract.com\/wp-content\/uploads\/2025\/06\/Mulberry-Leaf-Extract-300x180.webp 300w, https:\/\/bstextract.com\/wp-content\/uploads\/2025\/06\/Mulberry-Leaf-Extract-768x461.webp 768w, https:\/\/bstextract.com\/wp-content\/uploads\/2025\/06\/Mulberry-Leaf-Extract-18x12.webp 18w, https:\/\/bstextract.com\/wp-content\/uploads\/2025\/06\/Mulberry-Leaf-Extract-600x360.webp 600w, https:\/\/bstextract.com\/wp-content\/uploads\/2025\/06\/Mulberry-Leaf-Extract.webp 1134w\" sizes=\"(max-width: 800px) 100vw, 800px\" \/><\/p>\n<h2>Especificaciones t\u00e9cnicas<\/h2>\n<div>\n<div tabindex=\"-1\">\n<table>\n<thead>\n<tr>\n<th>Par\u00e1metro<\/th>\n<th>Especificaci\u00f3n<\/th>\n<\/tr>\n<\/thead>\n<tbody>\n<tr>\n<td>Nombre del producto<\/td>\n<td>Extracto de hoja de morera<\/td>\n<\/tr>\n<tr>\n<td>Principio activo<\/td>\n<td>1-Deoxinojirimicina (DNJ)<\/td>\n<\/tr>\n<tr>\n<td>N\u00famero CAS<\/td>\n<td>19130-96-2<\/td>\n<\/tr>\n<tr>\n<td>F\u00f3rmula molecular<\/td>\n<td>C\u2086H\u2081\u2083NO\u2084<\/td>\n<\/tr>\n<tr>\n<td>Apariencia<\/td>\n<td>Polvo amarillo pardo<\/td>\n<\/tr>\n<tr>\n<td>Especificaci\u00f3n del producto<\/td>\n<td>1%, 5%, 10% DNJ<\/td>\n<\/tr>\n<tr>\n<td>Embalaje<\/td>\n<td>1 kg\/saco\/caja o 25 kg\/tambor\/caja, personalizable<\/td>\n<\/tr>\n<tr>\n<td>Disponibilidad de muestras<\/td>\n<td>Gratuito<\/td>\n<\/tr>\n<tr>\n<td>Vida \u00fatil<\/td>\n<td>24 meses (si se almacena correctamente)<\/td>\n<\/tr>\n<tr>\n<td>Condiciones de almacenamiento<\/td>\n<td>Almacenar en recipientes herm\u00e9ticos y resistentes a la luz. Evitar la luz solar directa, la humedad y el calor excesivo.<\/td>\n<\/tr>\n<tr>\n<td>Certificaciones<\/td>\n<td>KOSHER, HACCP, ISO22000, HALAL, Ecol\u00f3gico UE, Ecol\u00f3gico USDA<\/td>\n<\/tr>\n<\/tbody>\n<\/table>\n<div>\n<div><\/div>\n<\/div>\n<\/div>\n<\/div>\n<p><strong>Caracter\u00edsticas principales<\/strong>:<\/p>\n<ul>\n<li>Normalizado para <strong>DNJ 1%, 5% o 10%<\/strong><\/li>\n<li>Potente actividad reguladora del az\u00facar en sangre<\/li>\n<li>Polvo fino amarillo pardo de f\u00e1cil formulaci\u00f3n<\/li>\n<li>Muestras gratuitas disponibles<\/li>\n<li>Certificaci\u00f3n ecol\u00f3gica para los mercados mundiales<\/li>\n<\/ul>\n<h2>Calidad y conformidad<\/h2>\n<p>Nuestra <strong>Extracto de hoja de morera<\/strong> se somete a rigurosos procesos de garant\u00eda de calidad:<\/p>\n<ul>\n<li><strong>Certificaciones<\/strong>: KOSHER, HALAL, ISO22000, HACCP, Ecol\u00f3gico UE, Ecol\u00f3gico USDA<\/li>\n<li><strong>Cumplimiento de las normas<\/strong>: Normas USP, EP, CP<\/li>\n<li><strong>Pruebas<\/strong>: Pruebas internas y de terceros para:\n<ul>\n<li>Contenido del DNJ<\/li>\n<li>Pureza microbiol\u00f3gica<\/li>\n<li>Metales pesados (Pb, As, Cd, Hg)<\/li>\n<li>Residuos de plaguicidas<\/li>\n<\/ul>\n<\/li>\n<li><strong>COA<\/strong>: Certificado de an\u00e1lisis suministrado con cada lote<\/li>\n<li><strong>Seguridad<\/strong>: Fabricado bajo estricto control de contaminaci\u00f3n y trazabilidad total<\/li>\n<\/ul>\n<h2>Aplicaciones<\/h2>\n<h3>Industrias primarias<\/h3>\n<ul>\n<li><strong>Suplementos diet\u00e9ticos<\/strong><\/li>\n<li><strong>Alimentos funcionales<\/strong><\/li>\n<li><strong>Cosm\u00e9tica y cuidado de la piel<\/strong><\/li>\n<li><strong>Productos farmac\u00e9uticos<\/strong><\/li>\n<li><strong>Bebidas<\/strong><\/li>\n<\/ul>\n<h3>Casos de uso t\u00edpicos<\/h3>\n<ul>\n<li>C\u00e1psulas y comprimidos para <strong>gesti\u00f3n del az\u00facar en sangre<\/strong><\/li>\n<li>T\u00e9s funcionales y bebidas saludables<\/li>\n<li>Productos para la piel con <strong>antienvejecimiento<\/strong> y <strong>abrillantador<\/strong> beneficios<\/li>\n<li>Mezclas en polvo y barritas nutricionales<\/li>\n<\/ul>\n<h3>Recomendaciones de dosificaci\u00f3n<\/h3>\n<ul>\n<li>Dosis t\u00edpica: <strong>250 mg a 1000 mg\/d\u00eda<\/strong>seg\u00fan el tipo de producto y la formulaci\u00f3n <em>(consultar con los desarrolladores del producto o con los profesionales sanitarios)<\/em><\/li>\n<\/ul>\n<h3>Compatibilidad de ingredientes<\/h3>\n<ul>\n<li>Combina bien con:\n<ul>\n<li><strong>Extracto de mel\u00f3n amargo<\/strong><\/li>\n<li><a href=\"https:\/\/bstextract.com\/es\/producto\/extracto-de-coptis-chinensis\/\"><strong>Berberina<\/strong><\/a><\/li>\n<li><strong>Extracto de canela<\/strong><\/li>\n<li><strong>Extracto de Gymnema Sylvestre<\/strong><\/li>\n<\/ul>\n<\/li>\n<\/ul>\n<h2>Suministros y servicios<\/h2>\n<ul>\n<li><strong>MOQ<\/strong>: 1kg<\/li>\n<li><strong>Opciones de envasado<\/strong>:\n<ul>\n<li>1 kg\/saco\/cart\u00f3n<\/li>\n<li>25 kg\/bid\u00f3n\/caja<\/li>\n<li>Embalaje personalizado disponible<\/li>\n<\/ul>\n<\/li>\n<li><strong>Suministro a granel<\/strong>: Gran capacidad de producci\u00f3n con plazos de entrega r\u00e1pidos<\/li>\n<li><strong>OEM\/ODM<\/strong>: Formulaciones personalizadas y apoyo a marcas blancas<\/li>\n<li><strong>Plazos de entrega<\/strong>: 5-7 d\u00edas laborables para productos en stock<\/li>\n<li><strong>Env\u00edo<\/strong>: Entrega mundial por v\u00eda a\u00e9rea, mar\u00edtima o mensajer\u00eda urgente<\/li>\n<li><strong>Ayuda<\/strong>: Asistencia t\u00e9cnica especializada y orientaci\u00f3n normativa<\/li>\n<li><strong>Posventa<\/strong>: Servicio completo de atenci\u00f3n al cliente y asistencia para nuevos pedidos<\/li>\n<\/ul>\n<h2>Credenciales de la empresa<\/h2>\n<p><strong>Xi'an Best Bio-Tech Co., Ltd.<\/strong> es un fabricante l\u00edder de <strong>extractos de hierbas naturales<\/strong>Ofrecemos precios competitivos y un servicio excelente a clientes de m\u00e1s de 60 pa\u00edses. Con nuestro experimentado equipo de I+D y ventas, proporcionamos <strong>Asistencia 24\/7<\/strong> y soluciones adaptadas a las necesidades del cliente.<\/p>\n<p>Nuestra base de producci\u00f3n en <strong>Yangling, China<\/strong> cuenta con equipos avanzados y <strong>L\u00edneas de producci\u00f3n automatizadas con certificaci\u00f3n GMP<\/strong>. Aplicamos estrictas normas de calidad con certificaciones de <strong>KOSHER, HALAL, ISO9001 y USFDA<\/strong>.<\/p>\n<p>Nos especializamos en:<\/p>\n<ul>\n<li><strong>Extractos de setas<\/strong><\/li>\n<li><strong>Ingredientes de los suplementos para la salud<\/strong><\/li>\n<li><strong>Extractos herbarios cosm\u00e9ticos<\/strong><\/li>\n<li><strong>Frutas y verduras en polvo<\/strong><\/li>\n<\/ul>\n<p>Nuestra misi\u00f3n es ofrecer <strong>extractos bot\u00e1nicos seguros, eficaces y personalizados<\/strong> para ayudar a los clientes a promover un <strong>estilo de vida saludable<\/strong> en todo el mundo.<\/p>\n<h2>Preguntas frecuentes<\/h2>\n<h3>1. \u00bfPara qu\u00e9 sirve el extracto de hoja de morera?<\/h3>\n<p>Se utiliza habitualmente en suplementos y alimentos funcionales para <strong>control de la glucemia<\/strong>, <strong>gesti\u00f3n del peso<\/strong>y <strong>cuidado antiedad de la piel<\/strong>.<\/p>\n<h3>2. \u00bfCu\u00e1l es la dosis recomendada?<\/h3>\n<p>La ingesta diaria habitual oscila entre <strong>250 mg a 1000 mg\/d\u00eda<\/strong>dependiendo de la formulaci\u00f3n del producto.<\/p>\n<h3>3. \u00bfEst\u00e1 certificado su extracto de hoja de morera?<\/h3>\n<p>S\u00ed. <strong>KOSHER, HALAL, ISO22000, HACCP, Ecol\u00f3gico UE, Ecol\u00f3gico USDA<\/strong> con COA completo e informes de pruebas de terceros.<\/p>\n<h3>4. \u00bfOfrecen servicios OEM\/ODM?<\/h3>\n<p>S\u00ed, ofrecemos <strong>Servicios OEM\/ODM<\/strong>soluciones de marca blanca y asistencia en la formulaci\u00f3n.<\/p>\n<h3>5. \u00bfCu\u00e1l es su MOQ?<\/h3>\n<p><strong>1kg<\/strong>.<\/p>\n<h3>6. \u00bfC\u00f3mo debo almacenar el producto?<\/h3>\n<p>Almacenar en <strong>recipientes herm\u00e9ticos y resistentes a la luz<\/strong>lejos de <strong>calor<\/strong> y <strong>humedad<\/strong> para una conservaci\u00f3n \u00f3ptima.<\/p>","protected":false},"excerpt":{"rendered":"<ul>\n<li><strong>Fuente bot\u00e1nica<\/strong>: <em>Morus alba<\/em> (Hoja de morera)<\/li>\n<li><strong>N\u00famero CAS<\/strong>: 19130-96-2<\/li>\n<li><strong>F\u00f3rmula molecular<\/strong>: C\u2086H\u2081\u2083NO\u2084<\/li>\n<li><strong>Aspecto f\u00edsico<\/strong>: Polvo amarillo pardo<\/li>\n<li><strong>Especificaci\u00f3n<\/strong>: DNJ 1%, 5%, 10%<\/li>\n<li><strong>Sin\u00f3nimos \/ Nombres alternativos<\/strong>: Extracto de Morera, Extracto de Hoja de Morera DNJ, Extracto de Hoja de Morus alba<\/li>\n<\/ul>","protected":false},"featured_media":1531,"comment_status":"open","ping_status":"closed","template":"","meta":{"_acf_changed":false},"product_brand":[],"product_cat":[21],"product_tag":[],"class_list":{"0":"post-1530","1":"product","2":"type-product","3":"status-publish","4":"has-post-thumbnail","6":"product_cat-plant-extracts","8":"first","9":"instock","10":"shipping-taxable","11":"product-type-simple"},"acf":[],"_links":{"self":[{"href":"https:\/\/bstextract.com\/es\/wp-json\/wp\/v2\/product\/1530","targetHints":{"allow":["GET"]}}],"collection":[{"href":"https:\/\/bstextract.com\/es\/wp-json\/wp\/v2\/product"}],"about":[{"href":"https:\/\/bstextract.com\/es\/wp-json\/wp\/v2\/types\/product"}],"replies":[{"embeddable":true,"href":"https:\/\/bstextract.com\/es\/wp-json\/wp\/v2\/comments?post=1530"}],"wp:featuredmedia":[{"embeddable":true,"href":"https:\/\/bstextract.com\/es\/wp-json\/wp\/v2\/media\/1531"}],"wp:attachment":[{"href":"https:\/\/bstextract.com\/es\/wp-json\/wp\/v2\/media?parent=1530"}],"wp:term":[{"taxonomy":"product_brand","embeddable":true,"href":"https:\/\/bstextract.com\/es\/wp-json\/wp\/v2\/product_brand?post=1530"},{"taxonomy":"product_cat","embeddable":true,"href":"https:\/\/bstextract.com\/es\/wp-json\/wp\/v2\/product_cat?post=1530"},{"taxonomy":"product_tag","embeddable":true,"href":"https:\/\/bstextract.com\/es\/wp-json\/wp\/v2\/product_tag?post=1530"}],"curies":[{"name":"wp","href":"https:\/\/api.w.org\/{rel}","templated":true}]}}