{"id":1715,"date":"2025-06-30T02:30:05","date_gmt":"2025-06-30T02:30:05","guid":{"rendered":"https:\/\/bstextract.com\/?post_type=product&#038;p=1715"},"modified":"2025-07-01T01:17:23","modified_gmt":"2025-07-01T01:17:23","slug":"colageno-tipo-ii-no-desnaturalizado","status":"publish","type":"product","link":"https:\/\/bstextract.com\/es\/producto\/colageno-tipo-ii-no-desnaturalizado\/","title":{"rendered":"Col\u00e1geno de tipo II no desnaturalizado"},"content":{"rendered":"<h2><strong>\u00bfQu\u00e9 es el col\u00e1geno UC-II?<\/strong><\/h2>\n<p><strong>UC-II<\/strong> es la abreviatura de \"col\u00e1geno tipo II no desnaturalizado\", que suele proceder del cart\u00edlago de pechuga de pollo y es una materia prima de alta gama para la salud articular en los suplementos diet\u00e9ticos.<\/p>\n<p>A diferencia del col\u00e1geno hidrolizado ordinario, el UC-II conserva la estructura natural de triple h\u00e9lice, por lo que tiene un efecto inmunomodulador en el organismo, que puede ayudar a reducir la inflamaci\u00f3n de las articulaciones y aliviar el dolor articular.<\/p>\n<ul>\n<li><strong>Apariencia<\/strong>: Polvo fino blanco o blanquecino<\/li>\n<li><strong>Olor<\/strong>: Olor caracter\u00edstico a prote\u00ednas<\/li>\n<li><strong>Contenido en prote\u00ednas<\/strong>: \u226560%<\/li>\n<li><strong>Ensayo de mucopolisac\u00e1ridos<\/strong>: \u226526%<\/li>\n<li><strong>Tama\u00f1o de las part\u00edculas<\/strong>: 100% pasar a trav\u00e9s de malla 80<\/li>\n<li><strong>Certificaciones<\/strong>: Conformidad GMP \/ ISO \/ HACCP \/ HALAL \/ KOSHER \/ FDA<\/li>\n<li><strong>Formulario<\/strong>: Polvo fluido apto para c\u00e1psulas, comprimidos y bebidas en polvo<\/li>\n<\/ul>\n<p>El Col\u00e1geno Tipo II no desnaturalizado (UC-II) ayuda a promover <strong>regeneraci\u00f3n del cart\u00edlago<\/strong>, <strong>reducir la inflamaci\u00f3n articular<\/strong>y mejorar <strong>flexibilidad y movilidad<\/strong>sobre todo en poblaciones de edad avanzada y estilos de vida activos.<\/p>\n<p><img fetchpriority=\"high\" decoding=\"async\" class=\"aligncenter wp-image-1717 size-large\" src=\"https:\/\/bstextract.com\/wp-content\/uploads\/2025\/06\/Undenatured-Chicken-Collagen-Type-II-Mode-of-Action-and-Benefits-scaled-1-1024x481.webp\" alt=\"\" width=\"800\" height=\"376\" title=\"\" srcset=\"https:\/\/bstextract.com\/wp-content\/uploads\/2025\/06\/Undenatured-Chicken-Collagen-Type-II-Mode-of-Action-and-Benefits-scaled-1-1024x481.webp 1024w, https:\/\/bstextract.com\/wp-content\/uploads\/2025\/06\/Undenatured-Chicken-Collagen-Type-II-Mode-of-Action-and-Benefits-scaled-1-300x141.webp 300w, https:\/\/bstextract.com\/wp-content\/uploads\/2025\/06\/Undenatured-Chicken-Collagen-Type-II-Mode-of-Action-and-Benefits-scaled-1-768x360.webp 768w, https:\/\/bstextract.com\/wp-content\/uploads\/2025\/06\/Undenatured-Chicken-Collagen-Type-II-Mode-of-Action-and-Benefits-scaled-1-1536x721.webp 1536w, https:\/\/bstextract.com\/wp-content\/uploads\/2025\/06\/Undenatured-Chicken-Collagen-Type-II-Mode-of-Action-and-Benefits-scaled-1-18x8.webp 18w, https:\/\/bstextract.com\/wp-content\/uploads\/2025\/06\/Undenatured-Chicken-Collagen-Type-II-Mode-of-Action-and-Benefits-scaled-1-600x282.webp 600w, https:\/\/bstextract.com\/wp-content\/uploads\/2025\/06\/Undenatured-Chicken-Collagen-Type-II-Mode-of-Action-and-Benefits-scaled-1.webp 1600w\" sizes=\"(max-width: 800px) 100vw, 800px\" \/><\/p>\n<h2>Especificaciones t\u00e9cnicas<\/h2>\n<div>\n<div tabindex=\"-1\">\n<table>\n<thead>\n<tr>\n<th><strong>Art\u00edculo<\/strong><\/th>\n<th><strong>Especificaci\u00f3n<\/strong><\/th>\n<\/tr>\n<\/thead>\n<tbody>\n<tr>\n<td>Apariencia<\/td>\n<td>Polvo blanco o blanquecino<\/td>\n<\/tr>\n<tr>\n<td>Olor<\/td>\n<td>Caracter\u00edstica<\/td>\n<\/tr>\n<tr>\n<td>Tama\u00f1o de las part\u00edculas<\/td>\n<td>100% hasta malla 80<\/td>\n<\/tr>\n<tr>\n<td>Ensayo de mucopolisac\u00e1ridos<\/td>\n<td>\u226526.00%<\/td>\n<\/tr>\n<tr>\n<td>Humedad<\/td>\n<td>&lt;10,00%<\/td>\n<\/tr>\n<tr>\n<td>pH<\/td>\n<td>5.0 - 7.0<\/td>\n<\/tr>\n<tr>\n<td>Fresno<\/td>\n<td>\u22648.0%<\/td>\n<\/tr>\n<tr>\n<td>Contenido en prote\u00ednas<\/td>\n<td>\u226560%<\/td>\n<\/tr>\n<tr>\n<td>Grasa<\/td>\n<td>&lt;1,0%<\/td>\n<\/tr>\n<tr>\n<td>Metales pesados<\/td>\n<td>\u226410 ppm<\/td>\n<\/tr>\n<tr>\n<td>Plomo (Pb)<\/td>\n<td>\u22640,50 mg\/kg<\/td>\n<\/tr>\n<tr>\n<td>Ars\u00e9nico (As)<\/td>\n<td>\u22640,10 mg\/kg<\/td>\n<\/tr>\n<tr>\n<td>Recuento total de placas<\/td>\n<td>&lt;1.000 UFC\/g<\/td>\n<\/tr>\n<tr>\n<td>Levaduras y moho<\/td>\n<td>&lt;100 UFC\/g<\/td>\n<\/tr>\n<tr>\n<td>Coliformes<\/td>\n<td>\u22643.0 MPN\/10g<\/td>\n<\/tr>\n<tr>\n<td>Salmonella<\/td>\n<td>Negativo<\/td>\n<\/tr>\n<\/tbody>\n<\/table>\n<div>\n<div><\/div>\n<\/div>\n<\/div>\n<\/div>\n<h2>Caracter\u00edsticas principales<\/h2>\n<ul>\n<li>\u2705 Estructura del col\u00e1geno nativo (sin desnaturalizar)<\/li>\n<li>\u2705 Alta biodisponibilidad y actividad funcional<\/li>\n<li>\u2705 \u226560% contenido en prote\u00ednas para un mayor valor nutritivo.<\/li>\n<li>\u2705 Bajo contenido en grasas y cenizas<\/li>\n<li>\u2705 L\u00edmites microbiol\u00f3gicos y de metales pesados estrictos<\/li>\n<li>\u2705 Excelente solubilidad y f\u00e1cil formulaci\u00f3n<\/li>\n<\/ul>\n<div style=\"width: 720px;\" class=\"wp-video\"><!--[if lt IE 9]><script>document.createElement('video');<\/script><![endif]-->\n<video class=\"wp-video-shortcode\" id=\"video-1715-1\" width=\"720\" height=\"720\" preload=\"metadata\" controls=\"controls\"><source type=\"video\/mp4\" src=\"https:\/\/bstextract.com\/wp-content\/uploads\/2025\/06\/20231229_2309990eb156c6ce_444004605404_mp4_264_hd_unlimit_taobao.mp4?_=1\" \/><a href=\"https:\/\/bstextract.com\/wp-content\/uploads\/2025\/06\/20231229_2309990eb156c6ce_444004605404_mp4_264_hd_unlimit_taobao.mp4\">https:\/\/bstextract.com\/wp-content\/uploads\/2025\/06\/20231229_2309990eb156c6ce_444004605404_mp4_264_hd_unlimit_taobao.mp4<\/a><\/video><\/div>\n<h2>Calidad y conformidad<\/h2>\n<p>Nuestra <strong>Col\u00e1geno de tipo II no desnaturalizado<\/strong> se fabrica en un <strong>Instalaciones con certificaci\u00f3n GMP e ISO<\/strong>Cumplir las normas mundiales de seguridad alimentaria y nutrac\u00e9utica:<\/p>\n<ul>\n<li>Pruebas rutinarias de calidad: HPLC, UV, Microbiolog\u00eda<\/li>\n<li>Cumple <strong>USP<\/strong>, <strong>EP<\/strong>y <strong>CP<\/strong> monograf\u00edas, en su caso<\/li>\n<li>Pruebas de terceros disponibles para metales pesados, carga microbiana y actividad funcional.<\/li>\n<li>Totalmente documentado con <strong>COA<\/strong>, <strong>FDS<\/strong>, <strong>TDS<\/strong>y <strong>hoja de especificaciones<\/strong><\/li>\n<\/ul>\n<h2>Aplicaciones<\/h2>\n<h3>Nutrac\u00e9uticos<\/h3>\n<ul>\n<li>Suplementos para las articulaciones (c\u00e1psulas, comprimidos, c\u00e1psulas blandas)<\/li>\n<li>Mezclas antiinflamatorias<\/li>\n<li>F\u00f3rmulas de recuperaci\u00f3n de nutrici\u00f3n deportiva<\/li>\n<li>Suplementos de movilidad para mayores<\/li>\n<\/ul>\n<h3>Alimentos funcionales<\/h3>\n<ul>\n<li>Bebidas y batidos prote\u00ednicos<\/li>\n<li>Barritas y aperitivos con col\u00e1geno<\/li>\n<li>Bebidas en polvo<\/li>\n<\/ul>\n<h3>Suplementos para mascotas<\/h3>\n<ul>\n<li>Formulaciones para el cuidado de las articulaciones de perros, gatos y caballos<\/li>\n<\/ul>\n<h2>Suministros y servicios<\/h2>\n<ul>\n<li><strong>Embalaje<\/strong>:\n<ul>\n<li>Bolsa de papel de aluminio de 1 kg<\/li>\n<li>Bid\u00f3n alimentario de 25 kg<\/li>\n<li>Embalaje personalizado a petici\u00f3n<\/li>\n<\/ul>\n<\/li>\n<li><strong>Vida \u00fatil<\/strong>24 meses<\/li>\n<li><strong>Almacenamiento<\/strong>: Conservar en un recipiente herm\u00e9tico alejado del calor, la humedad y la luz directa.<\/li>\n<li><strong>Plazos de entrega<\/strong>: 5-7 d\u00edas laborables (en stock)<\/li>\n<li><strong>Asistencia OEM\/ODM<\/strong>: Disponible para formulaci\u00f3n a granel y marca blanca<\/li>\n<\/ul>\n<h2>Credenciales de la empresa<\/h2>\n<p><strong>Xi'an Best Bio-Tech Co., Ltd.<\/strong> est\u00e1 especializada en la investigaci\u00f3n, el desarrollo y el suministro mundial de <strong>ingredientes funcionales<\/strong>incluyendo <strong>col\u00e1geno<\/strong>, <strong>extractos vegetales<\/strong>y <strong>superalimentos en polvo<\/strong>.<\/p>\n<ul>\n<li>F\u00e1brica situada en Yangling, centro neur\u00e1lgico de la producci\u00f3n nutrac\u00e9utica en China<\/li>\n<li>Prestamos servicio a m\u00e1s de 60 pa\u00edses con m\u00e1s de 15 a\u00f1os de experiencia en exportaci\u00f3n<\/li>\n<li>Totalmente certificada (ISO9001, HACCP, HALAL, KOSHER, FDA)<\/li>\n<\/ul>\n<h2>Antecedentes cient\u00edficos<\/h2>\n<p>Soportes de col\u00e1geno de tipo II no desnaturalizado <strong>protecci\u00f3n inmunitaria de las articulaciones<\/strong> al inducir tolerancia oral, reduciendo la respuesta inflamatoria del organismo al col\u00e1geno de las articulaciones. A diferencia del col\u00e1geno hidrolizado, UC-II act\u00faa en <strong>dosis bajas (normalmente 40 mg\/d\u00eda)<\/strong> y se ha estudiado cl\u00ednicamente para <strong>artrosis<\/strong>, <strong>artritis reumatoide<\/strong>y <strong>recuperaci\u00f3n de lesiones deportivas<\/strong>.<\/p>\n<blockquote><p><em>Referencia<\/em>: Lugo JP et al., \"Col\u00e1geno tipo II no desnaturalizado para el soporte articular: Una revisi\u00f3n de la literatura cl\u00ednica\". <em>Int J Med Sci<\/em>, 2016.<\/p><\/blockquote>\n<h2>PREGUNTAS FRECUENTES<\/h2>\n<h3>1. \u00bfCu\u00e1l es la diferencia entre el col\u00e1geno no desnaturalizado y el hidrolizado?<\/h3>\n<p>El col\u00e1geno no desnaturalizado conserva su estructura de triple h\u00e9lice y act\u00faa a trav\u00e9s de <strong>modulaci\u00f3n inmunitaria<\/strong>, mientras que el col\u00e1geno hidrolizado se descompone en p\u00e9ptidos y ofrece principalmente una nutrici\u00f3n de amino\u00e1cidos.<\/p>\n<h3>2. \u00bfEs apto para veganos?<\/h3>\n<p>No - UC-II se deriva normalmente de <strong>cart\u00edlago del estern\u00f3n de pollo<\/strong>.<\/p>\n<h3>3. \u00bfC\u00f3mo debe almacenarse este ingrediente?<\/h3>\n<p>Gu\u00e1rdelo en un <strong>recipiente fresco, seco y cerrado<\/strong>lejos de la humedad y la luz.<\/p>\n<h3>4. \u00bfProporcionan muestras peque\u00f1as?<\/h3>\n<p>S\u00ed. <strong>muestras gratuitas<\/strong> est\u00e1n disponibles para su evaluaci\u00f3n.<\/p>","protected":false},"excerpt":{"rendered":"<ul>\n<li><strong>Apariencia<\/strong>: Polvo fino blanco o blanquecino<\/li>\n<li><strong>Olor<\/strong>: Olor caracter\u00edstico a prote\u00ednas<\/li>\n<li><strong>Contenido en prote\u00ednas<\/strong>: \u226560%<\/li>\n<li><strong>Ensayo de mucopolisac\u00e1ridos<\/strong>: \u226526%<\/li>\n<li><strong>Tama\u00f1o de las part\u00edculas<\/strong>: 100% pasar a trav\u00e9s de malla 80<\/li>\n<\/ul>","protected":false},"featured_media":1719,"comment_status":"open","ping_status":"closed","template":"","meta":{"_acf_changed":false},"product_brand":[],"product_cat":[15],"product_tag":[],"class_list":{"0":"post-1715","1":"product","2":"type-product","3":"status-publish","4":"has-post-thumbnail","6":"product_cat-dietary-supplements","8":"first","9":"instock","10":"featured","11":"shipping-taxable","12":"product-type-simple"},"acf":[],"_links":{"self":[{"href":"https:\/\/bstextract.com\/es\/wp-json\/wp\/v2\/product\/1715","targetHints":{"allow":["GET"]}}],"collection":[{"href":"https:\/\/bstextract.com\/es\/wp-json\/wp\/v2\/product"}],"about":[{"href":"https:\/\/bstextract.com\/es\/wp-json\/wp\/v2\/types\/product"}],"replies":[{"embeddable":true,"href":"https:\/\/bstextract.com\/es\/wp-json\/wp\/v2\/comments?post=1715"}],"wp:featuredmedia":[{"embeddable":true,"href":"https:\/\/bstextract.com\/es\/wp-json\/wp\/v2\/media\/1719"}],"wp:attachment":[{"href":"https:\/\/bstextract.com\/es\/wp-json\/wp\/v2\/media?parent=1715"}],"wp:term":[{"taxonomy":"product_brand","embeddable":true,"href":"https:\/\/bstextract.com\/es\/wp-json\/wp\/v2\/product_brand?post=1715"},{"taxonomy":"product_cat","embeddable":true,"href":"https:\/\/bstextract.com\/es\/wp-json\/wp\/v2\/product_cat?post=1715"},{"taxonomy":"product_tag","embeddable":true,"href":"https:\/\/bstextract.com\/es\/wp-json\/wp\/v2\/product_tag?post=1715"}],"curies":[{"name":"wp","href":"https:\/\/api.w.org\/{rel}","templated":true}]}}