{"id":1917,"date":"2025-07-07T01:38:30","date_gmt":"2025-07-07T01:38:30","guid":{"rendered":"https:\/\/bstextract.com\/?post_type=product&#038;p=1917"},"modified":"2025-07-07T01:38:31","modified_gmt":"2025-07-07T01:38:31","slug":"lecitina-de-soja-en-polvo","status":"publish","type":"product","link":"https:\/\/bstextract.com\/es\/producto\/lecitina-de-soja-en-polvo\/","title":{"rendered":"Lecitina de soja en polvo"},"content":{"rendered":"<p><strong>Lecitina de soja<\/strong> es un l\u00edpido funcional de gran pureza extra\u00eddo del aceite de soja no modificado gen\u00e9ticamente durante el proceso de refinado. Se obtiene mediante extracci\u00f3n con disolventes y precipitaci\u00f3n con alcohol, lo que da como resultado un polvo de color amarillo claro, que fluye libremente, con un m\u00ednimo... <strong>98% Contenido en lecitina<\/strong>. Rico en <strong>fosfol\u00edpidos<\/strong>como <strong>fosfatidilcolina<\/strong>, <strong>fosfatidiletanolamina<\/strong>y <strong>fosfatidilinositol<\/strong>La lecitina de soja desempe\u00f1a un papel clave en la estructura celular, la protecci\u00f3n del h\u00edgado y el metabolismo de las grasas.<\/p>\n<p><img fetchpriority=\"high\" decoding=\"async\" class=\"aligncenter wp-image-1922 size-full\" src=\"https:\/\/bstextract.com\/wp-content\/uploads\/2025\/07\/2-4.webp\" alt=\"fabricantes de lecitina de soja\" width=\"750\" height=\"800\" title=\"\" srcset=\"https:\/\/bstextract.com\/wp-content\/uploads\/2025\/07\/2-4.webp 750w, https:\/\/bstextract.com\/wp-content\/uploads\/2025\/07\/2-4-281x300.webp 281w, https:\/\/bstextract.com\/wp-content\/uploads\/2025\/07\/2-4-11x12.webp 11w, https:\/\/bstextract.com\/wp-content\/uploads\/2025\/07\/2-4-600x640.webp 600w\" sizes=\"(max-width: 750px) 100vw, 750px\" \/><\/p>\n<p>En la industria alimentaria y de suplementos, la lecitina de soja se utiliza ampliamente como <strong>emulsionante natural<\/strong>, <strong>hidratante<\/strong>y <strong>estabilizador<\/strong>. Tambi\u00e9n funciona como fuente de colina, favoreciendo la salud del cerebro y del h\u00edgado.<\/p>\n<h3>Ventajas \u00fanicas:<\/h3>\n<ul>\n<li>Pureza \u226598% con excelente dispersabilidad en agua y aceite.<\/li>\n<li>Procedente de soja no modificada gen\u00e9ticamente, opciones sin disolventes disponibles<\/li>\n<li>Multifuncional: emulsionante, hidratante, portador de antioxidantes<\/li>\n<li>Aplicable en suplementos nutricionales, panader\u00eda, cosm\u00e9tica y piensos<\/li>\n<li>Sabor neutro, adecuado tanto para la formulaci\u00f3n en polvo como en c\u00e1psulas.<\/li>\n<\/ul>\n<h2>Especificaciones t\u00e9cnicas<\/h2>\n<div>\n<div tabindex=\"-1\">\n<table>\n<thead>\n<tr>\n<th><strong>Art\u00edculo<\/strong><\/th>\n<th><strong>Detalles<\/strong><\/th>\n<\/tr>\n<\/thead>\n<tbody>\n<tr>\n<td>Nombre del producto<\/td>\n<td>Lecitina de soja<\/td>\n<\/tr>\n<tr>\n<td>Otro nombre<\/td>\n<td>Lecitina de soja, Lecitina de soja<\/td>\n<\/tr>\n<tr>\n<td>N\u00famero CAS<\/td>\n<td>8002-43-5<\/td>\n<\/tr>\n<tr>\n<td>Fuente<\/td>\n<td>Extracto de soja<\/td>\n<\/tr>\n<tr>\n<td>Apariencia<\/td>\n<td>Polvo amarillo claro<\/td>\n<\/tr>\n<tr>\n<td>Especificaci\u00f3n<\/td>\n<td>\u226598% Lecitina<\/td>\n<\/tr>\n<tr>\n<td>M\u00e9todo de tratamiento<\/td>\n<td>Extracci\u00f3n con disolventes + purificaci\u00f3n con alcohol<\/td>\n<\/tr>\n<tr>\n<td>Paquete<\/td>\n<td>1 kg\/saco, 25 kg\/tambor o formatos personalizados<\/td>\n<\/tr>\n<tr>\n<td>Muestra<\/td>\n<td>Gratuito<\/td>\n<\/tr>\n<tr>\n<td>Vida \u00fatil<\/td>\n<td>24 meses si se almacena correctamente<\/td>\n<\/tr>\n<tr>\n<td>Almacenamiento<\/td>\n<td>Zona fresca, sellada y protegida de la luz<\/td>\n<\/tr>\n<tr>\n<td>Certificaciones<\/td>\n<td>KOSHER, HALAL, HACCP, ISO22000, USDA\/UE Ecol\u00f3gico<\/td>\n<\/tr>\n<\/tbody>\n<\/table>\n<div>\n<div><\/div>\n<\/div>\n<\/div>\n<\/div>\n<h2>Aplicaciones<\/h2>\n<ul>\n<li><strong>Suplementos nutricionales<\/strong>: Fuente de colina en las f\u00f3rmulas de apoyo al cerebro y al h\u00edgado<\/li>\n<li><strong>Alimentos funcionales<\/strong>: Emulsionante en chocolate, productos l\u00e1cteos y productos de panader\u00eda<\/li>\n<li><strong>Industria cosm\u00e9tica<\/strong>: Agente acondicionador de la piel en cremas y lociones<\/li>\n<li><strong>Productos farmac\u00e9uticos<\/strong>: Portador de activos liposolubles en c\u00e1psulas blandas y comprimidos<\/li>\n<li><strong>Alimentaci\u00f3n animal<\/strong>: Mejora la digestibilidad de los l\u00edpidos y la absorci\u00f3n de nutrientes<\/li>\n<\/ul>\n<h2>Preguntas m\u00e1s frecuentes (FAQ)<\/h2>\n<p><strong>1. \u00bfCu\u00e1l es la diferencia entre la lecitina de soja en polvo y en gr\u00e1nulos?<\/strong><br \/>\nLa lecitina en polvo es ultrafina y se dispersa m\u00e1s r\u00e1pidamente en formulaciones l\u00edquidas. Los gr\u00e1nulos son m\u00e1s gruesos y suelen emplearse en consumo oral directo o en aplicaciones alimentarias funcionales s\u00f3lidas.<\/p>\n<p><strong>2. \u00bfLa lecitina de soja es adecuada para las personas al\u00e9rgicas a la soja?<\/strong><br \/>\nAunque procede de la soja, la lecitina no suele contener prote\u00ednas de soja alerg\u00e9nicas. No obstante, las personas con alergias graves a la soja deben consultar a un profesional m\u00e9dico antes de consumirla.<\/p>\n<p><strong>3. \u00bfEste producto no contiene OMG ni disolventes?<\/strong><br \/>\nNuestra lecitina de soja es <strong>certificado no OGM<\/strong>y <strong>sin disolventes o IP (Identidad Preservada)<\/strong> para cumplir los requisitos de etiquetado limpio de la UE y Norteam\u00e9rica.<\/p>\n<p><strong>4. \u00bfPuede utilizarse lecitina de soja en f\u00f3rmulas veganas o vegetarianas?<\/strong><br \/>\nS\u00ed. Es un ingrediente 100% de origen vegetal y se utiliza habitualmente en alimentos, c\u00e1psulas y cosm\u00e9ticos veganos.<\/p>\n<p><strong>5. \u00bfOfrecen mezclas personalizadas o sistemas de emulsificaci\u00f3n?<\/strong><br \/>\nS\u00ed. Admitimos OEM para mezclas personalizadas de lecitina y fosfol\u00edpidos, incluidas combinaciones con tocoferoles, MCT o lecitina de girasol.<\/p>","protected":false},"excerpt":{"rendered":"<ul>\n<li>Pureza \u226598% con excelente dispersabilidad en agua y aceite.<\/li>\n<li>Procedente de soja no modificada gen\u00e9ticamente, opciones sin disolventes disponibles<\/li>\n<li>Multifuncional: emulsionante, hidratante, portador de antioxidantes<\/li>\n<li>Aplicable en suplementos nutricionales, panader\u00eda, cosm\u00e9tica y piensos<\/li>\n<li>Sabor neutro, adecuado tanto para la formulaci\u00f3n en polvo como en c\u00e1psulas.<\/li>\n<\/ul>","protected":false},"featured_media":1918,"comment_status":"open","ping_status":"closed","template":"","meta":{"_acf_changed":false},"product_brand":[],"product_cat":[23],"product_tag":[],"class_list":{"0":"post-1917","1":"product","2":"type-product","3":"status-publish","4":"has-post-thumbnail","6":"product_cat-food-additives","8":"first","9":"instock","10":"shipping-taxable","11":"product-type-simple"},"acf":[],"_links":{"self":[{"href":"https:\/\/bstextract.com\/es\/wp-json\/wp\/v2\/product\/1917","targetHints":{"allow":["GET"]}}],"collection":[{"href":"https:\/\/bstextract.com\/es\/wp-json\/wp\/v2\/product"}],"about":[{"href":"https:\/\/bstextract.com\/es\/wp-json\/wp\/v2\/types\/product"}],"replies":[{"embeddable":true,"href":"https:\/\/bstextract.com\/es\/wp-json\/wp\/v2\/comments?post=1917"}],"wp:featuredmedia":[{"embeddable":true,"href":"https:\/\/bstextract.com\/es\/wp-json\/wp\/v2\/media\/1918"}],"wp:attachment":[{"href":"https:\/\/bstextract.com\/es\/wp-json\/wp\/v2\/media?parent=1917"}],"wp:term":[{"taxonomy":"product_brand","embeddable":true,"href":"https:\/\/bstextract.com\/es\/wp-json\/wp\/v2\/product_brand?post=1917"},{"taxonomy":"product_cat","embeddable":true,"href":"https:\/\/bstextract.com\/es\/wp-json\/wp\/v2\/product_cat?post=1917"},{"taxonomy":"product_tag","embeddable":true,"href":"https:\/\/bstextract.com\/es\/wp-json\/wp\/v2\/product_tag?post=1917"}],"curies":[{"name":"wp","href":"https:\/\/api.w.org\/{rel}","templated":true}]}}