{"id":1926,"date":"2025-07-07T05:51:15","date_gmt":"2025-07-07T05:51:15","guid":{"rendered":"https:\/\/bstextract.com\/?post_type=product&#038;p=1926"},"modified":"2025-07-07T05:52:28","modified_gmt":"2025-07-07T05:52:28","slug":"d-biotina-en-polvo-suplemento-de-vitamina-b7","status":"publish","type":"product","link":"https:\/\/bstextract.com\/es\/producto\/d-biotina-en-polvo-suplemento-de-vitamina-b7\/","title":{"rendered":"D-Biotina en polvo"},"content":{"rendered":"<p data-start=\"352\" data-end=\"656\"><strong data-start=\"352\" data-end=\"362\">Biotina<\/strong>tambi\u00e9n conocido como <strong data-start=\"378\" data-end=\"392\">Vitamina B7<\/strong>, <strong data-start=\"394\" data-end=\"407\">Vitamina H<\/strong>o <strong data-start=\"412\" data-end=\"424\">D-Biotina<\/strong>es una vitamina B hidrosoluble esencial para la salud humana. Desempe\u00f1a un papel vital en <strong data-start=\"508\" data-end=\"532\">s\u00edntesis de \u00e1cidos grasos<\/strong>, <strong data-start=\"534\" data-end=\"559\">metabolismo de amino\u00e1cidos<\/strong>y <strong data-start=\"565\" data-end=\"587\">metabolismo de la glucosa<\/strong>La vitamina E contribuye a la salud de la piel, el cabello, las u\u00f1as y el sistema nervioso.<\/p>\n<p data-start=\"352\" data-end=\"656\"><img fetchpriority=\"high\" decoding=\"async\" class=\"aligncenter wp-image-1931 size-full\" src=\"https:\/\/bstextract.com\/wp-content\/uploads\/2025\/07\/d-biotin-cas-58-85-5-vitamin-h35127821147.webp\" alt=\"D-Biotina en polvo\" width=\"600\" height=\"465\" title=\"\" srcset=\"https:\/\/bstextract.com\/wp-content\/uploads\/2025\/07\/d-biotin-cas-58-85-5-vitamin-h35127821147.webp 600w, https:\/\/bstextract.com\/wp-content\/uploads\/2025\/07\/d-biotin-cas-58-85-5-vitamin-h35127821147-300x233.webp 300w, https:\/\/bstextract.com\/wp-content\/uploads\/2025\/07\/d-biotin-cas-58-85-5-vitamin-h35127821147-15x12.webp 15w\" sizes=\"(max-width: 600px) 100vw, 600px\" \/><\/p>\n<p data-start=\"658\" data-end=\"936\">Nuestra biotina en polvo se extrae por fermentaci\u00f3n y se procesa bajo estrictos controles de calidad para garantizar una gran pureza, solubilidad y estabilidad, por lo que es ideal para su uso en <strong data-start=\"830\" data-end=\"857\">suplementos nutricionales<\/strong>, <strong data-start=\"859\" data-end=\"879\">alimentos funcionales<\/strong>, <strong data-start=\"881\" data-end=\"904\">bebidas fortificadas<\/strong>y <strong data-start=\"910\" data-end=\"935\">formulaciones cosm\u00e9ticas<\/strong>.<\/p>\n<h3 data-start=\"943\" data-end=\"965\"><strong data-start=\"947\" data-end=\"965\">Par\u00e1metros clave<\/strong><\/h3>\n<ul data-start=\"967\" data-end=\"1284\">\n<li data-start=\"967\" data-end=\"1002\">\n<p data-start=\"969\" data-end=\"1002\"><strong data-start=\"969\" data-end=\"986\">Nombre del producto:<\/strong> Biotina en polvo<\/p>\n<\/li>\n<li data-start=\"1003\" data-end=\"1055\">\n<p data-start=\"1005\" data-end=\"1055\"><strong data-start=\"1005\" data-end=\"1021\">Otros nombres:<\/strong> Vitamina B7, D-Biotina, Vitamina H<\/p>\n<\/li>\n<li data-start=\"1056\" data-end=\"1083\">\n<p data-start=\"1058\" data-end=\"1083\"><strong data-start=\"1058\" data-end=\"1073\">N\u00famero CAS:<\/strong> 58-85-5<\/p>\n<\/li>\n<li data-start=\"1084\" data-end=\"1116\">\n<p data-start=\"1086\" data-end=\"1116\"><strong data-start=\"1086\" data-end=\"1101\">Apariencia:<\/strong> Polvo blanco<\/p>\n<\/li>\n<li data-start=\"1117\" data-end=\"1150\">\n<p data-start=\"1119\" data-end=\"1150\"><strong data-start=\"1119\" data-end=\"1140\">Pureza disponible:<\/strong> 1%, 98%<\/p>\n<\/li>\n<li data-start=\"1151\" data-end=\"1206\">\n<p data-start=\"1153\" data-end=\"1206\"><strong data-start=\"1153\" data-end=\"1168\">Solubilidad:<\/strong> F\u00e1cilmente soluble en agua y etanol<\/p>\n<\/li>\n<li data-start=\"1207\" data-end=\"1245\">\n<p data-start=\"1209\" data-end=\"1245\"><strong data-start=\"1209\" data-end=\"1231\">F\u00f3rmula molecular:<\/strong> C10H16N2O3S<\/p>\n<\/li>\n<li data-start=\"1246\" data-end=\"1284\">\n<p data-start=\"1248\" data-end=\"1284\"><strong data-start=\"1248\" data-end=\"1269\">Peso molecular:<\/strong> 244,31 g\/mol<\/p>\n<\/li>\n<li data-start=\"1246\" data-end=\"1284\"><strong>COA<\/strong>: <a href=\"https:\/\/bstextract.com\/wp-content\/uploads\/2025\/07\/D-Biotin-Powder-COA.pdf\">D-Biotina en polvo COA<\/a><\/li>\n<\/ul>\n<h2 data-start=\"1291\" data-end=\"1322\"><strong data-start=\"1294\" data-end=\"1322\">Especificaciones t\u00e9cnicas<\/strong><\/h2>\n<div class=\"_tableContainer_80l1q_1\">\n<div class=\"_tableWrapper_80l1q_14 group flex w-fit flex-col-reverse\" tabindex=\"-1\">\n<table class=\"w-fit min-w-(--thread-content-width)\" data-start=\"1324\" data-end=\"2597\">\n<thead data-start=\"1324\" data-end=\"1399\">\n<tr data-start=\"1324\" data-end=\"1399\">\n<th data-start=\"1324\" data-end=\"1350\" data-col-size=\"sm\"><strong data-start=\"1326\" data-end=\"1339\">Par\u00e1metro<\/strong><\/th>\n<th data-start=\"1350\" data-end=\"1399\" data-col-size=\"md\"><strong data-start=\"1352\" data-end=\"1369\">Especificaci\u00f3n<\/strong><\/th>\n<\/tr>\n<\/thead>\n<tbody data-start=\"1477\" data-end=\"2597\">\n<tr data-start=\"1477\" data-end=\"1553\">\n<td data-start=\"1477\" data-end=\"1504\" data-col-size=\"sm\">Nombre del producto<\/td>\n<td data-col-size=\"md\" data-start=\"1504\" data-end=\"1553\">Biotina en polvo<\/td>\n<\/tr>\n<tr data-start=\"1554\" data-end=\"1631\">\n<td data-start=\"1554\" data-end=\"1581\" data-col-size=\"sm\">N\u00famero CAS<\/td>\n<td data-col-size=\"md\" data-start=\"1581\" data-end=\"1631\">58-85-5<\/td>\n<\/tr>\n<tr data-start=\"1632\" data-end=\"1708\">\n<td data-start=\"1632\" data-end=\"1659\" data-col-size=\"sm\">Apariencia<\/td>\n<td data-col-size=\"md\" data-start=\"1659\" data-end=\"1708\">Polvo blanco<\/td>\n<\/tr>\n<tr data-start=\"1709\" data-end=\"1785\">\n<td data-start=\"1709\" data-end=\"1736\" data-col-size=\"sm\">Ensayo<\/td>\n<td data-col-size=\"md\" data-start=\"1736\" data-end=\"1785\">1%, 98% (HPLC o UV)<\/td>\n<\/tr>\n<tr data-start=\"1786\" data-end=\"1863\">\n<td data-start=\"1786\" data-end=\"1813\" data-col-size=\"sm\">Solubilidad<\/td>\n<td data-col-size=\"md\" data-start=\"1813\" data-end=\"1863\">Soluble en agua<\/td>\n<\/tr>\n<tr data-start=\"1864\" data-end=\"1941\">\n<td data-start=\"1864\" data-end=\"1891\" data-col-size=\"sm\">Tama\u00f1o de las part\u00edculas<\/td>\n<td data-col-size=\"md\" data-start=\"1891\" data-end=\"1941\">100% pasar malla 80<\/td>\n<\/tr>\n<tr data-start=\"1942\" data-end=\"2019\">\n<td data-start=\"1942\" data-end=\"1969\" data-col-size=\"sm\">Contenido de humedad<\/td>\n<td data-col-size=\"md\" data-start=\"1969\" data-end=\"2019\">\u22645.0%<\/td>\n<\/tr>\n<tr data-start=\"2020\" data-end=\"2096\">\n<td data-start=\"2020\" data-end=\"2047\" data-col-size=\"sm\">Metales pesados<\/td>\n<td data-col-size=\"md\" data-start=\"2047\" data-end=\"2096\">&lt;10 ppm<\/td>\n<\/tr>\n<tr data-start=\"2097\" data-end=\"2174\">\n<td data-start=\"2097\" data-end=\"2124\" data-col-size=\"sm\">Plomo<\/td>\n<td data-col-size=\"md\" data-start=\"2124\" data-end=\"2174\">\u22641,0 mg\/kg<\/td>\n<\/tr>\n<tr data-start=\"2175\" data-end=\"2252\">\n<td data-start=\"2175\" data-end=\"2202\" data-col-size=\"sm\">Ars\u00e9nico<\/td>\n<td data-col-size=\"md\" data-start=\"2202\" data-end=\"2252\">\u22641,0 mg\/kg<\/td>\n<\/tr>\n<tr data-start=\"2253\" data-end=\"2333\">\n<td data-start=\"2253\" data-end=\"2280\" data-col-size=\"sm\">Embalaje<\/td>\n<td data-col-size=\"md\" data-start=\"2280\" data-end=\"2333\">1kg\/saco\/caja o 25kg\/tambor\/caja (personalizable)<\/td>\n<\/tr>\n<tr data-start=\"2334\" data-end=\"2411\">\n<td data-start=\"2334\" data-end=\"2361\" data-col-size=\"sm\">Vida \u00fatil<\/td>\n<td data-col-size=\"md\" data-start=\"2361\" data-end=\"2411\">24 meses en condiciones de almacenamiento adecuadas<\/td>\n<\/tr>\n<tr data-start=\"2412\" data-end=\"2509\">\n<td data-start=\"2412\" data-end=\"2439\" data-col-size=\"sm\">Almacenamiento<\/td>\n<td data-col-size=\"md\" data-start=\"2439\" data-end=\"2509\">Conservar en un lugar seco, fresco y herm\u00e9tico; evitar la luz y la humedad<\/td>\n<\/tr>\n<tr data-start=\"2510\" data-end=\"2597\">\n<td data-start=\"2510\" data-end=\"2537\" data-col-size=\"sm\">Certificaciones<\/td>\n<td data-col-size=\"md\" data-start=\"2537\" data-end=\"2597\">KOSHER, HALAL, ISO22000, HACCP, Ecol\u00f3gico UE, Ecol\u00f3gico USDA<\/td>\n<\/tr>\n<\/tbody>\n<\/table>\n<div class=\"sticky end-(--thread-content-margin) h-0 self-end select-none\">\n<div class=\"absolute end-0 flex items-end\"><\/div>\n<\/div>\n<\/div>\n<\/div>\n<h2 data-start=\"2604\" data-end=\"2623\"><strong data-start=\"2607\" data-end=\"2623\">Caracter\u00edsticas principales<\/strong><\/h2>\n<ul data-start=\"2625\" data-end=\"3013\">\n<li data-start=\"2625\" data-end=\"2672\">\n<p data-start=\"2627\" data-end=\"2672\">Puro <strong data-start=\"2632\" data-end=\"2644\">D-Biotina<\/strong> del proceso de fermentaci\u00f3n<\/p>\n<\/li>\n<li data-start=\"2673\" data-end=\"2733\">\n<p data-start=\"2675\" data-end=\"2733\">Vitamina esencial del complejo B que contribuye al metabolismo energ\u00e9tico<\/p>\n<\/li>\n<li data-start=\"2734\" data-end=\"2778\">\n<p data-start=\"2736\" data-end=\"2778\">Mejora <strong data-start=\"2745\" data-end=\"2769\">cabello, piel y u\u00f1as<\/strong> salud<\/p>\n<\/li>\n<li data-start=\"2779\" data-end=\"2835\">\n<p data-start=\"2781\" data-end=\"2835\">Mejora <strong data-start=\"2790\" data-end=\"2821\">hidratos de carbono y amino\u00e1cidos<\/strong> utilizaci\u00f3n<\/p>\n<\/li>\n<li data-start=\"2836\" data-end=\"2894\">\n<p data-start=\"2838\" data-end=\"2894\">Hidrosoluble, altamente biodisponible y apto para veganos<\/p>\n<\/li>\n<li data-start=\"2895\" data-end=\"2934\">\n<p data-start=\"2897\" data-end=\"2934\">Sin OMG, sin gluten, sin al\u00e9rgenos<\/p>\n<\/li>\n<li data-start=\"2935\" data-end=\"3013\">\n<p data-start=\"2937\" data-end=\"3013\">Adecuado para <strong data-start=\"2950\" data-end=\"3013\">c\u00e1psulas, comprimidos, c\u00e1psulas blandas, premezclas, bebidas, cosm\u00e9ticos<\/strong><\/p>\n<\/li>\n<\/ul>\n<h2 data-start=\"3020\" data-end=\"3039\"><strong data-start=\"3023\" data-end=\"3039\">Aplicaciones<\/strong><\/h2>\n<h3 data-start=\"3041\" data-end=\"3067\"><strong data-start=\"3045\" data-end=\"3067\">Industrias primarias<\/strong><\/h3>\n<ul data-start=\"3068\" data-end=\"3304\">\n<li data-start=\"3068\" data-end=\"3124\">\n<p data-start=\"3070\" data-end=\"3124\"><strong data-start=\"3070\" data-end=\"3088\">Nutrac\u00e9uticos<\/strong> (suplementos para el cabello, las u\u00f1as y la belleza)<\/p>\n<\/li>\n<li data-start=\"3125\" data-end=\"3160\">\n<p data-start=\"3127\" data-end=\"3160\"><strong data-start=\"3127\" data-end=\"3158\">Alimentos y bebidas funcionales<\/strong><\/p>\n<\/li>\n<li data-start=\"3161\" data-end=\"3207\">\n<p data-start=\"3163\" data-end=\"3207\"><strong data-start=\"3163\" data-end=\"3205\">F\u00f3rmulas de apoyo a la energ\u00eda y el metabolismo<\/strong><\/p>\n<\/li>\n<li data-start=\"3208\" data-end=\"3243\">\n<p data-start=\"3210\" data-end=\"3243\"><strong data-start=\"3210\" data-end=\"3241\">Cosm\u00e9tica y cuidado personal<\/strong><\/p>\n<\/li>\n<li data-start=\"3244\" data-end=\"3304\">\n<p data-start=\"3246\" data-end=\"3304\"><strong data-start=\"3246\" data-end=\"3304\">Nutrici\u00f3n animal (grado Pet\/Feed disponible previa solicitud)<\/strong><\/p>\n<\/li>\n<\/ul>\n<h3 data-start=\"3311\" data-end=\"3339\"><strong data-start=\"3315\" data-end=\"3339\">Ejemplos de formulaci\u00f3n<\/strong><\/h3>\n<ul data-start=\"3340\" data-end=\"3513\">\n<li data-start=\"3340\" data-end=\"3370\">\n<p data-start=\"3342\" data-end=\"3370\">Gominolas para la salud del cabello y las u\u00f1as<\/p>\n<\/li>\n<li data-start=\"3371\" data-end=\"3406\">\n<p data-start=\"3373\" data-end=\"3406\">Bebidas energ\u00e9ticas e inyecciones de vitaminas<\/p>\n<\/li>\n<li data-start=\"3407\" data-end=\"3438\">\n<p data-start=\"3409\" data-end=\"3438\">Sueros faciales enriquecidos con biotina<\/p>\n<\/li>\n<li data-start=\"3439\" data-end=\"3475\">\n<p data-start=\"3441\" data-end=\"3475\">Polvos de belleza de col\u00e1geno y biotina<\/p>\n<\/li>\n<li data-start=\"3476\" data-end=\"3513\">\n<p data-start=\"3478\" data-end=\"3513\">Comprimidos multivitam\u00ednicos con complejo B<\/p>\n<\/li>\n<\/ul>\n<h2 data-start=\"3520\" data-end=\"3545\"><strong data-start=\"3523\" data-end=\"3545\">Dosis recomendada<\/strong><\/h2>\n<div class=\"_tableContainer_80l1q_1\">\n<div class=\"_tableWrapper_80l1q_14 group flex w-fit flex-col-reverse\" tabindex=\"-1\">\n<table class=\"w-fit min-w-(--thread-content-width)\" data-start=\"3547\" data-end=\"3791\">\n<thead data-start=\"3547\" data-end=\"3602\">\n<tr data-start=\"3547\" data-end=\"3602\">\n<th data-start=\"3547\" data-end=\"3571\" data-col-size=\"sm\"><strong data-start=\"3549\" data-end=\"3564\">Aplicaci\u00f3n<\/strong><\/th>\n<th data-start=\"3571\" data-end=\"3602\" data-col-size=\"md\"><strong data-start=\"3573\" data-end=\"3593\">Dosis sugerida<\/strong><\/th>\n<\/tr>\n<\/thead>\n<tbody data-start=\"3660\" data-end=\"3791\">\n<tr data-start=\"3660\" data-end=\"3734\">\n<td data-start=\"3660\" data-end=\"3685\" data-col-size=\"sm\">Suplemento nutricional<\/td>\n<td data-col-size=\"md\" data-start=\"3685\" data-end=\"3734\">30-5000 mcg\/d\u00eda (seg\u00fan regi\u00f3n\/formulaci\u00f3n)<\/td>\n<\/tr>\n<tr data-start=\"3735\" data-end=\"3791\">\n<td data-start=\"3735\" data-end=\"3760\" data-col-size=\"sm\">Uso cosm\u00e9tico (t\u00f3pico)<\/td>\n<td data-col-size=\"md\" data-start=\"3760\" data-end=\"3791\">0,1%-1,0% en cremas, sueros<\/td>\n<\/tr>\n<\/tbody>\n<\/table>\n<div class=\"sticky end-(--thread-content-margin) h-0 self-end select-none\">\n<div class=\"absolute end-0 flex items-end\"><\/div>\n<\/div>\n<\/div>\n<\/div>\n<blockquote data-start=\"3793\" data-end=\"3863\">\n<p data-start=\"3795\" data-end=\"3863\"><em data-start=\"3795\" data-end=\"3863\">Nota: Siga siempre las directrices normativas locales para los l\u00edmites de dosificaci\u00f3n.<\/em><\/p>\n<\/blockquote>\n<h2 data-start=\"3870\" data-end=\"3901\"><strong data-start=\"3873\" data-end=\"3901\">Compatibilidad de ingredientes<\/strong><\/h2>\n<ul data-start=\"3903\" data-end=\"4019\">\n<li data-start=\"3903\" data-end=\"3924\">\n<p data-start=\"3905\" data-end=\"3924\">P\u00e9ptidos de col\u00e1geno<\/p>\n<\/li>\n<li data-start=\"3925\" data-end=\"3938\">\n<p data-start=\"3927\" data-end=\"3938\">Vitamina C<\/p>\n<\/li>\n<li data-start=\"3939\" data-end=\"3947\">\n<p data-start=\"3941\" data-end=\"3947\">Zinc<\/p>\n<\/li>\n<li data-start=\"3948\" data-end=\"3979\">\n<p data-start=\"3950\" data-end=\"3979\">MSM (metilsulfonilmetano)<\/p>\n<\/li>\n<li data-start=\"3980\" data-end=\"3999\">\n<p data-start=\"3982\" data-end=\"3999\">\u00c1cido hialur\u00f3nico<\/p>\n<\/li>\n<li data-start=\"4000\" data-end=\"4019\">\n<p data-start=\"4002\" data-end=\"4019\">Extracto de queratina<\/p>\n<\/li>\n<\/ul>\n<h2 data-start=\"4440\" data-end=\"4479\"><strong data-start=\"4443\" data-end=\"4479\">Preguntas m\u00e1s frecuentes (FAQ)<\/strong><\/h2>\n<p data-start=\"4481\" data-end=\"4614\"><strong data-start=\"4481\" data-end=\"4512\">1. \u00bfPara qu\u00e9 sirve la biotina?<\/strong><br data-start=\"4512\" data-end=\"4515\" \/>Principalmente para <strong data-start=\"4529\" data-end=\"4561\">apoyo a la piel, el cabello y las u\u00f1as<\/strong>pero tambi\u00e9n desempe\u00f1a un papel fundamental en la salud metab\u00f3lica.<\/p>\n<p data-start=\"4616\" data-end=\"4695\"><strong data-start=\"4616\" data-end=\"4643\">2. \u00bfEs soluble en agua?<\/strong><br data-start=\"4643\" data-end=\"4646\" \/>S\u00ed, la biotina es un <strong data-start=\"4663\" data-end=\"4686\">totalmente soluble en agua<\/strong> vitamina.<\/p>\n<p data-start=\"4697\" data-end=\"4835\"><strong data-start=\"4697\" data-end=\"4740\">3. \u00bfSu Biotina es natural o sint\u00e9tica?<\/strong><br data-start=\"4740\" data-end=\"4743\" \/>Se produce a trav\u00e9s de <strong data-start=\"4762\" data-end=\"4778\">fermentaci\u00f3n<\/strong> utilizando sustratos no modificados gen\u00e9ticamente y purificados seg\u00fan normas estrictas.<\/p>\n<p data-start=\"4837\" data-end=\"4980\"><strong data-start=\"4837\" data-end=\"4884\">4. \u00bfPuede utilizarse la biotina en productos para el cuidado de la piel?<\/strong><br data-start=\"4884\" data-end=\"4887\" \/>S\u00ed, la biotina puede incorporarse a <strong data-start=\"4924\" data-end=\"4955\">lociones, cremas y sueros<\/strong> para aplicaci\u00f3n t\u00f3pica.<\/p>\n<p data-start=\"4982\" data-end=\"5108\"><strong data-start=\"4982\" data-end=\"5015\">5. \u00bfQu\u00e9 grados hay disponibles?<\/strong><br data-start=\"5015\" data-end=\"5018\" \/>Ofrecemos <strong data-start=\"5027\" data-end=\"5048\">1% y 98% Biotina<\/strong>, adecuados para diferentes necesidades de aplicaci\u00f3n y objetivos de costes.<\/p>","protected":false},"excerpt":{"rendered":"<ul data-start=\"967\" data-end=\"1284\">\n<li data-start=\"1003\" data-end=\"1055\">\n<p data-start=\"1005\" data-end=\"1055\"><strong data-start=\"1005\" data-end=\"1021\">Otros nombres:<\/strong> Vitamina B7, D-Biotina, Vitamina H<\/p>\n<\/li>\n<li data-start=\"1056\" data-end=\"1083\">\n<p data-start=\"1058\" data-end=\"1083\"><strong data-start=\"1058\" data-end=\"1073\">N\u00famero CAS:<\/strong> 58-85-5<\/p>\n<\/li>\n<li data-start=\"1084\" data-end=\"1116\">\n<p data-start=\"1086\" data-end=\"1116\"><strong data-start=\"1086\" data-end=\"1101\">Apariencia:<\/strong> Polvo blanco<\/p>\n<\/li>\n<li data-start=\"1117\" data-end=\"1150\">\n<p data-start=\"1119\" data-end=\"1150\"><strong data-start=\"1119\" data-end=\"1140\">Pureza disponible:<\/strong> 1%, 98%<\/p>\n<\/li>\n<li data-start=\"1151\" data-end=\"1206\">\n<p data-start=\"1153\" data-end=\"1206\"><strong data-start=\"1153\" data-end=\"1168\">Solubilidad:<\/strong> F\u00e1cilmente soluble en agua y etanol<\/p>\n<\/li>\n<li data-start=\"1207\" data-end=\"1245\">\n<p data-start=\"1209\" data-end=\"1245\"><strong data-start=\"1209\" data-end=\"1231\">F\u00f3rmula molecular:<\/strong> C10H16N2O3S<\/p>\n<\/li>\n<li data-start=\"1246\" data-end=\"1284\">\n<p data-start=\"1248\" data-end=\"1284\"><strong data-start=\"1248\" data-end=\"1269\">Peso molecular:<\/strong> 244,31 g\/mol<\/p>\n<\/li>\n<\/ul>","protected":false},"featured_media":1928,"comment_status":"open","ping_status":"closed","template":"","meta":{"_acf_changed":false},"product_brand":[],"product_cat":[23],"product_tag":[],"class_list":{"0":"post-1926","1":"product","2":"type-product","3":"status-publish","4":"has-post-thumbnail","6":"product_cat-food-additives","8":"first","9":"instock","10":"shipping-taxable","11":"product-type-simple"},"acf":[],"_links":{"self":[{"href":"https:\/\/bstextract.com\/es\/wp-json\/wp\/v2\/product\/1926","targetHints":{"allow":["GET"]}}],"collection":[{"href":"https:\/\/bstextract.com\/es\/wp-json\/wp\/v2\/product"}],"about":[{"href":"https:\/\/bstextract.com\/es\/wp-json\/wp\/v2\/types\/product"}],"replies":[{"embeddable":true,"href":"https:\/\/bstextract.com\/es\/wp-json\/wp\/v2\/comments?post=1926"}],"wp:featuredmedia":[{"embeddable":true,"href":"https:\/\/bstextract.com\/es\/wp-json\/wp\/v2\/media\/1928"}],"wp:attachment":[{"href":"https:\/\/bstextract.com\/es\/wp-json\/wp\/v2\/media?parent=1926"}],"wp:term":[{"taxonomy":"product_brand","embeddable":true,"href":"https:\/\/bstextract.com\/es\/wp-json\/wp\/v2\/product_brand?post=1926"},{"taxonomy":"product_cat","embeddable":true,"href":"https:\/\/bstextract.com\/es\/wp-json\/wp\/v2\/product_cat?post=1926"},{"taxonomy":"product_tag","embeddable":true,"href":"https:\/\/bstextract.com\/es\/wp-json\/wp\/v2\/product_tag?post=1926"}],"curies":[{"name":"wp","href":"https:\/\/api.w.org\/{rel}","templated":true}]}}