{"id":2145,"date":"2025-07-16T06:44:20","date_gmt":"2025-07-16T06:44:20","guid":{"rendered":"https:\/\/bstextract.com\/?post_type=product&#038;p=2145"},"modified":"2025-07-18T00:50:03","modified_gmt":"2025-07-18T00:50:03","slug":"extracto-de-gymnema-silvestre","status":"publish","type":"product","link":"https:\/\/bstextract.com\/es\/producto\/extracto-de-gymnema-silvestre\/","title":{"rendered":"Extracto de Gymnema Sylvestre"},"content":{"rendered":"<p>Extracto de Gymnema Sylvestre, tambi\u00e9n conocido como el <em>\"destructor de az\u00facar\"<\/em>es una conocida hierba ayurv\u00e9dica utilizada para mantener niveles saludables de az\u00facar en sangre y reducir los antojos de dulces. Estudios publicados sobre <a href=\"https:\/\/pubmed.ncbi.nlm.nih.gov\/16323223\/\" target=\"_blank\" rel=\"nofollow noopener\">PubMed<\/a> han demostrado su <strong>efectos antidiab\u00e9ticos e hipoglucemiantes<\/strong>convirti\u00e9ndolo en un ingrediente de confianza para <em>ayuda natural al az\u00facar en sangre<\/em>.<\/p>\n<p><img fetchpriority=\"high\" decoding=\"async\" class=\"aligncenter wp-image-2245\" src=\"https:\/\/bstextract.com\/wp-content\/uploads\/2025\/07\/gymnema-sylvestre-extract-300x169.webp\" alt=\"\" width=\"758\" height=\"427\" title=\"\" srcset=\"https:\/\/bstextract.com\/wp-content\/uploads\/2025\/07\/gymnema-sylvestre-extract-300x169.webp 300w, https:\/\/bstextract.com\/wp-content\/uploads\/2025\/07\/gymnema-sylvestre-extract-1024x576.webp 1024w, https:\/\/bstextract.com\/wp-content\/uploads\/2025\/07\/gymnema-sylvestre-extract-768x432.webp 768w, https:\/\/bstextract.com\/wp-content\/uploads\/2025\/07\/gymnema-sylvestre-extract-1536x864.webp 1536w, https:\/\/bstextract.com\/wp-content\/uploads\/2025\/07\/gymnema-sylvestre-extract-18x10.webp 18w, https:\/\/bstextract.com\/wp-content\/uploads\/2025\/07\/gymnema-sylvestre-extract-600x338.webp 600w, https:\/\/bstextract.com\/wp-content\/uploads\/2025\/07\/gymnema-sylvestre-extract.webp 1920w\" sizes=\"(max-width: 758px) 100vw, 758px\" \/><\/p>\n<p>Seg\u00fan <a href=\"https:\/\/www.webmd.com\/vitamins\/ai\/ingredientmono-841\/gymnema\" target=\"_blank\" rel=\"nofollow noopener\">WebMD<\/a>, <strong>Extracto de Gymnema silvestre<\/strong> tambi\u00e9n puede ayudar a reducir la absorci\u00f3n de az\u00facar en los intestinos, lo que puede favorecer <strong>gesti\u00f3n del peso<\/strong> esfuerzos.<\/p>\n<p>El BSTBIO es un <strong>F\u00e1brica y exportador con certificaci\u00f3n GMP<\/strong> especializada en extractos de plantas desde hace m\u00e1s de 10 a\u00f1os. Nuestra <strong>Extracto de Gymnema Sylvestre<\/strong> se procesa cuidadosamente para garantizar <strong>alta pureza y contenido constante de \u00e1cido gimn\u00e9mico<\/strong>por lo que es una materia prima ideal para <strong>marcas de suplementos, fabricantes de alimentos funcionales y formuladores de productos a base de plantas<\/strong>.<\/p>\n<p>Trabajando directamente con los <strong>fabricante<\/strong>se beneficiar\u00e1 de <strong>precios competitivos, estricto control de calidad y suministro estable<\/strong> para sus necesidades de producci\u00f3n. Nuestro extracto cumple normas internacionales como <strong>Agricultura ecol\u00f3gica USDA, agricultura ecol\u00f3gica UE, HALAL, KOSHER, ISO22000 y HACCP<\/strong>garantizando la calidad y la seguridad para los mercados mundiales.<\/p>\n<h2>Aplicaciones del extracto de Gymnema Sylvestre<\/h2>\n<ul>\n<li><strong>Gesti\u00f3n de la glucemia<\/strong><br \/>\nPopular en nutrac\u00e9uticos y suplementos para la salud destinados a mantener niveles normales de glucosa.<\/li>\n<li><strong>Control del peso y del apetito<\/strong><br \/>\nAyuda a reducir los antojos de az\u00facar, por lo que es ideal para <strong>suplementos para adelgazar<\/strong>.<\/li>\n<li><strong>C\u00e1psulas, comprimidos y polvos<\/strong><br \/>\nF\u00e1cil de integrar en <strong>suplementos diet\u00e9ticos o f\u00f3rmulas a base de plantas<\/strong>.<\/li>\n<li><strong>Bebidas funcionales y alimentos aptos para diab\u00e9ticos<\/strong><br \/>\nSe utiliza como ingrediente herbal natural en t\u00e9s, bebidas saludables y sustitutivos de comidas.<\/li>\n<li><strong>Medicina ayurv\u00e9dica y tradicional<\/strong><br \/>\nConfiada durante siglos como hierba natural para <strong>equilibrio metab\u00f3lico y apoyo al metabolismo del az\u00facar.<\/strong><\/li>\n<\/ul>\n<p>Con nuestro <strong>suministro directo de f\u00e1brica<\/strong>puede crear f\u00e1cilmente <strong>productos acabados de alta calidad<\/strong> que cumplan las normas internacionales.<\/p>","protected":false},"excerpt":{"rendered":"<p><strong>Nombre bot\u00e1nico:<\/strong> <em>Gymnema silvestre<\/em><br \/>\n<strong>Ingrediente activo:<\/strong> \u00c1cido gimn\u00e9mico<br \/>\n<strong>Especificaci\u00f3n:<\/strong> 25% - 75% \u00c1cido gimn\u00e9mico<br \/>\n<strong>Apariencia:<\/strong> Polvo fino amarillo-marr\u00f3n<br \/>\n<strong>Pieza usada:<\/strong> Hoja<br \/>\n<strong>Certificados:<\/strong> KOSHER, HALAL, HACCP, ISO22000, USDA Organic, EU Organic<br \/>\n<strong>Caducidad:<\/strong> 24 meses si se almacena correctamente<\/p>","protected":false},"featured_media":2235,"comment_status":"open","ping_status":"closed","template":"","meta":{"_acf_changed":false},"product_brand":[],"product_cat":[49,21],"product_tag":[],"class_list":{"0":"post-2145","1":"product","2":"type-product","3":"status-publish","4":"has-post-thumbnail","6":"product_cat-hot-product","7":"product_cat-plant-extracts","9":"first","10":"instock","11":"shipping-taxable","12":"product-type-simple"},"acf":[],"_links":{"self":[{"href":"https:\/\/bstextract.com\/es\/wp-json\/wp\/v2\/product\/2145","targetHints":{"allow":["GET"]}}],"collection":[{"href":"https:\/\/bstextract.com\/es\/wp-json\/wp\/v2\/product"}],"about":[{"href":"https:\/\/bstextract.com\/es\/wp-json\/wp\/v2\/types\/product"}],"replies":[{"embeddable":true,"href":"https:\/\/bstextract.com\/es\/wp-json\/wp\/v2\/comments?post=2145"}],"wp:featuredmedia":[{"embeddable":true,"href":"https:\/\/bstextract.com\/es\/wp-json\/wp\/v2\/media\/2235"}],"wp:attachment":[{"href":"https:\/\/bstextract.com\/es\/wp-json\/wp\/v2\/media?parent=2145"}],"wp:term":[{"taxonomy":"product_brand","embeddable":true,"href":"https:\/\/bstextract.com\/es\/wp-json\/wp\/v2\/product_brand?post=2145"},{"taxonomy":"product_cat","embeddable":true,"href":"https:\/\/bstextract.com\/es\/wp-json\/wp\/v2\/product_cat?post=2145"},{"taxonomy":"product_tag","embeddable":true,"href":"https:\/\/bstextract.com\/es\/wp-json\/wp\/v2\/product_tag?post=2145"}],"curies":[{"name":"wp","href":"https:\/\/api.w.org\/{rel}","templated":true}]}}