{"id":2271,"date":"2025-07-18T06:16:58","date_gmt":"2025-07-18T06:16:58","guid":{"rendered":"https:\/\/bstextract.com\/?post_type=product&#038;p=2271"},"modified":"2025-07-18T06:52:15","modified_gmt":"2025-07-18T06:52:15","slug":"extracto-de-raiz-de-kudzu","status":"publish","type":"product","link":"https:\/\/bstextract.com\/es\/producto\/extracto-de-raiz-de-kudzu\/","title":{"rendered":"Extracto de ra\u00edz de kudzu"},"content":{"rendered":"<p><strong>Extracto de ra\u00edz de kudzu<\/strong>tambi\u00e9n conocido como <strong>Extracto de Pueraria Mirifica<\/strong>se deriva de las ra\u00edces del <strong>Pueraria mirifica<\/strong> planta. Este remedio tradicional a base de plantas es muy apreciado por su rico contenido en <strong>isoflavonas<\/strong>que son fitoestr\u00f3genos naturales conocidos por <strong>favorecen el equilibrio hormonal, promueven la salud de la piel y contribuyen a la vitalidad general<\/strong>. Se utiliza ampliamente en <strong>complementos diet\u00e9ticos, f\u00f3rmulas para la salud femenina, cosm\u00e9ticos y productos nutrac\u00e9uticos<\/strong>.<\/p>\n<p>Como <strong>fabricante de confianza<\/strong>, <strong>XI'AN BEST BIO-TECH CO., LTD.<\/strong>, establecida en 2017, se especializa en <strong>extractos vegetales, suplementos diet\u00e9ticos, superalimentos y colorantes alimentarios naturales de primera calidad<\/strong>. Utilizaci\u00f3n de <strong>tecnolog\u00eda avanzada de extracci\u00f3n<\/strong>nos aseguramos de que <strong>Extracto de ra\u00edz de kudzu<\/strong> conserva sus compuestos bioactivos en <strong>altas concentraciones<\/strong>que cumplen las normas mundiales de pureza y potencia.<\/p>\n<h3><strong>Detalles del producto<\/strong><\/h3>\n<ul>\n<li><strong>Nombre del producto:<\/strong> Extracto de ra\u00edz de kudzu<\/li>\n<li><strong>Otros nombres:<\/strong> Extracto de Pueraria Mirifica<\/li>\n<li><strong>Ingrediente activo:<\/strong> Isoflavonas<\/li>\n<li><strong>Apariencia:<\/strong> Polvo marr\u00f3n<\/li>\n<li><strong>Especificaci\u00f3n del producto:<\/strong> 40% - 80% Isoflavonas<\/li>\n<\/ul>\n<h3><strong>Informaci\u00f3n bot\u00e1nica<\/strong><\/h3>\n<ul>\n<li><strong>Nombre bot\u00e1nico:<\/strong> Pueraria mirifica<\/li>\n<li><strong>Nombre com\u00fan:<\/strong> Ra\u00edz de kudzu, kudzu tailand\u00e9s<\/li>\n<li><strong>Familia:<\/strong> Fabaceae<\/li>\n<li><strong>Piezas utilizadas:<\/strong> Ra\u00edz<\/li>\n<\/ul>\n<h3><strong>Antecedentes de la planta y uso tradicional<\/strong><\/h3>\n<p>Pueraria mirifica es originaria de <strong>Tailandia, Myanmar y otras regiones del Sudeste Asi\u00e1tico<\/strong>. Se utiliza desde hace tiempo en <strong>medicina tradicional tailandesa y ayurv\u00e9dica<\/strong> para <strong>bienestar, rejuvenecimiento y mejora de la vitalidad de la mujer<\/strong>. Debido a su <strong>propiedades fitoestrog\u00e9nicas<\/strong>es un ingrediente clave en <strong>productos antienvejecimiento para la piel, suplementos hormonales y productos funcionales para la salud<\/strong>.<\/p>\n<h3><strong>Principios activos y composici\u00f3n<\/strong><\/h3>\n<p>El extracto de ra\u00edz de kudzu est\u00e1 estandarizado para <strong>Isoflavonas<\/strong>que son conocidos por:<br \/>\n\u2705 Soporte <strong>equilibrio hormonal<\/strong> naturalmente<br \/>\n\u2705 Ayudar a mantener <strong>elasticidad de la piel y aspecto juvenil<\/strong><br \/>\n\u2705 Promover <strong>salud \u00f3sea y cardiovascular<\/strong><br \/>\n\u2705 Actuar como <strong>antioxidantes<\/strong> reducir el estr\u00e9s oxidativo<\/p>","protected":false},"excerpt":{"rendered":"<p><strong>Nombre del producto:<\/strong> Extracto de ra\u00edz de kudzu<\/p>\n<p><strong>Otros nombres:<\/strong> Extracto de Pueraria Mirifica<\/p>\n<p><strong>Ingrediente activo:<\/strong> Isoflavonas<\/p>\n<p><strong>Apariencia:<\/strong> Polvo marr\u00f3n<\/p>\n<p><strong>Especificaci\u00f3n del producto:<\/strong> 40% - 80% Isoflavonas<\/p>","protected":false},"featured_media":2273,"comment_status":"open","ping_status":"closed","template":"","meta":{"_acf_changed":false},"product_brand":[],"product_cat":[49,21],"product_tag":[],"class_list":{"0":"post-2271","1":"product","2":"type-product","3":"status-publish","4":"has-post-thumbnail","6":"product_cat-hot-product","7":"product_cat-plant-extracts","9":"first","10":"instock","11":"shipping-taxable","12":"product-type-simple"},"acf":[],"_links":{"self":[{"href":"https:\/\/bstextract.com\/es\/wp-json\/wp\/v2\/product\/2271","targetHints":{"allow":["GET"]}}],"collection":[{"href":"https:\/\/bstextract.com\/es\/wp-json\/wp\/v2\/product"}],"about":[{"href":"https:\/\/bstextract.com\/es\/wp-json\/wp\/v2\/types\/product"}],"replies":[{"embeddable":true,"href":"https:\/\/bstextract.com\/es\/wp-json\/wp\/v2\/comments?post=2271"}],"wp:featuredmedia":[{"embeddable":true,"href":"https:\/\/bstextract.com\/es\/wp-json\/wp\/v2\/media\/2273"}],"wp:attachment":[{"href":"https:\/\/bstextract.com\/es\/wp-json\/wp\/v2\/media?parent=2271"}],"wp:term":[{"taxonomy":"product_brand","embeddable":true,"href":"https:\/\/bstextract.com\/es\/wp-json\/wp\/v2\/product_brand?post=2271"},{"taxonomy":"product_cat","embeddable":true,"href":"https:\/\/bstextract.com\/es\/wp-json\/wp\/v2\/product_cat?post=2271"},{"taxonomy":"product_tag","embeddable":true,"href":"https:\/\/bstextract.com\/es\/wp-json\/wp\/v2\/product_tag?post=2271"}],"curies":[{"name":"wp","href":"https:\/\/api.w.org\/{rel}","templated":true}]}}