{"id":2365,"date":"2025-07-23T02:41:01","date_gmt":"2025-07-23T02:41:01","guid":{"rendered":"https:\/\/bstextract.com\/?post_type=product&#038;p=2365"},"modified":"2025-07-23T02:45:05","modified_gmt":"2025-07-23T02:45:05","slug":"guisante-mariposa-en-polvo","status":"publish","type":"product","link":"https:\/\/bstextract.com\/es\/producto\/guisante-mariposa-en-polvo\/","title":{"rendered":"Guisante mariposa en polvo"},"content":{"rendered":"<p>En <b>BSTBIO<\/b>somos una empresa dedicada <b>proveedor<\/b> de ingredientes naturales innovadores. Ofrecemos este guisante mariposa en polvo de primera calidad, procedente directamente de la <i>Clitoria ternatea<\/i> como una opci\u00f3n excepcional para las marcas que buscan soluciones de ingredientes de etiquetado limpio y visualmente impactantes. Sus propiedades \u00fanicas, sensibles al pH, permiten una transformaci\u00f3n m\u00e1gica del color, de un azul intenso a un violeta intenso, ofreciendo una experiencia interactiva al consumidor final.<\/p>\n<ul>\n<li><b>Color natural vibrante:<\/b> Proporciona un tono azul brillante que cambia naturalmente a morado en entornos \u00e1cidos (por ejemplo, con un chorrito de lim\u00f3n), perfecto para crear bebidas y alimentos \"Instagrammables\".<\/li>\n<li><b>Malla ultrafina 450:<\/b> Como empresa centrada en la calidad <b>fabricante<\/b>, <b>BSTBIO<\/b> garantiza el tama\u00f1o excepcionalmente fino de las part\u00edculas de nuestro polvo para una disoluci\u00f3n r\u00e1pida y sin grumos y una sensaci\u00f3n suave en la boca, ideal para caf\u00e9s con leche, c\u00f3cteles y otras aplicaciones l\u00edquidas.<\/li>\n<li><b>100% Flor pura en polvo:<\/b> Elaborado a partir de un \u00fanico ingrediente-100% flores de guisante mariposa. No contiene aditivos ni colorantes artificiales, por lo que cumple las normas m\u00e1s estrictas sobre productos naturales.<\/li>\n<li><b>Aplicaciones vers\u00e1tiles:<\/b> Un excelente colorante natural para:\n<ul>\n<li>T\u00e9s especiales y \"Blue Lattes<\/li>\n<li>Cocteles y c\u00f3cteles<\/li>\n<li>Pasteler\u00eda (tartas, glaseados) y confiter\u00eda<\/li>\n<li>Yogures, batidos y postres<\/li>\n<\/ul>\n<\/li>\n<li><b>Calidad y seguridad garantizadas por BSTBIO:<\/b> Confianza en un <b>proveedor<\/b> dedicados a la calidad. Cada <b>BSTBIO<\/b> El lote se somete a pruebas completas de metales pesados y contaminantes microbiol\u00f3gicos para garantizar que cumple las normas de seguridad alimentaria.<\/li>\n<\/ul>","protected":false},"excerpt":{"rendered":"<ul>\n<li><b>Colorante natural vibrante:<\/b> 100% polvo puro de <i>Clitoria ternatea<\/i> flores, proporcionando un tono azul brillante y natural.<\/li>\n<li><b>Magia sensible al pH:<\/b> Presenta una asombrosa transformaci\u00f3n de color de azul intenso a p\u00farpura intenso cuando se introduce la acidez.<\/li>\n<li><b>Solubilidad superior:<\/b> La malla ultrafina de 450 garantiza una mezcla instant\u00e1nea y sin grumos en bebidas, caf\u00e9s con leche y alimentos.<\/li>\n<li><b>Elecci\u00f3n de etiqueta limpia:<\/b> El ingrediente perfecto para crear productos totalmente naturales y visualmente atractivos.<\/li>\n<li><b>Calidad de confianza de BSTBIO:<\/b> Su socio de confianza para ingredientes bot\u00e1nicos alimentarios de gran pureza.<\/li>\n<\/ul>","protected":false},"featured_media":2366,"comment_status":"open","ping_status":"closed","template":"","meta":{"_acf_changed":false},"product_brand":[],"product_cat":[21,49],"product_tag":[],"class_list":{"0":"post-2365","1":"product","2":"type-product","3":"status-publish","4":"has-post-thumbnail","6":"product_cat-plant-extracts","7":"product_cat-hot-product","9":"first","10":"instock","11":"shipping-taxable","12":"product-type-simple"},"acf":[],"_links":{"self":[{"href":"https:\/\/bstextract.com\/es\/wp-json\/wp\/v2\/product\/2365","targetHints":{"allow":["GET"]}}],"collection":[{"href":"https:\/\/bstextract.com\/es\/wp-json\/wp\/v2\/product"}],"about":[{"href":"https:\/\/bstextract.com\/es\/wp-json\/wp\/v2\/types\/product"}],"replies":[{"embeddable":true,"href":"https:\/\/bstextract.com\/es\/wp-json\/wp\/v2\/comments?post=2365"}],"wp:featuredmedia":[{"embeddable":true,"href":"https:\/\/bstextract.com\/es\/wp-json\/wp\/v2\/media\/2366"}],"wp:attachment":[{"href":"https:\/\/bstextract.com\/es\/wp-json\/wp\/v2\/media?parent=2365"}],"wp:term":[{"taxonomy":"product_brand","embeddable":true,"href":"https:\/\/bstextract.com\/es\/wp-json\/wp\/v2\/product_brand?post=2365"},{"taxonomy":"product_cat","embeddable":true,"href":"https:\/\/bstextract.com\/es\/wp-json\/wp\/v2\/product_cat?post=2365"},{"taxonomy":"product_tag","embeddable":true,"href":"https:\/\/bstextract.com\/es\/wp-json\/wp\/v2\/product_tag?post=2365"}],"curies":[{"name":"wp","href":"https:\/\/api.w.org\/{rel}","templated":true}]}}