{"id":2548,"date":"2025-08-11T03:24:21","date_gmt":"2025-08-11T03:24:21","guid":{"rendered":"https:\/\/bstextract.com\/?post_type=product&#038;p=2548"},"modified":"2025-08-11T03:24:21","modified_gmt":"2025-08-11T03:24:21","slug":"proveedor-de-inulina-en-polvo","status":"publish","type":"product","link":"https:\/\/bstextract.com\/es\/producto\/proveedor-de-inulina-en-polvo\/","title":{"rendered":"Inulina en polvo"},"content":{"rendered":"<h2><strong><span class=\"selected\">Productos<\/span><\/strong><\/h2>\n<p><span class=\"selected\">Obtenidos a partir de ra\u00edz de achicoria o pataca de primera calidad, nuestros <\/span><strong><span class=\"selected\">Inulina en polvo<\/span><\/strong><span class=\"selected\"> es una fibra prebi\u00f3tica de alta pureza (\u226590%), meticulosamente producida para las industrias mundiales de alimentos, bebidas y suplementos diet\u00e9ticos. Como l\u00edder <\/span><strong><span class=\"selected\">proveedor de inulina en polvo<\/span><\/strong><span class=\"selected\">con el que ofrecemos un ingrediente funcional de etiquetado limpio que sirve como un excelente sustituto del az\u00facar y la grasa, al tiempo que aumenta significativamente el contenido de fibra diet\u00e9tica. Su sabor neutro, ligeramente dulce, y su solubilidad superior lo convierten en una opci\u00f3n vers\u00e1til para los formuladores que buscan mejorar los perfiles nutricionales sin comprometer la textura o el sabor. Tanto si necesita <\/span><strong><span class=\"selected\">inulina de ra\u00edz de achicoria<\/span><\/strong><span class=\"selected\"> por sus propiedades cl\u00e1sicas o <\/span><strong><span class=\"selected\">Inulina de pataca<\/span><\/strong><span class=\"selected\"> para una historia de abastecimiento \u00fanica, somos el socio de fabricaci\u00f3n en el que puede confiar para obtener una calidad constante y un suministro escalable.<\/span><\/p>\n<p><img fetchpriority=\"high\" decoding=\"async\" class=\"aligncenter size-large wp-image-2549\" src=\"https:\/\/bstextract.com\/wp-content\/uploads\/2025\/08\/organic-inulin-raw-materials-1024x496.webp\" alt=\"\" width=\"800\" height=\"388\" title=\"\" srcset=\"https:\/\/bstextract.com\/wp-content\/uploads\/2025\/08\/organic-inulin-raw-materials-1024x496.webp 1024w, https:\/\/bstextract.com\/wp-content\/uploads\/2025\/08\/organic-inulin-raw-materials-300x145.webp 300w, https:\/\/bstextract.com\/wp-content\/uploads\/2025\/08\/organic-inulin-raw-materials-768x372.webp 768w, https:\/\/bstextract.com\/wp-content\/uploads\/2025\/08\/organic-inulin-raw-materials-1536x744.webp 1536w, https:\/\/bstextract.com\/wp-content\/uploads\/2025\/08\/organic-inulin-raw-materials-18x9.webp 18w, https:\/\/bstextract.com\/wp-content\/uploads\/2025\/08\/organic-inulin-raw-materials-600x291.webp 600w, https:\/\/bstextract.com\/wp-content\/uploads\/2025\/08\/organic-inulin-raw-materials.webp 1920w\" sizes=\"(max-width: 800px) 100vw, 800px\" \/><\/p>\n<h2><strong><span class=\"selected\">Especificaciones t\u00e9cnicas<\/span><\/strong><\/h2>\n<table>\n<tbody>\n<tr>\n<th><span class=\"selected\">Par\u00e1metro<\/span><\/th>\n<th><span class=\"selected\">Especificaci\u00f3n<\/span><\/th>\n<\/tr>\n<tr>\n<td><strong><span class=\"selected\">Nombre del producto<\/span><\/strong><\/td>\n<td><span class=\"selected\">Inulina en polvo<\/span><\/td>\n<\/tr>\n<tr>\n<td><strong><span class=\"selected\">Principio activo<\/span><\/strong><\/td>\n<td><span class=\"selected\">Inulina (fructano)<\/span><\/td>\n<\/tr>\n<tr>\n<td><strong><span class=\"selected\">Especificaci\u00f3n<\/span><\/strong><\/td>\n<td><span class=\"selected\">\u226590%<\/span><\/td>\n<\/tr>\n<tr>\n<td><strong><span class=\"selected\">N\u00ba CAS<\/span><\/strong><\/td>\n<td><span class=\"selected\">9005-80-5<\/span><\/td>\n<\/tr>\n<tr>\n<td><strong><span class=\"selected\">Apariencia<\/span><\/strong><\/td>\n<td><span class=\"selected\">Polvo blanco fino<\/span><\/td>\n<\/tr>\n<tr>\n<td><strong><span class=\"selected\">Fuente<\/span><\/strong><\/td>\n<td><span class=\"selected\">Ra\u00edz de achicoria (<\/span><em><span class=\"selected\">Cichorium intybus<\/span><\/em><span class=\"selected\">) \/ alcachofa de Jerusal\u00e9n (<\/span><em><span class=\"selected\">Helianthus tuberosus<\/span><\/em><span class=\"selected\">)<\/span><\/td>\n<\/tr>\n<tr>\n<td><strong><span class=\"selected\">M\u00e9todo de ensayo<\/span><\/strong><\/td>\n<td><span class=\"selected\">HPLC (cromatograf\u00eda l\u00edquida de alto rendimiento)<\/span><\/td>\n<\/tr>\n<tr>\n<td><strong><span class=\"selected\">Solubilidad<\/span><\/strong><\/td>\n<td><span class=\"selected\">Muy soluble en agua caliente, forma una dispersi\u00f3n estable en agua fr\u00eda.<\/span><\/td>\n<\/tr>\n<tr>\n<td><strong><span class=\"selected\">Luz de malla<\/span><\/strong><\/td>\n<td><span class=\"selected\">95% paso 80 Malla<\/span><\/td>\n<\/tr>\n<\/tbody>\n<\/table>\n<h2><strong><span class=\"selected\">\u00bfPor qu\u00e9 asociarse con nosotros?<\/span><\/strong><\/h2>\n<p><span class=\"selected\">Como <\/span><strong><span class=\"selected\">fabricante de inulina en polvo<\/span><\/strong><span class=\"selected\">Le ofrecemos algo m\u00e1s que un producto: le proporcionamos una asociaci\u00f3n basada en la calidad, la fiabilidad y la asistencia t\u00e9cnica.<\/span><\/p>\n<table>\n<tbody>\n<tr>\n<th><span class=\"selected\">Caracter\u00edstica<\/span><\/th>\n<th><span class=\"selected\">Su ventaja<\/span><\/th>\n<\/tr>\n<tr>\n<td><strong><span class=\"selected\">Alta pureza (\u226590%)<\/span><\/strong><\/td>\n<td><span class=\"selected\">Garantiza un rendimiento constante en sus formulaciones, desde la reducci\u00f3n de az\u00facares hasta el enriquecimiento en fibra.<\/span><\/td>\n<\/tr>\n<tr>\n<td><strong><span class=\"selected\">Opciones de doble fuente<\/span><\/strong><\/td>\n<td><span class=\"selected\">Elija entre la ra\u00edz de achicoria est\u00e1ndar del sector o la pataca alternativa para garantizar la resistencia de la cadena de suministro.<\/span><\/td>\n<\/tr>\n<tr>\n<td><strong><span class=\"selected\">Funcionalidad superior<\/span><\/strong><\/td>\n<td><span class=\"selected\">Act\u00faa como edulcorante bajo en calor\u00edas, mim\u00e9tico de la grasa y potenciador de la textura, permitiendo el desarrollo de productos de etiquetado limpio.<\/span><\/td>\n<\/tr>\n<tr>\n<td><strong><span class=\"selected\">Producci\u00f3n a gran escala<\/span><\/strong><\/td>\n<td><span class=\"selected\">Nuestras modernas instalaciones garantizan que podamos satisfacer sus demandas de suministro a granel sin interrupciones.<\/span><\/td>\n<\/tr>\n<tr>\n<td><strong><span class=\"selected\">Documentaci\u00f3n completa<\/span><\/strong><\/td>\n<td><span class=\"selected\">Cada lote va acompa\u00f1ado de un certificado de an\u00e1lisis (COA), una ficha t\u00e9cnica (TDS) y una declaraci\u00f3n de al\u00e9rgenos.<\/span><\/td>\n<\/tr>\n<tr>\n<td><strong><span class=\"selected\">Asistencia experta<\/span><\/strong><\/td>\n<td><span class=\"selected\">Nuestro equipo de cient\u00edficos alimentarios est\u00e1 a su disposici\u00f3n para ayudarle a integrar nuestra inulina en sus aplicaciones espec\u00edficas.<\/span><\/td>\n<\/tr>\n<\/tbody>\n<\/table>\n<p>&nbsp;<\/p>\n<h2><strong><span class=\"selected\">Principales \u00e1mbitos de aplicaci\u00f3n<\/span><\/strong><\/h2>\n<p><span class=\"selected\">Nuestra vers\u00e1til inulina es ideal <\/span><strong><span class=\"selected\">fibra prebi\u00f3tica de inulina<\/span><\/strong><span class=\"selected\"> para una amplia gama de aplicaciones B2B:<\/span><\/p>\n<ul>\n<li><strong><span class=\"selected\">Suplementos diet\u00e9ticos:<\/span><\/strong><span class=\"selected\"> El ingrediente perfecto para c\u00e1psulas de salud digestiva, mezclas en polvo y f\u00f3rmulas sinbi\u00f3ticas.<\/span><\/li>\n<li><strong><span class=\"selected\">Comida y bebida:<\/span><\/strong><span class=\"selected\"> Ampliamente utilizado en yogures, helados, productos horneados, cereales y bebidas para reducir el az\u00facar y enriquecer la fibra.<\/span><\/li>\n<li><strong><span class=\"selected\">Alimentos funcionales:<\/span><\/strong><span class=\"selected\"> Ideal para crear barritas, batidos y sustitutivos de comidas ricos en fibra y bajos en calor\u00edas.<\/span><\/li>\n<li><strong><span class=\"selected\">Nutrici\u00f3n infantil:<\/span><\/strong><span class=\"selected\"> Una fuente fiable de fibra prebi\u00f3tica para aplicaciones en preparados para lactantes.<\/span><\/li>\n<li><strong><span class=\"selected\">Comida para mascotas:<\/span><\/strong><span class=\"selected\"> Mejora la comida y las golosinas de las mascotas con beneficios para la salud digestiva.<\/span><\/li>\n<\/ul>\n<h2><strong><span class=\"selected\">Calidad y conformidad<\/span><\/strong><\/h2>\n<p><span class=\"selected\">La calidad es la piedra angular de nuestro proceso de fabricaci\u00f3n. Garantizamos que nuestra inulina cumple las normas internacionales m\u00e1s estrictas, lo que le permite formular con confianza.<\/span><\/p>\n<ul>\n<li><strong><span class=\"selected\">Certificaciones:<\/span><\/strong><span class=\"selected\"> Nuestras instalaciones cuentan con las certificaciones GMP, ISO22000, HALAL y KOSHER.<\/span><\/li>\n<li><strong><span class=\"selected\">Grados org\u00e1nicos:<\/span><\/strong><span class=\"selected\"> Ofrecemos <\/span><strong><span class=\"selected\">inulina org\u00e1nica en polvo<\/span><\/strong><span class=\"selected\"> certificado conforme a la normativa del USDA y de la UE.<\/span><\/li>\n<li><strong><span class=\"selected\">Documentaci\u00f3n:<\/span><\/strong><span class=\"selected\"> Si lo desea, puede solicitar un Certificado de An\u00e1lisis (COA) completo, una hoja de especificaciones y declaraciones de ausencia de al\u00e9rgenos y de OMG.<\/span><\/li>\n<\/ul>\n<h2><strong><span class=\"selected\">Embalaje y log\u00edstica global<\/span><\/strong><\/h2>\n<p><span class=\"selected\">Nos aseguramos de que nuestro producto le llegue de forma segura y eficaz, independientemente de d\u00f3nde se encuentre su planta de producci\u00f3n.<\/span><\/p>\n<ul>\n<li><strong><span class=\"selected\">Embalaje est\u00e1ndar:<\/span><\/strong><span class=\"selected\"> 25 kg de peso neto, envasados en una bolsa multicapa de papel y pl\u00e1stico de calidad alimentaria con un forro interior de PE para garantizar la integridad del producto.<\/span><\/li>\n<li><strong><span class=\"selected\">Cantidad m\u00ednima de pedido (MOQ):<\/span><\/strong><span class=\"selected\"> 25 kg.<\/span><\/li>\n<li><strong><span class=\"selected\">Almacenamiento:<\/span><\/strong><span class=\"selected\"> Conservar en un lugar fresco, seco y oscuro, alejado de olores fuertes.<\/span><\/li>\n<li><strong><span class=\"selected\">Caducidad:<\/span><\/strong><span class=\"selected\"> 24 meses a partir de la fecha de fabricaci\u00f3n si se conserva correctamente.<\/span><\/li>\n<li><strong><span class=\"selected\">Plazo de entrega:<\/span><\/strong>\n<ul>\n<li><span class=\"selected\">Pedidos de stock (&lt;500kg): 3-5 d\u00edas laborables.<\/span><\/li>\n<li><span class=\"selected\">Pedidos a granel (&gt;500kg): 15-20 d\u00edas laborables.<\/span><\/li>\n<\/ul>\n<\/li>\n<\/ul>\n<h2><strong><span class=\"selected\">Preguntas m\u00e1s frecuentes (FAQ)<\/span><\/strong><\/h2>\n<p><strong><span class=\"selected\">P1: \u00bfOfrecen muestras gratuitas?<\/span><\/strong><\/p>\n<p><span class=\"selected\">R: S\u00ed, ofrecemos una muestra gratuita de 100g-200g para I+D y evaluaci\u00f3n de la calidad. P\u00f3ngase en contacto con nuestro equipo de ventas con sus datos de env\u00edo.<\/span><\/p>\n<p><strong><span class=\"selected\">P2: \u00bfCu\u00e1l es la diferencia entre la inulina de la ra\u00edz de achicoria y la de la pataca?<\/span><\/strong><\/p>\n<p><span class=\"selected\">R: Ambos tienen propiedades funcionales y niveles de pureza casi id\u00e9nticos (\u226590%). La principal diferencia es la fuente bot\u00e1nica, que puede ser un punto clave de marketing para determinados grupos demogr\u00e1ficos de consumidores. Nuestro equipo puede ayudarle a decidir cu\u00e1l es el mejor para su l\u00ednea de productos.<\/span><\/p>\n<p><strong><span class=\"selected\">P3: \u00bfSu polvo de inulina no contiene al\u00e9rgenos?<\/span><\/strong><\/p>\n<p><span class=\"selected\">R: S\u00ed, nuestra inulina se produce en una instalaci\u00f3n especializada y no contiene al\u00e9rgenos comunes, como gluten, soja, productos l\u00e1cteos y frutos secos. Hay disponible una declaraci\u00f3n de al\u00e9rgenos.<\/span><\/p>\n<p><strong><span class=\"selected\">P4: \u00bfCu\u00e1l es el precio y su validez?<\/span><\/strong><\/p>\n<p><span class=\"selected\">R: Como <\/span><strong><span class=\"selected\">venta al por mayor<\/span><\/strong><span class=\"selected\"> proveedor, el precio depende del volumen. Solicite un presupuesto formal, que suele tener una validez de 15 d\u00edas.<\/span><\/p>\n<p><strong><span class=\"selected\">\u00bfEst\u00e1 listo para mejorar su formulaci\u00f3n? P\u00f3ngase en contacto con nosotros hoy mismo para solicitar un presupuesto o una muestra gratuita de nuestra inulina en polvo de gran pureza.<\/span><\/strong><\/p>","protected":false},"excerpt":{"rendered":"<ul>\n<li><strong><span class=\"selected\">Especificaci\u00f3n:<\/span><\/strong><span class=\"selected\"> \u226590%<\/span><\/li>\n<li><strong><span class=\"selected\">N\u00ba CAS<\/span><\/strong><span class=\"selected\"> 9005-80-5<\/span><\/li>\n<li><strong><span class=\"selected\">Apariencia:<\/span><\/strong><span class=\"selected\"> Polvo blanco fino<\/span><\/li>\n<li><strong><span class=\"selected\">Fuente:<\/span><\/strong><span class=\"selected\"> Ra\u00edz de achicoria (<\/span><em><span class=\"selected\">Cichorium intybus<\/span><\/em><span class=\"selected\">) \/ alcachofa de Jerusal\u00e9n (<\/span><em><span class=\"selected\">Helianthus tuberosus<\/span><\/em><span class=\"selected\">)<\/span><\/li>\n<li><strong><span class=\"selected\">M\u00e9todo de prueba:<\/span><\/strong><span class=\"selected\"> HPLC (cromatograf\u00eda l\u00edquida de alto rendimiento)<\/span><\/li>\n<li><strong><span class=\"selected\">Solubilidad:<\/span><\/strong><span class=\"selected\"> Muy soluble en agua caliente, forma una dispersi\u00f3n estable en agua fr\u00eda.<\/span><\/li>\n<li><strong><span class=\"selected\">Luz de malla:<\/span><\/strong><span class=\"selected\"> 95% paso 80 Malla<\/span><\/li>\n<\/ul>","protected":false},"featured_media":2550,"comment_status":"open","ping_status":"closed","template":"","meta":{"_acf_changed":false},"product_brand":[],"product_cat":[21],"product_tag":[],"class_list":{"0":"post-2548","1":"product","2":"type-product","3":"status-publish","4":"has-post-thumbnail","6":"product_cat-plant-extracts","8":"first","9":"instock","10":"shipping-taxable","11":"product-type-simple"},"acf":[],"_links":{"self":[{"href":"https:\/\/bstextract.com\/es\/wp-json\/wp\/v2\/product\/2548","targetHints":{"allow":["GET"]}}],"collection":[{"href":"https:\/\/bstextract.com\/es\/wp-json\/wp\/v2\/product"}],"about":[{"href":"https:\/\/bstextract.com\/es\/wp-json\/wp\/v2\/types\/product"}],"replies":[{"embeddable":true,"href":"https:\/\/bstextract.com\/es\/wp-json\/wp\/v2\/comments?post=2548"}],"wp:featuredmedia":[{"embeddable":true,"href":"https:\/\/bstextract.com\/es\/wp-json\/wp\/v2\/media\/2550"}],"wp:attachment":[{"href":"https:\/\/bstextract.com\/es\/wp-json\/wp\/v2\/media?parent=2548"}],"wp:term":[{"taxonomy":"product_brand","embeddable":true,"href":"https:\/\/bstextract.com\/es\/wp-json\/wp\/v2\/product_brand?post=2548"},{"taxonomy":"product_cat","embeddable":true,"href":"https:\/\/bstextract.com\/es\/wp-json\/wp\/v2\/product_cat?post=2548"},{"taxonomy":"product_tag","embeddable":true,"href":"https:\/\/bstextract.com\/es\/wp-json\/wp\/v2\/product_tag?post=2548"}],"curies":[{"name":"wp","href":"https:\/\/api.w.org\/{rel}","templated":true}]}}