{"id":2645,"date":"2025-08-20T07:15:56","date_gmt":"2025-08-20T07:15:56","guid":{"rendered":"https:\/\/bstextract.com\/?post_type=product&#038;p=2645"},"modified":"2025-08-20T07:15:56","modified_gmt":"2025-08-20T07:15:56","slug":"dihidromiricetina-98-hplc-polvo","status":"publish","type":"product","link":"https:\/\/bstextract.com\/es\/producto\/dihidromiricetina-98-hplc-polvo\/","title":{"rendered":"Dihidromiricetina 98% Polvo"},"content":{"rendered":"<h2><strong><span class=\"selected\">Productos<\/span><\/strong><\/h2>\n<p><span class=\"selected\">La dihidromiricetina (DHM), tambi\u00e9n conocida como Ampelopsina, es un potente flavonoide extra\u00eddo de las hojas y tallos de la planta del T\u00e9 de Vid (<\/span><em><span class=\"selected\">Ampelopsis grossedentata<\/span><\/em><span class=\"selected\">). Como ingrediente clave, es muy valorado en el desarrollo de suplementos diet\u00e9ticos y bebidas funcionales de primera calidad, en particular los formulados para el apoyo a la salud hep\u00e1tica y la recuperaci\u00f3n post-alcohol. Nuestro DHM se purifica a un m\u00ednimo garantizado de 98% por HPLC, asegurando la m\u00e1xima potencia, consistencia lote a lote, y un rendimiento superior en su formulaci\u00f3n.<\/span><\/p>\n<p><strong><span class=\"selected\">Ventajas clave:<\/span><\/strong><\/p>\n<ul>\n<li><strong><span class=\"selected\">Pureza garantizada \u226598,0% por HPLC:<\/span><\/strong><span class=\"selected\"> Verificado por un m\u00e9todo anal\u00edtico altamente espec\u00edfico y preciso para una dosificaci\u00f3n fiable.<\/span><\/li>\n<li><strong><span class=\"selected\">Abastecimiento directo del fabricante:<\/span><\/strong><span class=\"selected\"> Procedente directamente de la <\/span><strong><span class=\"selected\">fabricante original<\/span><\/strong><span class=\"selected\"> para una trazabilidad completa y una cadena de suministro transparente.<\/span><\/li>\n<li><strong><span class=\"selected\">Propiedades de formulaci\u00f3n superiores:<\/span><\/strong><span class=\"selected\"> Excelente solubilidad y fluidez para aplicaciones diversas y exigentes.<\/span><\/li>\n<li><strong><span class=\"selected\">Calidad constante de los lotes:<\/span><\/strong><span class=\"selected\"> Producido en nuestra f\u00e1brica <\/span><strong><span class=\"selected\">f\u00e1brica<\/span><\/strong><span class=\"selected\"> para garantizar un material fiable y de alta calidad en cada pedido.<\/span><\/li>\n<li><strong><span class=\"selected\">Suministro mundial fiable:<\/span><\/strong><span class=\"selected\"> Como empresa global con experiencia <\/span><strong><span class=\"selected\">proveedor<\/span><\/strong><span class=\"selected\">Mantenemos un stock estable para satisfacer sus demandas de producci\u00f3n a granel.<\/span><\/li>\n<\/ul>\n<h2><strong><span class=\"selected\">Principales par\u00e1metros t\u00e9cnicos<\/span><\/strong><\/h2>\n<table>\n<tbody>\n<tr>\n<th><span class=\"selected\">Par\u00e1metro<\/span><\/th>\n<th><span class=\"selected\">Especificaci\u00f3n<\/span><\/th>\n<\/tr>\n<tr>\n<td><strong><span class=\"selected\">Principio activo<\/span><\/strong><\/td>\n<td><span class=\"selected\">Dihidromiricetina (DHM, Ampelopsina)<\/span><\/td>\n<\/tr>\n<tr>\n<td><strong><span class=\"selected\">Especificaci\u00f3n<\/span><\/strong><\/td>\n<td><strong><span class=\"selected\">\u226598.0% (M\u00e9todo: HPLC)<\/span><\/strong><span class=\"selected\"> \/ Tambi\u00e9n disponible en 40%<\/span><\/td>\n<\/tr>\n<tr>\n<td><strong><span class=\"selected\">N\u00famero CAS<\/span><\/strong><\/td>\n<td><span class=\"selected\">27200-12-0<\/span><\/td>\n<\/tr>\n<tr>\n<td><strong><span class=\"selected\">Fuente<\/span><\/strong><\/td>\n<td><em><span class=\"selected\">Ampelopsis grossedentata<\/span><\/em><span class=\"selected\"> (T\u00e9 de vid) Hoja y tallo<\/span><\/td>\n<\/tr>\n<tr>\n<td><strong><span class=\"selected\">Apariencia<\/span><\/strong><\/td>\n<td><span class=\"selected\">Polvo fino entre blanco y amarillo claro<\/span><\/td>\n<\/tr>\n<tr>\n<td><strong><span class=\"selected\">Tama\u00f1o de las part\u00edculas<\/span><\/strong><\/td>\n<td><span class=\"selected\">95% Paso 80 Malla<\/span><\/td>\n<\/tr>\n<tr>\n<td><strong><span class=\"selected\">Solubilidad<\/span><\/strong><\/td>\n<td><span class=\"selected\">Soluble en etanol, propilenglicol; ligeramente soluble en agua caliente<\/span><\/td>\n<\/tr>\n<tr>\n<td><strong><span class=\"selected\">Contenido de ceniza<\/span><\/strong><\/td>\n<td><span class=\"selected\">\u22641.0%<\/span><\/td>\n<\/tr>\n<tr>\n<td><strong><span class=\"selected\">P\u00e9rdida por secado<\/span><\/strong><\/td>\n<td><strong><span class=\"selected\">\u22642.0%<\/span><\/strong><\/td>\n<\/tr>\n<tr>\n<td><strong><span class=\"selected\">Metales pesados<\/span><\/strong><\/td>\n<td><span class=\"selected\">\u226410 ppm<\/span><\/td>\n<\/tr>\n<tr>\n<td><strong><span class=\"selected\">Plomo (Pb)<\/span><\/strong><\/td>\n<td><span class=\"selected\">\u22641 ppm<\/span><\/td>\n<\/tr>\n<tr>\n<td><strong><span class=\"selected\">Ars\u00e9nico (As)<\/span><\/strong><\/td>\n<td><span class=\"selected\">\u22641 ppm<\/span><\/td>\n<\/tr>\n<tr>\n<td><strong><span class=\"selected\">Mercurio (Hg)<\/span><\/strong><\/td>\n<td><span class=\"selected\">\u22640,5 ppm<\/span><\/td>\n<\/tr>\n<tr>\n<td><strong><span class=\"selected\">Cadmio (Cd)<\/span><\/strong><\/td>\n<td><span class=\"selected\">\u22641 ppm<\/span><\/td>\n<\/tr>\n<tr>\n<td><strong><span class=\"selected\">Microbiolog\u00eda<\/span><\/strong><\/td>\n<td><\/td>\n<\/tr>\n<tr>\n<td><span class=\"selected\">- Recuento total de placas<\/span><\/td>\n<td><span class=\"selected\">\u22641000 ufc\/g<\/span><\/td>\n<\/tr>\n<tr>\n<td><span class=\"selected\">- Levaduras y moho<\/span><\/td>\n<td><span class=\"selected\">\u2264100 ufc\/g<\/span><\/td>\n<\/tr>\n<tr>\n<td><span class=\"selected\">- E. Coli<\/span><\/td>\n<td><span class=\"selected\">Negativo<\/span><\/td>\n<\/tr>\n<tr>\n<td><span class=\"selected\">- Salmonela<\/span><\/td>\n<td><span class=\"selected\">Negativo<\/span><\/td>\n<\/tr>\n<tr>\n<td><strong><span class=\"selected\">Residuo de disolvente<\/span><\/strong><\/td>\n<td><span class=\"selected\">Conforme a USP<\/span><\/td>\n<\/tr>\n<tr>\n<td><strong><span class=\"selected\">Embalaje<\/span><\/strong><\/td>\n<td><span class=\"selected\">1 kg\/saco, 25 kg\/bid\u00f3n. Embalaje personalizado disponible.<\/span><\/td>\n<\/tr>\n<tr>\n<td><strong><span class=\"selected\">Informaci\u00f3n<\/span><\/strong><\/td>\n<td><span class=\"selected\">Cantidades a granel disponibles directamente en nuestra <\/span><strong><span class=\"selected\">f\u00e1brica<\/span><\/strong><span class=\"selected\">.<\/span><\/td>\n<\/tr>\n<\/tbody>\n<\/table>\n<h2><strong><span class=\"selected\">Control de calidad y documentaci\u00f3n<\/span><\/strong><\/h2>\n<p><span class=\"selected\">La calidad es la piedra angular de nuestro proceso de fabricaci\u00f3n. Nuestro m\u00e9todo anal\u00edtico es un procedimiento de cromatograf\u00eda l\u00edquida de alto rendimiento (HPLC) totalmente validado, que garantiza una cuantificaci\u00f3n precisa y espec\u00edfica de la dihidromiricetina, libre de interferencias de otros compuestos vegetales. Proporcionamos un conjunto completo de documentos para apoyar a sus equipos de control de calidad y regulaci\u00f3n.<\/span><\/p>\n<p><strong><span class=\"selected\">Documentos disponibles:<\/span><\/strong><\/p>\n<ul>\n<li><span class=\"selected\"><a href=\"https:\/\/bstextract.com\/wp-content\/uploads\/2025\/08\/Dihydromyricetin-COA.pdf\">Certificado de an\u00e1lisis (COA)<\/a> espec\u00edficos de cada lote<\/span><\/li>\n<li><span class=\"selected\">Ficha de datos de seguridad (FDS)<\/span><\/li>\n<li><span class=\"selected\">Declaraci\u00f3n de al\u00e9rgenos<\/span><\/li>\n<li><span class=\"selected\">Declaraci\u00f3n de no OGM<\/span><\/li>\n<li><span class=\"selected\">Diagrama de flujo de fabricaci\u00f3n<\/span><\/li>\n<\/ul>\n<h2><strong><span class=\"selected\">Aplicaciones y formulaci\u00f3n<\/span><\/strong><\/h2>\n<p><span class=\"selected\">Nuestro polvo de dihidromiricetina 98% est\u00e1 dise\u00f1ado para integrarse perfectamente en diversos sistemas de administraci\u00f3n.<\/span><\/p>\n<ul>\n<li><strong><span class=\"selected\">Suplementos diet\u00e9ticos:<\/span><\/strong>\n<ul>\n<li><strong><span class=\"selected\">C\u00e1psulas\/Tabletas:<\/span><\/strong><span class=\"selected\"> La excelente fluidez del material y la distribuci\u00f3n estable del tama\u00f1o de las part\u00edculas lo hacen ideal para la compresi\u00f3n directa y la encapsulaci\u00f3n a alta velocidad, garantizando un llenado uniforme y una dosificaci\u00f3n constante. <\/span><strong><span class=\"selected\">Recomendamos una dosis de 100-300 mg por toma.<\/span><\/strong><\/li>\n<\/ul>\n<\/li>\n<li><strong><span class=\"selected\">Bebidas funcionales:<\/span><\/strong>\n<ul>\n<li><strong><span class=\"selected\">Listas para beber (RTD) y chupitos:<\/span><\/strong><span class=\"selected\"> Aunque es ligeramente soluble en agua, la solubilidad del DHM aumenta significativamente en sistemas co-solventes. Recomendamos utilizar disolventes de grado alimentario como la glicerina o el propilenglicol para conseguir claridad y estabilidad en las formulaciones l\u00edquidas.<\/span><\/li>\n<\/ul>\n<\/li>\n<li><strong><span class=\"selected\">Consejos de formulaci\u00f3n:<\/span><\/strong>\n<ul>\n<li><strong><span class=\"selected\">Perfil gustativo:<\/span><\/strong><span class=\"selected\"> El DHM puede conferir un ligero amargor caracter\u00edstico a concentraciones m\u00e1s elevadas. Los agentes enmascaradores de sabor est\u00e1ndar pueden utilizarse eficazmente para crear un producto final apetecible.<\/span><\/li>\n<li><strong><span class=\"selected\">Estabilidad del pH:<\/span><\/strong><span class=\"selected\"> Para una estabilidad \u00f3ptima en sistemas l\u00edquidos, recomendamos mantener el pH de la formulaci\u00f3n entre 4,0 y 6,5.<\/span><\/li>\n<\/ul>\n<\/li>\n<\/ul>\n<h2><strong><span class=\"selected\">Estabilidad y almacenamiento<\/span><\/strong><\/h2>\n<ul>\n<li><strong><span class=\"selected\">Caducidad:<\/span><\/strong><span class=\"selected\"> 24 meses a partir de la fecha de fabricaci\u00f3n si se almacena en las condiciones recomendadas.<\/span><\/li>\n<li><strong><span class=\"selected\">Condiciones de almacenamiento:<\/span><\/strong><span class=\"selected\"> Conservar en lugar fresco y seco (menos de 25\u00b0C) en su envase original cerrado herm\u00e9ticamente. Proteger de la luz solar directa, el calor y la humedad para preservar la potencia y la calidad.<\/span><\/li>\n<\/ul>\n<h2><strong><span class=\"selected\">Seguridad e informaci\u00f3n reglamentaria<\/span><\/strong><\/h2>\n<p><span class=\"selected\">Este producto est\u00e1 destinado a ser utilizado como ingrediente en suplementos diet\u00e9ticos y alimentos funcionales. Como l\u00edder <\/span><strong><span class=\"selected\">exportador<\/span><\/strong><span class=\"selected\">proporcionamos la documentaci\u00f3n necesaria para el despacho de importaci\u00f3n. Es responsabilidad de nuestros clientes asegurarse de que el uso de este ingrediente y la comercializaci\u00f3n del producto final cumplen todas las normativas locales y regionales aplicables.<\/span><\/p>\n<h3><strong><span class=\"selected\">Preguntas m\u00e1s frecuentes (FAQ)<\/span><\/strong><\/h3>\n<p><strong><span class=\"selected\">P: \u00bfEs usted el fabricante directo de este DHM?<\/span><\/strong><\/p>\n<p><span class=\"selected\">R: S\u00ed, somos el <\/span><strong><span class=\"selected\">fabricante y exportador original<\/span><\/strong><span class=\"selected\">. Controlamos toda la cadena de suministro, desde el abastecimiento y la extracci\u00f3n de materias primas hasta la purificaci\u00f3n final, lo que garantiza una trazabilidad total y una calidad constante.<\/span><\/p>\n<p><strong><span class=\"selected\">P: \u00bfPuedo obtener una muestra para probarla en mi formulaci\u00f3n?<\/span><\/strong><\/p>\n<p><span class=\"selected\">R: Por supuesto. Le animamos a realizar pruebas de I+D para validar el rendimiento en su matriz espec\u00edfica. Utilice el bot\u00f3n \"Solicitar una muestra\" o p\u00f3ngase en contacto con nuestro equipo de ventas para organizar un env\u00edo.<\/span><\/p>\n<p><strong><span class=\"selected\">P: \u00bfCu\u00e1l es la cantidad m\u00ednima de pedido?<\/span><\/strong><\/p>\n<p><span class=\"selected\">R: Nuestro MOQ est\u00e1ndar es de 25 kg para pedidos a granel. Sin embargo, somos flexibles y podemos discutir pedidos de prueba m\u00e1s peque\u00f1os para la evaluaci\u00f3n de I + D. P\u00f3ngase en contacto con nosotros para obtener un presupuesto personalizado.<\/span><\/p>\n<p><strong><span class=\"selected\">P: \u00bfProporcionan un informe de laboratorio de terceros?<\/span><\/strong><\/p>\n<p><span class=\"selected\">R: S\u00ed, previa solicitud, podemos proporcionar informes anal\u00edticos de terceros para verificar la pureza, el contenido de metales pesados y la seguridad microbiol\u00f3gica de nuestro DHM.<\/span><\/p>\n<h3><strong><span class=\"selected\">Solicite un presupuesto o una muestra<\/span><\/strong><\/h3>\n<p><span class=\"selected\">\u00bfEst\u00e1 listo para mejorar su formulaci\u00f3n con dihidromiricetina de gran pureza? P\u00f3ngase en contacto con nosotros hoy mismo para solicitar una muestra, recibir un presupuesto sin compromiso o descargar nuestra ficha t\u00e9cnica.<\/span><\/p>","protected":false},"excerpt":{"rendered":"<ul>\n<li><strong><span class=\"selected\">Dihidromiricetina (DHM) en polvo \u2265 98% (HPLC)<\/span><\/strong><\/li>\n<li><span class=\"selected\">Extra\u00eddo de la prima <\/span><em><span class=\"selected\">Ampelopsis grossedentata<\/span><\/em><span class=\"selected\"> (T\u00e9 de vid).<\/span><\/li>\n<li><span class=\"selected\">Polvo fino, entre blanco y amarillo claro.<\/span><\/li>\n<li><span class=\"selected\">Ideal para suplementos diet\u00e9ticos, bebidas funcionales y f\u00f3rmulas de recuperaci\u00f3n post-alcohol.<\/span><\/li>\n<li><span class=\"selected\">Presenta alta pureza, consistencia de lote superior y excelentes propiedades f\u00edsicas para la fabricaci\u00f3n.<\/span><\/li>\n<\/ul>","protected":false},"featured_media":2648,"comment_status":"open","ping_status":"closed","template":"","meta":{"_acf_changed":false},"product_brand":[],"product_cat":[21],"product_tag":[],"class_list":{"0":"post-2645","1":"product","2":"type-product","3":"status-publish","4":"has-post-thumbnail","6":"product_cat-plant-extracts","8":"first","9":"instock","10":"shipping-taxable","11":"product-type-simple"},"acf":[],"_links":{"self":[{"href":"https:\/\/bstextract.com\/es\/wp-json\/wp\/v2\/product\/2645","targetHints":{"allow":["GET"]}}],"collection":[{"href":"https:\/\/bstextract.com\/es\/wp-json\/wp\/v2\/product"}],"about":[{"href":"https:\/\/bstextract.com\/es\/wp-json\/wp\/v2\/types\/product"}],"replies":[{"embeddable":true,"href":"https:\/\/bstextract.com\/es\/wp-json\/wp\/v2\/comments?post=2645"}],"wp:featuredmedia":[{"embeddable":true,"href":"https:\/\/bstextract.com\/es\/wp-json\/wp\/v2\/media\/2648"}],"wp:attachment":[{"href":"https:\/\/bstextract.com\/es\/wp-json\/wp\/v2\/media?parent=2645"}],"wp:term":[{"taxonomy":"product_brand","embeddable":true,"href":"https:\/\/bstextract.com\/es\/wp-json\/wp\/v2\/product_brand?post=2645"},{"taxonomy":"product_cat","embeddable":true,"href":"https:\/\/bstextract.com\/es\/wp-json\/wp\/v2\/product_cat?post=2645"},{"taxonomy":"product_tag","embeddable":true,"href":"https:\/\/bstextract.com\/es\/wp-json\/wp\/v2\/product_tag?post=2645"}],"curies":[{"name":"wp","href":"https:\/\/api.w.org\/{rel}","templated":true}]}}