{"id":2695,"date":"2025-08-22T07:07:54","date_gmt":"2025-08-22T07:07:54","guid":{"rendered":"https:\/\/bstextract.com\/?post_type=product&#038;p=2695"},"modified":"2025-08-22T07:07:54","modified_gmt":"2025-08-22T07:07:54","slug":"glucomanano-proveedor-de-goma-konjac-en-polvo","status":"publish","type":"product","link":"https:\/\/bstextract.com\/es\/producto\/glucomanano-proveedor-de-goma-konjac-en-polvo\/","title":{"rendered":"Glucomanano en polvo"},"content":{"rendered":"<p><span class=\"selected\">Glucomanano en polvo, derivado de la ra\u00edz del <\/span><strong><span class=\"selected\">Amorphophallus konjac<\/span><\/strong><span class=\"selected\"> es una fibra diet\u00e9tica hidrosoluble de primera calidad. Ampliamente reconocida por sus excepcionales capacidades gelificantes y espesantes, sirve como un vers\u00e1til hidrocoloide en formulaciones de alimentos, bebidas y suplementos diet\u00e9ticos. Nuestro compromiso con un riguroso control de calidad y la excelencia t\u00e9cnica garantizan un producto que ofrece un rendimiento constante y fiable para sus aplicaciones m\u00e1s exigentes.<\/span><\/p>\n<p><img fetchpriority=\"high\" decoding=\"async\" class=\"aligncenter size-large wp-image-2700\" src=\"https:\/\/bstextract.com\/wp-content\/uploads\/2025\/08\/konjac-glucomannan-powder-extract-1024x768.webp\" alt=\"\" width=\"800\" height=\"600\" title=\"\" srcset=\"https:\/\/bstextract.com\/wp-content\/uploads\/2025\/08\/konjac-glucomannan-powder-extract-1024x768.webp 1024w, https:\/\/bstextract.com\/wp-content\/uploads\/2025\/08\/konjac-glucomannan-powder-extract-300x225.webp 300w, https:\/\/bstextract.com\/wp-content\/uploads\/2025\/08\/konjac-glucomannan-powder-extract-768x576.webp 768w, https:\/\/bstextract.com\/wp-content\/uploads\/2025\/08\/konjac-glucomannan-powder-extract-16x12.webp 16w, https:\/\/bstextract.com\/wp-content\/uploads\/2025\/08\/konjac-glucomannan-powder-extract-600x450.webp 600w, https:\/\/bstextract.com\/wp-content\/uploads\/2025\/08\/konjac-glucomannan-powder-extract.webp 1200w\" sizes=\"(max-width: 800px) 100vw, 800px\" \/><\/p>\n<ul>\n<li><strong><span class=\"selected\">Viscosidad excepcional:<\/span><\/strong><span class=\"selected\"> Probado en laboratorio para alcanzar una viscosidad de <\/span><strong><span class=\"selected\">16.000 mPa.s<\/span><\/strong><span class=\"selected\"> en una soluci\u00f3n 1%, que proporciona un espesamiento y una textura superiores.<\/span><\/li>\n<li><strong><span class=\"selected\">Calidad y pureza estrictas:<\/span><\/strong><span class=\"selected\"> Bajo contenido garantizado de sulfitos (0,3 g\/kg probado), lo que garantiza el cumplimiento de las estrictas normas internacionales de seguridad.<\/span><\/li>\n<li><strong><span class=\"selected\">Dispersi\u00f3n \u00f3ptima:<\/span><\/strong><span class=\"selected\"> Tama\u00f1o constante de las part\u00edculas (<\/span><strong><span class=\"selected\">90% malla 40 pasante<\/span><\/strong><span class=\"selected\">) evita la formaci\u00f3n de grumos y permite una dispersi\u00f3n suave y uniforme.<\/span><\/li>\n<li><strong><span class=\"selected\">Directamente del fabricante:<\/span><\/strong><span class=\"selected\"> Proceden directamente de nuestra f\u00e1brica, lo que garantiza precios competitivos y una trazabilidad completa desde la materia prima hasta el producto final.<\/span><\/li>\n<\/ul>\n<h2><strong><span class=\"selected\">Principales par\u00e1metros t\u00e9cnicos y calidades disponibles<\/span><\/strong><\/h2>\n<p><span class=\"selected\">Ofrecemos una ficha t\u00e9cnica completa y transparente para nuestro polvo de glucomanano, dise\u00f1ada para ayudarle a integrarlo perfectamente en sus f\u00f3rmulas. Todas las especificaciones se confirman mediante rigurosas pruebas de laboratorio internas y de terceros.<\/span><\/p>\n<table>\n<tbody>\n<tr>\n<th><span class=\"selected\">Art\u00edculos<\/span><\/th>\n<th><span class=\"selected\">Normas<\/span><\/th>\n<th><span class=\"selected\">M\u00e9todo de ensayo<\/span><\/th>\n<\/tr>\n<tr>\n<td><strong><span class=\"selected\">Apariencia<\/span><\/strong><\/td>\n<td><span class=\"selected\">Gr\u00e1nulos blancos con ligeras manchas marrones<\/span><\/td>\n<td><span class=\"selected\">Inspecci\u00f3n visual<\/span><\/td>\n<\/tr>\n<tr>\n<td><strong><span class=\"selected\">Contenido en glucomanano<\/span><\/strong><\/td>\n<td><strong><span class=\"selected\">\u226570%<\/span><\/strong><span class=\"selected\"> (Probado en <\/span><strong><span class=\"selected\">70.3%<\/span><\/strong><span class=\"selected\">)<\/span><\/td>\n<td><span class=\"selected\">HPLC<\/span><\/td>\n<\/tr>\n<tr>\n<td><strong><span class=\"selected\">Viscosidad<\/span><\/strong><\/td>\n<td><strong><span class=\"selected\">16.000 mPa.s<\/span><\/strong><\/td>\n<td><span class=\"selected\">1% soluci\u00f3n acuosa, 30\u00b0C, 12 a 4 rotor<\/span><\/td>\n<\/tr>\n<tr>\n<td><strong><span class=\"selected\">Luz de malla<\/span><\/strong><\/td>\n<td><strong><span class=\"selected\">90% malla 40 pasante<\/span><\/strong><\/td>\n<td><span class=\"selected\">An\u00e1lisis granulom\u00e9trico est\u00e1ndar<\/span><\/td>\n<\/tr>\n<tr>\n<td><strong><span class=\"selected\">P\u00e9rdida por secado<\/span><\/strong><\/td>\n<td><strong><span class=\"selected\">\u226410%<\/span><\/strong><span class=\"selected\"> (Probado en <\/span><strong><span class=\"selected\">9.1%<\/span><\/strong><span class=\"selected\">)<\/span><\/td>\n<td><span class=\"selected\">Gravimetr\u00eda<\/span><\/td>\n<\/tr>\n<tr>\n<td><strong><span class=\"selected\">Contenido de ceniza<\/span><\/strong><\/td>\n<td><strong><span class=\"selected\">\u22642%<\/span><\/strong><span class=\"selected\"> (Probado en <\/span><strong><span class=\"selected\">1.44%<\/span><\/strong><span class=\"selected\">)<\/span><\/td>\n<td><span class=\"selected\">M\u00e9todo del horno de mufla<\/span><\/td>\n<\/tr>\n<tr>\n<td><strong><span class=\"selected\">pH<\/span><\/strong><\/td>\n<td><strong><span class=\"selected\">6.0 &#8211; 7.0<\/span><\/strong><span class=\"selected\"> (Probado en <\/span><strong><span class=\"selected\">6.1<\/span><\/strong><span class=\"selected\">)<\/span><\/td>\n<td><span class=\"selected\">Medidor de pH<\/span><\/td>\n<\/tr>\n<tr>\n<td><strong><span class=\"selected\">Sulfito<\/span><\/strong><span class=\"selected\"> (como <\/span><code><span class=\"selected\">SO\u2082<\/span><\/code><span class=\"selected\">)<\/span><\/td>\n<td><strong><span class=\"selected\">\u22640,5 g\/kg<\/span><\/strong><span class=\"selected\"> (Probado en <\/span><strong><span class=\"selected\">0,3 g\/kg<\/span><\/strong><span class=\"selected\">)<\/span><\/td>\n<td><span class=\"selected\">M\u00e9todo Titrim\u00e9trico<\/span><\/td>\n<\/tr>\n<\/tbody>\n<\/table>\n<h2><strong><span class=\"selected\">Garant\u00eda de calidad y certificaciones<\/span><\/strong><\/h2>\n<p><span class=\"selected\">Como original <\/span><strong><span class=\"selected\">fabricante<\/span><\/strong><span class=\"selected\"> y mundial de confianza <\/span><strong><span class=\"selected\">proveedor<\/span><\/strong><span class=\"selected\">Para nosotros, la calidad y la seguridad son primordiales. Nuestro polvo de glucomanano se produce en unas instalaciones que cumplen las GMP y se adhieren a estrictos sistemas de gesti\u00f3n de la calidad ISO para garantizar la integridad y seguridad del producto, as\u00ed como la consistencia entre lotes.<\/span><\/p>\n<h3><strong><span class=\"selected\">Trazabilidad y m\u00e9todos de ensayo<\/span><\/strong><\/h3>\n<p><span class=\"selected\">Mantenemos una trazabilidad completa desde el origen de la ra\u00edz de konjac hasta el producto final envasado. Cada lote se somete a un riguroso protocolo de pruebas con m\u00e9todos anal\u00edticos validados, como la cromatograf\u00eda l\u00edquida de alto rendimiento (HPLC) para la evaluaci\u00f3n de la pureza y la espectrometr\u00eda de masas con plasma de acoplamiento inductivo (ICP-MS) para el an\u00e1lisis de metales pesados, lo que garantiza que cumple y supera las normas internacionales.<\/span><\/p>\n<h3><strong><span class=\"selected\">Documentos disponibles<\/span><\/strong><\/h3>\n<p><span class=\"selected\">Para respaldar su garant\u00eda de calidad y sus necesidades normativas, le proporcionamos un completo conjunto de documentos para cada env\u00edo:<\/span><\/p>\n<ul>\n<li><span class=\"selected\">Certificado de an\u00e1lisis (COA)<\/span><\/li>\n<li><span class=\"selected\">Ficha de datos de seguridad (FDS)<\/span><\/li>\n<li><span class=\"selected\">Declaraci\u00f3n de ausencia de al\u00e9rgenos<\/span><\/li>\n<li><span class=\"selected\">Declaraci\u00f3n de no OGM<\/span><\/li>\n<li><span class=\"selected\">Certificados Kosher y Halal<\/span><\/li>\n<\/ul>\n<h2><strong><span class=\"selected\">Gu\u00eda de aplicaciones y formulaci\u00f3n<\/span><\/strong><\/h2>\n<p><span class=\"selected\">Nuestro glucomanano en polvo es un ingrediente altamente funcional adecuado para una amplia gama de aplicaciones en diversos sectores. Sus propiedades \u00fanicas lo convierten en una opci\u00f3n excelente para crear productos innovadores y de etiquetado limpio.<\/span><\/p>\n<h3><strong><span class=\"selected\">Suplementos diet\u00e9ticos<\/span><\/strong><\/h3>\n<ul>\n<li><strong><span class=\"selected\">C\u00e1psulas y comprimidos:<\/span><\/strong><span class=\"selected\"> Ideal como fuente de fibra diet\u00e9tica de gran pureza. Su excelente fluidez lo hace adecuado para la compresi\u00f3n directa y el llenado de c\u00e1psulas. (Dosis recomendada: 500 mg - 1.500 mg por porci\u00f3n).<\/span><\/li>\n<li><strong><span class=\"selected\">Gominolas y c\u00e1psulas blandas:<\/span><\/strong><span class=\"selected\"> Act\u00faa como agente gelificante superior para crear texturas masticables deseables en formulaciones veganas y sin gelatina.<\/span><\/li>\n<\/ul>\n<h3><strong><span class=\"selected\">Alimentos y bebidas funcionales<\/span><\/strong><\/h3>\n<ul>\n<li><strong><span class=\"selected\">Agente espesante:<\/span><\/strong><span class=\"selected\"> Perfecto para bebidas, salsas y sopas bajas en calor\u00edas, ya que proporciona una sensaci\u00f3n suave en la boca y una viscosidad estable sin afectar al sabor.<\/span><\/li>\n<li><strong><span class=\"selected\">Fortificaci\u00f3n con fibra:<\/span><\/strong><span class=\"selected\"> Se incorpora f\u00e1cilmente a batidos sustitutivos de comidas, productos horneados y pasta para aumentar el contenido de fibra diet\u00e9tica.<\/span><\/li>\n<\/ul>\n<h2><strong><span class=\"selected\">Preguntas frecuentes<\/span><\/strong><\/h2>\n<p><strong><span class=\"selected\">P: \u00bfCu\u00e1l es la cantidad m\u00ednima de pedido?<\/span><\/strong><\/p>\n<p><span class=\"selected\">R: Ayudamos a empresas de todos los tama\u00f1os. P\u00f3ngase en contacto con nuestro equipo de ventas e ind\u00edquenos sus necesidades de volumen; le ofreceremos una soluci\u00f3n a medida, desde muestras de I+D hasta cargas de contenedores completos.<\/span><\/p>\n<p><strong><span class=\"selected\">P: \u00bfSuministran directamente desde su f\u00e1brica?<\/span><\/strong><\/p>\n<p><span class=\"selected\">R: S\u00ed, somos los originales <\/span><strong><span class=\"selected\">fabricante<\/span><\/strong><span class=\"selected\"> y <\/span><strong><span class=\"selected\">exportador<\/span><\/strong><span class=\"selected\"> de goma konjac en polvo. Procedente directamente de <\/span><strong><span class=\"selected\">f\u00e1brica<\/span><\/strong><span class=\"selected\"> le garantiza un producto de alta calidad, totalmente trazable y a un precio competitivo.<\/span><\/p>\n<p><strong><span class=\"selected\">P: \u00bfC\u00f3mo se garantiza la coherencia entre lotes?<\/span><\/strong><\/p>\n<p><span class=\"selected\">R: Nuestro proceso de producci\u00f3n se rige por estrictas normas GMP e ISO. Controlamos par\u00e1metros clave como la viscosidad, la pureza y el tama\u00f1o de las part\u00edculas de cada lote para garantizar un rendimiento constante en sus formulaciones.<\/span><\/p>\n<p><strong><span class=\"selected\">P: \u00bfC\u00f3mo debo hidratar el polvo para evitar que se apelmace?<\/span><\/strong><\/p>\n<p><span class=\"selected\">R: Para obtener los mejores resultados, recomendamos dispersar el polvo en el v\u00f3rtice de agua fr\u00eda agitada o mezclarlo con otros ingredientes secos (como az\u00facar o maltodextrina) antes de a\u00f1adir el l\u00edquido. Esto garantiza una hidrataci\u00f3n r\u00e1pida y sin grumos.<\/span><\/p>\n<h3><strong><span class=\"selected\">\u00bfListo para mejorar su formulaci\u00f3n?<\/span><\/strong><\/h3>\n<p><span class=\"selected\">Solicite hoy mismo una muestra gratuita o un presupuesto detallado. Nuestro equipo t\u00e9cnico est\u00e1 preparado para ayudarle a seleccionar el grado perfecto de glucomanano para su aplicaci\u00f3n espec\u00edfica.<\/span><\/p>","protected":false},"excerpt":{"rendered":"<ul>\n<li><b>Nombre y especificaciones del producto:<\/b> Glucomanano en polvo, disponible en grados de gran pureza como 70%, 90% y 95%.<\/li>\n<li><b>Fuente y forma:<\/b> Polvo blanco fino extra\u00eddo de la ra\u00edz de konjac, que funciona como hidrocoloide superior.<\/li>\n<li><b>Especificaciones t\u00e9cnicas clave:<\/b> Destaca por su excepcional perfil de viscosidad, con grados probados que superan los 16.000 <code>mPa.s<\/code> en una soluci\u00f3n 1%.<\/li>\n<li><b>Aplicaciones primarias:<\/b> Ideal para suplementos diet\u00e9ticos, alimentos funcionales y bebidas como agente espesante y gelificante.<\/li>\n<li><b>Ventajas \u00fanicas:<\/b> Bajo contenido en sulfitos garantizado y excelente consistencia entre lotes.<\/li>\n<\/ul>","protected":false},"featured_media":2698,"comment_status":"open","ping_status":"closed","template":"","meta":{"_acf_changed":false},"product_brand":[],"product_cat":[21],"product_tag":[],"class_list":{"0":"post-2695","1":"product","2":"type-product","3":"status-publish","4":"has-post-thumbnail","6":"product_cat-plant-extracts","8":"first","9":"instock","10":"shipping-taxable","11":"product-type-simple"},"acf":[],"_links":{"self":[{"href":"https:\/\/bstextract.com\/es\/wp-json\/wp\/v2\/product\/2695","targetHints":{"allow":["GET"]}}],"collection":[{"href":"https:\/\/bstextract.com\/es\/wp-json\/wp\/v2\/product"}],"about":[{"href":"https:\/\/bstextract.com\/es\/wp-json\/wp\/v2\/types\/product"}],"replies":[{"embeddable":true,"href":"https:\/\/bstextract.com\/es\/wp-json\/wp\/v2\/comments?post=2695"}],"wp:featuredmedia":[{"embeddable":true,"href":"https:\/\/bstextract.com\/es\/wp-json\/wp\/v2\/media\/2698"}],"wp:attachment":[{"href":"https:\/\/bstextract.com\/es\/wp-json\/wp\/v2\/media?parent=2695"}],"wp:term":[{"taxonomy":"product_brand","embeddable":true,"href":"https:\/\/bstextract.com\/es\/wp-json\/wp\/v2\/product_brand?post=2695"},{"taxonomy":"product_cat","embeddable":true,"href":"https:\/\/bstextract.com\/es\/wp-json\/wp\/v2\/product_cat?post=2695"},{"taxonomy":"product_tag","embeddable":true,"href":"https:\/\/bstextract.com\/es\/wp-json\/wp\/v2\/product_tag?post=2695"}],"curies":[{"name":"wp","href":"https:\/\/api.w.org\/{rel}","templated":true}]}}