{"id":2720,"date":"2025-08-26T06:15:20","date_gmt":"2025-08-26T06:15:20","guid":{"rendered":"https:\/\/bstextract.com\/?post_type=product&#038;p=2720"},"modified":"2025-08-26T06:15:20","modified_gmt":"2025-08-26T06:15:20","slug":"espirulina-en-polvo-60-proteinas","status":"publish","type":"product","link":"https:\/\/bstextract.com\/es\/producto\/espirulina-en-polvo-60-proteinas\/","title":{"rendered":"Espirulina en polvo"},"content":{"rendered":"<h2><strong><span class=\"selected\">Productos<\/span><\/strong><\/h2>\n<p><span class=\"selected\">Nuestra espirulina en polvo es un polvo fino, verde oscuro, de primera calidad, derivado de cultivos meticulosos de <\/span><em><span class=\"selected\">Arthrospira platensis<\/span><\/em><span class=\"selected\">. Reconocido por su excepcional densidad nutricional, este ingrediente es una potente fuente de prote\u00ednas de origen vegetal, lo que lo convierte en la opci\u00f3n ideal para formuladores de suplementos diet\u00e9ticos, alimentos funcionales y bebidas. Nos aseguramos de que cada lote cumpla las estrictas normas de calidad, proporcionando un ingrediente fiable y eficaz para sus necesidades de desarrollo de productos.<\/span><\/p>\n<ul>\n<li><strong><span class=\"selected\">Contenido en prote\u00ednas garantizado:<\/span><\/strong><span class=\"selected\"> Contenido m\u00ednimo de prote\u00ednas 60%, verificado con precisi\u00f3n mediante el m\u00e9todo Kjeldahl est\u00e1ndar del sector para c\u00e1lculos fiables de formulaci\u00f3n.<\/span><\/li>\n<li><strong><span class=\"selected\">Tama\u00f1o de part\u00edcula optimizado:<\/span><\/strong><span class=\"selected\"> Con \u226595% de part\u00edculas que pasan por un tamiz de malla 80, nuestro polvo ofrece una excelente dispersabilidad y homogeneidad en mezclas y aplicaciones l\u00edquidas.<\/span><\/li>\n<li><strong><span class=\"selected\">Control estricto de contaminantes:<\/span><\/strong><span class=\"selected\"> Todos los lotes se someten a rigurosas pruebas de metales pesados y microbiolog\u00eda (CP2015, GB\/T) para garantizar la seguridad y el cumplimiento de la normativa.<\/span><\/li>\n<li><strong><span class=\"selected\">Directo del fabricante:<\/span><\/strong><span class=\"selected\"> Al proceder directamente de nuestra f\u00e1brica, ofrecemos una trazabilidad completa, una calidad constante y una cadena de suministro estable en la que puede confiar.<\/span><\/li>\n<\/ul>\n<h2><strong><span class=\"selected\">Especificaciones t\u00e9cnicas<\/span><\/strong><\/h2>\n<table>\n<tbody>\n<tr>\n<th><span class=\"selected\">Art\u00edculo<\/span><\/th>\n<th><span class=\"selected\">Est\u00e1ndar<\/span><\/th>\n<th><span class=\"selected\">Resultado t\u00edpico<\/span><\/th>\n<th><span class=\"selected\">M\u00e9todo<\/span><\/th>\n<\/tr>\n<tr>\n<td><strong><span class=\"selected\">An\u00e1lisis f\u00edsicos y qu\u00edmicos<\/span><\/strong><\/td>\n<td><\/td>\n<td><\/td>\n<td><\/td>\n<\/tr>\n<tr>\n<td><span class=\"selected\">Apariencia<\/span><\/td>\n<td><span class=\"selected\">Polvo verde oscuro<\/span><\/td>\n<td><span class=\"selected\">Cualificado<\/span><\/td>\n<td><span class=\"selected\">Visual<\/span><\/td>\n<\/tr>\n<tr>\n<td><span class=\"selected\">Tama\u00f1o de las part\u00edculas<\/span><\/td>\n<td><span class=\"selected\">\u226595% pasar 80mesh<\/span><\/td>\n<td><span class=\"selected\">Cualificado<\/span><\/td>\n<td><span class=\"selected\">Tamiz de malla 80<\/span><\/td>\n<\/tr>\n<tr>\n<td><span class=\"selected\">Olor y sabor<\/span><\/td>\n<td><span class=\"selected\">Caracter\u00edstica<\/span><\/td>\n<td><span class=\"selected\">99.6%<\/span><\/td>\n<td><span class=\"selected\">Organol\u00e9ptico<\/span><\/td>\n<\/tr>\n<tr>\n<td><span class=\"selected\">Ensayo (prote\u00edna)<\/span><\/td>\n<td><span class=\"selected\">\u226560%<\/span><\/td>\n<td><span class=\"selected\">60.52%<\/span><\/td>\n<td><span class=\"selected\">Kjeldahl<\/span><\/td>\n<\/tr>\n<tr>\n<td><span class=\"selected\">Identificaci\u00f3n<\/span><\/td>\n<td><span class=\"selected\">Cualificado con TLC<\/span><\/td>\n<td><span class=\"selected\">Cualificado<\/span><\/td>\n<td><span class=\"selected\">TLC<\/span><\/td>\n<\/tr>\n<tr>\n<td><span class=\"selected\">Contenido de ceniza<\/span><\/td>\n<td><span class=\"selected\">\u22648.0%<\/span><\/td>\n<td><span class=\"selected\">6.81%<\/span><\/td>\n<td><span class=\"selected\">Eur.Ph.6.0 [2.4.16]<\/span><\/td>\n<\/tr>\n<tr>\n<td><span class=\"selected\">Agua<\/span><\/td>\n<td><span class=\"selected\">\u22647.0%<\/span><\/td>\n<td><span class=\"selected\">6.49%<\/span><\/td>\n<td><span class=\"selected\">Eur.Ph.6.0 [2.4.16]<\/span><\/td>\n<\/tr>\n<tr>\n<td><strong><span class=\"selected\">An\u00e1lisis de residuos<\/span><\/strong><\/td>\n<td><\/td>\n<td><\/td>\n<td><\/td>\n<\/tr>\n<tr>\n<td><span class=\"selected\">Heavy Metal<\/span><\/td>\n<td><span class=\"selected\">\u226410ppm<\/span><\/td>\n<td><span class=\"selected\">Cualificado<\/span><\/td>\n<td><span class=\"selected\">CP2015<\/span><\/td>\n<\/tr>\n<tr>\n<td><span class=\"selected\">Pb<\/span><\/td>\n<td><span class=\"selected\">\u22643ppm<\/span><\/td>\n<td><span class=\"selected\">Cualificado<\/span><\/td>\n<td><span class=\"selected\">GB\/T 5009.12-2003<\/span><\/td>\n<\/tr>\n<tr>\n<td><span class=\"selected\">En<\/span><\/td>\n<td><span class=\"selected\">\u22642ppm<\/span><\/td>\n<td><span class=\"selected\">Cualificado<\/span><\/td>\n<td><span class=\"selected\">GB\/T 5009.11-2003<\/span><\/td>\n<\/tr>\n<tr>\n<td><span class=\"selected\">Hg<\/span><\/td>\n<td><span class=\"selected\">\u22640,1ppm<\/span><\/td>\n<td><span class=\"selected\">Cualificado<\/span><\/td>\n<td><span class=\"selected\">GB\/T 5009.15-2003<\/span><\/td>\n<\/tr>\n<tr>\n<td><span class=\"selected\">Cd<\/span><\/td>\n<td><span class=\"selected\">\u22641ppm<\/span><\/td>\n<td><span class=\"selected\">Cualificado<\/span><\/td>\n<td><span class=\"selected\">GB\/T 5009.17-2003<\/span><\/td>\n<\/tr>\n<tr>\n<td><strong><span class=\"selected\">Microbiol\u00f3gico<\/span><\/strong><\/td>\n<td><\/td>\n<td><\/td>\n<td><\/td>\n<\/tr>\n<tr>\n<td><span class=\"selected\">Recuento total de placas<\/span><\/td>\n<td><span class=\"selected\">\u22645000 ufc\/g<\/span><\/td>\n<td><span class=\"selected\">200 ufc\/g<\/span><\/td>\n<td><span class=\"selected\">AOAC990.12,16<\/span><\/td>\n<\/tr>\n<tr>\n<td><span class=\"selected\">Levaduras y moho<\/span><\/td>\n<td><span class=\"selected\">\u2264100cfu\/g<\/span><\/td>\n<td><span class=\"selected\">&lt;10 ufc\/g<\/span><\/td>\n<td><span class=\"selected\">AOAC996.08<\/span><\/td>\n<\/tr>\n<tr>\n<td><span class=\"selected\">E. coli<\/span><\/td>\n<td><span class=\"selected\">Negativo<\/span><\/td>\n<td><span class=\"selected\">Negativo<\/span><\/td>\n<td><span class=\"selected\">AOAC2001.05<\/span><\/td>\n<\/tr>\n<tr>\n<td><span class=\"selected\">Salmonella<\/span><\/td>\n<td><span class=\"selected\">Negativo<\/span><\/td>\n<td><span class=\"selected\">Negativo<\/span><\/td>\n<td><span class=\"selected\">AOAC990.12<\/span><\/td>\n<\/tr>\n<\/tbody>\n<\/table>\n<h2><strong><span class=\"selected\">Control de calidad y metodolog\u00eda de ensayo<\/span><\/strong><\/h2>\n<p><strong><span class=\"selected\">An\u00e1lisis exhaustivos de pureza y seguridad<\/span><\/strong><span class=\"selected\"> Empleamos un sistema de control de calidad de varios niveles. El contenido de prote\u00ednas se confirma mediante el m\u00e9todo Kjeldahl, que proporciona una medici\u00f3n m\u00e1s precisa que los simples factores de conversi\u00f3n del nitr\u00f3geno. El an\u00e1lisis de metales pesados se lleva a cabo mediante m\u00e9todos GB\/T validados, y la seguridad microbiol\u00f3gica se garantiza mediante protocolos de ensayo AOAC est\u00e1ndar del sector. Este riguroso enfoque garantiza que nuestra espirulina en polvo no s\u00f3lo es potente, sino tambi\u00e9n excepcionalmente pura y segura para el consumo.<\/span><\/p>\n<p><strong><span class=\"selected\">Coherencia entre lotes<\/span><\/strong><span class=\"selected\"> Como el original <\/span><strong><span class=\"selected\">fabricante<\/span><\/strong><span class=\"selected\">Mantenemos un estricto control sobre todo el proceso de producci\u00f3n, desde el cultivo hasta el envasado final. Esto garantiza una notable homogeneidad entre lotes en cuanto a color, tama\u00f1o de las part\u00edculas y contenido proteico, lo que es fundamental para mantener la calidad y previsibilidad de sus productos acabados.<\/span><\/p>\n<p><strong><span class=\"selected\">Documentaci\u00f3n disponible<\/span><\/strong><span class=\"selected\"> Si lo solicita, le proporcionamos un paquete completo de documentaci\u00f3n para sus equipos de calidad y reglamentaci\u00f3n, que incluye:<\/span><\/p>\n<ul>\n<li><span class=\"selected\">Certificado de an\u00e1lisis (<a href=\"https:\/\/bstextract.com\/wp-content\/uploads\/2025\/08\/Spirulina-Powder-COA.pdf\">Espirulina en polvo COA<\/a>) para cada lote espec\u00edfico<\/span><\/li>\n<li><span class=\"selected\">Ficha de datos de seguridad (FDS)<\/span><\/li>\n<li><span class=\"selected\">Declaraci\u00f3n de al\u00e9rgenos<\/span><\/li>\n<li><span class=\"selected\">Informaci\u00f3n nutricional<\/span><\/li>\n<\/ul>\n<h2><strong><span class=\"selected\">Aplicaciones y formulaci\u00f3n<\/span><\/strong><\/h2>\n<p><span class=\"selected\">El fino tama\u00f1o de las part\u00edculas de nuestra espirulina en polvo y su alto contenido en prote\u00ednas la convierten en un ingrediente vers\u00e1til para diversas aplicaciones.<\/span><\/p>\n<ul>\n<li><strong><span class=\"selected\">Suplementos diet\u00e9ticos (comprimidos y c\u00e1psulas):<\/span><\/strong><span class=\"selected\"> El polvo de malla 80 garantiza una mezcla uniforme con otros excipientes, facilitando una compresi\u00f3n suave del comprimido y un llenado consistente de la c\u00e1psula. Nivel de inclusi\u00f3n recomendado: 250 mg - 1000 mg por porci\u00f3n.<\/span><\/li>\n<li><strong><span class=\"selected\">Alimentos y bebidas funcionales:<\/span><\/strong><span class=\"selected\"> Ideal para enriquecer barritas de prote\u00ednas, batidos sustitutivos de comidas y mezclas de batidos verdes. Aunque la espirulina tiene su sabor caracter\u00edstico, se puede enmascarar f\u00e1cilmente con sabores naturales y edulcorantes. Recomendamos comenzar con 1-3% de la formulaci\u00f3n total y ajustar en funci\u00f3n de los objetivos sensoriales. Su malla fina favorece una mejor suspensi\u00f3n en l\u00edquidos, aunque un agente estabilizador puede ser beneficioso para las bebidas listas para beber.<\/span><\/li>\n<li><strong><span class=\"selected\">Nutrici\u00f3n de mascotas:<\/span><\/strong><span class=\"selected\"> Un ingrediente valioso para alimentos y suplementos de primera calidad para mascotas, que contribuye a un perfil rico en nutrientes.<\/span><\/li>\n<\/ul>\n<h2><strong><span class=\"selected\">Estabilidad, almacenamiento y manipulaci\u00f3n<\/span><\/strong><\/h2>\n<p><strong><span class=\"selected\">Vida \u00fatil y condiciones de almacenamiento<\/span><\/strong><span class=\"selected\"> El producto tiene una caducidad de 24 meses si se conserva en las condiciones recomendadas. Para mantener su calidad e integridad nutricional, cons\u00e9rvese en un lugar fresco y seco, alejado de la luz solar directa y del calor. Mantenga los envases bien cerrados para evitar la absorci\u00f3n de humedad.<\/span><\/p>\n<p><strong><span class=\"selected\">Informaci\u00f3n sobre envases<\/span><\/strong><span class=\"selected\"> Nuestro embalaje est\u00e1ndar es de 25 kg netos, envasados en bidones de papel con dos bolsas de pl\u00e1stico en su interior. A granel <\/span><strong><span class=\"selected\">exportador<\/span><\/strong><span class=\"selected\">podemos estudiar soluciones de envasado personalizadas para satisfacer sus necesidades de producci\u00f3n espec\u00edficas.<\/span><\/p>\n<h3><strong><span class=\"selected\">Seguridad y cumplimiento de la normativa<\/span><\/strong><\/h3>\n<p><strong><span class=\"selected\">An\u00e1lisis de metales pesados y residuos<\/span><\/strong><span class=\"selected\"> Nuestra espirulina en polvo se produce de conformidad con las normas mundiales de seguridad alimentaria. Realizamos pruebas proactivas de plomo (Pb), ars\u00e9nico (As), mercurio (Hg) y cadmio (Cd) para garantizar que los niveles est\u00e1n muy por debajo de los estrictos l\u00edmites establecidos por autoridades como la Farmacopea Europea y las normas nacionales de China (GB\/T).<\/span><\/p>\n<p><strong><span class=\"selected\">Normas microbiol\u00f3gicas<\/span><\/strong><span class=\"selected\"> Cumplimos los m\u00e9todos AOAC para garantizar la ausencia de pat\u00f3genos nocivos como E. coli y Salmonella, y mantenemos niveles bajos de recuento total en placa, levadura y moho, lo que garantiza la estabilidad y seguridad del ingrediente en su producto final.<\/span><\/p>\n<h2><strong><span class=\"selected\">Preguntas m\u00e1s frecuentes (FAQ)<\/span><\/strong><\/h2>\n<p><strong><span class=\"selected\">P: \u00bfCu\u00e1l es la cantidad m\u00ednima de pedido?<\/span><\/strong><\/p>\n<p><span class=\"selected\">R: Nuestro MOQ est\u00e1ndar es de 25 kg (un bid\u00f3n). Para pruebas piloto o necesidades de I+D de menor envergadura, p\u00f3ngase en contacto con nuestro equipo de ventas para analizar las posibles opciones.<\/span><\/p>\n<p><strong><span class=\"selected\">P: \u00bfSon ustedes f\u00e1brica directa o distribuidor?<\/span><\/strong><\/p>\n<p><span class=\"selected\">R: Somos los originales <\/span><strong><span class=\"selected\">fabricante<\/span><\/strong><span class=\"selected\"> y directa <\/span><strong><span class=\"selected\">proveedor<\/span><\/strong><span class=\"selected\"> de espirulina en polvo. Esto le garantiza un precio competitivo, una calidad constante y un producto totalmente trazable.<\/span><\/p>\n<p><strong><span class=\"selected\">P: \u00bfPueden proporcionar una muestra para la prueba?<\/span><\/strong><\/p>\n<p><span class=\"selected\">R: Por supuesto. Animamos a nuestros clientes a evaluar la calidad de nuestros productos. Utilice el siguiente formulario de contacto para solicitar una muestra para sus equipos de I+D y control de calidad.<\/span><\/p>\n<p><strong><span class=\"selected\">P: \u00bfCu\u00e1l es el plazo de entrega est\u00e1ndar?<\/span><\/strong><\/p>\n<p><span class=\"selected\">R: Para pedidos est\u00e1ndar, nuestro plazo de entrega habitual es de 2-3 semanas a partir de la confirmaci\u00f3n del pedido. P\u00f3ngase en contacto con nosotros para conocer la disponibilidad de stock actual y los plazos de env\u00edo precisos a su ubicaci\u00f3n.<\/span><\/p>\n<p><strong><span class=\"selected\">P: \u00bfC\u00f3mo se comporta el polvo en una formulaci\u00f3n l\u00edquida?<\/span><\/strong><\/p>\n<p><span class=\"selected\">R: Debido a su tama\u00f1o de part\u00edcula de malla 80, el polvo se dispersa bien en l\u00edquidos con una mezcla adecuada. Para la estabilidad a largo plazo en las bebidas, recomendamos realizar pruebas de estabilidad con hidrocoloides o estabilizantes comunes para evitar la sedimentaci\u00f3n.<\/span><\/p>","protected":false},"excerpt":{"rendered":"<ul>\n<li><b>Espirulina en polvo (60% Prote\u00edna, Kjeldahl)<\/b><\/li>\n<li>Polvo fino de malla 80, de color verde oscuro, obtenido a partir de <i>Arthrospira platensis<\/i>.<\/li>\n<li>Ideal para formular suplementos diet\u00e9ticos (comprimidos y c\u00e1psulas), alimentos funcionales ricos en prote\u00ednas y bebidas nutricionales.<\/li>\n<li>Presenta una gran pureza, una excelente uniformidad entre lotes y se suministra directamente del fabricante para garantizar una cadena de suministro trazable y fiable.<\/li>\n<\/ul>","protected":false},"featured_media":2721,"comment_status":"open","ping_status":"closed","template":"","meta":{"_acf_changed":false},"product_brand":[],"product_cat":[20],"product_tag":[],"class_list":{"0":"post-2720","1":"product","2":"type-product","3":"status-publish","4":"has-post-thumbnail","6":"product_cat-superfoods-fruit-vegetable-powder","8":"first","9":"instock","10":"shipping-taxable","11":"product-type-simple"},"acf":[],"_links":{"self":[{"href":"https:\/\/bstextract.com\/es\/wp-json\/wp\/v2\/product\/2720","targetHints":{"allow":["GET"]}}],"collection":[{"href":"https:\/\/bstextract.com\/es\/wp-json\/wp\/v2\/product"}],"about":[{"href":"https:\/\/bstextract.com\/es\/wp-json\/wp\/v2\/types\/product"}],"replies":[{"embeddable":true,"href":"https:\/\/bstextract.com\/es\/wp-json\/wp\/v2\/comments?post=2720"}],"wp:featuredmedia":[{"embeddable":true,"href":"https:\/\/bstextract.com\/es\/wp-json\/wp\/v2\/media\/2721"}],"wp:attachment":[{"href":"https:\/\/bstextract.com\/es\/wp-json\/wp\/v2\/media?parent=2720"}],"wp:term":[{"taxonomy":"product_brand","embeddable":true,"href":"https:\/\/bstextract.com\/es\/wp-json\/wp\/v2\/product_brand?post=2720"},{"taxonomy":"product_cat","embeddable":true,"href":"https:\/\/bstextract.com\/es\/wp-json\/wp\/v2\/product_cat?post=2720"},{"taxonomy":"product_tag","embeddable":true,"href":"https:\/\/bstextract.com\/es\/wp-json\/wp\/v2\/product_tag?post=2720"}],"curies":[{"name":"wp","href":"https:\/\/api.w.org\/{rel}","templated":true}]}}