{"id":2788,"date":"2025-09-03T07:21:41","date_gmt":"2025-09-03T07:21:41","guid":{"rendered":"https:\/\/bstextract.com\/?post_type=product&#038;p=2788"},"modified":"2025-09-03T07:21:41","modified_gmt":"2025-09-03T07:21:41","slug":"extracto-de-flor-de-calendula-luteina-zeaxantina-en-polvo","status":"publish","type":"product","link":"https:\/\/bstextract.com\/es\/producto\/extracto-de-flor-de-calendula-luteina-zeaxantina-en-polvo\/","title":{"rendered":"Extracto de flor de cal\u00e9ndula"},"content":{"rendered":"<h2><span class=\"selected\">Productos<\/span><\/h2>\n<p><span class=\"selected\">Nuestro extracto de flor de cal\u00e9ndula es una fuente altamente concentrada de lute\u00edna y zeaxantina, dos carotenoides esenciales para la salud visual y el rendimiento. Extra\u00eddo de los p\u00e9talos de <\/span><em><span class=\"selected\">Tagetes erecta<\/span><\/em><span class=\"selected\">Este ingrediente se procesa meticulosamente para obtener un polvo estandarizado de pureza y consistencia superiores. Est\u00e1 dise\u00f1ado espec\u00edficamente para su uso en suplementos diet\u00e9ticos, alimentos funcionales y productos nutricionales dirigidos a la salud ocular, el apoyo antioxidante y la protecci\u00f3n contra la luz azul.<\/span><\/p>\n<p><span class=\"selected\">Como fabricante original, garantizamos la trazabilidad completa de la cadena de suministro, desde las flores de origen sostenible hasta el polvo final verificado por HPLC, proporcionando a nuestros clientes un ingrediente fiable y eficaz para sus formulaciones.<\/span><\/p>\n<p><strong><span class=\"selected\">Ventajas clave:<\/span><\/strong><\/p>\n<ul>\n<li><strong><span class=\"selected\">Potencia verificada por HPLC:<\/span><\/strong><span class=\"selected\"> Garantizamos el contenido de lute\u00edna y zeaxantina utilizando el m\u00e9todo HPLC est\u00e1ndar de la industria, no pruebas UV menos precisas.<\/span><\/li>\n<li><strong><span class=\"selected\">Relaci\u00f3n \u00f3ptima entre lute\u00edna y zeaxantina:<\/span><\/strong><span class=\"selected\"> Estandarizado para cumplir las proporciones cient\u00edficamente respaldadas para la salud macular.<\/span><\/li>\n<li><strong><span class=\"selected\">Excelentes propiedades f\u00edsicas:<\/span><\/strong><span class=\"selected\"> El tama\u00f1o uniforme de las part\u00edculas (100% pasa 80 mallas) garantiza una mezclabilidad y homogeneidad superiores en las formas farmac\u00e9uticas s\u00f3lidas.<\/span><\/li>\n<li><strong><span class=\"selected\">Perfil limpio y seguro:<\/span><\/strong><span class=\"selected\"> Cumple los estrictos l\u00edmites de metales pesados y residuos de disolventes, por lo que es adecuado para formulaciones globales.<\/span><\/li>\n<li><strong><span class=\"selected\">Suministro directo de f\u00e1brica:<\/span><\/strong><span class=\"selected\"> Garantiza una calidad constante, un suministro estable y precios competitivos para grandes cantidades.<\/span><\/li>\n<\/ul>\n<h2><span class=\"selected\">Especificaciones t\u00e9cnicas<\/span><\/h2>\n<p><span class=\"selected\">Esta hoja de especificaciones representa nuestro grado est\u00e1ndar de lute\u00edna 5%. Concentraciones superiores (10%, 20%, hasta 80%) est\u00e1n disponibles bajo pedido.<\/span><\/p>\n<table>\n<tbody>\n<tr>\n<th><span class=\"selected\">Par\u00e1metro<\/span><\/th>\n<th><span class=\"selected\">Especificaci\u00f3n<\/span><\/th>\n<th><span class=\"selected\">Resultado t\u00edpico<\/span><\/th>\n<th><span class=\"selected\">M\u00e9todo de ensayo<\/span><\/th>\n<\/tr>\n<tr>\n<td><strong><span class=\"selected\">Ingredientes activos<\/span><\/strong><\/td>\n<td><\/td>\n<td><\/td>\n<td><\/td>\n<\/tr>\n<tr>\n<td><span class=\"selected\">Lute\u00edna (forma libre)<\/span><\/td>\n<td><span class=\"selected\">\u2265 5.0%<\/span><\/td>\n<td><span class=\"selected\">5.63%<\/span><\/td>\n<td><span class=\"selected\">HPLC<\/span><\/td>\n<\/tr>\n<tr>\n<td><span class=\"selected\">Zeaxantina<\/span><\/td>\n<td><span class=\"selected\">\u2265 0,5%<\/span><\/td>\n<td><span class=\"selected\">\u2265 0,5%<\/span><\/td>\n<td><span class=\"selected\">HPLC<\/span><\/td>\n<\/tr>\n<tr>\n<td><span class=\"selected\">Carotenoides totales<\/span><\/td>\n<td><span class=\"selected\">\u2265 5.5%<\/span><\/td>\n<td><span class=\"selected\">6.13%<\/span><\/td>\n<td><span class=\"selected\">HPLC<\/span><\/td>\n<\/tr>\n<tr>\n<td><strong><span class=\"selected\">An\u00e1lisis f\u00edsico<\/span><\/strong><\/td>\n<td><\/td>\n<td><\/td>\n<td><\/td>\n<\/tr>\n<tr>\n<td><span class=\"selected\">Descripci\u00f3n<\/span><\/td>\n<td><span class=\"selected\">Polvo naranja a naranja rojizo<\/span><\/td>\n<td><span class=\"selected\">Conforme<\/span><\/td>\n<td><span class=\"selected\">Visual<\/span><\/td>\n<\/tr>\n<tr>\n<td><span class=\"selected\">Luz de malla<\/span><\/td>\n<td><span class=\"selected\">100% pasar malla 80<\/span><\/td>\n<td><span class=\"selected\">Conforme<\/span><\/td>\n<td><span class=\"selected\">GB\/T 26405<\/span><\/td>\n<\/tr>\n<tr>\n<td><span class=\"selected\">P\u00e9rdida por secado<\/span><\/td>\n<td><span class=\"selected\">\u2264 6.0%<\/span><\/td>\n<td><span class=\"selected\">2.25%<\/span><\/td>\n<td><span class=\"selected\">GB 5009.3<\/span><\/td>\n<\/tr>\n<tr>\n<td><span class=\"selected\">Contenido de ceniza<\/span><\/td>\n<td><span class=\"selected\">\u2264 1.0%<\/span><\/td>\n<td><span class=\"selected\">0.6%<\/span><\/td>\n<td><span class=\"selected\">GB 5009.4<\/span><\/td>\n<\/tr>\n<tr>\n<td><strong><span class=\"selected\">An\u00e1lisis de residuos y contaminantes<\/span><\/strong><\/td>\n<td><\/td>\n<td><\/td>\n<td><\/td>\n<\/tr>\n<tr>\n<td><span class=\"selected\">N-Hexano (residuo de disolvente)<\/span><\/td>\n<td><span class=\"selected\">\u2264 50 mg\/kg (ppm)<\/span><\/td>\n<td><span class=\"selected\">Cualificado<\/span><\/td>\n<td><span class=\"selected\">GB\/T 26405<\/span><\/td>\n<\/tr>\n<tr>\n<td><span class=\"selected\">Plomo (Pb)<\/span><\/td>\n<td><span class=\"selected\">\u2264 3,0 ppm<\/span><\/td>\n<td><span class=\"selected\">Cualificado<\/span><\/td>\n<td><span class=\"selected\">GB 5009.12<\/span><\/td>\n<\/tr>\n<tr>\n<td><span class=\"selected\">Ars\u00e9nico (As)<\/span><\/td>\n<td><span class=\"selected\">\u2264 3,0 ppm<\/span><\/td>\n<td><span class=\"selected\">Cualificado<\/span><\/td>\n<td><span class=\"selected\">GB 5009.11<\/span><\/td>\n<\/tr>\n<tr>\n<td><strong><span class=\"selected\">An\u00e1lisis microbiol\u00f3gico<\/span><\/strong><\/td>\n<td><\/td>\n<td><\/td>\n<td><\/td>\n<\/tr>\n<tr>\n<td><span class=\"selected\">Recuento total de placas<\/span><\/td>\n<td><span class=\"selected\">\u2264 1000 ufc\/g<\/span><\/td>\n<td><span class=\"selected\">Conforme<\/span><\/td>\n<td><span class=\"selected\">USP\/EP<\/span><\/td>\n<\/tr>\n<tr>\n<td><span class=\"selected\">Levaduras y moho<\/span><\/td>\n<td><span class=\"selected\">\u2264 100 ufc\/g<\/span><\/td>\n<td><span class=\"selected\">Conforme<\/span><\/td>\n<td><span class=\"selected\">USP\/EP<\/span><\/td>\n<\/tr>\n<tr>\n<td><span class=\"selected\">E. Coli<\/span><\/td>\n<td><span class=\"selected\">Negativo<\/span><\/td>\n<td><span class=\"selected\">Conforme<\/span><\/td>\n<td><span class=\"selected\">USP\/EP<\/span><\/td>\n<\/tr>\n<tr>\n<td><span class=\"selected\">Salmonella<\/span><\/td>\n<td><span class=\"selected\">Negativo<\/span><\/td>\n<td><span class=\"selected\">Conforme<\/span><\/td>\n<td><span class=\"selected\">USP\/EP<\/span><\/td>\n<\/tr>\n<\/tbody>\n<\/table>\n<h2><span class=\"selected\">Calidad y an\u00e1lisis<\/span><\/h2>\n<p><span class=\"selected\">La calidad es la base de nuestro proceso de fabricaci\u00f3n. Cada lote de extracto de cal\u00e9ndula se somete a rigurosas pruebas en nuestro laboratorio interno, siguiendo m\u00e9todos anal\u00edticos validados como la cromatograf\u00eda l\u00edquida de alto rendimiento (HPLC) para garantizar una cuantificaci\u00f3n precisa de los compuestos activos.<\/span><\/p>\n<p><strong><span class=\"selected\">Proporcionamos un paquete completo de documentaci\u00f3n para cada env\u00edo, que incluye:<\/span><\/strong><\/p>\n<ul>\n<li><a href=\"https:\/\/bstextract.com\/wp-content\/uploads\/2025\/09\/Marigold-Flower-Extract-COA.pdf\">Extracto de flor de cal\u00e9ndula COA<\/a><\/li>\n<li><span class=\"selected\">Ficha de datos de seguridad (FDS)<\/span><\/li>\n<li><span class=\"selected\">Declaraci\u00f3n de al\u00e9rgenos<\/span><\/li>\n<li><span class=\"selected\">Declaraci\u00f3n de no OGM<\/span><\/li>\n<li><span class=\"selected\">Informaci\u00f3n nutricional<\/span><\/li>\n<li><span class=\"selected\">Certificaci\u00f3n Kosher y Halal disponible.<\/span><\/li>\n<li><span class=\"selected\">Nuestras instalaciones cuentan con la certificaci\u00f3n GMP e ISO.<\/span><\/li>\n<\/ul>\n<h2><span class=\"selected\">Aplicaciones y formulaci\u00f3n<\/span><\/h2>\n<p><span class=\"selected\">Nuestra lute\u00edna en polvo es muy vers\u00e1til y est\u00e1 optimizada para formas farmac\u00e9uticas s\u00f3lidas. Somos proveedores mundiales de marcas l\u00edderes en los siguientes sectores.<\/span><\/p>\n<ul>\n<li><strong><span class=\"selected\">Suplementos diet\u00e9ticos:<\/span><\/strong>\n<ul>\n<li><strong><span class=\"selected\">Formas farmac\u00e9uticas:<\/span><\/strong><span class=\"selected\"> Ideal para c\u00e1psulas duras de dos piezas, comprimidos de compresi\u00f3n directa y mezclas de polvos.<\/span><\/li>\n<li><strong><span class=\"selected\">Dosis recomendada:<\/span><\/strong><span class=\"selected\"> Formulado para aportar 10-20 mg de lute\u00edna y 2-4 mg de zeaxantina por dosis diaria.<\/span><\/li>\n<li><strong><span class=\"selected\">Nota:<\/span><\/strong><span class=\"selected\"> La excelente fluidez y el tama\u00f1o uniforme de las part\u00edculas evitan la desmezcla y garantizan la precisi\u00f3n de la dosis.<\/span><\/li>\n<\/ul>\n<\/li>\n<li><strong><span class=\"selected\">Alimentos funcionales:<\/span><\/strong>\n<ul>\n<li><strong><span class=\"selected\">Aplicaciones:<\/span><\/strong><span class=\"selected\"> Barritas nutricionales enriquecidas, polvos sustitutivos de comidas y mezclas funcionales de bebidas en polvo.<\/span><\/li>\n<li><strong><span class=\"selected\">Nota:<\/span><\/strong><span class=\"selected\"> Este ingrediente confiere un tono anaranjado natural. Para sistemas a base de agua, como bebidas o gominolas, recomendamos nuestro producto especializado <\/span><strong><span class=\"selected\">Lute\u00edna microencapsulada (Beadlet) dispersable en agua<\/span><\/strong><span class=\"selected\"> para una estabilidad y biodisponibilidad \u00f3ptimas. Para m\u00e1s informaci\u00f3n, cons\u00faltenos.<\/span><\/li>\n<\/ul>\n<\/li>\n<li><strong><span class=\"selected\">Nutrici\u00f3n de mascotas:<\/span><\/strong>\n<ul>\n<li><strong><span class=\"selected\">Aplicaciones:<\/span><\/strong><span class=\"selected\"> Formulado en suplementos para mascotas y golosinas funcionales para favorecer la salud ocular de los animales que envejecen.<\/span><\/li>\n<\/ul>\n<\/li>\n<\/ul>\n<h2><span class=\"selected\">Estabilidad y almacenamiento<\/span><\/h2>\n<ul>\n<li><strong><span class=\"selected\">Almacenamiento:<\/span><\/strong><span class=\"selected\"> Conservar en lugar fresco y seco (menos de 25\u00b0C), en su envase original cerrado. Mantener alejado de la luz solar directa, el calor y la humedad.<\/span><\/li>\n<li><strong><span class=\"selected\">Caducidad:<\/span><\/strong><span class=\"selected\"> 18-24 meses si se almacena en las condiciones recomendadas.<\/span><\/li>\n<li><strong><span class=\"selected\">Estabilidad:<\/span><\/strong><span class=\"selected\"> La lute\u00edna es sensible a la luz, el ox\u00edgeno y las altas temperaturas. Se recomienda una manipulaci\u00f3n adecuada y un envasado opaco del producto final para garantizar su potencia durante toda su vida \u00fatil.<\/span><\/li>\n<\/ul>\n<h2><span class=\"selected\">Preguntas m\u00e1s frecuentes (FAQ)<\/span><\/h2>\n<p><strong><span class=\"selected\">P: \u00bfEs usted fabricante directo o comerciante?<\/span><\/strong><\/p>\n<p><span class=\"selected\">R: Somos el fabricante y exportador original de Extracto de Flor de Cal\u00e9ndula. Comprar con nosotros garantiza una trazabilidad completa, una calidad constante y una cadena de suministro estable directamente desde la f\u00e1brica.<\/span><\/p>\n<p><strong><span class=\"selected\">P: \u00bfCu\u00e1l es la diferencia entre la lute\u00edna en polvo y los gr\u00e1nulos de lute\u00edna?<\/span><\/strong><\/p>\n<p><span class=\"selected\">R: Nuestro polvo est\u00e1ndar es ideal para aplicaciones secas como comprimidos y c\u00e1psulas. Nuestros Beadlets est\u00e1n microencapsulados, lo que hace que la lute\u00edna sea dispersable en agua y m\u00e1s estable en bebidas, gominolas y otros sistemas acuosos.<\/span><\/p>\n<p><strong><span class=\"selected\">P: \u00bfCu\u00e1l es la cantidad m\u00ednima de pedido?<\/span><\/strong><\/p>\n<p><span class=\"selected\">R: Nuestro MOQ est\u00e1ndar es de 25 kg. Podemos realizar pedidos de prueba y proporcionar muestras para la evaluaci\u00f3n de I+D. P\u00f3ngase en contacto con nuestro equipo de ventas para obtener m\u00e1s informaci\u00f3n.<\/span><\/p>\n<p><strong><span class=\"selected\">P: \u00bfPueden facilitar un certificado de an\u00e1lisis (COA) de un lote concreto?<\/span><\/strong><\/p>\n<p><span class=\"selected\">R: Por supuesto. Con cada pedido se proporciona un COA espec\u00edfico para cada lote. Si lo desea, puede solicitar una muestra de COA durante el proceso de evaluaci\u00f3n.<\/span><\/p>\n<h2><span class=\"selected\">Solicite una muestra o un presupuesto<\/span><\/h2>\n<p><span class=\"selected\">Eval\u00fae la calidad y el rendimiento de nuestro extracto de cal\u00e9ndula en su formulaci\u00f3n. P\u00f3ngase en contacto con nosotros hoy mismo para solicitar una muestra, obtener un presupuesto para precios al por mayor o hablar con un especialista t\u00e9cnico.<\/span><\/p>","protected":false},"excerpt":{"rendered":"<ul>\n<li><b>Extracto de Cal\u00e9ndula Lute\u00edna 5% Polvo (HPLC):<\/b> Polvo de naranja de gran pureza extra\u00eddo de <i>Tagetes erecta<\/i>. Estandarizado a \u22655% de lute\u00edna libre y \u22650,5% de zeaxantina por HPLC.<\/li>\n<li><b>Formulaci\u00f3n lista:<\/b> Con un tama\u00f1o de part\u00edcula uniforme (100% pasa 80 mallas), es ideal para suplementos diet\u00e9ticos como comprimidos, c\u00e1psulas duras y mezclas nutricionales s\u00f3lidas.<\/li>\n<li><b>Calidad garantizada:<\/b> Se obtienen directamente del fabricante, lo que garantiza un bajo nivel de residuos de disolventes, el cumplimiento de las normas sobre metales pesados y una calidad constante lote a lote.<\/li>\n<\/ul>","protected":false},"featured_media":2789,"comment_status":"open","ping_status":"closed","template":"","meta":{"_acf_changed":false},"product_brand":[],"product_cat":[21],"product_tag":[],"class_list":{"0":"post-2788","1":"product","2":"type-product","3":"status-publish","4":"has-post-thumbnail","6":"product_cat-plant-extracts","8":"first","9":"instock","10":"shipping-taxable","11":"product-type-simple"},"acf":[],"_links":{"self":[{"href":"https:\/\/bstextract.com\/es\/wp-json\/wp\/v2\/product\/2788","targetHints":{"allow":["GET"]}}],"collection":[{"href":"https:\/\/bstextract.com\/es\/wp-json\/wp\/v2\/product"}],"about":[{"href":"https:\/\/bstextract.com\/es\/wp-json\/wp\/v2\/types\/product"}],"replies":[{"embeddable":true,"href":"https:\/\/bstextract.com\/es\/wp-json\/wp\/v2\/comments?post=2788"}],"wp:featuredmedia":[{"embeddable":true,"href":"https:\/\/bstextract.com\/es\/wp-json\/wp\/v2\/media\/2789"}],"wp:attachment":[{"href":"https:\/\/bstextract.com\/es\/wp-json\/wp\/v2\/media?parent=2788"}],"wp:term":[{"taxonomy":"product_brand","embeddable":true,"href":"https:\/\/bstextract.com\/es\/wp-json\/wp\/v2\/product_brand?post=2788"},{"taxonomy":"product_cat","embeddable":true,"href":"https:\/\/bstextract.com\/es\/wp-json\/wp\/v2\/product_cat?post=2788"},{"taxonomy":"product_tag","embeddable":true,"href":"https:\/\/bstextract.com\/es\/wp-json\/wp\/v2\/product_tag?post=2788"}],"curies":[{"name":"wp","href":"https:\/\/api.w.org\/{rel}","templated":true}]}}