{"id":2810,"date":"2025-09-04T03:35:09","date_gmt":"2025-09-04T03:35:09","guid":{"rendered":"https:\/\/bstextract.com\/?post_type=product&#038;p=2810"},"modified":"2025-09-04T03:35:09","modified_gmt":"2025-09-04T03:35:09","slug":"chlorella-spirulina-ecologica-en-polvo","status":"publish","type":"product","link":"https:\/\/bstextract.com\/es\/producto\/chlorella-spirulina-ecologica-en-polvo\/","title":{"rendered":"Chlorella Spirulina Polvo y Comprimidos"},"content":{"rendered":"<h2><strong><span class=\"selected\">Productos<\/span><\/strong><\/h2>\n<p><span class=\"selected\">Esta es una mezcla premium de dos ingredientes de Chlorella org\u00e1nica (<\/span><em><span class=\"selected\">Chlorella vulgaris<\/span><\/em><span class=\"selected\">) y espirulina ecol\u00f3gica (<\/span><em><span class=\"selected\">Arthrospira platensis<\/span><\/em><span class=\"selected\">), en forma de polvo verde oscuro o comprimidos. Cultivado en estanques de agua dulce meticulosamente controlados bajo protocolos org\u00e1nicos certificados, nuestro producto proporciona una fuente vegetal sin\u00e9rgica de prote\u00ednas completas y micronutrientes. Combina el perfil rico en clorofila de la chlorella con el vibrante contenido en ficocianinas de la espirulina, ofreciendo una soluci\u00f3n nutricional completa para formuladores que buscan ingredientes de alto impacto y etiqueta limpia.<\/span><\/p>\n<p><span class=\"selected\">Nuestro compromiso va m\u00e1s all\u00e1 de la nutrici\u00f3n y se extiende a una funcionalidad superior, abordando los retos de formulaci\u00f3n habituales de los ingredientes de origen vegetal.<\/span><\/p>\n<ul>\n<li><strong><span class=\"selected\">Alta densidad de nutrientes:<\/span><\/strong><span class=\"selected\"> Estandarizado con un contenido proteico \u2265 60% para formulaciones nutricionales potentes y declaraciones de etiquetado fundamentadas.<\/span><\/li>\n<li><strong><span class=\"selected\">Digestibilidad mejorada:<\/span><\/strong><span class=\"selected\"> Nuestra chlorella se somete a un proceso patentado de ruptura de la pared celular por liberaci\u00f3n a presi\u00f3n, lo que garantiza una biodisponibilidad \u00f3ptima de sus valiosos nutrientes intracelulares.<\/span><\/li>\n<li><strong><span class=\"selected\">Propiedades de formulaci\u00f3n superiores:<\/span><\/strong><span class=\"selected\"> Dise\u00f1ado para ofrecer una excelente dispersabilidad y un perfil sensorial suave, reduciendo las notas \"de estanque\" que suelen asociarse a los ingredientes de microalgas.<\/span><\/li>\n<li><strong><span class=\"selected\">Pureza y seguridad verificadas:<\/span><\/strong><span class=\"selected\"> Sometido a rigurosas pruebas de detecci\u00f3n de metales pesados, pesticidas y microcistinas, lo que garantiza el cumplimiento de las estrictas normas mundiales, incluida la Prop 65 de California.<\/span><\/li>\n<li><strong><span class=\"selected\">Suministro constante y fiable:<\/span><\/strong><span class=\"selected\"> Disponible directamente en <\/span><strong><span class=\"selected\">fabricante original<\/span><\/strong><span class=\"selected\"> para una calidad trazable y una disponibilidad estable durante todo el a\u00f1o para su programa de producci\u00f3n.<\/span><\/li>\n<\/ul>\n<h2><strong><span class=\"selected\">Especificaciones t\u00e9cnicas<\/span><\/strong><\/h2>\n<p><span class=\"selected\">Las siguientes especificaciones representan nuestro est\u00e1ndar para la forma en polvo. Las especificaciones personalizadas para comprimidos, incluidos los excipientes y la dureza, est\u00e1n disponibles previa solicitud.<\/span><\/p>\n<table>\n<tbody>\n<tr>\n<th><span class=\"selected\">Par\u00e1metro<\/span><\/th>\n<th><span class=\"selected\">Especificaci\u00f3n<\/span><\/th>\n<th><span class=\"selected\">M\u00e9todo de ensayo<\/span><\/th>\n<th><span class=\"selected\">Notas<\/span><\/th>\n<\/tr>\n<tr>\n<td><strong><span class=\"selected\">Identificaci\u00f3n<\/span><\/strong><\/td>\n<td><\/td>\n<td><\/td>\n<td><\/td>\n<\/tr>\n<tr>\n<td><span class=\"selected\">Apariencia<\/span><\/td>\n<td><span class=\"selected\">Verde oscuro, polvo fino<\/span><\/td>\n<td><span class=\"selected\">Visual<\/span><\/td>\n<td><span class=\"selected\">Color y textura uniformes<\/span><\/td>\n<\/tr>\n<tr>\n<td><span class=\"selected\">Olor \/ Sabor<\/span><\/td>\n<td><span class=\"selected\">Caracter\u00edstico, Leve<\/span><\/td>\n<td><span class=\"selected\">Organol\u00e9ptico<\/span><\/td>\n<td><\/td>\n<\/tr>\n<tr>\n<td><strong><span class=\"selected\">F\u00edsica y qu\u00edmica<\/span><\/strong><\/td>\n<td><\/td>\n<td><\/td>\n<td><\/td>\n<\/tr>\n<tr>\n<td><span class=\"selected\">Prote\u00edna (N x 6,25)<\/span><\/td>\n<td><span class=\"selected\">\u2265 60.0%<\/span><\/td>\n<td><span class=\"selected\">Kjeldahl<\/span><\/td>\n<td><span class=\"selected\">Una fuente completa de prote\u00ednas<\/span><\/td>\n<\/tr>\n<tr>\n<td><span class=\"selected\">Humedad<\/span><\/td>\n<td><span class=\"selected\">\u2264 8.0%<\/span><\/td>\n<td><span class=\"selected\">USP<\/span><\/td>\n<td><span class=\"selected\">Garantiza la estabilidad<\/span><\/td>\n<\/tr>\n<tr>\n<td><span class=\"selected\">Fresno<\/span><\/td>\n<td><span class=\"selected\">\u2264 9.0%<\/span><\/td>\n<td><span class=\"selected\">USP<\/span><\/td>\n<td><\/td>\n<\/tr>\n<tr>\n<td><span class=\"selected\">Tama\u00f1o de las part\u00edculas<\/span><\/td>\n<td><span class=\"selected\">95% A trav\u00e9s de 100 mallas<\/span><\/td>\n<td><span class=\"selected\">An\u00e1lisis granulom\u00e9trico<\/span><\/td>\n<td><span class=\"selected\">Optimizado para la dispersabilidad<\/span><\/td>\n<\/tr>\n<tr>\n<td><span class=\"selected\">Densidad aparente<\/span><\/td>\n<td><span class=\"selected\">0,45 - 0,65 g\/mL<\/span><\/td>\n<td><span class=\"selected\">USP<\/span><\/td>\n<td><span class=\"selected\">Crucial para el llenado de c\u00e1psulas<\/span><\/td>\n<\/tr>\n<tr>\n<td><strong><span class=\"selected\">Pureza y contaminantes<\/span><\/strong><\/td>\n<td><\/td>\n<td><\/td>\n<td><\/td>\n<\/tr>\n<tr>\n<td><span class=\"selected\">Plomo (Pb)<\/span><\/td>\n<td><span class=\"selected\">\u2264 0,5 ppm<\/span><\/td>\n<td><span class=\"selected\">ICP-MS<\/span><\/td>\n<td><span class=\"selected\">Cumple las normas USP\/UE.<\/span><\/td>\n<\/tr>\n<tr>\n<td><span class=\"selected\">Ars\u00e9nico (As)<\/span><\/td>\n<td><span class=\"selected\">\u2264 0,5 ppm<\/span><\/td>\n<td><span class=\"selected\">ICP-MS<\/span><\/td>\n<td><\/td>\n<\/tr>\n<tr>\n<td><span class=\"selected\">Cadmio (Cd)<\/span><\/td>\n<td><span class=\"selected\">\u2264 0,2 ppm<\/span><\/td>\n<td><span class=\"selected\">ICP-MS<\/span><\/td>\n<td><\/td>\n<\/tr>\n<tr>\n<td><span class=\"selected\">Mercurio (Hg)<\/span><\/td>\n<td><span class=\"selected\">\u2264 0,1 ppm<\/span><\/td>\n<td><span class=\"selected\">ICP-MS<\/span><\/td>\n<td><\/td>\n<\/tr>\n<tr>\n<td><span class=\"selected\">Microcistinas<\/span><\/td>\n<td><span class=\"selected\">No detectado (&lt;1 ppm)<\/span><\/td>\n<td><span class=\"selected\">ELISA<\/span><\/td>\n<td><span class=\"selected\">Par\u00e1metro cr\u00edtico de seguridad<\/span><\/td>\n<\/tr>\n<tr>\n<td><strong><span class=\"selected\">Microbiolog\u00eda<\/span><\/strong><\/td>\n<td><\/td>\n<td><\/td>\n<td><\/td>\n<\/tr>\n<tr>\n<td><span class=\"selected\">Recuento total de placas<\/span><\/td>\n<td><span class=\"selected\">\u2264 10.000 ufc\/g<\/span><\/td>\n<td><span class=\"selected\">USP<\/span><\/td>\n<td><\/td>\n<\/tr>\n<tr>\n<td><span class=\"selected\">Levaduras y moho<\/span><\/td>\n<td><span class=\"selected\">\u2264 100 ufc\/g<\/span><\/td>\n<td><span class=\"selected\">USP<\/span><\/td>\n<td><\/td>\n<\/tr>\n<tr>\n<td><em><span class=\"selected\">E. coli<\/span><\/em><\/td>\n<td><span class=\"selected\">Negativo \/ 10g<\/span><\/td>\n<td><span class=\"selected\">USP<\/span><\/td>\n<td><\/td>\n<\/tr>\n<tr>\n<td><em><span class=\"selected\">Salmonella<\/span><\/em><\/td>\n<td><span class=\"selected\">Negativo \/ 25g<\/span><\/td>\n<td><span class=\"selected\">USP<\/span><\/td>\n<td><\/td>\n<\/tr>\n<\/tbody>\n<\/table>\n<p><strong><span class=\"selected\">Informaci\u00f3n sobre envasado y suministro:<\/span><\/strong><span class=\"selected\"> Las cantidades a granel se suministran directamente desde nuestra <\/span><strong><span class=\"selected\">f\u00e1brica<\/span><\/strong><span class=\"selected\"> en bolsas de papel multipared aptas para uso alimentario de 25 kg de peso neto, con un revestimiento interior de PE para garantizar la integridad del producto. Ofrecemos soluciones de envasado escalables y personalizables para pedidos de gran volumen.<\/span><\/p>\n<h2><strong><span class=\"selected\">Detecci\u00f3n, calidad y coherencia<\/span><\/strong><\/h2>\n<p><span class=\"selected\">Nuestro compromiso con la calidad es absoluto. La producci\u00f3n se lleva a cabo en unas instalaciones con certificaci\u00f3n GMP e ISO 22000, lo que garantiza que cada lote cumpla las normas m\u00e1s estrictas de seguridad y eficacia. Nuestro laboratorio interno de control de calidad est\u00e1 equipado con instrumentaci\u00f3n anal\u00edtica avanzada, como ICP-MS para el an\u00e1lisis de metales traza y HPLC para la caracterizaci\u00f3n de pigmentos.<\/span><\/p>\n<p><span class=\"selected\">Implementamos un riguroso programa de consistencia lote a lote, controlando par\u00e1metros clave como el contenido proteico, el color y la densidad para garantizar que el ingrediente que recibe hoy tiene un rendimiento id\u00e9ntico al que recibir\u00e1 dentro de seis meses. Se emite un Certificado de An\u00e1lisis (COA) exhaustivo para cada lote, y hay disponible un COA de muestra para su revisi\u00f3n durante la cualificaci\u00f3n del proveedor.<\/span><\/p>\n<h2><strong><span class=\"selected\">Aplicaciones y recomendaciones de formulaci\u00f3n<\/span><\/strong><\/h2>\n<p><span class=\"selected\">Nuestra Chlorella Spirulina Org\u00e1nica est\u00e1 dise\u00f1ada para ofrecer versatilidad en una amplia gama de aplicaciones.<\/span><\/p>\n<ul>\n<li><strong><span class=\"selected\">Suplementos diet\u00e9ticos:<\/span><\/strong><span class=\"selected\"> El producto es un ingrediente b\u00e1sico ideal para comprimidos (existe un grado de compresi\u00f3n directa), c\u00e1psulas de dos piezas y mezclas de superalimentos en polvo.<\/span>\n<ul>\n<li><strong><span class=\"selected\">Consejo de formulaci\u00f3n:<\/span><\/strong><span class=\"selected\"> Para la encapsulaci\u00f3n, la densidad aparente favorece el llenado eficaz de c\u00e1psulas de tama\u00f1o est\u00e1ndar (250-500 mg). Para el tableteado, su distribuci\u00f3n granulom\u00e9trica contribuye a una buena fluidez y compresibilidad, minimizando la necesidad de aglutinantes excesivos.<\/span><\/li>\n<\/ul>\n<\/li>\n<li><strong><span class=\"selected\">Alimentos y bebidas funcionales:<\/span><\/strong><span class=\"selected\"> A\u00f1ade un potente aporte de nutrientes a las barritas de prote\u00ednas, la granola, las mezclas para batidos verdes, los yogures vegetales y las bebidas nutritivas RTD.<\/span>\n<ul>\n<li><strong><span class=\"selected\">Consejo de formulaci\u00f3n:<\/span><\/strong><span class=\"selected\"> Para polvos listos para mezclar, un nivel de uso t\u00edpico es de 5-15%. En aplicaciones para bebidas (1-3% p\/p), utilice un mezclador de alto cizallamiento para una dispersi\u00f3n \u00f3ptima. El color verde intenso del producto es un excelente colorante natural y permanece estable a niveles de pH superiores a 5,0.<\/span><\/li>\n<\/ul>\n<\/li>\n<\/ul>\n<h2><strong><span class=\"selected\">Compatibilidad y sinergias<\/span><\/strong><\/h2>\n<p><span class=\"selected\">Este ingrediente demuestra una excelente compatibilidad con otros componentes comunes de la formulaci\u00f3n. Puede combinarse sin\u00e9rgicamente con:<\/span><\/p>\n<ul>\n<li><strong><span class=\"selected\">Prote\u00ednas vegetales<\/span><\/strong><span class=\"selected\"> (guisante, arroz, c\u00e1\u00f1amo) para crear un perfil de amino\u00e1cidos m\u00e1s robusto.<\/span><\/li>\n<li><strong><span class=\"selected\">Prebi\u00f3ticos<\/span><\/strong><span class=\"selected\"> (inulina, FOS) para desarrollar mezclas sinbi\u00f3ticas de bienestar.<\/span><\/li>\n<li><strong><span class=\"selected\">Otros superalimentos en polvo<\/span><\/strong><span class=\"selected\"> (moringa, hierba de trigo, maca) para f\u00f3rmulas \"verdes\" completas.<\/span><\/li>\n<li><strong><span class=\"selected\">Vitaminas y minerales<\/span><\/strong><span class=\"selected\"> para los suplementos enriquecidos.<\/span><\/li>\n<\/ul>\n<h2><strong><span class=\"selected\">Estabilidad y almacenamiento<\/span><\/strong><\/h2>\n<p><span class=\"selected\">Para mantener la calidad \u00f3ptima y la integridad de los nutrientes, recomendamos almacenar el producto en un lugar fresco y seco (por debajo de 25\u00b0C \/ 77\u00b0F), alejado de la luz solar directa y de la humedad, en su envase original sin abrir. Si se conserva correctamente, su vida \u00fatil es de 24 meses a partir de la fecha de fabricaci\u00f3n. El producto es sensible a la exposici\u00f3n prolongada a altas temperaturas y ambientes \u00e1cidos, que pueden afectar a la estabilidad del pigmento.<\/span><\/p>\n<h2><strong><span class=\"selected\">Seguridad y cumplimiento de la normativa<\/span><\/strong><\/h2>\n<p><span class=\"selected\">Proporcionamos documentaci\u00f3n transparente y lista para auditor\u00edas que respalda las necesidades de cumplimiento de su producto.<\/span><\/p>\n<ul>\n<li><strong><span class=\"selected\">Certificaciones:<\/span><\/strong><span class=\"selected\"> USDA NOP &amp; EU Org\u00e1nica, Kosher, Halal, GMP, ISO 22000.<\/span><\/li>\n<li><strong><span class=\"selected\">Declaraciones:<\/span><\/strong><span class=\"selected\"> Sin OMG, sin gluten, vegano, no irradiado, sin EEB ni EET. Hay disponible una declaraci\u00f3n de contaminaci\u00f3n cruzada por al\u00e9rgenos.<\/span><\/li>\n<li><strong><span class=\"selected\">Estado GRAS:<\/span><\/strong><span class=\"selected\"> La espirulina est\u00e1 generalmente reconocida como segura (GRAS) para su uso previsto en productos alimenticios y bebidas seg\u00fan 21 CFR \u00a7 184.1555.<\/span><\/li>\n<\/ul>\n<h2><strong><span class=\"selected\">Preguntas m\u00e1s frecuentes (FAQ)<\/span><\/strong><\/h2>\n<p><strong><span class=\"selected\">P: \u00bfCu\u00e1l es la cantidad m\u00ednima de pedido?<\/span><\/strong><\/p>\n<p><span class=\"selected\">R: Nuestro MOQ est\u00e1ndar para polvo a granel es de 25 kg. P\u00f3ngase en contacto con nuestro equipo de ventas para obtener informaci\u00f3n sobre las cantidades m\u00ednimas de tabletas o para hablar sobre las cantidades de prueba.<\/span><\/p>\n<p><strong><span class=\"selected\">P: \u00bfSuministran directamente de f\u00e1brica?<\/span><\/strong><\/p>\n<p><span class=\"selected\">R: S\u00ed, somos el <\/span><strong><span class=\"selected\">fabricante original y proveedor mundial<\/span><\/strong><span class=\"selected\">. Esta relaci\u00f3n directa garantiza una trazabilidad total, un estricto control de calidad y precios competitivos al eliminar los costes de intermediaci\u00f3n.<\/span><\/p>\n<p><strong><span class=\"selected\">P: \u00bfEst\u00e1 rota la pared celular de la chlorella?<\/span><\/strong><\/p>\n<p><span class=\"selected\">R: Por supuesto. Nuestra chlorella se somete a un proceso f\u00edsico de liberaci\u00f3n de presi\u00f3n (sin productos qu\u00edmicos ni calor de molienda) para romper suavemente la dura pared celular externa, lo que resulta en m\u00e1s de 95% digestibilidad y accesibilidad de nutrientes.<\/span><\/p>\n<p><strong><span class=\"selected\">P: \u00bfPuedo obtener una muestra para I+D y pruebas de calidad?<\/span><\/strong><\/p>\n<p><span class=\"selected\">R: Por supuesto. Animamos a nuestros socios a probar nuestros materiales. Utilice el siguiente formulario para solicitar una muestra para sus ensayos de formulaci\u00f3n y evaluaci\u00f3n interna.<\/span><\/p>\n<h2><strong><span class=\"selected\">Solicite una muestra o un presupuesto<\/span><\/strong><\/h2>\n<p><span class=\"selected\">\u00bfEst\u00e1 listo para mejorar su producto con nuestra espirulina Chlorella org\u00e1nica de primera calidad? P\u00f3ngase en contacto con nosotros hoy mismo para solicitar un presupuesto sin compromiso, una ficha t\u00e9cnica o una muestra.<\/span><\/p>","protected":false},"excerpt":{"rendered":"<ul>\n<li><strong><span class=\"selected\">Producto:<\/span><\/strong><span class=\"selected\"> Clorela y espirulina ecol\u00f3gicas en polvo \/ comprimidos<\/span><\/li>\n<li><strong><span class=\"selected\">Especificaci\u00f3n:<\/span><\/strong><span class=\"selected\"> \u2265 60% Prote\u00edna (M\u00e9todo Kjeldahl)<\/span><\/li>\n<li><strong><span class=\"selected\">Fuente:<\/span><\/strong><span class=\"selected\"> De primera calidad, de cultivo ecol\u00f3gico <\/span><em><span class=\"selected\">Chlorella vulgaris<\/span><\/em><span class=\"selected\"> &amp; <\/span><em><span class=\"selected\">Arthrospira platensis<\/span><\/em><span class=\"selected\">.<\/span><\/li>\n<li><strong><span class=\"selected\">Caracter\u00edsticas principales:<\/span><\/strong><span class=\"selected\"> Polvo fino de color verde oscuro con un perfil suave. Contiene chlorella de pared celular rota para una mejor digestibilidad.<\/span><\/li>\n<li><strong><span class=\"selected\">Ideal para:<\/span><\/strong><span class=\"selected\"> Suplementos diet\u00e9ticos ricos en prote\u00ednas, alimentos funcionales, mezclas de batidos verdes y colorantes naturales.<\/span><\/li>\n<li><strong><span class=\"selected\">Calidad:<\/span><\/strong><span class=\"selected\"> Verificado bajo contenido en metales pesados y microcistinas, directamente de una empresa con certificaci\u00f3n GMP. <\/span><strong><span class=\"selected\">fabricante<\/span><\/strong><span class=\"selected\">.<\/span><\/li>\n<\/ul>","protected":false},"featured_media":2811,"comment_status":"open","ping_status":"closed","template":"","meta":{"_acf_changed":false},"product_brand":[],"product_cat":[15],"product_tag":[],"class_list":{"0":"post-2810","1":"product","2":"type-product","3":"status-publish","4":"has-post-thumbnail","6":"product_cat-dietary-supplements","8":"first","9":"instock","10":"shipping-taxable","11":"product-type-simple"},"acf":[],"_links":{"self":[{"href":"https:\/\/bstextract.com\/es\/wp-json\/wp\/v2\/product\/2810","targetHints":{"allow":["GET"]}}],"collection":[{"href":"https:\/\/bstextract.com\/es\/wp-json\/wp\/v2\/product"}],"about":[{"href":"https:\/\/bstextract.com\/es\/wp-json\/wp\/v2\/types\/product"}],"replies":[{"embeddable":true,"href":"https:\/\/bstextract.com\/es\/wp-json\/wp\/v2\/comments?post=2810"}],"wp:featuredmedia":[{"embeddable":true,"href":"https:\/\/bstextract.com\/es\/wp-json\/wp\/v2\/media\/2811"}],"wp:attachment":[{"href":"https:\/\/bstextract.com\/es\/wp-json\/wp\/v2\/media?parent=2810"}],"wp:term":[{"taxonomy":"product_brand","embeddable":true,"href":"https:\/\/bstextract.com\/es\/wp-json\/wp\/v2\/product_brand?post=2810"},{"taxonomy":"product_cat","embeddable":true,"href":"https:\/\/bstextract.com\/es\/wp-json\/wp\/v2\/product_cat?post=2810"},{"taxonomy":"product_tag","embeddable":true,"href":"https:\/\/bstextract.com\/es\/wp-json\/wp\/v2\/product_tag?post=2810"}],"curies":[{"name":"wp","href":"https:\/\/api.w.org\/{rel}","templated":true}]}}