{"id":2844,"date":"2025-09-11T06:59:59","date_gmt":"2025-09-11T06:59:59","guid":{"rendered":"https:\/\/bstextract.com\/?post_type=product&#038;p=2844"},"modified":"2025-09-11T07:00:48","modified_gmt":"2025-09-11T07:00:48","slug":"acido-elagico-90-hplc-polvo","status":"publish","type":"product","link":"https:\/\/bstextract.com\/es\/producto\/acido-elagico-90-hplc-polvo\/","title":{"rendered":"\u00c1cido el\u00e1gico"},"content":{"rendered":"<h2><strong><span class=\"selected\">Productos<\/span><\/strong><\/h2>\n<p><span class=\"selected\">El \u00e1cido el\u00e1gico es un potente polifenol natural conocido por sus importantes propiedades antioxidantes. Extra\u00eddo de las c\u00e1scaras ricas en nutrientes de las granadas (<\/span><em><span class=\"selected\">Punica granatum<\/span><\/em><span class=\"selected\">), nuestro \u00c1cido El\u00e1gico es un polvo de gran pureza, cient\u00edficamente estandarizado, dise\u00f1ado para marcas que buscan ingredientes de primera calidad derivados de plantas. Su s\u00f3lido rendimiento y excelente perfil de estabilidad lo convierten en una opci\u00f3n de primer orden para los desarrolladores de productos de los sectores de suplementos diet\u00e9ticos, cosm\u00e9ticos y alimentos funcionales comprometidos con la creaci\u00f3n de productos de alta eficacia respaldados por la ciencia.<\/span><\/p>\n<p><span class=\"selected\">Este ingrediente no es un mero producto b\u00e1sico, sino que est\u00e1 dise\u00f1ado para formuladores que exigen precisi\u00f3n, fiabilidad y una pureza inigualable para lograr resultados constantes y predecibles en sus productos acabados. Entendemos que en un mercado competitivo, la calidad de sus materias primas se traduce directamente en el \u00e9xito de su marca.<\/span><\/p>\n<ul>\n<li><strong><span class=\"selected\">Potencia garantizada:<\/span><\/strong><span class=\"selected\"> Estandarizamos nuestro \u00e1cido el\u00e1gico a un <\/span><strong><span class=\"selected\">pureza m\u00ednima de 90%<\/span><\/strong><span class=\"selected\">confirmado por el m\u00e9todo de prueba HPLC est\u00e1ndar de oro de la industria. Esto le garantiza que recibir\u00e1 un ingrediente activo potente y fiable en cada pedido.<\/span><\/li>\n<li><strong><span class=\"selected\">Calidad constante:<\/span><\/strong><span class=\"selected\"> Producido en un <\/span><strong><span class=\"selected\">Instalaciones con certificaci\u00f3n GMP<\/span><\/strong><span class=\"selected\">Nuestro proceso garantiza una excepcional uniformidad entre lotes en cuanto a pureza, tama\u00f1o de las part\u00edculas y color, minimizando las variables de producci\u00f3n.<\/span><\/li>\n<li><strong><span class=\"selected\">Formulabilidad mejorada:<\/span><\/strong><span class=\"selected\"> Con un perfil de tama\u00f1o de part\u00edcula finamente controlado, nuestro \u00e1cido el\u00e1gico ofrece caracter\u00edsticas superiores de manipulaci\u00f3n, mezcla y dispersi\u00f3n en diversos sistemas de aplicaci\u00f3n, desde comprimidos de compresi\u00f3n directa hasta emulsiones complejas.<\/span><\/li>\n<li><strong><span class=\"selected\">Cadena de suministro fiable:<\/span><\/strong><span class=\"selected\"> Como el <\/span><strong><span class=\"selected\">fabricante directo<\/span><\/strong><span class=\"selected\">Con una cadena de suministro totalmente trazable y estable, le ofrecemos la confianza y fiabilidad necesarias para la planificaci\u00f3n de la producci\u00f3n a largo plazo y el crecimiento del mercado.<\/span><\/li>\n<\/ul>\n<h2><strong><span class=\"selected\">Envasado, almacenamiento y caducidad<\/span><\/strong><\/h2>\n<ul>\n<li><strong><span class=\"selected\">Embalaje est\u00e1ndar:<\/span><\/strong><span class=\"selected\"> 25 kg de peso neto en un robusto bid\u00f3n de fibra con calidad de exportaci\u00f3n, sellado con doble revestimiento interior de polietileno (PE) alimentario para proteger la integridad del producto. Los pedidos a granel se envasan a medida, previa solicitud.<\/span><\/li>\n<li><strong><span class=\"selected\">Condiciones de almacenamiento:<\/span><\/strong><span class=\"selected\"> Para mantener una calidad \u00f3ptima, cons\u00e9rvese en un lugar fresco (&lt;25\u00b0C), seco y oscuro, alejado de la luz solar directa, la humedad y los olores fuertes. Mantener el envase bien cerrado cuando no se utilice.<\/span><\/li>\n<li><strong><span class=\"selected\">Caducidad:<\/span><\/strong><span class=\"selected\"> 24 meses a partir de la fecha de fabricaci\u00f3n si se conserva en las condiciones recomendadas.<\/span><\/li>\n<\/ul>\n<h2><strong><span class=\"selected\">Pruebas y control de calidad<\/span><\/strong><\/h2>\n<p><span class=\"selected\">Nuestro compromiso con la calidad est\u00e1 validado por un riguroso protocolo de pruebas centrado en <\/span><strong><span class=\"selected\">Cromatograf\u00eda l\u00edquida de alto rendimiento (HPLC)<\/span><\/strong><span class=\"selected\">. Esta t\u00e9cnica anal\u00edtica avanzada es el patr\u00f3n oro definitivo para identificar y cuantificar con precisi\u00f3n el contenido de \u00e1cido el\u00e1gico. A diferencia de los m\u00e9todos de espectrofotometr\u00eda UV-Vis menos precisos, que pueden estar sesgados por otros polifenoles, la HPLC separa cada compuesto, asegurando que la pureza 90% en nuestro COA es un reflejo exacto de la mol\u00e9cula activa.<\/span><\/p>\n<p><span class=\"selected\">Nuestras instalaciones de producci\u00f3n cuentan con la certificaci\u00f3n GMP y mantenemos una documentaci\u00f3n exhaustiva para respaldar sus necesidades de calidad y normativas. Como <\/span><strong><span class=\"selected\">fabricante y exportador original<\/span><\/strong><span class=\"selected\">Ofrecemos total transparencia y podemos proporcionarle un archivo completo de documentos para agilizar su proceso de cualificaci\u00f3n de proveedores.<\/span><\/p>\n<p><strong><span class=\"selected\">Documentaci\u00f3n disponible:<\/span><\/strong><\/p>\n<ul>\n<li><span class=\"selected\">Certificado de an\u00e1lisis (COA) espec\u00edfico de cada lote<\/span><\/li>\n<li><span class=\"selected\">Ficha de datos de seguridad (FDS)<\/span><\/li>\n<li><span class=\"selected\">Declaraci\u00f3n de al\u00e9rgenos<\/span><\/li>\n<li><span class=\"selected\">Declaraci\u00f3n de no OGM y no irradiaci\u00f3n<\/span><\/li>\n<li><span class=\"selected\">La certificaci\u00f3n Halal y Kosher est\u00e1 disponible previa solicitud.<\/span><\/li>\n<\/ul>\n<h2><strong><span class=\"selected\">Aplicaciones y formulaci\u00f3n<\/span><\/strong><\/h2>\n<p><span class=\"selected\">Nuestro \u00e1cido el\u00e1gico de gran pureza est\u00e1 dise\u00f1ado para ofrecer versatilidad y rendimiento en una amplia gama de aplicaciones exigentes.<\/span><\/p>\n<h3><strong><span class=\"selected\">Para suplementos diet\u00e9ticos:<\/span><\/strong><\/h3>\n<p><span class=\"selected\">Una excelente elecci\u00f3n para c\u00e1psulas, comprimidos y mezclas en polvo centradas en el apoyo antioxidante, la salud celular y el bienestar de la piel desde el interior. Su alta concentraci\u00f3n permite formulaciones potentes y de baja dosis que resultan m\u00e1s rentables y c\u00f3modas para el consumidor.<\/span><\/p>\n<ul>\n<li><strong><span class=\"selected\">Nivel de uso recomendado:<\/span><\/strong><span class=\"selected\"> 50 mg - 250 mg por porci\u00f3n.<\/span><\/li>\n<li><strong><span class=\"selected\">Nota de formulaci\u00f3n:<\/span><\/strong><span class=\"selected\"> El tama\u00f1o controlado de las part\u00edculas y su buena fluidez lo hacen adecuado para el tableteado por compresi\u00f3n directa y los procesos automatizados de encapsulaci\u00f3n, reduciendo la necesidad de excipientes adicionales.<\/span><\/li>\n<\/ul>\n<h3><strong><span class=\"selected\">Para formulaciones de cuidado de la piel:<\/span><\/strong><\/h3>\n<p><span class=\"selected\">Un ingrediente activo clave para productos avanzados para el cuidado de la piel -incluidos sueros, cremas, lociones y mascarillas- cuyo objetivo es conseguir un tono de piel m\u00e1s luminoso y uniforme y proporcionar una s\u00f3lida protecci\u00f3n antioxidante frente a los factores estresantes del medio ambiente.<\/span><\/p>\n<ul>\n<li><strong><span class=\"selected\">Nivel de uso recomendado:<\/span><\/strong><span class=\"selected\"> 0,2% - 1,0%.<\/span><\/li>\n<li><strong><span class=\"selected\">Nota de formulaci\u00f3n:<\/span><\/strong><span class=\"selected\"> El \u00e1cido el\u00e1gico es poco soluble en agua. Para una incorporaci\u00f3n \u00f3ptima, recomendamos dispersarlo en la fase oleosa calentada de una emulsi\u00f3n o crear una mezcla previa en un disolvente adecuado, como propanediol, propilenglicol o pentilenglicol, antes de a\u00f1adirlo a la formulaci\u00f3n final a una temperatura inferior a 45\u00b0C. Funciona mejor en formulaciones con un pH final entre 4,5 y 6,0.<\/span><\/li>\n<\/ul>\n<h2><strong><span class=\"selected\">Sinergias y compatibilidad de la formulaci\u00f3n<\/span><\/strong><\/h2>\n<p><span class=\"selected\">En las f\u00f3rmulas para el cuidado de la piel, el \u00e1cido el\u00e1gico muestra potentes efectos antioxidantes sin\u00e9rgicos cuando se combina cuidadosamente con otros activos, ayudando a crear un sistema de defensa de m\u00faltiples v\u00edas para la piel.<\/span><\/p>\n<ul>\n<li><strong><span class=\"selected\">Con vitaminas:<\/span><\/strong><span class=\"selected\"> Funciona excepcionalmente bien con el \u00c1cido Asc\u00f3rbico (Vitamina C) y sus derivados estables, as\u00ed como con el Tocoferol (Vitamina E), para proporcionar una protecci\u00f3n antioxidante de amplio espectro.<\/span><\/li>\n<li><strong><span class=\"selected\">Con otros antioxidantes:<\/span><\/strong><span class=\"selected\"> Puede combinarse con \u00c1cido Fer\u00falico para mejorar su estabilidad y eficacia.<\/span><\/li>\n<li><strong><span class=\"selected\">Con agentes hidratantes:<\/span><\/strong><span class=\"selected\"> Es totalmente compatible con humectantes y agentes hidratantes comunes como el \u00e1cido hialur\u00f3nico, la glicerina y diversos glicoles.<\/span><\/li>\n<\/ul>\n<h2><strong><span class=\"selected\">Informaci\u00f3n sobre seguridad y conformidad<\/span><\/strong><\/h2>\n<p><span class=\"selected\">Este producto se utiliza como ingrediente en suplementos diet\u00e9ticos y f\u00f3rmulas cosm\u00e9ticas. Se deriva de una fuente alimentaria natural (<\/span><em><span class=\"selected\">Punica granatum<\/span><\/em><span class=\"selected\">). La informaci\u00f3n proporcionada en este documento es s\u00f3lo para fines informativos y de formulaci\u00f3n y no constituye una declaraci\u00f3n m\u00e9dica o un respaldo de cualquier producto terminado. Aconsejamos encarecidamente a los formuladores que consulten sus normativas regionales (por ejemplo, FDA, EFSA, NMPA) para garantizar el pleno cumplimiento para su aplicaci\u00f3n y mercado espec\u00edficos.<\/span><\/p>\n<h2><strong><span class=\"selected\">Preguntas m\u00e1s frecuentes (FAQ)<\/span><\/strong><\/h2>\n<p><strong><span class=\"selected\">P1: \u00bfCu\u00e1l es la principal diferencia entre su grado HPLC 90% y otros extractos menos definidos?<\/span><\/strong><\/p>\n<p><span class=\"selected\">R: Nuestro grado 90% HPLC garantiza un nivel muy alto de pureza y potencia de la mol\u00e9cula activa de \u00e1cido el\u00e1gico. El m\u00e9todo HPLC garantiza esta precisi\u00f3n, que es fundamental para los productos de alto rendimiento y el etiquetado transparente, a diferencia de los m\u00e9todos de ensayo UV menos fiables que pueden sobrestimar el contenido activo.<\/span><\/p>\n<p><strong><span class=\"selected\">P2: \u00bfSuministran directamente de f\u00e1brica?<\/span><\/strong><\/p>\n<p><span class=\"selected\">R: S\u00ed, somos el <\/span><strong><span class=\"selected\">fabricante original y proveedor mundial<\/span><\/strong><span class=\"selected\"> de este \u00e1cido el\u00e1gico. Esto garantiza una trazabilidad completa desde la materia prima hasta el polvo acabado, una calidad constante, precios competitivos y una cadena de suministro estable para nuestros clientes.<\/span><\/p>\n<p><strong><span class=\"selected\">P3: \u00bfCu\u00e1l es la mejor pr\u00e1ctica para incorporarlo a un suero cosm\u00e9tico de base acuosa?<\/span><\/strong><\/p>\n<p><span class=\"selected\">R: Para un sistema principalmente acuoso, el m\u00e9todo m\u00e1s eficaz es utilizar un solubilizante o crear una predispersi\u00f3n en un glicol como el propanediol. Disuelva primero el polvo de \u00e1cido el\u00e1gico en el glicol con un calentamiento suave y, a continuaci\u00f3n, a\u00f1ada esta soluci\u00f3n a la fase acuosa. Esto evita la formaci\u00f3n de grumos y garantiza la homogeneidad.<\/span><\/p>\n<p><strong><span class=\"selected\">P4: \u00bfCu\u00e1l es la cantidad m\u00ednima de pedido (MOQ) y el plazo de entrega?<\/span><\/strong><\/p>\n<p><span class=\"selected\">R: Nuestro MOQ est\u00e1ndar es de 25 kg. Sin embargo, nos comprometemos a apoyar la I+D de nuestros clientes y ofrecemos cantidades de muestra m\u00e1s peque\u00f1as (100 g - 1 kg) para su evaluaci\u00f3n. El plazo de entrega est\u00e1ndar es de 2-3 semanas, pero p\u00f3ngase en contacto con nosotros para conocer los niveles de existencias actuales y obtener un presupuesto preciso.<\/span><\/p>","protected":false},"excerpt":{"rendered":"<ul>\n<li>\n<p class=\"\"><strong><span class=\"selected\">Activo de alta pureza:<\/span><\/strong><span class=\"selected\"> \u00c1cido el\u00e1gico en polvo estandarizado con una pureza \u2265 90%, meticulosamente verificada por an\u00e1lisis HPLC.<\/span><\/p>\n<\/li>\n<li><strong><span class=\"selected\">Fuente natural:<\/span><\/strong><span class=\"selected\"> Extra\u00eddo de granada de primera calidad (<\/span><em><span class=\"selected\">Punica granatum<\/span><\/em><span class=\"selected\">), en l\u00ednea con las tendencias de las marcas limpias.<\/span><\/li>\n<li><strong><span class=\"selected\">Apariencia:<\/span><\/strong><span class=\"selected\"> Polvo fino de color gris claro y olor caracter\u00edstico, que garantiza la consistencia del perfil sensorial de su formulaci\u00f3n.<\/span><\/li>\n<li><strong><span class=\"selected\">Aplicaciones clave:<\/span><\/strong><span class=\"selected\"> Dise\u00f1ado para suplementos diet\u00e9ticos de alto rendimiento, f\u00f3rmulas avanzadas para el cuidado de la piel (sueros, cremas) y alimentos funcionales.<\/span><\/li>\n<li><strong><span class=\"selected\">Ventaja de la formulaci\u00f3n:<\/span><\/strong><span class=\"selected\"> Presenta un tama\u00f1o de part\u00edcula controlado para mejorar la dispersi\u00f3n y la consistencia entre lotes, lo que es fundamental para una producci\u00f3n escalable.<\/span><\/li>\n<\/ul>","protected":false},"featured_media":2845,"comment_status":"open","ping_status":"closed","template":"","meta":{"_acf_changed":false},"product_brand":[],"product_cat":[21],"product_tag":[],"class_list":{"0":"post-2844","1":"product","2":"type-product","3":"status-publish","4":"has-post-thumbnail","6":"product_cat-plant-extracts","8":"first","9":"instock","10":"shipping-taxable","11":"product-type-simple"},"acf":[],"_links":{"self":[{"href":"https:\/\/bstextract.com\/es\/wp-json\/wp\/v2\/product\/2844","targetHints":{"allow":["GET"]}}],"collection":[{"href":"https:\/\/bstextract.com\/es\/wp-json\/wp\/v2\/product"}],"about":[{"href":"https:\/\/bstextract.com\/es\/wp-json\/wp\/v2\/types\/product"}],"replies":[{"embeddable":true,"href":"https:\/\/bstextract.com\/es\/wp-json\/wp\/v2\/comments?post=2844"}],"wp:featuredmedia":[{"embeddable":true,"href":"https:\/\/bstextract.com\/es\/wp-json\/wp\/v2\/media\/2845"}],"wp:attachment":[{"href":"https:\/\/bstextract.com\/es\/wp-json\/wp\/v2\/media?parent=2844"}],"wp:term":[{"taxonomy":"product_brand","embeddable":true,"href":"https:\/\/bstextract.com\/es\/wp-json\/wp\/v2\/product_brand?post=2844"},{"taxonomy":"product_cat","embeddable":true,"href":"https:\/\/bstextract.com\/es\/wp-json\/wp\/v2\/product_cat?post=2844"},{"taxonomy":"product_tag","embeddable":true,"href":"https:\/\/bstextract.com\/es\/wp-json\/wp\/v2\/product_tag?post=2844"}],"curies":[{"name":"wp","href":"https:\/\/api.w.org\/{rel}","templated":true}]}}