{"id":3103,"date":"2025-09-28T02:58:42","date_gmt":"2025-09-28T02:58:42","guid":{"rendered":"https:\/\/bstextract.com\/?post_type=product&#038;p=3103"},"modified":"2025-09-28T02:58:42","modified_gmt":"2025-09-28T02:58:42","slug":"inositol-en-polvo-myo-99","status":"publish","type":"product","link":"https:\/\/bstextract.com\/es\/producto\/inositol-en-polvo-myo-99\/","title":{"rendered":"Inositol en polvo (Myo-Inositol) 99%"},"content":{"rendered":"<h2><span class=\"selected\">Productos<\/span><\/h2>\n<p><span class=\"selected\">El mio-inositol es un poliol carboc\u00edclico vital que desempe\u00f1a un papel crucial en las v\u00edas de se\u00f1alizaci\u00f3n celular. Aunque hist\u00f3ricamente se conoce como vitamina B8, es un ingrediente clave en los productos modernos de nutrici\u00f3n y bienestar. Nuestro Myo-Inositol es un polvo cristalino fino y blanco con un sabor ligeramente dulce, lo que lo convierte en un componente excepcionalmente vers\u00e1til para una amplia gama de industrias. Es un ingrediente fundamental en sofisticadas f\u00f3rmulas destinadas a mejorar la salud metab\u00f3lica, la funci\u00f3n cognitiva y el bienestar general.<\/span><\/p>\n<h3><span class=\"selected\">Ventajas \u00fanicas<\/span><\/h3>\n<ul>\n<li><strong><span class=\"selected\">Pureza excepcional:<\/span><\/strong><span class=\"selected\"> Ensayo garantizado de \u226597%, con lotes t\u00edpicos que se prueban a un impresionante <\/span><strong><span class=\"selected\">99,2% por HPLC<\/span><\/strong><span class=\"selected\">. Esto garantiza la m\u00e1xima potencia y una dosificaci\u00f3n fiable y precisa para sus formulaciones.<\/span><\/li>\n<li><strong><span class=\"selected\">Seguridad l\u00edder del mercado:<\/span><\/strong><span class=\"selected\"> Los niveles de metales pesados (Pb, As) se comprueban en <\/span><strong><span class=\"selected\">0,001 ppm<\/span><\/strong><span class=\"selected\">un nivel 1.000 veces inferior al l\u00edmite reglamentario est\u00e1ndar de 1 ppm. Esto convierte a nuestro inositol en la mejor opci\u00f3n para aplicaciones sensibles como preparados para lactantes y suplementos de etiquetado limpio.<\/span><\/li>\n<li><strong><span class=\"selected\">Estabilidad y procesabilidad superiores:<\/span><\/strong><span class=\"selected\"> Con una p\u00e9rdida por secado extremadamente baja (normalmente <\/span><strong><span class=\"selected\">&lt;0,1%<\/span><\/strong><span class=\"selected\">), este polvo resiste la humedad, lo que garantiza una mejor fluidez durante la fabricaci\u00f3n y una mayor vida \u00fatil en mezclas secas, comprimidos y c\u00e1psulas.<\/span><\/li>\n<li><strong><span class=\"selected\">Microbiol\u00f3gicamente limpio:<\/span><\/strong><span class=\"selected\"> Nuestro proceso controlado por las buenas pr\u00e1cticas de fabricaci\u00f3n permite obtener un producto con un recuento microbiano excepcionalmente bajo (recuento total de g\u00e9rmenes t\u00edpicamente <\/span><strong><span class=\"selected\">&lt;20 ufc\/g<\/span><\/strong><span class=\"selected\">), superando con creces las normas del sector y garantizando la seguridad e integridad de su producto final.<\/span><\/li>\n<li><strong><span class=\"selected\">Cadena de suministro fiable:<\/span><\/strong><span class=\"selected\"> Ofrecemos una producci\u00f3n coherente y escalable <\/span><strong><span class=\"selected\">directamente del fabricante<\/span><\/strong><span class=\"selected\">, ofreci\u00e9ndole un suministro estable a largo plazo y una cadena de custodia completa.<\/span><\/li>\n<\/ul>\n<h2><span class=\"selected\">Especificaciones t\u00e9cnicas clave para Inositol en polvo (ensayo 99%)<\/span><\/h2>\n<p><span class=\"selected\">Esta tabla proporciona los par\u00e1metros de calidad garantizados para cada lote, asegurando un rendimiento y un cumplimiento constantes.<\/span><\/p>\n<table>\n<tbody>\n<tr>\n<th><span class=\"selected\">Par\u00e1metro<\/span><\/th>\n<th><span class=\"selected\">Est\u00e1ndar<\/span><\/th>\n<th><span class=\"selected\">M\u00e9todo de ensayo t\u00edpico<\/span><\/th>\n<\/tr>\n<tr>\n<td><strong><span class=\"selected\">An\u00e1lisis f\u00edsicos y qu\u00edmicos<\/span><\/strong><\/td>\n<td><\/td>\n<td><\/td>\n<\/tr>\n<tr>\n<td><span class=\"selected\">Descripci\u00f3n<\/span><\/td>\n<td><span class=\"selected\">Polvo cristalino blanco o blanquecino<\/span><\/td>\n<td><span class=\"selected\">Visual<\/span><\/td>\n<\/tr>\n<tr>\n<td><span class=\"selected\">Identificaci\u00f3n<\/span><\/td>\n<td><span class=\"selected\">Positivo<\/span><\/td>\n<td><span class=\"selected\">USP\/NF<\/span><\/td>\n<\/tr>\n<tr>\n<td><span class=\"selected\">Ensayo (en base seca)<\/span><\/td>\n<td><span class=\"selected\">\u226597,0% (T\u00edpicamente ~99,2%)<\/span><\/td>\n<td><span class=\"selected\">HPLC<\/span><\/td>\n<\/tr>\n<tr>\n<td><span class=\"selected\">Contenido de ceniza<\/span><\/td>\n<td><span class=\"selected\">\u22640.1%<\/span><\/td>\n<td><span class=\"selected\">USP\/NF<\/span><\/td>\n<\/tr>\n<tr>\n<td><span class=\"selected\">P\u00e9rdida por secado<\/span><\/td>\n<td><span class=\"selected\">\u22640,5% (T\u00edpicamente &lt;0,1%)<\/span><\/td>\n<td><span class=\"selected\">USP\/NF<\/span><\/td>\n<\/tr>\n<tr>\n<td><span class=\"selected\">Punto de fusi\u00f3n<\/span><\/td>\n<td><span class=\"selected\">224\u00b0C - 227\u00b0C<\/span><\/td>\n<td><span class=\"selected\">USP\/NF<\/span><\/td>\n<\/tr>\n<tr>\n<td><strong><span class=\"selected\">An\u00e1lisis de residuos e impurezas<\/span><\/strong><\/td>\n<td><\/td>\n<td><\/td>\n<\/tr>\n<tr>\n<td><span class=\"selected\">Plomo (Pb)<\/span><\/td>\n<td><span class=\"selected\">\u22641 ppm (normalmente 0,001 ppm)<\/span><\/td>\n<td><span class=\"selected\">ICP-MS<\/span><\/td>\n<\/tr>\n<tr>\n<td><span class=\"selected\">Ars\u00e9nico (As)<\/span><\/td>\n<td><span class=\"selected\">\u22641 ppm (normalmente 0,001 ppm)<\/span><\/td>\n<td><span class=\"selected\">ICP-MS<\/span><\/td>\n<\/tr>\n<tr>\n<td><span class=\"selected\">Disolventes residuales<\/span><\/td>\n<td><span class=\"selected\">Cumple los requisitos USP &lt;467<\/span><\/td>\n<td><span class=\"selected\">GC-HS<\/span><\/td>\n<\/tr>\n<tr>\n<td><strong><span class=\"selected\">An\u00e1lisis microbiol\u00f3gico<\/span><\/strong><\/td>\n<td><\/td>\n<td><\/td>\n<\/tr>\n<tr>\n<td><span class=\"selected\">Recuento total de placas<\/span><\/td>\n<td><span class=\"selected\">\u22641000 ufc\/g<\/span><\/td>\n<td><span class=\"selected\">USP\/NF<\/span><\/td>\n<\/tr>\n<tr>\n<td><span class=\"selected\">Levaduras y moho<\/span><\/td>\n<td><span class=\"selected\">\u2264100 ufc\/g<\/span><\/td>\n<td><span class=\"selected\">USP\/NF<\/span><\/td>\n<\/tr>\n<tr>\n<td><span class=\"selected\">E. Coli<\/span><\/td>\n<td><span class=\"selected\">Negativo \/ 10g<\/span><\/td>\n<td><span class=\"selected\">USP\/NF<\/span><\/td>\n<\/tr>\n<tr>\n<td><span class=\"selected\">Salmonella<\/span><\/td>\n<td><span class=\"selected\">Negativo \/ 25g<\/span><\/td>\n<td><span class=\"selected\">USP\/NF<\/span><\/td>\n<\/tr>\n<tr>\n<td><span class=\"selected\">Estafilococo<\/span><\/td>\n<td><span class=\"selected\">Negativo \/ 10g<\/span><\/td>\n<td><span class=\"selected\">USP\/NF<\/span><\/td>\n<\/tr>\n<\/tbody>\n<\/table>\n<p><em><span class=\"selected\">Nota: Cantidades a granel disponibles <\/span><strong><span class=\"selected\">de nuestra f\u00e1brica<\/span><\/strong><span class=\"selected\"> con opciones de envasado personalizables para satisfacer sus necesidades de producci\u00f3n.<\/span><\/em><\/p>\n<h2><span class=\"selected\">Detecci\u00f3n y control de calidad<\/span><\/h2>\n<h3><span class=\"selected\">Metodolog\u00eda avanzada de pruebas<\/span><\/h3>\n<p><span class=\"selected\">Utilizamos cromatograf\u00eda l\u00edquida de alto rendimiento (HPLC) para las pruebas de ensayo. Este m\u00e9todo avanzado asegura la cuantificaci\u00f3n precisa del Myo-Inositol, garantizando su pureza y la ausencia de impurezas relacionadas con mucha m\u00e1s exactitud que los antiguos m\u00e9todos de valoraci\u00f3n. Para mayor seguridad, los metales pesados se analizan mediante espectrometr\u00eda de masas con plasma de acoplamiento inductivo (ICP-MS), lo que proporciona una sensibilidad l\u00edder en el mercado y ofrece la pureza verificable necesaria para el cumplimiento de la normativa mundial.<\/span><\/p>\n<h3><span class=\"selected\">Coherencia entre lotes<\/span><\/h3>\n<p><span class=\"selected\">Como el <\/span><strong><span class=\"selected\">fabricante original<\/span><\/strong><span class=\"selected\">operamos bajo estrictas directrices de Buenas Pr\u00e1cticas de Fabricaci\u00f3n (BPF). Nuestros estrictos controles de proceso garantizan que cada lote, desde el primer kilogramo hasta los pedidos de varias toneladas, cumpla los mismos altos niveles de pureza, tama\u00f1o de part\u00edcula y densidad que se indican en nuestro Certificado de An\u00e1lisis. Este compromiso con la consistencia minimiza la variabilidad en su proceso de producci\u00f3n.<\/span><\/p>\n<h3><span class=\"selected\">Documentaci\u00f3n disponible<\/span><\/h3>\n<p><span class=\"selected\">Ofrecemos un paquete completo de documentaci\u00f3n para apoyar a sus equipos de calidad y reglamentaci\u00f3n, que incluye:<\/span><\/p>\n<ul>\n<li><span class=\"selected\">Certificado de an\u00e1lisis (COA) de cada lote espec\u00edfico<\/span><\/li>\n<li><span class=\"selected\">Ficha de datos de seguridad (FDS)<\/span><\/li>\n<li><span class=\"selected\">Declaraci\u00f3n de al\u00e9rgenos<\/span><\/li>\n<li><span class=\"selected\">Declaraci\u00f3n de no OGM<\/span><\/li>\n<li><span class=\"selected\">Certificados Kosher y Halal<\/span><\/li>\n<\/ul>\n<h2><span class=\"selected\">Aplicaciones y sugerencias de formulaci\u00f3n<\/span><\/h2>\n<h3><span class=\"selected\">Suplementos diet\u00e9ticos<\/span><\/h3>\n<p><span class=\"selected\">Nuestro Myo-Inositol es ideal para c\u00e1psulas, comprimidos (aptos para compresi\u00f3n directa o granulaci\u00f3n h\u00fameda) y mezclas en polvo. Su contenido de humedad notablemente bajo (<\/span><strong><span class=\"selected\">&lt;0,1% P\u00e9rdida por secado<\/span><\/strong><span class=\"selected\">) evita el apelmazamiento y mejora la estabilidad en f\u00f3rmulas higrosc\u00f3picas. Su perfil de sabor neutro lo hace perfecto para f\u00f3rmulas dirigidas a la salud metab\u00f3lica, el apoyo al estado de \u00e1nimo y el bienestar de la mujer.<\/span><\/p>\n<ul>\n<li><em><span class=\"selected\">Inclusi\u00f3n sugerida:<\/span><\/em><span class=\"selected\"> 500mg - 2000mg por porci\u00f3n.<\/span><\/li>\n<\/ul>\n<h3><span class=\"selected\">Alimentos y bebidas funcionales<\/span><\/h3>\n<p><span class=\"selected\">La excelente solubilidad en agua y estabilidad t\u00e9rmica de nuestro inositol facilitan su incorporaci\u00f3n a bebidas listas para beber (RTD), aguas enriquecidas, zumos, yogures y barritas nutricionales. Se disuelve para formar una soluci\u00f3n clara y estable que soporta la pasteurizaci\u00f3n sin afectar a la claridad, el sabor o la textura.<\/span><\/p>\n<h3><span class=\"selected\">Cosm\u00e9tica y cuidado personal<\/span><\/h3>\n<p><span class=\"selected\">En el cuidado de la piel, el Myo-Inositol se utiliza en f\u00f3rmulas como sueros, cremas y lociones por sus eficaces propiedades hidratantes y acondicionadoras de la piel, que ayudan a mantener su hidrataci\u00f3n y equilibrio.<\/span><\/p>\n<h2><span class=\"selected\">Compatibilidad y coformulaci\u00f3n<\/span><\/h2>\n<p><span class=\"selected\">El mio-inositol presenta una alta compatibilidad con una amplia gama de ingredientes comunes. Puede coformularse f\u00e1cilmente con vitaminas (complejo B, C, D), minerales (magnesio, zinc), amino\u00e1cidos, prebi\u00f3ticos y otros extractos bot\u00e1nicos sin problemas de interacci\u00f3n, lo que lo convierte en un componente flexible y fiable en formulaciones complejas.<\/span><\/p>\n<h2><span class=\"selected\">Envasado, estabilidad y almacenamiento<\/span><\/h2>\n<ul>\n<li><strong><span class=\"selected\">Embalaje:<\/span><\/strong><span class=\"selected\"> El envasado est\u00e1ndar es de 25 kg de peso neto en bidones de fibra con doble revestimiento de polietileno (PE) de calidad alimentaria para garantizar la integridad, limpieza y protecci\u00f3n del producto durante el tr\u00e1nsito y el almacenamiento.<\/span><\/li>\n<li><strong><span class=\"selected\">Estabilidad:<\/span><\/strong><span class=\"selected\"> El mio-inositol es una mol\u00e9cula muy estable, resistente a la degradaci\u00f3n por la luz y el calor en condiciones normales de fabricaci\u00f3n. Es estable en un amplio intervalo de pH habitual en los sistemas de alimentos y bebidas.<\/span><\/li>\n<li><strong><span class=\"selected\">Almacenamiento y vida \u00fatil:<\/span><\/strong><span class=\"selected\"> Conservar en lugar fresco y seco, protegido de la luz solar directa, en su envase original cerrado. La caducidad recomendada es de 36 meses a partir de la fecha de fabricaci\u00f3n.<\/span><\/li>\n<\/ul>\n<h2><span class=\"selected\">Seguridad y cumplimiento de la normativa<\/span><\/h2>\n<p><span class=\"selected\">El Myo-Inositol est\u00e1 Generalmente Reconocido como Seguro (GRAS) para sus usos previstos en alimentos y suplementos en los Estados Unidos (FDA). Este producto se fabrica en unas instalaciones con certificaci\u00f3n GMP y est\u00e1 disponible con certificaciones Kosher y Halal para cumplir los requisitos del mercado mundial.<\/span><\/p>\n<h2><span class=\"selected\">Preguntas m\u00e1s frecuentes (FAQ)<\/span><\/h2>\n<p><strong><span class=\"selected\">P: \u00bfSon ustedes una f\u00e1brica directa o una empresa comercial?<\/span><\/strong><\/p>\n<p><span class=\"selected\">R: Somos el <\/span><strong><span class=\"selected\">fabricante y exportador original<\/span><\/strong><span class=\"selected\"> de Myo-Inositol. Abastecerse con nosotros garantiza una trazabilidad completa, un control de calidad estricto y una cadena de suministro estable directamente desde la l\u00ednea de producci\u00f3n.<\/span><\/p>\n<p><strong><span class=\"selected\">P: \u00bfCu\u00e1l es el MOQ est\u00e1ndar y el plazo de entrega?<\/span><\/strong><\/p>\n<p><span class=\"selected\">R: Nuestra cantidad m\u00ednima de pedido (MOQ) est\u00e1ndar es de 25 kg. Los plazos de entrega var\u00edan seg\u00fan el destino y el volumen del pedido, pero los pedidos est\u00e1ndar suelen enviarse en un plazo de 7 a 10 d\u00edas laborables. P\u00f3ngase en contacto con nosotros para obtener un presupuesto espec\u00edfico.<\/span><\/p>\n<p><strong><span class=\"selected\">P: \u00bfOfrecen inositol con certificaci\u00f3n Kosher y Halal?<\/span><\/strong><\/p>\n<p><span class=\"selected\">R: S\u00ed, este producto est\u00e1 disponible con las certificaciones Kosher y Halal. Especifique este requisito al realizar su pedido.<\/span><\/p>\n<p><strong><span class=\"selected\">P: \u00bfPuedo obtener una peque\u00f1a muestra para probar la formulaci\u00f3n?<\/span><\/strong><\/p>\n<p><span class=\"selected\">R: Por supuesto. Fomentamos las pruebas de formulaci\u00f3n y proporcionamos muestras de evaluaci\u00f3n a los clientes cualificados. Utilice el siguiente formulario de contacto para realizar su solicitud.<\/span><\/p>\n<h2><span class=\"selected\">Obtenga su muestra y presupuesto hoy mismo<\/span><\/h2>\n<p><span class=\"selected\">\u00bfEst\u00e1 preparado para incorporar el Myo-Inositol de gran pureza a su pr\u00f3ximo producto l\u00edder en el mercado? <\/span><strong><span class=\"selected\">Solicite una muestra directamente al fabricante<\/span><\/strong><span class=\"selected\"> para su evaluaci\u00f3n o p\u00f3ngase en contacto con nuestro equipo t\u00e9cnico de ventas para obtener un presupuesto competitivo sobre cantidades a granel.<\/span><\/p>","protected":false},"excerpt":{"rendered":"<ul>\n<li>Polvo cristalino blanco de gran pureza procedente de ma\u00edz no modificado gen\u00e9ticamente.<\/li>\n<li>Ideal para suplementos diet\u00e9ticos, bebidas funcionales, preparados para lactantes y aplicaciones cosm\u00e9ticas.<\/li>\n<li>Presenta una excelente solubilidad en agua, un sabor neutro y un tama\u00f1o de part\u00edcula consistente para un rendimiento superior de la formulaci\u00f3n.<\/li>\n<li>Disponible en cantidades a granel directamente de un fabricante con certificaci\u00f3n GMP.<\/li>\n<\/ul>","protected":false},"featured_media":3104,"comment_status":"open","ping_status":"closed","template":"","meta":{"_acf_changed":false},"product_brand":[],"product_cat":[15],"product_tag":[],"class_list":{"0":"post-3103","1":"product","2":"type-product","3":"status-publish","4":"has-post-thumbnail","6":"product_cat-dietary-supplements","8":"first","9":"instock","10":"shipping-taxable","11":"product-type-simple"},"acf":[],"_links":{"self":[{"href":"https:\/\/bstextract.com\/es\/wp-json\/wp\/v2\/product\/3103","targetHints":{"allow":["GET"]}}],"collection":[{"href":"https:\/\/bstextract.com\/es\/wp-json\/wp\/v2\/product"}],"about":[{"href":"https:\/\/bstextract.com\/es\/wp-json\/wp\/v2\/types\/product"}],"replies":[{"embeddable":true,"href":"https:\/\/bstextract.com\/es\/wp-json\/wp\/v2\/comments?post=3103"}],"wp:featuredmedia":[{"embeddable":true,"href":"https:\/\/bstextract.com\/es\/wp-json\/wp\/v2\/media\/3104"}],"wp:attachment":[{"href":"https:\/\/bstextract.com\/es\/wp-json\/wp\/v2\/media?parent=3103"}],"wp:term":[{"taxonomy":"product_brand","embeddable":true,"href":"https:\/\/bstextract.com\/es\/wp-json\/wp\/v2\/product_brand?post=3103"},{"taxonomy":"product_cat","embeddable":true,"href":"https:\/\/bstextract.com\/es\/wp-json\/wp\/v2\/product_cat?post=3103"},{"taxonomy":"product_tag","embeddable":true,"href":"https:\/\/bstextract.com\/es\/wp-json\/wp\/v2\/product_tag?post=3103"}],"curies":[{"name":"wp","href":"https:\/\/api.w.org\/{rel}","templated":true}]}}