{"id":3110,"date":"2025-10-10T09:40:42","date_gmt":"2025-10-10T09:40:42","guid":{"rendered":"https:\/\/bstextract.com\/?post_type=product&#038;p=3110"},"modified":"2025-10-10T09:40:42","modified_gmt":"2025-10-10T09:40:42","slug":"extracto-de-hoja-de-olivo-70-oleuropeina-hplc","status":"publish","type":"product","link":"https:\/\/bstextract.com\/es\/producto\/extracto-de-hoja-de-olivo-70-oleuropeina-hplc\/","title":{"rendered":"Extracto de hoja de olivo (70% Oleurope\u00edna)"},"content":{"rendered":"<h2><span class=\"selected\">Productos<\/span><\/h2>\n<p><span class=\"selected\">Nuestro extracto de hoja de olivo es un ingrediente bot\u00e1nico de primera calidad y alta potencia, estandarizado con precisi\u00f3n a un m\u00ednimo de 70% de oleurope\u00edna, el compuesto activo clave conocido por sus importantes propiedades antioxidantes. Extra\u00eddo de hojas cuidadosamente seleccionadas del <\/span><em><span class=\"selected\">Olea europaea<\/span><\/em><span class=\"selected\"> Este potente ingrediente est\u00e1 dise\u00f1ado para servir como piedra angular de los suplementos diet\u00e9ticos funcionales, el cuidado avanzado de la piel y las f\u00f3rmulas de bienestar. Estamos comprometidos a proporcionar una materia prima pura, consistente y eficaz, construida para un rendimiento superior en su producto final.<\/span><\/p>\n<p><strong><span class=\"selected\">Ventajas clave:<\/span><\/strong><\/p>\n<ul>\n<li><strong><span class=\"selected\">Potencia y pureza excepcionales:<\/span><\/strong><span class=\"selected\"> Estandarizamos a \u226570% Oleurope\u00edna por HPLC, con lotes de producci\u00f3n t\u00edpicos que prueban consistentemente alrededor de <\/span><strong><span class=\"selected\">75%<\/span><\/strong><span class=\"selected\">y ofrecer un valor tangible y una mayor eficacia.<\/span><\/li>\n<li><strong><span class=\"selected\">Propiedades de formulaci\u00f3n superiores:<\/span><\/strong><span class=\"selected\"> Un polvo fino (100% pasa 80 mallas) con una excelente fluidez, lo que lo hace ideal para l\u00edneas automatizadas de encapsulaci\u00f3n y tableteado de alta velocidad.<\/span><\/li>\n<li><strong><span class=\"selected\">Seguridad y limpieza demostradas:<\/span><\/strong><span class=\"selected\"> Se somete a rigurosas pruebas para detectar niveles m\u00ednimos de metales pesados, pesticidas y microbios, lo que garantiza que cumple y supera los estrictos criterios de calidad mundiales, como la USP.<\/span><\/li>\n<li><strong><span class=\"selected\">Suministro directo del fabricante:<\/span><\/strong><span class=\"selected\"> Como fabricante, ofrecemos una cadena de suministro estable, totalmente trazable y rentable directamente desde nuestras instalaciones con certificaci\u00f3n GMP.<\/span><\/li>\n<\/ul>\n<h2><span class=\"selected\">Especificaciones t\u00e9cnicas<\/span><\/h2>\n<table>\n<tbody>\n<tr>\n<th><span class=\"selected\">Art\u00edculo<\/span><\/th>\n<th><span class=\"selected\">Est\u00e1ndar<\/span><\/th>\n<th><span class=\"selected\">Valor t\u00edpico<\/span><\/th>\n<th><span class=\"selected\">M\u00e9todo de ensayo<\/span><\/th>\n<\/tr>\n<tr>\n<td><strong><span class=\"selected\">F\u00edsica y qu\u00edmica<\/span><\/strong><\/td>\n<td><\/td>\n<td><\/td>\n<td><\/td>\n<\/tr>\n<tr>\n<td><span class=\"selected\">Descripci\u00f3n<\/span><\/td>\n<td><span class=\"selected\">Polvo fino amarillo claro<\/span><\/td>\n<td><span class=\"selected\">&#8211;<\/span><\/td>\n<td><span class=\"selected\">Visual<\/span><\/td>\n<\/tr>\n<tr>\n<td><strong><span class=\"selected\">Ensayo (oleurope\u00edna)<\/span><\/strong><\/td>\n<td><strong><span class=\"selected\">\u2265 70.0%<\/span><\/strong><\/td>\n<td><strong><span class=\"selected\">~75.25%<\/span><\/strong><\/td>\n<td><strong><span class=\"selected\">HPLC<\/span><\/strong><\/td>\n<\/tr>\n<tr>\n<td><span class=\"selected\">Tama\u00f1o de las part\u00edculas<\/span><\/td>\n<td><span class=\"selected\">100% Paso 80 Malla<\/span><\/td>\n<td><span class=\"selected\">Conforme<\/span><\/td>\n<td><span class=\"selected\">Pantalla<\/span><\/td>\n<\/tr>\n<tr>\n<td><span class=\"selected\">P\u00e9rdida por secado<\/span><\/td>\n<td><span class=\"selected\">\u2264 5.0%<\/span><\/td>\n<td><span class=\"selected\">~3.25%<\/span><\/td>\n<td><span class=\"selected\">USP<\/span><\/td>\n<\/tr>\n<tr>\n<td><strong><span class=\"selected\">Residuos y contaminantes<\/span><\/strong><\/td>\n<td><\/td>\n<td><\/td>\n<td><\/td>\n<\/tr>\n<tr>\n<td><span class=\"selected\">Metales pesados (total)<\/span><\/td>\n<td><span class=\"selected\">\u2264 10 ppm<\/span><\/td>\n<td><span class=\"selected\">Conforme<\/span><\/td>\n<td><span class=\"selected\">ICP-MS<\/span><\/td>\n<\/tr>\n<tr>\n<td><span class=\"selected\">Plomo (Pb)<\/span><\/td>\n<td><span class=\"selected\">\u2264 0,5 ppm<\/span><\/td>\n<td><span class=\"selected\">Conforme<\/span><\/td>\n<td><span class=\"selected\">ICP-MS<\/span><\/td>\n<\/tr>\n<tr>\n<td><span class=\"selected\">Ars\u00e9nico (As)<\/span><\/td>\n<td><span class=\"selected\">\u2264 0,5 ppm<\/span><\/td>\n<td><span class=\"selected\">Conforme<\/span><\/td>\n<td><span class=\"selected\">ICP-MS<\/span><\/td>\n<\/tr>\n<tr>\n<td><span class=\"selected\">Residuo de disolvente (etanol)<\/span><\/td>\n<td><span class=\"selected\">\u2264 5000 ppm<\/span><\/td>\n<td><span class=\"selected\">Conforme<\/span><\/td>\n<td><span class=\"selected\">GC<\/span><\/td>\n<\/tr>\n<tr>\n<td><strong><span class=\"selected\">Control microbiol\u00f3gico<\/span><\/strong><\/td>\n<td><\/td>\n<td><\/td>\n<td><\/td>\n<\/tr>\n<tr>\n<td><span class=\"selected\">Recuento total de placas<\/span><\/td>\n<td><span class=\"selected\">\u2264 30.000 ufc\/g<\/span><\/td>\n<td><span class=\"selected\">Conforme<\/span><\/td>\n<td><span class=\"selected\">USP<\/span><\/td>\n<\/tr>\n<tr>\n<td><span class=\"selected\">Levaduras y moho<\/span><\/td>\n<td><span class=\"selected\">\u2264 100 ufc\/g<\/span><\/td>\n<td><span class=\"selected\">Conforme<\/span><\/td>\n<td><span class=\"selected\">USP<\/span><\/td>\n<\/tr>\n<tr>\n<td><span class=\"selected\">E. Coli y Salmonella<\/span><\/td>\n<td><span class=\"selected\">Negativo<\/span><\/td>\n<td><span class=\"selected\">Negativo<\/span><\/td>\n<td><span class=\"selected\">USP<\/span><\/td>\n<\/tr>\n<\/tbody>\n<\/table>\n<h2><span class=\"selected\">Calidad y documentaci\u00f3n<\/span><\/h2>\n<p><strong><span class=\"selected\">Nuestro compromiso con la calidad<\/span><\/strong><span class=\"selected\"> Nuestro Extracto de Hoja de Olivo se produce en unas instalaciones que cumplen las cGMP y que se rigen por un estricto sistema de gesti\u00f3n de la calidad. Desde la calificaci\u00f3n de los proveedores de materias primas hasta la liberaci\u00f3n del producto final, cada paso se controla y documenta meticulosamente. Para garantizar la precisi\u00f3n y la fiabilidad, empleamos m\u00e9todos anal\u00edticos avanzados, como la cromatograf\u00eda l\u00edquida de alto rendimiento (HPLC) para la potencia y la ICP-MS para la detecci\u00f3n de metales pesados.<\/span><\/p>\n<p><strong><span class=\"selected\">Consistencia garantizada entre lotes<\/span><\/strong><span class=\"selected\"> Entendemos que la consistencia es fundamental para su marca y su proceso de fabricaci\u00f3n. Nuestros m\u00e9todos de producci\u00f3n validados y los estrictos controles durante el proceso garantizan que cada lote de extracto de hoja de olivo que reciba cumpla exactamente los mismos altos est\u00e1ndares, lo que le proporciona un ingrediente en el que puede confiar una y otra vez.<\/span><\/p>\n<p><strong><span class=\"selected\">Documentaci\u00f3n completa<\/span><\/strong><span class=\"selected\"> Para ayudar a sus equipos de control de calidad y regulaci\u00f3n, cada env\u00edo va acompa\u00f1ado de un completo paquete de documentaci\u00f3n:<\/span><\/p>\n<ul>\n<li><span class=\"selected\">Certificado de an\u00e1lisis (COA)<\/span><\/li>\n<li><span class=\"selected\">Ficha de datos de seguridad (FDS)<\/span><\/li>\n<li><span class=\"selected\">Declaraci\u00f3n de al\u00e9rgenos<\/span><\/li>\n<li><span class=\"selected\">Declaraci\u00f3n de ausencia de OMG<\/span><\/li>\n<li><span class=\"selected\">Certificados Kosher y Halal<\/span><\/li>\n<\/ul>\n<h2><span class=\"selected\">Aplicaciones y formulaci\u00f3n<\/span><\/h2>\n<p><strong><span class=\"selected\">Suplementos diet\u00e9ticos<\/span><\/strong><span class=\"selected\"> Por su gran potencia y sus excelentes propiedades f\u00edsicas, nuestro extracto de hoja de olivo es una opci\u00f3n de primera clase para una amplia gama de suplementos diet\u00e9ticos.<\/span><\/p>\n<ul>\n<li><strong><span class=\"selected\">Formas farmac\u00e9uticas:<\/span><\/strong><span class=\"selected\"> Ideal para c\u00e1psulas de dos piezas, comprimidos de compresi\u00f3n directa y mezclas funcionales en polvo.<\/span><\/li>\n<li><strong><span class=\"selected\">Inclusi\u00f3n recomendada:<\/span><\/strong><span class=\"selected\"> 250 mg - 500 mg por porci\u00f3n en f\u00f3rmulas destinadas a reforzar el sistema antioxidante e inmunitario.<\/span><\/li>\n<li><strong><span class=\"selected\">Nota de formulaci\u00f3n:<\/span><\/strong><span class=\"selected\"> El tama\u00f1o controlado de las part\u00edculas garantiza una mezcla uniforme y ayuda a evitar la segregaci\u00f3n en mezclas complejas con m\u00faltiples ingredientes.<\/span><\/li>\n<\/ul>\n<p><strong><span class=\"selected\">Cosm\u00e9tica funcional y cuidado de la piel<\/span><\/strong><span class=\"selected\"> Aproveche la potente capacidad antioxidante de la oleurope\u00edna en sus innovaciones cosm\u00e9ticas y de cuidado de la piel.<\/span><\/p>\n<ul>\n<li><strong><span class=\"selected\">Formas farmac\u00e9uticas:<\/span><\/strong><span class=\"selected\"> Un excelente ingrediente funcional para sueros antienvejecimiento, cremas de d\u00eda protectoras, lociones calmantes y mascarillas faciales antioxidantes.<\/span><\/li>\n<li><strong><span class=\"selected\">Inclusi\u00f3n recomendada:<\/span><\/strong><span class=\"selected\"> 0,5% - 2,0% de la formulaci\u00f3n total.<\/span><\/li>\n<li><strong><span class=\"selected\">Nota de formulaci\u00f3n:<\/span><\/strong><span class=\"selected\"> Para una estabilidad \u00f3ptima, recomendamos incorporar el polvo a la fase acuosa de una emulsi\u00f3n a temperaturas inferiores a 50\u00b0C.<\/span><\/li>\n<\/ul>\n<h2><span class=\"selected\">Estabilidad y compatibilidad<\/span><\/h2>\n<p><strong><span class=\"selected\">Perfil de estabilidad<\/span><\/strong><span class=\"selected\"> El extracto es muy estable en forma de polvo si se conserva en un recipiente herm\u00e9tico protegido de la luz y la humedad. En soluciones acuosas, la oleurope\u00edna muestra su mejor estabilidad dentro de un rango de pH de 4,0 a 6,5. Para prevenir la degradaci\u00f3n, aconsejamos evitar la exposici\u00f3n a altas temperaturas y a condiciones alcalinas fuertes durante la formulaci\u00f3n.<\/span><\/p>\n<p><strong><span class=\"selected\">Compatibilidad de la formulaci\u00f3n<\/span><\/strong><span class=\"selected\"> Nuestro Extracto de Hoja de Olivo es compatible con la mayor\u00eda de los ingredientes comunes utilizados en suplementos y cosm\u00e9ticos. Se sabe que act\u00faa sin\u00e9rgicamente con otros antioxidantes como la vitamina C (\u00e1cido asc\u00f3rbico) y la vitamina E (tocoferoles), as\u00ed como con minerales como el zinc y el selenio.<\/span><\/p>\n<h2><span class=\"selected\">Embalaje, almacenamiento y suministro<\/span><\/h2>\n<ul>\n<li><strong><span class=\"selected\">Embalaje:<\/span><\/strong><span class=\"selected\"> Nuestro est\u00e1ndar es de 25 kg de peso neto en un bid\u00f3n de fibra de calidad alimentaria, a prueba de manipulaciones, con doble revestimiento interior de PE.<\/span><\/li>\n<li><strong><span class=\"selected\">Almacenamiento:<\/span><\/strong><span class=\"selected\"> Almacenar en lugar fresco, seco y oscuro, alejado de la luz solar directa y de olores fuertes. Mantener los envases herm\u00e9ticamente cerrados.<\/span><\/li>\n<li><strong><span class=\"selected\">Caducidad:<\/span><\/strong><span class=\"selected\"> 24 meses a partir de la fecha de fabricaci\u00f3n si se conserva en las condiciones recomendadas.<\/span><\/li>\n<li><strong><span class=\"selected\">Suministro:<\/span><\/strong><span class=\"selected\"> Como fabricante directo, ofrecemos cantidades a granel flexibles y estamos estructurados para garantizar un suministro constante y a largo plazo a nuestros socios mundiales.<\/span><\/li>\n<\/ul>\n<h2><span class=\"selected\">Preguntas frecuentes<\/span><\/h2>\n<p><strong><span class=\"selected\">P: \u00bfSon ustedes los fabricantes directos de este extracto de hoja de olivo?<\/span><\/strong><\/p>\n<p><span class=\"selected\">R: S\u00ed, somos el fabricante y exportador original. Esto garantiza una trazabilidad total, un control de calidad directo y una cadena de suministro eficiente.<\/span><\/p>\n<p><strong><span class=\"selected\">P: \u00bfQu\u00e9 disolvente de extracci\u00f3n utilizan?<\/span><\/strong><\/p>\n<p><span class=\"selected\">R: Utilizamos un m\u00e9todo de extracci\u00f3n de agua y etanol cuidadosamente controlado. Este proceso es muy eficaz para aislar la oleurope\u00edna y garantiza que el producto final cumpla las estrictas normas de seguridad sobre disolventes residuales.<\/span><\/p>\n<p><strong><span class=\"selected\">P: \u00bfCu\u00e1l es la cantidad m\u00ednima de pedido (MOQ) y el plazo de entrega est\u00e1ndar?<\/span><\/strong><\/p>\n<p><span class=\"selected\">R: Nuestro MOQ est\u00e1ndar es de 25 kg. El plazo de entrega habitual es de 7-10 d\u00edas laborables tras la confirmaci\u00f3n del pedido. Le invitamos a ponerse en contacto con nosotros para obtener un presupuesto espec\u00edfico basado en sus necesidades de volumen.<\/span><\/p>\n<p><strong><span class=\"selected\">P: \u00bfPodemos solicitar una muestra para que la eval\u00fae nuestro laboratorio?<\/span><\/strong><\/p>\n<p><span class=\"selected\">R: Por supuesto. Animamos a nuestros socios a probar nuestros materiales. Utilice el siguiente formulario de contacto para solicitar una muestra sin compromiso para sus ensayos de I+D y formulaci\u00f3n.<\/span><\/p>","protected":false},"excerpt":{"rendered":"<ul>\n<li><b>Extracto de alta potencia:<\/b> Extracto de Hoja de Olivo en Polvo estandarizado a un m\u00ednimo de 70% Oleurope\u00edna, verificado por HPLC.<\/li>\n<li><b>Fuente Premium:<\/b> Extra\u00eddo de fuentes sostenibles <i>Olea europaea<\/i> hojas, obteni\u00e9ndose un polvo fino de color amarillo claro.<\/li>\n<li><b>Aplicaciones vers\u00e1tiles:<\/b> Ideal para suplementos diet\u00e9ticos de alto rendimiento, alimentos funcionales y f\u00f3rmulas ricas en antioxidantes para el cuidado de la piel.<\/li>\n<li><b>Calidad fiable:<\/b> Certificado GMP, excelente consistencia entre lotes. Muestras disponibles para evaluaci\u00f3n.<\/li>\n<\/ul>","protected":false},"featured_media":3111,"comment_status":"open","ping_status":"closed","template":"","meta":{"_acf_changed":false},"product_brand":[],"product_cat":[21],"product_tag":[],"class_list":{"0":"post-3110","1":"product","2":"type-product","3":"status-publish","4":"has-post-thumbnail","6":"product_cat-plant-extracts","8":"first","9":"instock","10":"shipping-taxable","11":"product-type-simple"},"acf":[],"_links":{"self":[{"href":"https:\/\/bstextract.com\/es\/wp-json\/wp\/v2\/product\/3110","targetHints":{"allow":["GET"]}}],"collection":[{"href":"https:\/\/bstextract.com\/es\/wp-json\/wp\/v2\/product"}],"about":[{"href":"https:\/\/bstextract.com\/es\/wp-json\/wp\/v2\/types\/product"}],"replies":[{"embeddable":true,"href":"https:\/\/bstextract.com\/es\/wp-json\/wp\/v2\/comments?post=3110"}],"wp:featuredmedia":[{"embeddable":true,"href":"https:\/\/bstextract.com\/es\/wp-json\/wp\/v2\/media\/3111"}],"wp:attachment":[{"href":"https:\/\/bstextract.com\/es\/wp-json\/wp\/v2\/media?parent=3110"}],"wp:term":[{"taxonomy":"product_brand","embeddable":true,"href":"https:\/\/bstextract.com\/es\/wp-json\/wp\/v2\/product_brand?post=3110"},{"taxonomy":"product_cat","embeddable":true,"href":"https:\/\/bstextract.com\/es\/wp-json\/wp\/v2\/product_cat?post=3110"},{"taxonomy":"product_tag","embeddable":true,"href":"https:\/\/bstextract.com\/es\/wp-json\/wp\/v2\/product_tag?post=3110"}],"curies":[{"name":"wp","href":"https:\/\/api.w.org\/{rel}","templated":true}]}}