{"id":3137,"date":"2025-10-29T07:33:05","date_gmt":"2025-10-29T07:33:05","guid":{"rendered":"https:\/\/bstextract.com\/?post_type=product&#038;p=3137"},"modified":"2025-10-29T07:34:54","modified_gmt":"2025-10-29T07:34:54","slug":"r-acido-alfa-lipoico-99-polvo-alto-isomero","status":"publish","type":"product","link":"https:\/\/bstextract.com\/es\/producto\/r-acido-alfa-lipoico-99-polvo-alto-isomero\/","title":{"rendered":"\u00c1cido alfa lipoico"},"content":{"rendered":"<h2 data-pm-slice=\"1 1 []\">Productos<\/h2>\n<p>Se trata de un \u00c1cido Alfa Lipoico R (R-ALA) de primera calidad, sintetizado meticulosamente para lograr una pureza isom\u00e9rica y un ensayo general excepcionales. A diferencia del \u00e1cido alfa lipoico rac\u00e9mico (50\/50) est\u00e1ndar y costoso, este material se compone de 98,27% <strong>\u00c1cido R-lipoico<\/strong>. Se trata del enanti\u00f3mero biol\u00f3gicamente activo, la forma que se encuentra de forma natural en el organismo y reconocido como un cofactor cr\u00edtico en el metabolismo energ\u00e9tico mitocondrial.<\/p>\n<p>Con un ensayo total verificado de 99,91% <strong>por HPLC<\/strong>Este polvo cristalino amarillo es la elecci\u00f3n definitiva para los formuladores que desarrollan suplementos diet\u00e9ticos de alta potencia y aplicaciones cosm\u00e9ticas avanzadas. Ofrece la biodisponibilidad y potencia superiores del is\u00f3mero R, al tiempo que mantiene una excelente procesabilidad y un coste por unidad activa competitivo.<\/p>\n<p>Nuestro avanzado proceso de s\u00edntesis y purificaci\u00f3n est\u00e1 dise\u00f1ado para minimizar las impurezas y los disolventes residuales. La especificaci\u00f3n resultante, tal y como demuestra nuestro COA t\u00edpico, muestra un contenido residual de tolueno ultrabajo (0,00047%) y un contenido de metales pesados insignificante, lo que ofrece una calidad y una confianza normativa inigualables directamente desde la fuente.<\/p>\n<p><strong>Ventajas clave:<\/strong><\/p>\n<ul>\n<li><strong>Forma altamente bioactiva:<\/strong> Presenta una pureza del is\u00f3mero R (enantiom\u00e9rico) del 98,27% para una relevancia biol\u00f3gica m\u00e1xima.<\/li>\n<li><strong>Pureza total excepcional:<\/strong> Ensayo de 99,91% de ALA total verificado por HPLC, con impurezas totales de s\u00f3lo 0,09%.<\/li>\n<li><strong>Perfil de seguridad superior:<\/strong> Disolventes residuales ultrabajos verificados, con niveles de tolueno 189 veces inferiores al l\u00edmite ICH.<\/li>\n<li><strong>Verificaci\u00f3n isom\u00e9rica:<\/strong> Forma R confirmada f\u00edsicamente mediante Rotaci\u00f3n Espec\u00edfica (resultado t\u00edpico: +117\u00b0).<\/li>\n<li><strong>Potencia rentable:<\/strong> Proporciona un ingrediente biol\u00f3gicamente activo m\u00e1s potente que el ALA rac\u00e9mico, optimizando la rentabilidad de la formulaci\u00f3n.<\/li>\n<li><strong>Suministro directo del fabricante:<\/strong> Garantiza la trazabilidad total, la coherencia entre lotes y una cadena de suministro fiable directamente desde nuestra f\u00e1brica. <strong>f\u00e1brica<\/strong>.<\/li>\n<\/ul>\n<h2>Par\u00e1metros t\u00e9cnicos clave (basados en un COA t\u00edpico)<\/h2>\n<p>Esta tabla de especificaciones detalla los rigurosos est\u00e1ndares de calidad que nuestro \u00c1cido R-alfa Lipoico cumple sistem\u00e1ticamente. La columna \"Resultados\" refleja los datos de lotes t\u00edpicos del COA proporcionado, lo que demuestra un cumplimiento constante que supera con creces las normas exigidas.<\/p>\n<table>\n<tbody>\n<tr>\n<th>Art\u00edculos<\/th>\n<th>Normas (pliego de condiciones)<\/th>\n<th>Resultados (an\u00e1lisis de lotes t\u00edpicos)<\/th>\n<th>M\u00e9todo<\/th>\n<\/tr>\n<tr>\n<td><strong>An\u00e1lisis f\u00edsicos y qu\u00edmicos<\/strong><\/td>\n<td><\/td>\n<td><\/td>\n<td><\/td>\n<\/tr>\n<tr>\n<td>Apariencia<\/td>\n<td>Polvo cristalino amarillo<\/td>\n<td>Conforme<\/td>\n<td>Visual<\/td>\n<\/tr>\n<tr>\n<td>Identificaci\u00f3n<\/td>\n<td>Positivo<\/td>\n<td>Conforme<\/td>\n<td>IR\/HPLC<\/td>\n<\/tr>\n<tr>\n<td>Olor y sabor<\/td>\n<td>Caracter\u00edstica<\/td>\n<td>Conforme<\/td>\n<td>Organol\u00e9ptico<\/td>\n<\/tr>\n<tr>\n<td>Ensayo<\/td>\n<td>\u226599.0%<\/td>\n<td>99.91%<\/td>\n<td>HPLC<\/td>\n<\/tr>\n<tr>\n<td><strong>Sustancia relacionada (perfil de impurezas)<\/strong><\/td>\n<td><\/td>\n<td><\/td>\n<td><\/td>\n<\/tr>\n<tr>\n<td>\u00e1cido 6,8-epitritio-octanoico<\/td>\n<td><\/td>\n<td>N.D<\/td>\n<td>HPLC<\/td>\n<\/tr>\n<tr>\n<td>Impureza individual m\u00e1xima<\/td>\n<td>NMT 0.1%<\/td>\n<td>0.09%<\/td>\n<td>HPLC<\/td>\n<\/tr>\n<tr>\n<td>Impureza total<\/td>\n<td>NMT 1%<\/td>\n<td>0.09%<\/td>\n<td>HPLC<\/td>\n<\/tr>\n<tr>\n<td><strong>Disolventes residuales<\/strong><\/td>\n<td><\/td>\n<td><\/td>\n<td>GC-HS<\/td>\n<\/tr>\n<tr>\n<td>Ciclohexano<\/td>\n<td>NMT 0,388%<\/td>\n<td>0.10%<\/td>\n<td>GC-HS<\/td>\n<\/tr>\n<tr>\n<td>Acetato de etilo<\/td>\n<td>NMT 0,5%<\/td>\n<td>0.0068%<\/td>\n<td>GC-HS<\/td>\n<\/tr>\n<tr>\n<td>Tolueno<\/td>\n<td>NMT 0,089%<\/td>\n<td>0.00047%<\/td>\n<td>GC-HS<\/td>\n<\/tr>\n<tr>\n<td><strong>Is\u00f3mero (pureza quiral)<\/strong><\/td>\n<td><\/td>\n<td><\/td>\n<td>HPLC quiral<\/td>\n<\/tr>\n<tr>\n<td>\u00c1cido R-lipoico<\/td>\n<td>Informe<\/td>\n<td>98.27%<\/td>\n<td>HPLC quiral<\/td>\n<\/tr>\n<tr>\n<td>\u00c1cido L-Lipoico<\/td>\n<td>Informe<\/td>\n<td>1.72%<\/td>\n<td>HPLC quiral<\/td>\n<\/tr>\n<tr>\n<td><strong>Caracter\u00edsticas f\u00edsicas<\/strong><\/td>\n<td><\/td>\n<td><\/td>\n<td><\/td>\n<\/tr>\n<tr>\n<td>Rotaci\u00f3n espec\u00edfica<\/td>\n<td>&#8211;<\/td>\n<td>+117\u00b0<\/td>\n<td>USP<\/td>\n<\/tr>\n<tr>\n<td><strong>An\u00e1lisis de residuos<\/strong><\/td>\n<td><\/td>\n<td><\/td>\n<td><\/td>\n<\/tr>\n<tr>\n<td>Heavy Metal<\/td>\n<td>\u2264 10ppm<\/td>\n<td>Conforme<\/td>\n<td>ICP-MS<\/td>\n<\/tr>\n<tr>\n<td>Pb<\/td>\n<td>\u2264 3ppm<\/td>\n<td>Conforme<\/td>\n<td>ICP-MS<\/td>\n<\/tr>\n<tr>\n<td>En<\/td>\n<td>\u2264 2ppm<\/td>\n<td>Conforme<\/td>\n<td>ICP-MS<\/td>\n<\/tr>\n<tr>\n<td>Hg<\/td>\n<td>\u2264 0,1ppm<\/td>\n<td>Conforme<\/td>\n<td>ICP-MS<\/td>\n<\/tr>\n<tr>\n<td>Cd<\/td>\n<td>\u2264 1ppm<\/td>\n<td>Conforme<\/td>\n<td>ICP-MS<\/td>\n<\/tr>\n<tr>\n<td><strong>Microbiol\u00f3gico<\/strong><\/td>\n<td><\/td>\n<td><\/td>\n<td><\/td>\n<\/tr>\n<tr>\n<td>Recuento total de placas<\/td>\n<td>\u2264 1000 ufc\/g<\/td>\n<td>Conforme<\/td>\n<td>USP<\/td>\n<\/tr>\n<tr>\n<td>Levaduras y moho<\/td>\n<td>\u2264 1000 ufc\/g<\/td>\n<td>Conforme<\/td>\n<td>USP<\/td>\n<\/tr>\n<tr>\n<td>E. coli<\/td>\n<td>Negativo<\/td>\n<td>Negativo<\/td>\n<td>USP<\/td>\n<\/tr>\n<tr>\n<td>Salmonella<\/td>\n<td>Negativo<\/td>\n<td>Negativo<\/td>\n<td>USP<\/td>\n<\/tr>\n<\/tbody>\n<\/table>\n<h2>Detecci\u00f3n, calidad y excelencia en la fabricaci\u00f3n<\/h2>\n<p>La calidad no es s\u00f3lo una especificaci\u00f3n; se valida mediante una metodolog\u00eda transparente y un s\u00f3lido control de los procesos. Proporcionamos estos datos para capacitar a sus equipos t\u00e9cnicos y reguladores.<\/p>\n<h3>Pruebas avanzadas de isomer\u00eda y disolventes<\/h3>\n<p>El diferenciador cr\u00edtico del R-ALA reside en su pureza isom\u00e9rica, que no puede determinarse mediante HPLC est\u00e1ndar.<\/p>\n<ul>\n<li><strong>An\u00e1lisis de is\u00f3meros (HPLC quiral):<\/strong> Empleamos m\u00e9todos HPLC quirales de alta resoluci\u00f3n (cromatograf\u00eda en columna quiral) para separar y cuantificar con precisi\u00f3n el \u00e1cido R-lipoico (98,27%) del \u00e1cido L-lipoico inactivo (1,72%).<\/li>\n<li><strong>Rotaci\u00f3n espec\u00edfica:<\/strong> La rotaci\u00f3n espec\u00edfica positiva (dextr\u00f3gira) de +117\u00b0 sirve como confirmaci\u00f3n f\u00edsica crucial del predominio del enanti\u00f3mero R, validando de forma cruzada el ensayo quiral.<\/li>\n<li><strong>Disolventes residuales (GC-HS):<\/strong> Utilizamos la cromatograf\u00eda de gases en espacio de cabeza (GC-HS) para detectar disolventes vol\u00e1tiles hasta el nivel de partes por mill\u00f3n (ppm). Nuestro resultado demostrado para el tolueno (un disolvente de clase 2 de la ICH) es de 0,00047% <strong>(o 4,7 ppm)<\/strong>. Esto es <strong>189 veces menos<\/strong> que el l\u00edmite ICH Q3C aceptado de 0,089% (890 ppm), lo que valida la excepcional seguridad y el perfeccionamiento de nuestro proceso de fabricaci\u00f3n.<\/li>\n<\/ul>\n<h3>Fabricaci\u00f3n y trazabilidad GMP<\/h3>\n<p>Como principal <strong>fabricante<\/strong> y <strong>exportador<\/strong> de este ingrediente de gran pureza, ofrecemos una total transparencia en la cadena de suministro. Nuestras instalaciones operan bajo estrictas directrices GMP e ISO, garantizando un s\u00f3lido control de calidad, una consistencia superior lote a lote y una trazabilidad completa para su documentaci\u00f3n.<\/p>\n<p><strong>Documentos disponibles para sus necesidades de cumplimiento:<\/strong><\/p>\n<ul>\n<li><a href=\"https:\/\/bstextract.com\/wp-content\/uploads\/2025\/10\/Alpha-Lipoic-Acid-coa.pdf\">Certificado de an\u00e1lisis (COA)<\/a><\/li>\n<li>Ficha de datos de seguridad (FDS)<\/li>\n<li>Declaraci\u00f3n de al\u00e9rgenos<\/li>\n<li>Declaraci\u00f3n de no OGM<\/li>\n<li>Certificados Kosher y Halal<\/li>\n<li>Diagrama de flujo de fabricaci\u00f3n<\/li>\n<\/ul>\n<h2>Aplicaciones y formulaci\u00f3n<\/h2>\n<p>El alto contenido en is\u00f3meros R de este producto lo convierte en un ingrediente potente y eficaz para los formuladores que buscan aprovechar las propiedades \"antioxidantes universales\" del \u00e1cido alfa lipoico.<\/p>\n<h3>Suplementos diet\u00e9ticos<\/h3>\n<p>El R-ALA es un antioxidante vers\u00e1til, que funciona tanto en medios hidrosolubles como liposolubles. Su forma R de alta biodisponibilidad es un componente de primera calidad para:<\/p>\n<ul>\n<li><strong>Formulaciones \"Envejecimiento saludable\":<\/strong> Como antioxidante fundamental para la salud celular.<\/li>\n<li><strong>Apoyo al metabolismo de la glucosa:<\/strong> Para suplementos destinados a mantener niveles saludables de az\u00facar en sangre.<\/li>\n<li><strong>Apoyo a la salud nerviosa:<\/strong> Un ingrediente com\u00fan en formulaciones para el confort y la funci\u00f3n nerviosa.<\/li>\n<li><strong>Formas farmac\u00e9uticas:<\/strong> El polvo cristalino amarillo proporciona una buena fluidez para la encapsulaci\u00f3n (c\u00e1scaras duras de dos piezas) y puede utilizarse en compresi\u00f3n directa (comprimidos), aunque las caracter\u00edsticas f\u00edsicas de R-ALA pueden requerir excipientes espec\u00edficos para un rendimiento \u00f3ptimo de tableteado.<\/li>\n<li><strong>Inclusi\u00f3n t\u00edpica:<\/strong> 50 mg - 200 mg por porci\u00f3n.<\/li>\n<\/ul>\n<h3>Cuidado de la piel y cosm\u00e9ticos avanzados<\/h3>\n<p>Por v\u00eda t\u00f3pica, el R-ALA es un potente antioxidante utilizado para proteger la barrera cut\u00e1nea del estr\u00e9s oxidativo y mejorar el aspecto del tono y la textura de la piel.<\/p>\n<ul>\n<li><strong>Aplicaciones:<\/strong> Sueros de alta potencia, cremas de d\u00eda protectoras y lociones \"antiedad\".<\/li>\n<li><strong>Nota de formulaci\u00f3n:<\/strong> El \u00e1cido R-alfa lipoico es sensible al calor y a la luz. En emulsiones, se recomienda incorporarlo durante el <strong>fase de enfriamiento<\/strong> (&lt; 40\u2103). Funciona mejor en emulsi\u00f3n estable o bases anhidras (sin agua). Aseg\u00farese de que el envase sea opaco para protegerlo de la luz.<\/li>\n<li><strong>Inclusi\u00f3n t\u00edpica:<\/strong> 0,1% - 1,0%.<\/li>\n<\/ul>\n<h2>Estabilidad, almacenamiento y manipulaci\u00f3n<\/h2>\n<p>El \u00e1cido R-alfa lipoico (CAS 1200-22-2) es sensible a las altas temperaturas, a la luz y a la polimerizaci\u00f3n. Esta es una caracter\u00edstica conocida del is\u00f3mero R activo. Para garantizar la vida \u00fatil de 24 meses, es esencial el cumplimiento estricto de los protocolos de almacenamiento.<\/p>\n<ul>\n<li><strong>Almacenamiento:<\/strong> Conservar en su envase original, cerrado y herm\u00e9tico, en lugar fresco, seco y oscuro. Se requiere refrigeraci\u00f3n (recomendado 2-8\u2103) para una estabilidad \u00f3ptima a largo plazo.<\/li>\n<li><strong>Manipulaci\u00f3n:<\/strong> Una vez abierto, minimizar la exposici\u00f3n al aire y a la humedad. Se recomienda encarecidamente cubrir el espacio libre de los envases parcialmente utilizados con un gas inerte (por ejemplo, nitr\u00f3geno o arg\u00f3n) para evitar la oxidaci\u00f3n y la polimerizaci\u00f3n.<\/li>\n<li><strong>Caducidad:<\/strong> 24 meses a partir de la fecha de fabricaci\u00f3n si se conserva correctamente.<\/li>\n<\/ul>\n<h2>Seguridad y conformidad<\/h2>\n<p>Este ingrediente se fabrica para cumplir o superar las principales normas reglamentarias internacionales sobre complementos diet\u00e9ticos y cosm\u00e9ticos.<\/p>\n<ul>\n<li><strong>Metales pesados:<\/strong> Cumple los l\u00edmites estrictos de Pb, As, Hg y Cd, verificados por ICP-MS.<\/li>\n<li><strong>Microbiol\u00f3gico:<\/strong> No contiene bacterias pat\u00f3genas (E. coli, Salmonella) y mantiene un recuento microbiano total bajo, lo que garantiza la seguridad para uso nutricional.<\/li>\n<li><strong>Disolventes:<\/strong> Cumple las directrices USP  e ICH Q3C para disolventes residuales.<\/li>\n<\/ul>\n<h2>Preguntas m\u00e1s frecuentes (FAQ)<\/h2>\n<p><strong>P: \u00bfCu\u00e1l es la principal diferencia entre su R-ALA (98,27% R-Is\u00f3mero) y el ALA rac\u00e9mico est\u00e1ndar 50\/50?<\/strong><\/p>\n<p>R: El ALA rac\u00e9mico est\u00e1ndar es una mezcla 50\/50 de \u00c1cido R-Lipoico y \u00c1cido L-Lipoico. Nuestro producto contiene 98,27% del is\u00f3mero R, que es la \u00fanica forma que el cuerpo humano produce end\u00f3genamente y reconoce como cofactor. Esto proporciona una actividad biol\u00f3gica significativamente mayor y potencia por miligramo, por lo que es un ingrediente m\u00e1s eficiente y eficaz para su formulaci\u00f3n.<\/p>\n<p><strong>P: Su COA muestra<\/strong> 99.91% <strong>Ensayo pero<\/strong> 98.27% <strong>\u00c1cido R-Lipoico. \u00bfPuede explicarlo?<\/strong><\/p>\n<p>R: Se trata de una excelente pregunta t\u00e9cnica. El \"Ensayo (99.91%)\" mide la <em>total<\/em> \u00c1cido alfa lipoico (is\u00f3meros R y L) mediante un m\u00e9todo HPLC est\u00e1ndar. La prueba \"Is\u00f3mero (98.27%)\" utiliza un m\u00e9todo especializado. <em>HPLC quiral<\/em> para determinar el <em>relaci\u00f3n<\/em> de esos is\u00f3meros. Este COA demuestra que de los 99,91% totales de ALA, 98,27% son la forma R deseada y s\u00f3lo 1,72% son la forma L.<\/p>\n<p><strong>P: En el COA aparece Tolueno. Es conforme con la USP  o con la normativa de la UE?<\/strong> R: S\u00ed, es totalmente conforme. El tolueno es un disolvente de clase 2 de la ICH. La especificaci\u00f3n (NMT 0,089% u 890 ppm) es el l\u00edmite internacional aceptado. Nuestro resultado de lote t\u00edpico de 0,00047% <strong>(o 4,7 ppm)<\/strong> es <strong>189 veces menos<\/strong> que este l\u00edmite, lo que demuestra un producto excepcionalmente limpio y seguro que cumple f\u00e1cilmente todas las normas mundiales, incluidas las de la USP .<\/p>\n<p><strong>P: \u00bfEs estable este polvo de R-ALA en comparaci\u00f3n con el Na-R-ALA?<\/strong><\/p>\n<p>R: Se trata de \u00e1cido R-alfa lipoico. <em>\u00e1cido libre<\/em>que es intr\u00ednsecamente menos estable que su sal s\u00f3dica (Na-R-ALA), sobre todo al calor y la humedad. Sin embargo, a menudo se prefiere esta forma para formulaciones espec\u00edficas (por ejemplo, no higrosc\u00f3picas, sin agua o con un pH espec\u00edfico) y para el etiquetado (\"sin sodio\"). La estabilidad es excelente cuando se siguen nuestros protocolos de almacenamiento (refrigeraci\u00f3n, oscuridad, gas inerte).<\/p>\n<p><strong>P: \u00bfSon ustedes los fabricantes directos de este R-ALA?<\/strong><\/p>\n<p>R: S\u00ed, somos los originales <strong>fabricante<\/strong> y <strong>exportador mundial<\/strong> de este \u00e1cido R-alfa lipoico de gran pureza. Gestionamos todo el proceso de s\u00edntesis y purificaci\u00f3n, garantizando la trazabilidad completa y la coherencia de los lotes directamente desde nuestra <strong>f\u00e1brica<\/strong> a sus instalaciones.<\/p>\n<p><strong>P: \u00bfCu\u00e1l es el MOQ t\u00edpico y el c\u00f3digo HS para pedidos internacionales al por mayor?<\/strong><\/p>\n<p>R: Nuestro MOQ est\u00e1ndar para este producto es de 25 kg, envasados en bidones para exportaci\u00f3n. El c\u00f3digo HS del \u00e1cido alfa lipoico suele ser 2934.99. P\u00f3ngase en contacto con nuestro equipo de ventas para obtener un presupuesto formal basado en su volumen y destino.<\/p>","protected":false},"excerpt":{"rendered":"<ul>\n<li><b>Producto:<\/b> \u00c1cido R-alfa lipoico (is\u00f3mero R alto)<\/li>\n<li><b>Ensayo:<\/b> <span class=\"math-inline\" data-math=\"99.91\\%\">99.91%<\/span>\u00a0(ALA total por HPLC)<\/li>\n<li><b>Pureza del is\u00f3mero:<\/b> <span class=\"math-inline\" data-math=\"98.27\\%\">98.27%<\/span>\u00a0\u00c1cido R-lipoico (por HPLC quiral)<\/li>\n<li><b>Apariencia:<\/b> Polvo cristalino amarillo<\/li>\n<li><b>Especificaciones:<\/b> Tolueno ultrabajo (<span class=\"math-inline\" data-math=\"0.00047\\%\">0.00047%<\/span>), Rotaci\u00f3n espec\u00edfica <span class=\"math-inline\" data-math=\"+117^\\circ\">+117\u00b0<\/span><\/li>\n<li><b>Aplicaciones:<\/b> Ideal para suplementos de alta potencia (metabolismo de la glucosa, envejecimiento saludable) y cuidado antioxidante de la piel.<\/li>\n<li><b>Ventaja:<\/b> Una alternativa rentable y de alta biodisponibilidad tanto al ALA rac\u00e9mico est\u00e1ndar como al R-ALA puro inestable.<\/li>\n<\/ul>","protected":false},"featured_media":3134,"comment_status":"open","ping_status":"closed","template":"","meta":{"_acf_changed":false},"product_brand":[],"product_cat":[15],"product_tag":[],"class_list":{"0":"post-3137","1":"product","2":"type-product","3":"status-publish","4":"has-post-thumbnail","6":"product_cat-dietary-supplements","8":"first","9":"instock","10":"shipping-taxable","11":"product-type-simple"},"acf":[],"_links":{"self":[{"href":"https:\/\/bstextract.com\/es\/wp-json\/wp\/v2\/product\/3137","targetHints":{"allow":["GET"]}}],"collection":[{"href":"https:\/\/bstextract.com\/es\/wp-json\/wp\/v2\/product"}],"about":[{"href":"https:\/\/bstextract.com\/es\/wp-json\/wp\/v2\/types\/product"}],"replies":[{"embeddable":true,"href":"https:\/\/bstextract.com\/es\/wp-json\/wp\/v2\/comments?post=3137"}],"wp:featuredmedia":[{"embeddable":true,"href":"https:\/\/bstextract.com\/es\/wp-json\/wp\/v2\/media\/3134"}],"wp:attachment":[{"href":"https:\/\/bstextract.com\/es\/wp-json\/wp\/v2\/media?parent=3137"}],"wp:term":[{"taxonomy":"product_brand","embeddable":true,"href":"https:\/\/bstextract.com\/es\/wp-json\/wp\/v2\/product_brand?post=3137"},{"taxonomy":"product_cat","embeddable":true,"href":"https:\/\/bstextract.com\/es\/wp-json\/wp\/v2\/product_cat?post=3137"},{"taxonomy":"product_tag","embeddable":true,"href":"https:\/\/bstextract.com\/es\/wp-json\/wp\/v2\/product_tag?post=3137"}],"curies":[{"name":"wp","href":"https:\/\/api.w.org\/{rel}","templated":true}]}}