{"id":822,"date":"2025-05-12T07:12:41","date_gmt":"2025-05-12T07:12:41","guid":{"rendered":"https:\/\/bstextract.com\/?post_type=product&#038;p=822"},"modified":"2025-06-09T03:19:09","modified_gmt":"2025-06-09T03:19:09","slug":"nad-capsulas","status":"publish","type":"product","link":"https:\/\/bstextract.com\/es\/producto\/nad-capsulas\/","title":{"rendered":"OEM NAD C\u00e1psulas (Nicotinamida Adenina Dinucle\u00f3tido C\u00e1psulas)"},"content":{"rendered":"<h2><strong>\u00bfQu\u00e9 es el NAD?<\/strong><\/h2>\n<p><a href=\"https:\/\/bstextract.com\/es\/producto\/nad-en-polvo\/\">NAD<\/a> es una mol\u00e9cula vital que desempe\u00f1a un papel clave en el metabolismo celular, la reparaci\u00f3n del ADN y el mantenimiento de la funci\u00f3n mitocondrial. A medida que envejecemos, los niveles de NAD disminuyen, lo que provoca una reducci\u00f3n de la energ\u00eda, un deterioro del rendimiento cognitivo y una mayor susceptibilidad a las enfermedades relacionadas con la edad.<\/p>\n<p><img fetchpriority=\"high\" decoding=\"async\" class=\"NAD Capsules aligncenter wp-image-837 size-full\" src=\"https:\/\/bstextract.com\/wp-content\/uploads\/2025\/05\/NAD-Capsules.webp\" alt=\"C\u00e1psulas NAD\" width=\"750\" height=\"500\" title=\"\" srcset=\"https:\/\/bstextract.com\/wp-content\/uploads\/2025\/05\/NAD-Capsules.webp 750w, https:\/\/bstextract.com\/wp-content\/uploads\/2025\/05\/NAD-Capsules-300x200.webp 300w, https:\/\/bstextract.com\/wp-content\/uploads\/2025\/05\/NAD-Capsules-600x400.webp 600w\" sizes=\"(max-width: 750px) 100vw, 750px\" \/><\/p>\n<p>Las c\u00e1psulas de NAD act\u00faan como suplementos de este compuesto esencial, ayudando te\u00f3ricamente a restaurar la eficiencia celular y a mejorar la vitalidad general. Algunos de los beneficios m\u00e1s citados incluyen:<\/p>\n<ul>\n<li><strong>Mayor producci\u00f3n de energ\u00eda<\/strong> mediante la mejora de la funci\u00f3n mitocondrial<\/li>\n<li><strong>Mayor claridad cognitiva<\/strong> y concentraci\u00f3n mental<\/li>\n<li><strong>Apoyo a los mecanismos de reparaci\u00f3n del ADN<\/strong>, fomentando la longevidad<\/li>\n<li><strong>Mejora del sue\u00f1o, el estado de \u00e1nimo y la resistencia al estr\u00e9s<\/strong><\/li>\n<\/ul>\n<h2><strong>Par\u00e1metro<\/strong><\/h2>\n<table>\n<tbody>\n<tr>\n<td><b>Nombre del producto<\/b><\/td>\n<td>C\u00e1psulas NAD<\/td>\n<\/tr>\n<tr>\n<td><b>Otro nombre<\/b><\/td>\n<td>Nicotinamida Adenina Dinucle\u00f3tido C\u00e1psulas<\/td>\n<\/tr>\n<tr>\n<td><b>Principio activo<\/b><\/td>\n<td><a href=\"https:\/\/bstextract.com\/es\/producto\/resveratrol\/\">Resveratrol<\/a><br \/>\nNAD<\/td>\n<\/tr>\n<tr>\n<td><b>Apariencia<\/b><\/td>\n<td>C\u00e1psulas blancas<\/td>\n<\/tr>\n<tr>\n<td><b>Especificaci\u00f3n del producto<\/b><\/td>\n<td>500mg\/800mg\/1000mg\/tapa o a medida<\/td>\n<\/tr>\n<tr>\n<td><b>Paquete<\/b><\/td>\n<td>60caps\/90caps\/120caps\/botella o customzied o requisito de clientes<\/td>\n<\/tr>\n<tr>\n<td><b>Muestra<\/b><\/td>\n<td>Gratuito<\/td>\n<\/tr>\n<tr>\n<td><b>Vida \u00fatil<\/b><\/td>\n<td>24 meses si se almacena correctamente<\/td>\n<\/tr>\n<tr>\n<td><b>Almacenamiento<\/b><\/td>\n<td>Conservar en recipientes herm\u00e9ticos y resistentes a la luz, evitar la exposici\u00f3n directa al sol, la humedad y el calor excesivo.<\/td>\n<\/tr>\n<tr>\n<td><b>Certificado<\/b><\/td>\n<td>KOSHER\/HACCP\/ISO22000\/HALAL\/UE\/USDA\/Org\u00e1nico<\/td>\n<\/tr>\n<\/tbody>\n<\/table>\n<h2><strong>Preguntas frecuentes sobre las c\u00e1psulas de NAD<\/strong><\/h2>\n<p><strong>\u00bfPara qu\u00e9 sirven las c\u00e1psulas de NAD?<\/strong><\/p>\n<p>Las c\u00e1psulas de NAD se utilizan principalmente para apoyar la producci\u00f3n de energ\u00eda celular, la reparaci\u00f3n del ADN, el envejecimiento saludable y la funci\u00f3n metab\u00f3lica general. Pueden contribuir a aumentar los niveles de energ\u00eda, mejorar la funci\u00f3n cognitiva y proporcionar una sensaci\u00f3n general de bienestar.<\/p>\n<p><strong>\u00bfC\u00f3mo funcionan las c\u00e1psulas de NAD?<\/strong><\/p>\n<p>Las c\u00e1psulas de NAD suelen contener precursores como el rib\u00f3sido de nicotinamida (NR) o el mononucle\u00f3tido de nicotinamida (NMN), que el organismo puede convertir f\u00e1cilmente en NAD+. Al aumentar los niveles de NAD+ en las c\u00e9lulas, estos suplementos ayudan a optimizar diversos procesos biol\u00f3gicos esenciales.<\/p>\n<p><strong>\u00bfTiene efectos secundarios tomar c\u00e1psulas de NAD?<\/strong><\/p>\n<p>Por lo general, los precursores del NAD, como el NR y el NMN, son bien tolerados. Sin embargo, algunos individuos pueden <span class=\"citation-0\">experimentar molestias gastrointestinales leves. Es <\/span><span class=\"citation-0 citation-1 citation-end-0\">siempre se recomienda consultar con un profesional de la salud antes de empezar a tomar cualquier suplemento nuevo.<\/span><span class=\"button-container hide-from-message-actions ng-star-inserted\">\u00a0 \u00a0<\/span><\/p>\n<p><strong><span class=\"citation-1 citation-end-1\">\u00bfCu\u00e1nto tiempo se tarda en ver<\/span> los beneficios de la suplementaci\u00f3n con NAD?<\/strong><\/p>\n<p>El plazo para experimentar los beneficios de la suplementaci\u00f3n con NAD puede variar en funci\u00f3n de factores individuales y del producto espec\u00edfico. Algunos usuarios pueden notar mejoras en los niveles de energ\u00eda en unas pocas semanas, mientras que otros beneficios relacionados con el envejecimiento y la salud en general pueden tardar m\u00e1s tiempo en hacerse evidentes con el uso constante.<span class=\"button-container hide-from-message-actions ng-star-inserted\"> \u00a0<\/span><\/p>\n<p>Confiamos en que nuestra prima <a href=\"https:\/\/bstextract.com\/es\/producto\/nad-en-polvo\/\">NAD<\/a> son un valioso complemento para su l\u00ednea de productos. P\u00f3ngase en contacto con nosotros hoy mismo para obtener m\u00e1s informaci\u00f3n sobre nuestras capacidades de fabricaci\u00f3n y sobre c\u00f3mo podemos colaborar para ofrecer este excepcional suplemento a sus clientes.<\/p>","protected":false},"excerpt":{"rendered":"<table style=\"font-family: Verdana;\">\n<tbody>\n<tr>\n<td><b>Nombre del producto<\/b><\/td>\n<td>C\u00e1psulas NAD<\/td>\n<\/tr>\n<tr>\n<td><b>Otro nombre<\/b><\/td>\n<td>Nicotinamida Adenina Dinucle\u00f3tido C\u00e1psulas<\/td>\n<\/tr>\n<tr>\n<td><b>Principio activo<\/b><\/td>\n<td><a href=\"https:\/\/bstextract.com\/es\/producto\/resveratrol\/\">Resveratrol<\/a><br \/>\nNAD<\/td>\n<\/tr>\n<tr>\n<td><b>Apariencia<\/b><\/td>\n<td>C\u00e1psulas blancas<\/td>\n<\/tr>\n<tr>\n<td><b>Especificaci\u00f3n del producto<\/b><\/td>\n<td>500mg\/800mg\/1000mg\/tapa o a medida<\/td>\n<\/tr>\n<\/tbody>\n<\/table>","protected":false},"featured_media":823,"comment_status":"open","ping_status":"closed","template":"","meta":{"_acf_changed":false},"product_brand":[],"product_cat":[44],"product_tag":[],"class_list":{"0":"post-822","1":"product","2":"type-product","3":"status-publish","4":"has-post-thumbnail","6":"product_cat-oem-odm","8":"first","9":"instock","10":"shipping-taxable","11":"product-type-simple"},"acf":[],"_links":{"self":[{"href":"https:\/\/bstextract.com\/es\/wp-json\/wp\/v2\/product\/822","targetHints":{"allow":["GET"]}}],"collection":[{"href":"https:\/\/bstextract.com\/es\/wp-json\/wp\/v2\/product"}],"about":[{"href":"https:\/\/bstextract.com\/es\/wp-json\/wp\/v2\/types\/product"}],"replies":[{"embeddable":true,"href":"https:\/\/bstextract.com\/es\/wp-json\/wp\/v2\/comments?post=822"}],"wp:featuredmedia":[{"embeddable":true,"href":"https:\/\/bstextract.com\/es\/wp-json\/wp\/v2\/media\/823"}],"wp:attachment":[{"href":"https:\/\/bstextract.com\/es\/wp-json\/wp\/v2\/media?parent=822"}],"wp:term":[{"taxonomy":"product_brand","embeddable":true,"href":"https:\/\/bstextract.com\/es\/wp-json\/wp\/v2\/product_brand?post=822"},{"taxonomy":"product_cat","embeddable":true,"href":"https:\/\/bstextract.com\/es\/wp-json\/wp\/v2\/product_cat?post=822"},{"taxonomy":"product_tag","embeddable":true,"href":"https:\/\/bstextract.com\/es\/wp-json\/wp\/v2\/product_tag?post=822"}],"curies":[{"name":"wp","href":"https:\/\/api.w.org\/{rel}","templated":true}]}}