{"id":891,"date":"2025-05-14T01:17:56","date_gmt":"2025-05-14T01:17:56","guid":{"rendered":"https:\/\/bstextract.com\/?post_type=product&#038;p=891"},"modified":"2025-06-09T02:37:07","modified_gmt":"2025-06-09T02:37:07","slug":"proteina-de-guisante","status":"publish","type":"product","link":"https:\/\/bstextract.com\/es\/producto\/proteina-de-guisante\/","title":{"rendered":"Prote\u00edna de guisante ecol\u00f3gica en polvo"},"content":{"rendered":"<p><!-- Keyword Section (Outside Article) --><\/p>\n<h2>\u00bfQu\u00e9 es la prote\u00edna de guisante?<\/h2>\n<p><strong>Prote\u00edna de guisante<\/strong> es una prote\u00edna vegetal de alta calidad extra\u00edda principalmente de guisantes amarillos partidos. Es rica en amino\u00e1cidos esenciales, especialmente amino\u00e1cidos de cadena ramificada (BCAA), lo que la convierte en una alternativa ideal a las prote\u00ednas de origen animal como el suero y la case\u00edna. La prote\u00edna de guisante es naturalmente <strong>sin gluten, sin l\u00e1cteos e hipoalerg\u00e9nico<\/strong>por lo que se adapta a una amplia gama de necesidades diet\u00e9ticas y estilos de vida.<\/p>\n<p><img fetchpriority=\"high\" decoding=\"async\" class=\"aligncenter wp-image-1361\" src=\"https:\/\/bstextract.com\/wp-content\/uploads\/2025\/05\/10001-2-1.webp\" alt=\"Prote\u00edna de guisante ecol\u00f3gica en polvo\" width=\"1024\" height=\"575\" title=\"\" srcset=\"https:\/\/bstextract.com\/wp-content\/uploads\/2025\/05\/10001-2-1.webp 1296w, https:\/\/bstextract.com\/wp-content\/uploads\/2025\/05\/10001-2-1-300x169.webp 300w, https:\/\/bstextract.com\/wp-content\/uploads\/2025\/05\/10001-2-1-1024x575.webp 1024w, https:\/\/bstextract.com\/wp-content\/uploads\/2025\/05\/10001-2-1-768x431.webp 768w, https:\/\/bstextract.com\/wp-content\/uploads\/2025\/05\/10001-2-1-18x10.webp 18w, https:\/\/bstextract.com\/wp-content\/uploads\/2025\/05\/10001-2-1-600x337.webp 600w\" sizes=\"(max-width: 1024px) 100vw, 1024px\" \/><\/p>\n<p>Esta prote\u00edna en polvo suele estar disponible en forma de concentrado o aislado, con hasta <strong>Contenido prote\u00ednico 85-90%<\/strong>. Tiene un sabor neutro, una textura suave y una solubilidad excelente, perfecta para su uso en alimentos funcionales, bebidas y suplementos nutricionales.<\/p>\n<h2>Par\u00e1metro<\/h2>\n<table>\n<tbody>\n<tr>\n<td colspan=\"1\" rowspan=\"1\">\n<div>\n<div><b>Nombre del producto<\/b><\/div>\n<\/div>\n<\/td>\n<td colspan=\"1\" rowspan=\"1\">\n<div>\n<div>Prote\u00edna de guisante<\/div>\n<\/div>\n<\/td>\n<\/tr>\n<tr>\n<td colspan=\"1\" rowspan=\"1\">\n<div>\n<div><b>Fuente<\/b><\/div>\n<\/div>\n<\/td>\n<td colspan=\"1\" rowspan=\"1\">\n<div>\n<div>Extracto de guisante<\/div>\n<div>Extracto de brotes de guisante Pisum Sativum<\/div>\n<\/div>\n<\/td>\n<\/tr>\n<tr>\n<td colspan=\"1\" rowspan=\"1\">\n<div>\n<div><b>Apariencia<\/b><\/div>\n<\/div>\n<\/td>\n<td colspan=\"1\" rowspan=\"1\">\n<div>\n<div>Polvo amarillo claro<\/div>\n<\/div>\n<\/td>\n<\/tr>\n<tr>\n<td colspan=\"1\" rowspan=\"1\">\n<div>\n<div><b>Principio activo<\/b><\/div>\n<\/div>\n<\/td>\n<td colspan=\"1\" rowspan=\"1\">\n<div>\n<div>Prote\u00edna<\/div>\n<\/div>\n<\/td>\n<\/tr>\n<tr>\n<td colspan=\"1\" rowspan=\"1\">\n<div>\n<div><b>Especificaci\u00f3n del producto<\/b><\/div>\n<\/div>\n<\/td>\n<td colspan=\"1\" rowspan=\"1\">\n<div>\n<div>80% 90%<\/div>\n<\/div>\n<\/td>\n<\/tr>\n<tr>\n<td colspan=\"1\" rowspan=\"1\">\n<div>\n<div><b>Paquete<\/b><\/div>\n<\/div>\n<\/td>\n<td colspan=\"1\" rowspan=\"1\">\n<div>\n<div>1 kg\/saco\/caja o 25 kg\/tambor o caja o seg\u00fan las necesidades del cliente<\/div>\n<\/div>\n<\/td>\n<\/tr>\n<tr>\n<td colspan=\"1\" rowspan=\"1\">\n<div>\n<div><b>Muestra<\/b><\/div>\n<\/div>\n<\/td>\n<td colspan=\"1\" rowspan=\"1\">\n<div>\n<div>Gratuito<\/div>\n<\/div>\n<\/td>\n<\/tr>\n<tr>\n<td colspan=\"1\" rowspan=\"1\">\n<div>\n<div><b>Caducidad<\/b><\/div>\n<\/div>\n<\/td>\n<td colspan=\"1\" rowspan=\"1\">\n<div>\n<div>24 meses si se almacena correctamente<\/div>\n<\/div>\n<\/td>\n<\/tr>\n<tr>\n<td colspan=\"1\" rowspan=\"1\">\n<div>\n<div><b>Almacenamiento<\/b><\/div>\n<\/div>\n<\/td>\n<td colspan=\"1\" rowspan=\"1\">\n<div>\n<div>Conservar en recipientes herm\u00e9ticos y resistentes a la luz, evitar la exposici\u00f3n directa al sol, la humedad y el calor excesivo.<\/div>\n<\/div>\n<\/td>\n<\/tr>\n<tr>\n<td colspan=\"1\" rowspan=\"1\">\n<div>\n<div><b>Certificado<\/b><\/div>\n<\/div>\n<\/td>\n<td colspan=\"1\" rowspan=\"1\">\n<div>\n<div>KOSHER\/HACCP\/ISO22000\/HALAL\/UE\/USDA\/Org\u00e1nico<\/div>\n<\/div>\n<\/td>\n<\/tr>\n<\/tbody>\n<\/table>\n<h2>Aplicaciones de la prote\u00edna de guisante<\/h2>\n<p>La prote\u00edna de guisante se utiliza ampliamente en la <strong>nutrici\u00f3n deportiva, alimentos funcionales, sustitutivos de comidas y productos vegetales<\/strong>. Su alta digestibilidad y su perfil de amino\u00e1cidos de apoyo muscular la convierten en la mejor elecci\u00f3n para batidos, barritas, polvos y smoothies de prote\u00ednas destinados a entusiastas del fitness y atletas.<\/p>\n<p>En la fabricaci\u00f3n de alimentos, sirve como fuente nutritiva y sostenible de prote\u00ednas en <strong>alternativas a la carne, bebidas sin l\u00e1cteos, productos de panader\u00eda y aperitivos veganos<\/strong>. Gracias a su perfil libre de al\u00e9rgenos, la prote\u00edna de guisante tambi\u00e9n se utiliza en nutrici\u00f3n infantil, productos para el cuidado de ancianos y f\u00f3rmulas de nutrici\u00f3n m\u00e9dica. Se mezcla f\u00e1cilmente y proporciona una soluci\u00f3n proteica completa sin al\u00e9rgenos comunes como la soja, los l\u00e1cteos o el gluten.<\/p>\n<h2>Preguntas frecuentes<\/h2>\n<p><strong>\u00bfEs la prote\u00edna de guisante una prote\u00edna completa?<\/strong><br \/>\nS\u00ed, contiene los nueve amino\u00e1cidos esenciales, aunque es ligeramente inferior en metionina. Suele combinarse con prote\u00edna de arroz para equilibrar el perfil de amino\u00e1cidos.<\/p>\n<p><strong>\u00bfCu\u00e1l es el contenido t\u00edpico de prote\u00ednas?<\/strong><br \/>\nEl aislado de prote\u00edna de guisante puede aportar <strong>Prote\u00edna 85-90%<\/strong> por 100 g, seg\u00fan el m\u00e9todo de transformaci\u00f3n.<\/p>\n<p><strong>\u00bfLa Prote\u00edna de Guisante es adecuada para personas al\u00e9rgicas?<\/strong><br \/>\nS\u00ed, lo es. <strong>hipoalerg\u00e9nico<\/strong> y no contiene l\u00e1cteos, soja, gluten ni frutos secos, por lo que es ideal para consumidores sensibles.<\/p>\n<p><strong>\u00bfSe puede utilizar en bebidas?<\/strong><br \/>\nAbsolutamente. Tiene buena solubilidad y un sabor neutro, por lo que es ideal para bebidas proteicas, batidos y mezclas en polvo.<\/p>\n<p><strong>\u00bfLa Prote\u00edna de Guisante es vegana y no contiene OMG?<\/strong><br \/>\nS\u00ed, la prote\u00edna de guisante de alta calidad es <strong>sin OMG, vegano y sin crueldad<\/strong>Cumpliendo las normas de etiquetado limpio y abastecimiento \u00e9tico.<\/p>\n<p><strong>\u00bfC\u00f3mo debe almacenarse la Prote\u00edna de Guisante?<\/strong><br \/>\nGu\u00e1rdelo en un lugar fresco y seco, en un recipiente herm\u00e9tico, para mantener su frescura y evitar la absorci\u00f3n de humedad.<\/p>\n<h2>Acerca de Xi'an Best Bio-Tech Co.<\/h2>\n<p><strong>Xi'an Best Bio-Tech Co., Ltd.<\/strong> se dedica a la investigaci\u00f3n, el desarrollo y el comercio mundial de extractos de hierbas naturales de alta calidad. Con un equipo apasionado y experimentado, ofrecemos atenci\u00f3n al cliente 24\/7 y nos esforzamos por ofrecer precios competitivos, calidad estable y un servicio atento a clientes de m\u00e1s de 60 pa\u00edses.<\/p>\n<p>Nuestra f\u00e1brica est\u00e1 situada en Yangling, el mayor centro de producci\u00f3n y distribuci\u00f3n de extractos de plantas de China. Equipada con avanzados instrumentos de ensayo y m\u00faltiples l\u00edneas de producci\u00f3n automatizadas que cumplen las GMP, garantizamos un estricto control de calidad desde las materias primas hasta los productos finales. Nuestras certificaciones incluyen <strong>Kosher, Halal, ISO9001 y USFDA<\/strong>.<\/p>\n<p>Nuestros principales productos son <strong>extractos de setas, ingredientes de suplementos para la salud, extractos cosm\u00e9ticos de hierbas y polvos de frutas y verduras<\/strong>. Nos comprometemos a ofrecer soluciones seguras, eficaces y personalizadas para ayudar a los clientes de todo el mundo a promover una vida sana.<\/p>","protected":false},"excerpt":{"rendered":"<table>\n<tbody>\n<tr>\n<td colspan=\"1\" rowspan=\"1\">\n<div>\n<div><b>Fuente<\/b><\/div>\n<\/div>\n<\/td>\n<td colspan=\"1\" rowspan=\"1\">\n<div>\n<div>Extracto de guisante<\/div>\n<div>Extracto de brotes de guisante Pisum Sativum<\/div>\n<\/div>\n<\/td>\n<\/tr>\n<tr>\n<td colspan=\"1\" rowspan=\"1\">\n<div>\n<div><b>Apariencia<\/b><\/div>\n<\/div>\n<\/td>\n<td colspan=\"1\" rowspan=\"1\">\n<div>\n<div>Polvo amarillo claro<\/div>\n<\/div>\n<\/td>\n<\/tr>\n<tr>\n<td colspan=\"1\" rowspan=\"1\">\n<div>\n<div><b>Principio activo<\/b><\/div>\n<\/div>\n<\/td>\n<td colspan=\"1\" rowspan=\"1\">\n<div>\n<div>Prote\u00edna<\/div>\n<\/div>\n<\/td>\n<\/tr>\n<tr>\n<td colspan=\"1\" rowspan=\"1\">\n<div>\n<div><b>Especificaci\u00f3n del producto<\/b><\/div>\n<\/div>\n<\/td>\n<td colspan=\"1\" rowspan=\"1\">\n<div>\n<div>80% 90%<\/div>\n<\/div>\n<\/td>\n<\/tr>\n<\/tbody>\n<\/table>","protected":false},"featured_media":892,"comment_status":"open","ping_status":"closed","template":"","meta":{"_acf_changed":false},"product_brand":[],"product_cat":[15],"product_tag":[],"class_list":{"0":"post-891","1":"product","2":"type-product","3":"status-publish","4":"has-post-thumbnail","6":"product_cat-dietary-supplements","8":"first","9":"instock","10":"shipping-taxable","11":"product-type-simple"},"acf":[],"_links":{"self":[{"href":"https:\/\/bstextract.com\/es\/wp-json\/wp\/v2\/product\/891","targetHints":{"allow":["GET"]}}],"collection":[{"href":"https:\/\/bstextract.com\/es\/wp-json\/wp\/v2\/product"}],"about":[{"href":"https:\/\/bstextract.com\/es\/wp-json\/wp\/v2\/types\/product"}],"replies":[{"embeddable":true,"href":"https:\/\/bstextract.com\/es\/wp-json\/wp\/v2\/comments?post=891"}],"wp:featuredmedia":[{"embeddable":true,"href":"https:\/\/bstextract.com\/es\/wp-json\/wp\/v2\/media\/892"}],"wp:attachment":[{"href":"https:\/\/bstextract.com\/es\/wp-json\/wp\/v2\/media?parent=891"}],"wp:term":[{"taxonomy":"product_brand","embeddable":true,"href":"https:\/\/bstextract.com\/es\/wp-json\/wp\/v2\/product_brand?post=891"},{"taxonomy":"product_cat","embeddable":true,"href":"https:\/\/bstextract.com\/es\/wp-json\/wp\/v2\/product_cat?post=891"},{"taxonomy":"product_tag","embeddable":true,"href":"https:\/\/bstextract.com\/es\/wp-json\/wp\/v2\/product_tag?post=891"}],"curies":[{"name":"wp","href":"https:\/\/api.w.org\/{rel}","templated":true}]}}