{"id":962,"date":"2025-05-19T02:03:06","date_gmt":"2025-05-19T02:03:06","guid":{"rendered":"https:\/\/bstextract.com\/?post_type=product&#038;p=962"},"modified":"2025-08-06T07:03:11","modified_gmt":"2025-08-06T07:03:11","slug":"extracto-de-corteza-de-mimosa","status":"publish","type":"product","link":"https:\/\/bstextract.com\/es\/producto\/extracto-de-corteza-de-mimosa\/","title":{"rendered":"Extracto de corteza de mimosa"},"content":{"rendered":"<h2>Resumen del producto: Extracto de corteza de mimosa<\/h2>\n<p><strong>Extracto de mimosa<\/strong>tambi\u00e9n conocido como <strong>Extracto de corteza de mimosa<\/strong> o <strong>Extracto de ra\u00edz de mimosa<\/strong>es un potente ingrediente herbal derivado de la <strong>corteza del \u00e1rbol Albizia julibrissin<\/strong>utilizado tradicionalmente en <strong>Medicina china y ayurv\u00e9dica<\/strong>. Conocido por su <strong>calmante<\/strong>, <strong>para levantar el \u00e1nimo<\/strong>y <strong>antiinflamatorio<\/strong> propiedades, se utiliza com\u00fanmente en <strong>suplementos antiestr\u00e9s<\/strong>, <strong>ayudas para dormir<\/strong>y <strong>f\u00f3rmulas de bienestar emocional<\/strong>.<\/p>\n<ul>\n<li><strong>Fuente bot\u00e1nica<\/strong>: <em>Albizia julibrissin<\/em> (Mimosa)<\/li>\n<li><strong>Otros nombres<\/strong>: Extracto de Corteza de Mimosa, Extracto de Ra\u00edz de Mimosa<\/li>\n<li><strong>Apariencia<\/strong>: Polvo fino marr\u00f3n<\/li>\n<li><strong>Especificaci\u00f3n<\/strong>: Proporci\u00f3n de extracto 10:1 (extracto concentrado de hierbas)<\/li>\n<li><strong>Solubilidad<\/strong>: Polvo de extracto hidrosoluble<\/li>\n<li><strong>Pruebe<\/strong>: Sabor ligeramente amargo y terroso<\/li>\n<\/ul>\n<p>Obtenidos a partir de materias primas de primera calidad y fabricados en un <strong>F\u00e1brica con certificaci\u00f3n ISO y GMP<\/strong>Este extracto es ideal para <strong>formuladores<\/strong>, <strong>fabricantes subcontratados<\/strong>y <strong>marcas de bienestar natural<\/strong>.<\/p>\n<h2>Especificaciones t\u00e9cnicas<\/h2>\n<div>\n<div tabindex=\"-1\">\n<table>\n<thead>\n<tr>\n<th>Art\u00edculo<\/th>\n<th>Especificaci\u00f3n<\/th>\n<\/tr>\n<\/thead>\n<tbody>\n<tr>\n<td>Nombre del producto<\/td>\n<td>Extracto de corteza de mimosa<\/td>\n<\/tr>\n<tr>\n<td>Nombre bot\u00e1nico<\/td>\n<td><em>Albizia julibrissin<\/em><\/td>\n<\/tr>\n<tr>\n<td>Otros nombres<\/td>\n<td>Extracto de mimosa, extracto de ra\u00edz de mimosa<\/td>\n<\/tr>\n<tr>\n<td>Ratio de extracci\u00f3n<\/td>\n<td>10:1<\/td>\n<\/tr>\n<tr>\n<td>Apariencia<\/td>\n<td>Polvo fino marr\u00f3n<\/td>\n<\/tr>\n<tr>\n<td>Solubilidad<\/td>\n<td>Soluble en agua<\/td>\n<\/tr>\n<tr>\n<td>Contenido de humedad<\/td>\n<td>\u22645%<\/td>\n<\/tr>\n<tr>\n<td>Contenido de ceniza<\/td>\n<td>\u22645%<\/td>\n<\/tr>\n<tr>\n<td>Metales pesados<\/td>\n<td>&lt;10 ppm<\/td>\n<\/tr>\n<tr>\n<td>L\u00edmites microbianos<\/td>\n<td>Cumple las normas CP\/USP<\/td>\n<\/tr>\n<tr>\n<td>Vida \u00fatil<\/td>\n<td>24 meses si se almacena correctamente<\/td>\n<\/tr>\n<tr>\n<td>Condiciones de almacenamiento<\/td>\n<td>Cons\u00e9rvese precintado en un lugar fresco, seco y protegido de la luz<\/td>\n<\/tr>\n<tr>\n<td>Muestra<\/td>\n<td>Muestras gratuitas disponibles<\/td>\n<\/tr>\n<tr>\n<td>Origen del fabricante<\/td>\n<td>China - F\u00e1brica certificada de extractos de hierbas<\/td>\n<\/tr>\n<\/tbody>\n<\/table>\n<div><\/div>\n<div>\n<div>\n<h2>An\u00e1lisis f\u00edsicos y qu\u00edmicos<\/h2>\n<table>\n<thead>\n<tr>\n<th>Art\u00edculos<\/th>\n<th>Normas<\/th>\n<th>Resultados<\/th>\n<th>M\u00e9todo<\/th>\n<\/tr>\n<\/thead>\n<tbody>\n<tr>\n<td>Descripci\u00f3n<\/td>\n<td>Polvo fino marr\u00f3n amarillento<\/td>\n<td>Cualificado<\/td>\n<td>Visual<\/td>\n<\/tr>\n<tr>\n<td>Luz de malla<\/td>\n<td>100% pasar malla 80<\/td>\n<td>Cualificado<\/td>\n<td>Pantalla<\/td>\n<\/tr>\n<tr>\n<td>Contenido de ceniza<\/td>\n<td>\u22646.00%<\/td>\n<td>2.24%<\/td>\n<td>5g\/105\u2103\/2hrs<\/td>\n<\/tr>\n<tr>\n<td>P\u00e9rdida por secado<\/td>\n<td>\u22648.00%<\/td>\n<td>2.56%<\/td>\n<td>3g\/550\u2103\/4hrs<\/td>\n<\/tr>\n<tr>\n<td><\/td>\n<td>10:1<\/td>\n<td>10:1<\/td>\n<td>TLC<\/td>\n<\/tr>\n<\/tbody>\n<\/table>\n<h2>An\u00e1lisis de residuos<\/h2>\n<table>\n<thead>\n<tr>\n<th>Art\u00edculos<\/th>\n<th>Normas<\/th>\n<th>Resultados<\/th>\n<th>M\u00e9todo<\/th>\n<\/tr>\n<\/thead>\n<tbody>\n<tr>\n<td>Heavy Metal<\/td>\n<td>\u226410ppm<\/td>\n<td>Cualificado<\/td>\n<td>CP2010<\/td>\n<\/tr>\n<tr>\n<td>Pb<\/td>\n<td>\u22641ppm<\/td>\n<td>Cualificado<\/td>\n<td>GB\/T 5009.12-2003<\/td>\n<\/tr>\n<tr>\n<td>En<\/td>\n<td>\u22641ppm<\/td>\n<td>Cualificado<\/td>\n<td>GB\/T 5009.11-2003<\/td>\n<\/tr>\n<tr>\n<td>Hg<\/td>\n<td>\u22641ppm<\/td>\n<td>Cualificado<\/td>\n<td>GB\/T 5009.15-2003<\/td>\n<\/tr>\n<tr>\n<td>Cd<\/td>\n<td>\u22641ppm<\/td>\n<td>Cualificado<\/td>\n<td>GB\/T 5009.17-2003<\/td>\n<\/tr>\n<tr>\n<td>Residuos de pesticidas<\/td>\n<td>Cumplir los requisitos del USP<\/td>\n<td>Cualificado<\/td>\n<td>USP34<\/td>\n<\/tr>\n<\/tbody>\n<\/table>\n<h2>Microbiol\u00f3gico<\/h2>\n<table>\n<thead>\n<tr>\n<th>Art\u00edculos<\/th>\n<th>Normas<\/th>\n<th>Resultados<\/th>\n<th>M\u00e9todo<\/th>\n<\/tr>\n<\/thead>\n<tbody>\n<tr>\n<td>Recuento total de placas<\/td>\n<td>\u22641000cfu\/g<\/td>\n<td>100 ufc\/g<\/td>\n<td>AOAC990.12,16<\/td>\n<\/tr>\n<tr>\n<td>Levaduras y moho<\/td>\n<td>\u2264100cfu\/g<\/td>\n<td>&lt;10 ufc\/g<\/td>\n<td>AOAC996.08, 991.14<\/td>\n<\/tr>\n<tr>\n<td>E. coli<\/td>\n<td>Negativo<\/td>\n<td>Negativo<\/td>\n<td>AOAC2001.05<\/td>\n<\/tr>\n<tr>\n<td>Salmonella<\/td>\n<td>Negativo<\/td>\n<td>Negativo<\/td>\n<td>AOAC990.12<\/td>\n<\/tr>\n<\/tbody>\n<\/table>\n<\/div>\n<\/div>\n<\/div>\n<\/div>\n<h2>Capacidades de fabricaci\u00f3n y exportaci\u00f3n<\/h2>\n<p>Como l\u00edder <strong>Fabricante y exportador de extracto de mimosa<\/strong>suministramos extractos concentrados de plantas para su uso en <strong>nutrac\u00e9uticos<\/strong>, <strong>suplementos funcionales<\/strong>, <strong>mezclas en polvo<\/strong>y <strong>formulaciones en c\u00e1psulas<\/strong>.<\/p>\n<p><strong>Puntos fuertes:<\/strong><\/p>\n<ul>\n<li>Instalaciones de producci\u00f3n con certificaci\u00f3n GMP\/ISO22000\/HACCP<\/li>\n<li>Proporciones de extracci\u00f3n y tama\u00f1os de part\u00edcula personalizados<\/li>\n<li>COA, MSDS, TDS y pruebas de terceros proporcionadas<\/li>\n<li>Exportaciones a Norteam\u00e9rica, Europa, Sudeste Asi\u00e1tico y Oriente Medio<\/li>\n<li>Servicio completo OEM\/ODM para mezclas de hierbas y llenado de c\u00e1psulas<\/li>\n<\/ul>\n<p>Apoyamos tanto <strong>pedidos al por mayor<\/strong> y <strong>proyectos de suplementos de marca blanca<\/strong>lo que nos convierte en el proveedor preferido de propietarios de marcas y distribuidores.<\/p>\n<h2>\u00c1mbitos de aplicaci\u00f3n<\/h2>\n<p>El extracto de corteza de mimosa se utiliza com\u00fanmente en:<\/p>\n<p><strong>Nutrac\u00e9uticos y suplementos<\/strong><\/p>\n<ul>\n<li>F\u00f3rmulas antiestr\u00e9s y relajantes<\/li>\n<li>Productos naturales para conciliar el sue\u00f1o<\/li>\n<li>Mezclas adapt\u00f3genas y equilibrantes del estado de \u00e1nimo<\/li>\n<li>C\u00e1psulas para la ansiedad y el equilibrio emocional<\/li>\n<\/ul>\n<p><strong>Bebidas funcionales y polvos<\/strong><\/p>\n<ul>\n<li>Mezclas de infusiones para el sue\u00f1o y el estado de \u00e1nimo<\/li>\n<li>Mezclas de bebidas bot\u00e1nicas con adapt\u00f3genos<\/li>\n<li>Batidos de bienestar o polvos calmantes<\/li>\n<\/ul>\n<p><strong>Formulaciones tradicionales y a base de plantas<\/strong><\/p>\n<ul>\n<li>Utilizado en MTC y Ayurveda para la claridad mental y la armon\u00eda<\/li>\n<li>Combinado con otras hierbas calmantes como la ashwagandha, la manzanilla y la melisa<\/li>\n<\/ul>\n<h2>Opciones de envasado y marca blanca<\/h2>\n<p><strong>MOQ:<\/strong><\/p>\n<ul>\n<li>1 kg para pedidos de muestra; m\u00e1s de 25 kg para pedidos al por mayor y OEM<\/li>\n<\/ul>\n<p><strong>Formatos de envasado:<\/strong><\/p>\n<ul>\n<li>Bolsas de papel de aluminio de 1 kg<\/li>\n<li>Bidones de fibra alimentaria de 25 kg con revestimiento interior<\/li>\n<li>Embalaje personalizado para pedidos OEM\/etiquetas privadas<\/li>\n<\/ul>\n<p><strong>Plazo de entrega:<\/strong><\/p>\n<ul>\n<li>Pedidos en stock: 3-7 d\u00edas laborables<\/li>\n<li>Formulaciones a medida: 10-15 d\u00edas laborables<\/li>\n<\/ul>\n<p><strong>Opciones de env\u00edo:<\/strong><\/p>\n<ul>\n<li>Transporte a\u00e9reo y mar\u00edtimo mundial<\/li>\n<li>Apoyo a la exportaci\u00f3n con documentaci\u00f3n completa: COA, MSDS, Formulario A\/E<\/li>\n<\/ul>\n<h2>Garant\u00eda de calidad y certificaciones<\/h2>\n<p>Cada lote de nuestro extracto de corteza de mimosa se somete a <strong>estrictos controles de calidad<\/strong>:<\/p>\n<ul>\n<li>Identificaci\u00f3n y an\u00e1lisis de compuestos activos mediante TLC\/HPLC<\/li>\n<li>An\u00e1lisis microbiol\u00f3gico y de metales pesados<\/li>\n<li>Materias primas no modificadas gen\u00e9ticamente y sin pesticidas<\/li>\n<li>Apto para veganos y sin gluten<\/li>\n<\/ul>\n<p><strong>Certificaciones disponibles:<\/strong><\/p>\n<ul>\n<li>ISO22000, GMP, HACCP<\/li>\n<li>HALAL, KOSHER (bajo petici\u00f3n)<\/li>\n<li>Certificaci\u00f3n ecol\u00f3gica de las materias primas (disponible previa solicitud)<\/li>\n<\/ul>\n<h2>Preguntas m\u00e1s frecuentes (FAQ)<\/h2>\n<p><strong>P1: \u00bfQu\u00e9 es un extracto de Mimosa 10:1?<\/strong><br \/>\nEsto significa que se utilizaron 10 partes de corteza cruda de Mimosa para hacer 1 parte del extracto concentrado, lo que garantiza una alta potencia.<\/p>\n<p><strong>P2: \u00bfPueden ofrecer formulaciones o mezclas personalizadas?<\/strong><br \/>\nS\u00ed. Apoyamos <strong>Servicios de formulaci\u00f3n OEM<\/strong> incluyendo c\u00e1psulas, bolsitas de t\u00e9 y mezclas con otros adapt\u00f3genos.<\/p>\n<p><strong>P3: \u00bfEste extracto es apto para c\u00e1psulas o comprimidos?<\/strong><br \/>\nS\u00ed. El polvo es fino y fluido, lo que lo hace ideal para su uso directo en <strong>c\u00e1psulas, comprimidos o sobres de polvo<\/strong>.<\/p>\n<p><strong>P4: \u00bfHay COA e informes de laboratorio disponibles?<\/strong><br \/>\nS\u00ed. Proporcionamos <strong>COA, MSDS, TDS<\/strong>e informes de pruebas de terceros con cada lote, previa solicitud.<\/p>\n<p><strong>P5: \u00bfCu\u00e1l es su capacidad de producci\u00f3n y plazo de entrega?<\/strong><br \/>\nProducimos hasta varias toneladas al mes con plazos de entrega est\u00e1ndar de <strong>3-7 d\u00edas<\/strong> para art\u00edculos en stock.<\/p>\n<p><strong>P6: \u00bfPuedo obtener una muestra gratuita para la prueba?<\/strong><br \/>\nAbsolutamente. <strong>Muestras gratuitas<\/strong> para comprobar la calidad y la compatibilidad.<\/p>","protected":false},"excerpt":{"rendered":"<ul>\n<li><strong>Apariencia<\/strong>: Polvo fino marr\u00f3n<\/li>\n<li><strong>Especificaci\u00f3n<\/strong>: Proporci\u00f3n de extracto 10:1 (extracto concentrado de hierbas)<\/li>\n<li><strong>Solubilidad<\/strong>: Polvo de extracto hidrosoluble<\/li>\n<li><strong>Pruebe<\/strong>: Sabor ligeramente amargo y terroso<\/li>\n<\/ul>","protected":false},"featured_media":963,"comment_status":"open","ping_status":"closed","template":"","meta":{"_acf_changed":false},"product_brand":[],"product_cat":[21],"product_tag":[],"class_list":{"0":"post-962","1":"product","2":"type-product","3":"status-publish","4":"has-post-thumbnail","6":"product_cat-plant-extracts","8":"first","9":"instock","10":"shipping-taxable","11":"product-type-simple"},"acf":[],"_links":{"self":[{"href":"https:\/\/bstextract.com\/es\/wp-json\/wp\/v2\/product\/962","targetHints":{"allow":["GET"]}}],"collection":[{"href":"https:\/\/bstextract.com\/es\/wp-json\/wp\/v2\/product"}],"about":[{"href":"https:\/\/bstextract.com\/es\/wp-json\/wp\/v2\/types\/product"}],"replies":[{"embeddable":true,"href":"https:\/\/bstextract.com\/es\/wp-json\/wp\/v2\/comments?post=962"}],"wp:featuredmedia":[{"embeddable":true,"href":"https:\/\/bstextract.com\/es\/wp-json\/wp\/v2\/media\/963"}],"wp:attachment":[{"href":"https:\/\/bstextract.com\/es\/wp-json\/wp\/v2\/media?parent=962"}],"wp:term":[{"taxonomy":"product_brand","embeddable":true,"href":"https:\/\/bstextract.com\/es\/wp-json\/wp\/v2\/product_brand?post=962"},{"taxonomy":"product_cat","embeddable":true,"href":"https:\/\/bstextract.com\/es\/wp-json\/wp\/v2\/product_cat?post=962"},{"taxonomy":"product_tag","embeddable":true,"href":"https:\/\/bstextract.com\/es\/wp-json\/wp\/v2\/product_tag?post=962"}],"curies":[{"name":"wp","href":"https:\/\/api.w.org\/{rel}","templated":true}]}}