{"id":966,"date":"2025-05-19T02:08:57","date_gmt":"2025-05-19T02:08:57","guid":{"rendered":"https:\/\/bstextract.com\/?post_type=product&#038;p=966"},"modified":"2025-05-19T02:10:50","modified_gmt":"2025-05-19T02:10:50","slug":"cristal-mentolado","status":"publish","type":"product","link":"https:\/\/bstextract.com\/es\/producto\/cristal-mentolado\/","title":{"rendered":"Cristal mentolado"},"content":{"rendered":"<p><!-- Keyword Section (Outside Article) --><\/p>\n<p><!-- Product Content --><\/p>\n<h2>\u00bfQu\u00e9 es el cristal mentolado?<\/h2>\n<p><strong>Cristal mentolado<\/strong> es una forma s\u00f3lida y purificada de mentol natural derivado del aceite de menta mediante un proceso de enfriamiento y cristalizaci\u00f3n. Estos cristales incoloros a blancos en forma de aguja son conocidos por su intensa sensaci\u00f3n refrescante y su caracter\u00edstico aroma a menta. Nuestros cristales de mentol proceden de <strong>100% aceite de menta natural<\/strong> y est\u00e1n disponibles en grados farmac\u00e9utico y alimentario, cumpliendo las normas internacionales de calidad.<\/p>\n<p>Ampliamente reconocidos por su <strong>propiedades analg\u00e9sicas, antibacterianas y arom\u00e1ticas<\/strong>Los cristales de mentol se utilizan en una amplia gama de productos, como medicamentos, cosm\u00e9ticos, aromas alimentarios y art\u00edculos de cuidado personal. Se disuelven f\u00e1cilmente en alcohol y aceites esenciales, lo que los convierte en un ingrediente flexible tanto en aplicaciones industriales como de consumo.<\/p>\n<h2>Par\u00e1metro<\/h2>\n<table>\n<tbody>\n<tr>\n<td colspan=\"1\" rowspan=\"1\">\n<div>\n<div><b>Nombre del producto<\/b><\/div>\n<\/div>\n<\/td>\n<td colspan=\"1\" rowspan=\"1\">\n<div>\n<div>Cristal mentolado<\/div>\n<\/div>\n<\/td>\n<\/tr>\n<tr>\n<td colspan=\"1\" rowspan=\"1\">\n<div>\n<div><b>Otro nombre<\/b><\/div>\n<\/div>\n<\/td>\n<td colspan=\"1\" rowspan=\"1\">\n<div>\n<div>Menta Mentolada Cristal<\/div>\n<div>DL Mentol Cristal<\/div>\n<\/div>\n<\/td>\n<\/tr>\n<tr>\n<td colspan=\"1\" rowspan=\"1\">\n<div>\n<div><b>Fuente<\/b><\/div>\n<\/div>\n<\/td>\n<td colspan=\"1\" rowspan=\"1\">\n<div>\n<div>Extracto de menta<\/div>\n<\/div>\n<\/td>\n<\/tr>\n<tr>\n<td colspan=\"1\" rowspan=\"1\">\n<div>\n<div><b>Apariencia<\/b><\/div>\n<\/div>\n<\/td>\n<td colspan=\"1\" rowspan=\"1\">\n<div>\n<div>Cristal incoloro transparente prism\u00e1tico o acicular<\/div>\n<\/div>\n<\/td>\n<\/tr>\n<tr>\n<td colspan=\"1\" rowspan=\"1\">\n<div>\n<div><b>Especificaci\u00f3n del producto<\/b><\/div>\n<\/div>\n<\/td>\n<td colspan=\"1\" rowspan=\"1\">\n<div>\n<div>99% M\u00edn<\/div>\n<\/div>\n<\/td>\n<\/tr>\n<tr>\n<td colspan=\"1\" rowspan=\"1\">\n<div>\n<div><b>Paquete<\/b><\/div>\n<\/div>\n<\/td>\n<td colspan=\"1\" rowspan=\"1\">\n<div>\n<div>1 kg\/saco\/caja o 25 kg\/tambor o caja o seg\u00fan las necesidades del cliente<\/div>\n<\/div>\n<\/td>\n<\/tr>\n<tr>\n<td colspan=\"1\" rowspan=\"1\">\n<div>\n<div><b>Muestra<\/b><\/div>\n<\/div>\n<\/td>\n<td colspan=\"1\" rowspan=\"1\">\n<div>\n<div>Muestras gratuitas<\/div>\n<\/div>\n<\/td>\n<\/tr>\n<tr>\n<td colspan=\"1\" rowspan=\"1\">\n<div>\n<div><b>Caducidad<\/b><\/div>\n<\/div>\n<\/td>\n<td colspan=\"1\" rowspan=\"1\">\n<div>\n<div>24 meses si se almacena correctamente<\/div>\n<\/div>\n<\/td>\n<\/tr>\n<tr>\n<td colspan=\"1\" rowspan=\"1\">\n<div>\n<div><b>Almacenamiento<\/b><\/div>\n<\/div>\n<\/td>\n<td colspan=\"1\" rowspan=\"1\">\n<div>\n<div>Conservar en recipientes herm\u00e9ticos y resistentes a la luz, evitar la exposici\u00f3n directa al sol, la humedad y el calor excesivo.<\/div>\n<\/div>\n<\/td>\n<\/tr>\n<tr>\n<td colspan=\"1\" rowspan=\"1\">\n<div>\n<div><b>Certificado<\/b><\/div>\n<\/div>\n<\/td>\n<td colspan=\"1\" rowspan=\"1\">\n<div>\n<div>KOSHER\/HACCP\/ISO22000\/HALAL\/UE\/USDA\/Org\u00e1nico<\/div>\n<\/div>\n<\/td>\n<\/tr>\n<tr>\n<td colspan=\"1\" rowspan=\"1\">\n<div>\n<div><b>OEM\/ODM<\/b><\/div>\n<\/div>\n<\/td>\n<td colspan=\"1\" rowspan=\"1\">\n<div>\n<div>Disponible en<\/div>\n<\/div>\n<\/td>\n<\/tr>\n<\/tbody>\n<\/table>\n<h2>Aplicaciones del cristal mentolado<\/h2>\n<p>Los cristales de mentol son muy vers\u00e1tiles y apreciados en todo el mundo. <strong>industrias farmac\u00e9utica, cosm\u00e9tica, alimentaria y de aromaterapia<\/strong>. En farmacia, se utilizan en <strong>b\u00e1lsamos, pomadas, pastillas para la garganta, inhaladores nasales y geles analg\u00e9sicos<\/strong> por sus efectos refrescantes, calmantes y descongestionantes. Sus propiedades refrescantes ayudan a aliviar peque\u00f1os dolores, picores, dolores de garganta y molestias sinusales.<\/p>\n<p><img fetchpriority=\"high\" decoding=\"async\" class=\"size-full wp-image-969 aligncenter\" src=\"https:\/\/bstextract.com\/wp-content\/uploads\/2025\/05\/3-6.png\" alt=\"\" width=\"800\" height=\"800\" title=\"\" srcset=\"https:\/\/bstextract.com\/wp-content\/uploads\/2025\/05\/3-6.png 800w, https:\/\/bstextract.com\/wp-content\/uploads\/2025\/05\/3-6-300x300.png 300w, https:\/\/bstextract.com\/wp-content\/uploads\/2025\/05\/3-6-150x150.png 150w, https:\/\/bstextract.com\/wp-content\/uploads\/2025\/05\/3-6-768x768.png 768w, https:\/\/bstextract.com\/wp-content\/uploads\/2025\/05\/3-6-12x12.png 12w, https:\/\/bstextract.com\/wp-content\/uploads\/2025\/05\/3-6-600x600.png 600w, https:\/\/bstextract.com\/wp-content\/uploads\/2025\/05\/3-6-100x100.png 100w\" sizes=\"(max-width: 800px) 100vw, 800px\" \/><\/p>\n<p>En cosm\u00e9tica y cuidado personal, los cristales de mentol se a\u00f1aden a <strong>champ\u00fas, lociones, b\u00e1lsamos labiales y jabones<\/strong> para un efecto refrescante y revitalizante. Tambi\u00e9n son populares en <strong>difusores de aceites esenciales y productos de spa<\/strong> para promover la relajaci\u00f3n y el alivio respiratorio. En el sector de la alimentaci\u00f3n y las bebidas, el mentol se utiliza en caramelos de menta, chicles, dent\u00edfricos y sprays bucales, a\u00f1adiendo sabor y frescor.<\/p>\n<h2>Preguntas frecuentes<\/h2>\n<p><strong>\u00bfSus cristales de mentol son naturales o sint\u00e9ticos?<\/strong><br \/>\nNuestros cristales de mentol proceden de <strong>100% aceite de menta natural<\/strong> mediante m\u00e9todos de cristalizaci\u00f3n f\u00edsica, sin aditivos sint\u00e9ticos.<\/p>\n<p><strong>\u00bfLos cristales de mentol son seguros para la piel?<\/strong><br \/>\nS\u00ed, se utilizan mucho en formulaciones t\u00f3picas. Sin embargo, deben diluirse adecuadamente en aceites portadores o cremas para evitar irritaciones.<\/p>\n<p><strong>\u00bfPueden ingerirse los cristales de mentol?<\/strong><br \/>\nS\u00ed, nuestros cristales de mentol de calidad alimentaria son seguros para la ingesti\u00f3n en cantidades controladas y se utilizan habitualmente en aromatizantes y productos para el cuidado bucal.<\/p>\n<p><strong>\u00bfCu\u00e1l es la pureza t\u00edpica de los cristales de mentol?<\/strong><br \/>\nSuministramos cristales de mentol con una pureza de <strong>\u226599%<\/strong>, conforme a las normas USP, FCC y EP en funci\u00f3n de los requisitos del cliente.<\/p>\n<p><strong>\u00bfC\u00f3mo deben conservarse los cristales de mentol?<\/strong><br \/>\nCons\u00e9rvese en un lugar fresco y seco, protegido de la luz solar directa y en envases herm\u00e9ticamente cerrados. Los cristales de mentol son vol\u00e1tiles y deben conservarse bien cerrados para mantener su potencia.<\/p>\n<p><strong>\u00bfOfrecen cantidades a granel y servicios OEM?<\/strong><br \/>\nS\u00ed, proporcionamos <strong>envasado a granel, etiquetado personalizado y soluciones OEM\/ODM<\/strong> para satisfacer sus necesidades de producci\u00f3n y marca.<\/p>\n<h2>Acerca de Xi'an Best Bio-Tech Co.<\/h2>\n<p><strong>Xi'an Best Bio-Tech Co., Ltd.<\/strong> se dedica a la investigaci\u00f3n, el desarrollo y el comercio mundial de extractos de hierbas naturales de alta calidad. Con un equipo apasionado y experimentado, ofrecemos atenci\u00f3n al cliente 24\/7 y nos esforzamos por ofrecer precios competitivos, calidad estable y un servicio atento a clientes de m\u00e1s de 60 pa\u00edses.<\/p>\n<p>Nuestra f\u00e1brica est\u00e1 situada en Yangling, el mayor centro de producci\u00f3n y distribuci\u00f3n de extractos de plantas de China. Equipada con avanzados instrumentos de ensayo y m\u00faltiples l\u00edneas de producci\u00f3n automatizadas que cumplen las GMP, garantizamos un estricto control de calidad desde las materias primas hasta los productos finales. Nuestras certificaciones incluyen <strong>Kosher, Halal, ISO9001 y USFDA<\/strong>.<\/p>\n<p>Nuestros principales productos son <strong>extractos de setas, ingredientes de suplementos para la salud, extractos cosm\u00e9ticos de hierbas y polvos de frutas y verduras<\/strong>. Nos comprometemos a ofrecer soluciones seguras, eficaces y personalizadas para ayudar a los clientes de todo el mundo a promover una vida sana.<\/p>","protected":false},"excerpt":{"rendered":"<p>N\u00ba CAS: 89-78-1<br \/>\nEINECS: 201-939-0<br \/>\nF\u00f3rmula molecular: C10H20O<br \/>\nEl Extracto de Mentol es una sustancia qu\u00edmica, el Mentol se extrae de las hojas y tallos de la menta piperita, cristales blancos, f\u00f3rmula molecular C10H20O, es el ingrediente principal en los aceites esenciales de menta piperita y menta verde.<\/p>","protected":false},"featured_media":967,"comment_status":"open","ping_status":"closed","template":"","meta":{"_acf_changed":false},"product_brand":[],"product_cat":[21],"product_tag":[],"class_list":{"0":"post-966","1":"product","2":"type-product","3":"status-publish","4":"has-post-thumbnail","6":"product_cat-plant-extracts","8":"first","9":"instock","10":"shipping-taxable","11":"product-type-simple"},"acf":[],"_links":{"self":[{"href":"https:\/\/bstextract.com\/es\/wp-json\/wp\/v2\/product\/966","targetHints":{"allow":["GET"]}}],"collection":[{"href":"https:\/\/bstextract.com\/es\/wp-json\/wp\/v2\/product"}],"about":[{"href":"https:\/\/bstextract.com\/es\/wp-json\/wp\/v2\/types\/product"}],"replies":[{"embeddable":true,"href":"https:\/\/bstextract.com\/es\/wp-json\/wp\/v2\/comments?post=966"}],"wp:featuredmedia":[{"embeddable":true,"href":"https:\/\/bstextract.com\/es\/wp-json\/wp\/v2\/media\/967"}],"wp:attachment":[{"href":"https:\/\/bstextract.com\/es\/wp-json\/wp\/v2\/media?parent=966"}],"wp:term":[{"taxonomy":"product_brand","embeddable":true,"href":"https:\/\/bstextract.com\/es\/wp-json\/wp\/v2\/product_brand?post=966"},{"taxonomy":"product_cat","embeddable":true,"href":"https:\/\/bstextract.com\/es\/wp-json\/wp\/v2\/product_cat?post=966"},{"taxonomy":"product_tag","embeddable":true,"href":"https:\/\/bstextract.com\/es\/wp-json\/wp\/v2\/product_tag?post=966"}],"curies":[{"name":"wp","href":"https:\/\/api.w.org\/{rel}","templated":true}]}}