{"id":980,"date":"2025-05-19T02:45:42","date_gmt":"2025-05-19T02:45:42","guid":{"rendered":"https:\/\/bstextract.com\/?post_type=product&#038;p=980"},"modified":"2025-06-09T01:43:10","modified_gmt":"2025-06-09T01:43:10","slug":"resveratrol","status":"publish","type":"product","link":"https:\/\/bstextract.com\/es\/producto\/resveratrol\/","title":{"rendered":"Resveratrol en polvo"},"content":{"rendered":"<p><!-- Keyword Section (Outside Article) --><\/p>\n<p><!-- Product Content --><\/p>\n<h2>\u00bfQu\u00e9 es el resveratrol?<\/h2>\n<p><strong>Resveratrol<\/strong> es un potente polifenol natural extra\u00eddo de fuentes como la ra\u00edz de knotweed japon\u00e9s y las uvas rojas. Conocido cient\u00edficamente como <strong>Trans-Resveratrol<\/strong> (N\u00ba CAS <strong>501-36-0<\/strong>), es apreciada por su potente <strong>propiedades antioxidantes, antiinflamatorias y antienvejecimiento<\/strong>. Nuestro Resveratrol en Polvo est\u00e1 estandarizado a una pureza de <strong>99%<\/strong> y est\u00e1 disponible en <strong>Grado cosm\u00e9tico<\/strong> y <strong>Grado alimentario<\/strong> formas.<\/p>\n<p><img fetchpriority=\"high\" decoding=\"async\" class=\"alignnone wp-image-985 size-full\" src=\"https:\/\/bstextract.com\/wp-content\/uploads\/2025\/05\/Resveratrol.png\" alt=\"Resveratrol\" width=\"1589\" height=\"600\" title=\"\" srcset=\"https:\/\/bstextract.com\/wp-content\/uploads\/2025\/05\/Resveratrol.png 1589w, https:\/\/bstextract.com\/wp-content\/uploads\/2025\/05\/Resveratrol-300x113.png 300w, https:\/\/bstextract.com\/wp-content\/uploads\/2025\/05\/Resveratrol-1024x387.png 1024w, https:\/\/bstextract.com\/wp-content\/uploads\/2025\/05\/Resveratrol-768x290.png 768w, https:\/\/bstextract.com\/wp-content\/uploads\/2025\/05\/Resveratrol-1536x580.png 1536w, https:\/\/bstextract.com\/wp-content\/uploads\/2025\/05\/Resveratrol-18x7.png 18w, https:\/\/bstextract.com\/wp-content\/uploads\/2025\/05\/Resveratrol-600x227.png 600w\" sizes=\"(max-width: 1589px) 100vw, 1589px\" \/><\/p>\n<p>Por su aspecto de polvo blanco y fino y su gran estabilidad, el resveratrol se utiliza ampliamente en <strong>aplicaciones nutrac\u00e9uticas, cuidado de la piel, cosm\u00e9tica y alimentaci\u00f3n funcional<\/strong>. Favorece la salud celular, promueve la longevidad y se utiliza a menudo como ingrediente principal en f\u00f3rmulas antienvejecimiento, productos de refuerzo inmunitario y soluciones para la renovaci\u00f3n de la piel.<\/p>\n<h2>Aplicaciones del resveratrol<\/h2>\n<p>El resveratrol es un ingrediente multifuncional que se utiliza en diversos sectores. En la <strong>sectores nutrac\u00e9utico y alimentario<\/strong>se incorpora a <strong>c\u00e1psulas, comprimidos, polvos, bebidas y alimentos funcionales<\/strong> destinado a promover <strong>salud cardiaca, protecci\u00f3n antioxidante y apoyo metab\u00f3lico<\/strong>. Como compuesto natural del vino tinto, es especialmente popular en productos antienvejecimiento y de bienestar.<\/p>\n<p>En el campo de la cosm\u00e9tica, el Resveratrol es conocido por su <strong>efectos antienvejecimiento, antiinflamatorios y abrillantadores<\/strong>por lo que es ideal para su uso en <strong>cremas, sueros, mascarillas y l\u00edneas de cuidado de la piel de gama alta<\/strong>. Su capacidad para neutralizar los radicales libres y reducir el estr\u00e9s oxidativo tambi\u00e9n lo hace valioso en f\u00f3rmulas que protegen la piel de los da\u00f1os medioambientales y la exposici\u00f3n a los rayos UV.<\/p>\n<h2>Preguntas frecuentes<\/h2>\n<p><strong>\u00bfCu\u00e1l es la pureza de su Resveratrol en polvo?<\/strong><br \/>\nNuestro Resveratrol est\u00e1 estandarizado a una pureza de <strong>99%<\/strong>garantizando la m\u00e1xima eficacia y consistencia para uso industrial.<\/p>\n<p><strong>\u00bfQu\u00e9 grados hay disponibles?<\/strong><br \/>\nOfrecemos <strong>Grado cosm\u00e9tico<\/strong> y <strong>Grado alimentario<\/strong> Resveratrol, adecuado para una amplia gama de aplicaciones.<\/p>\n<p><strong>\u00bfQu\u00e9 aspecto tiene el producto?<\/strong><br \/>\nSe trata de un <strong>polvo blanco fino<\/strong>, inodoro y f\u00e1cilmente dispersable en la mayor\u00eda de las formulaciones.<\/p>\n<p><strong>\u00bfPuedo solicitar una muestra?<\/strong><br \/>\nS\u00ed, proporcionamos <strong>muestras gratuitas<\/strong> para la evaluaci\u00f3n de la calidad y las pruebas de compatibilidad.<\/p>\n<p><strong>\u00bfQu\u00e9 opciones de envasado ofrecen?<\/strong><br \/>\nOfrecemos envases est\u00e1ndar de <strong>1 kg\/saco\/cart\u00f3n<\/strong> o <strong>25 kg\/tambor o cart\u00f3n<\/strong>. Embalaje personalizado disponible previa solicitud.<\/p>\n<p><strong>\u00bfCu\u00e1l es la vida \u00fatil y la recomendaci\u00f3n de almacenamiento?<\/strong><br \/>\nLa caducidad es <strong>24 meses<\/strong> si se almacena en un recipiente herm\u00e9tico y resistente a la luz. Evitar la luz solar directa, el calor excesivo y la humedad.<\/p>\n<h2>Acerca de Xi'an Best Bio-Tech Co.<\/h2>\n<p><strong>Xi'an Best Bio-Tech Co., Ltd.<\/strong> se dedica a la investigaci\u00f3n, el desarrollo y el comercio mundial de extractos de hierbas naturales de alta calidad. Con un equipo apasionado y experimentado, ofrecemos atenci\u00f3n al cliente 24\/7 y nos esforzamos por ofrecer precios competitivos, calidad estable y un servicio atento a clientes de m\u00e1s de 60 pa\u00edses.<\/p>\n<p>Nuestra f\u00e1brica est\u00e1 situada en Yangling, el mayor centro de producci\u00f3n y distribuci\u00f3n de extractos de plantas de China. Equipada con avanzados instrumentos de ensayo y m\u00faltiples l\u00edneas de producci\u00f3n automatizadas que cumplen las GMP, garantizamos un estricto control de calidad desde las materias primas hasta los productos finales. Nuestras certificaciones incluyen <strong>Kosher, Halal, ISO9001 y USFDA<\/strong>.<\/p>\n<p>Nuestros principales productos son <strong>extractos de setas, ingredientes de suplementos para la salud, extractos cosm\u00e9ticos de hierbas y polvos de frutas y verduras<\/strong>. Nos comprometemos a ofrecer soluciones seguras, eficaces y personalizadas para ayudar a los clientes de todo el mundo a promover una vida sana.<\/p>","protected":false},"excerpt":{"rendered":"<table>\n<tbody>\n<tr>\n<td colspan=\"1\" rowspan=\"1\">\n<div>\n<div><b>CAS NO<\/b><\/div>\n<\/div>\n<\/td>\n<td colspan=\"1\" rowspan=\"1\">\n<div>\n<div>501-36-0<\/div>\n<\/div>\n<\/td>\n<\/tr>\n<tr>\n<td colspan=\"1\" rowspan=\"1\">\n<div>\n<div><b>Grado<\/b><\/div>\n<\/div>\n<\/td>\n<td colspan=\"1\" rowspan=\"1\">\n<div>\n<div>Grado cosm\u00e9tico, Grado alimentario<\/div>\n<\/div>\n<\/td>\n<\/tr>\n<tr>\n<td colspan=\"1\" rowspan=\"1\">\n<div>\n<div><b>Apariencia<\/b><\/div>\n<\/div>\n<\/td>\n<td colspan=\"1\" rowspan=\"1\">\n<div>\n<div>Polvo blanco<\/div>\n<\/div>\n<\/td>\n<\/tr>\n<tr>\n<td colspan=\"1\" rowspan=\"1\">\n<div>\n<div><b>Especificaci\u00f3n del producto<\/b><\/div>\n<\/div>\n<\/td>\n<td colspan=\"1\" rowspan=\"1\">\n<div>\n<div>99%<\/div>\n<\/div>\n<\/td>\n<\/tr>\n<\/tbody>\n<\/table>","protected":false},"featured_media":981,"comment_status":"open","ping_status":"closed","template":"","meta":{"_acf_changed":false},"product_brand":[],"product_cat":[21,22],"product_tag":[],"class_list":{"0":"post-980","1":"product","2":"type-product","3":"status-publish","4":"has-post-thumbnail","6":"product_cat-plant-extracts","7":"product_cat-cosmetic-personal-care-ingredients","9":"first","10":"instock","11":"shipping-taxable","12":"product-type-simple"},"acf":[],"_links":{"self":[{"href":"https:\/\/bstextract.com\/es\/wp-json\/wp\/v2\/product\/980","targetHints":{"allow":["GET"]}}],"collection":[{"href":"https:\/\/bstextract.com\/es\/wp-json\/wp\/v2\/product"}],"about":[{"href":"https:\/\/bstextract.com\/es\/wp-json\/wp\/v2\/types\/product"}],"replies":[{"embeddable":true,"href":"https:\/\/bstextract.com\/es\/wp-json\/wp\/v2\/comments?post=980"}],"wp:featuredmedia":[{"embeddable":true,"href":"https:\/\/bstextract.com\/es\/wp-json\/wp\/v2\/media\/981"}],"wp:attachment":[{"href":"https:\/\/bstextract.com\/es\/wp-json\/wp\/v2\/media?parent=980"}],"wp:term":[{"taxonomy":"product_brand","embeddable":true,"href":"https:\/\/bstextract.com\/es\/wp-json\/wp\/v2\/product_brand?post=980"},{"taxonomy":"product_cat","embeddable":true,"href":"https:\/\/bstextract.com\/es\/wp-json\/wp\/v2\/product_cat?post=980"},{"taxonomy":"product_tag","embeddable":true,"href":"https:\/\/bstextract.com\/es\/wp-json\/wp\/v2\/product_tag?post=980"}],"curies":[{"name":"wp","href":"https:\/\/api.w.org\/{rel}","templated":true}]}}