{"id":988,"date":"2025-05-19T03:20:08","date_gmt":"2025-05-19T03:20:08","guid":{"rendered":"https:\/\/bstextract.com\/?post_type=product&#038;p=988"},"modified":"2025-05-19T03:20:31","modified_gmt":"2025-05-19T03:20:31","slug":"extracto-de-brecol-sulforafano","status":"publish","type":"product","link":"https:\/\/bstextract.com\/es\/producto\/extracto-de-brecol-sulforafano\/","title":{"rendered":"Extracto de br\u00f3coli (sulforafano)"},"content":{"rendered":"<p><!-- Keyword Section (Outside Article) --><\/p>\n<p><!-- Product Content --><\/p>\n<h2>\u00bfQu\u00e9 es el sulforafano?<\/h2>\n<p><strong>Sulforafano<\/strong> es un potente compuesto bioactivo extra\u00eddo del br\u00e9col (<em>Brassica oleracea<\/em>) brotes y floretes. Identificado por el n\u00ba CAS. <strong>4478-93-7<\/strong>El sulforafano es ampliamente reconocido por su <strong>propiedades desintoxicantes, antioxidantes y antiinflamatorias<\/strong>. Activa el Nrf2, un regulador clave en el sistema de defensa del organismo contra el estr\u00e9s oxidativo, lo que lo convierte en un ingrediente prometedor para la salud preventiva y la protecci\u00f3n celular.<\/p>\n<p>Nuestro extracto de br\u00f3coli sulforafano est\u00e1 disponible en concentraciones de <strong>1%, 5% y 10%<\/strong>entregado como una multa <strong>polvo marr\u00f3n claro<\/strong>. Es adecuado para su uso en suplementos diet\u00e9ticos, alimentos funcionales y f\u00f3rmulas para el cuidado de la piel dirigidas a la desintoxicaci\u00f3n, la salud inmunol\u00f3gica y la longevidad.<\/p>\n<h2>Aplicaciones del extracto de br\u00f3coli (sulforafano)<\/h2>\n<p>El extracto de br\u00f3coli estandarizado en sulforafano es cada vez m\u00e1s popular en la <strong>industrias nutrac\u00e9utica y farmac\u00e9utica<\/strong>. Es un ingrediente clave en <strong>suplementos desintoxicantes, productos para el h\u00edgado, mezclas de antioxidantes y refuerzos inmunitarios<\/strong>. En forma de c\u00e1psulas y comprimidos, ayuda al organismo a combatir el da\u00f1o oxidativo y favorece la eliminaci\u00f3n de toxinas mediante una mayor desintoxicaci\u00f3n de fase II.<\/p>\n<p><img fetchpriority=\"high\" decoding=\"async\" class=\"aligncenter wp-image-992 size-full\" src=\"https:\/\/bstextract.com\/wp-content\/uploads\/2025\/05\/Sulforaphane-Powder.webp\" alt=\"Extracto de br\u00f3coli (sulforafano)\" width=\"1000\" height=\"635\" title=\"\" srcset=\"https:\/\/bstextract.com\/wp-content\/uploads\/2025\/05\/Sulforaphane-Powder.webp 1000w, https:\/\/bstextract.com\/wp-content\/uploads\/2025\/05\/Sulforaphane-Powder-300x191.webp 300w, https:\/\/bstextract.com\/wp-content\/uploads\/2025\/05\/Sulforaphane-Powder-768x488.webp 768w, https:\/\/bstextract.com\/wp-content\/uploads\/2025\/05\/Sulforaphane-Powder-18x12.webp 18w, https:\/\/bstextract.com\/wp-content\/uploads\/2025\/05\/Sulforaphane-Powder-600x381.webp 600w\" sizes=\"(max-width: 1000px) 100vw, 1000px\" \/><\/p>\n<p>En el sector de la alimentaci\u00f3n y las bebidas, el sulforafano se utiliza en <strong>superalimentos en polvo, mezclas de verduras y bebidas funcionales<\/strong>. Sus efectos antioxidantes y antienvejecimiento tambi\u00e9n lo hacen adecuado para <strong>productos cosm\u00e9ticos<\/strong> como cremas anticontaminaci\u00f3n, sueros y complementos para el cuidado de la piel destinados a protegerla del estr\u00e9s medioambiental.<\/p>\n<h2>Preguntas frecuentes<\/h2>\n<p><strong>\u00bfCu\u00e1l es la especificaci\u00f3n de su extracto de sulforafano?<\/strong><br \/>\nOfrecemos Extracto de Br\u00f3coli con concentraciones de sulforafano de <strong>1%, 5% y 10%<\/strong>en funci\u00f3n de las necesidades del cliente.<\/p>\n<p><strong>\u00bfQu\u00e9 aspecto tiene el producto?<\/strong><br \/>\nAparece como <strong>polvo marr\u00f3n claro<\/strong> con un suave aroma vegetal, procesado para obtener la m\u00e1xima pureza y estabilidad.<\/p>\n<p><strong>\u00bfPuedo solicitar una muestra?<\/strong><br \/>\nS\u00ed, <strong>muestras gratuitas<\/strong> est\u00e1n disponibles para pruebas y desarrollo de productos.<\/p>\n<p><strong>\u00bfQu\u00e9 certificaciones tiene su producto?<\/strong><br \/>\nNuestro extracto de br\u00f3coli con sulforafano est\u00e1 certificado <strong>KOSHER, HALAL, ISO22000, HACCP, ecol\u00f3gico UE y ecol\u00f3gico USDA<\/strong>.<\/p>\n<p><strong>\u00bfC\u00f3mo est\u00e1 envasado el producto?<\/strong><br \/>\nEl embalaje est\u00e1ndar incluye <strong>1 kg\/saco\/cart\u00f3n<\/strong> o <strong>25 kg\/tambor o cart\u00f3n<\/strong>. Embalaje personalizado disponible previa solicitud.<\/p>\n<p><strong>\u00bfC\u00f3mo debe almacenarse?<\/strong><br \/>\nGuardar en un <strong>recipiente herm\u00e9tico y resistente a la luz<\/strong>Mantener alejado de la luz solar directa, el calor y la humedad. Caducidad <strong>24 meses<\/strong> cuando se almacena correctamente.<\/p>","protected":false},"excerpt":{"rendered":"<table>\n<tbody>\n<tr>\n<td colspan=\"1\" rowspan=\"1\">\n<div>\n<div><b>CAS NO<\/b><\/div>\n<\/div>\n<\/td>\n<td colspan=\"1\" rowspan=\"1\">\n<div>\n<div>4478-93-7<\/div>\n<\/div>\n<\/td>\n<\/tr>\n<tr>\n<td colspan=\"1\" rowspan=\"1\">\n<div>\n<div><b>Fuente<\/b><\/div>\n<\/div>\n<\/td>\n<td colspan=\"1\" rowspan=\"1\">\n<div>\n<div>Extracto de br\u00f3coli<\/div>\n<\/div>\n<\/td>\n<\/tr>\n<tr>\n<td colspan=\"1\" rowspan=\"1\">\n<div>\n<div><b>Apariencia<\/b><\/div>\n<\/div>\n<\/td>\n<td colspan=\"1\" rowspan=\"1\">\n<div>\n<div>Polvo marr\u00f3n claro<\/div>\n<\/div>\n<\/td>\n<\/tr>\n<tr>\n<td colspan=\"1\" rowspan=\"1\">\n<div>\n<div><b>Especificaci\u00f3n del producto<\/b><\/div>\n<\/div>\n<\/td>\n<td colspan=\"1\" rowspan=\"1\">\n<div>\n<div>1% 5% 10%<\/div>\n<\/div>\n<\/td>\n<\/tr>\n<\/tbody>\n<\/table>","protected":false},"featured_media":989,"comment_status":"open","ping_status":"closed","template":"","meta":{"_acf_changed":false},"product_brand":[],"product_cat":[21],"product_tag":[],"class_list":{"0":"post-988","1":"product","2":"type-product","3":"status-publish","4":"has-post-thumbnail","6":"product_cat-plant-extracts","8":"first","9":"instock","10":"shipping-taxable","11":"product-type-simple"},"acf":[],"_links":{"self":[{"href":"https:\/\/bstextract.com\/es\/wp-json\/wp\/v2\/product\/988","targetHints":{"allow":["GET"]}}],"collection":[{"href":"https:\/\/bstextract.com\/es\/wp-json\/wp\/v2\/product"}],"about":[{"href":"https:\/\/bstextract.com\/es\/wp-json\/wp\/v2\/types\/product"}],"replies":[{"embeddable":true,"href":"https:\/\/bstextract.com\/es\/wp-json\/wp\/v2\/comments?post=988"}],"wp:featuredmedia":[{"embeddable":true,"href":"https:\/\/bstextract.com\/es\/wp-json\/wp\/v2\/media\/989"}],"wp:attachment":[{"href":"https:\/\/bstextract.com\/es\/wp-json\/wp\/v2\/media?parent=988"}],"wp:term":[{"taxonomy":"product_brand","embeddable":true,"href":"https:\/\/bstextract.com\/es\/wp-json\/wp\/v2\/product_brand?post=988"},{"taxonomy":"product_cat","embeddable":true,"href":"https:\/\/bstextract.com\/es\/wp-json\/wp\/v2\/product_cat?post=988"},{"taxonomy":"product_tag","embeddable":true,"href":"https:\/\/bstextract.com\/es\/wp-json\/wp\/v2\/product_tag?post=988"}],"curies":[{"name":"wp","href":"https:\/\/api.w.org\/{rel}","templated":true}]}}