{"id":1000,"date":"2025-05-19T06:14:43","date_gmt":"2025-05-19T06:14:43","guid":{"rendered":"https:\/\/bstextract.com\/?post_type=product&#038;p=1000"},"modified":"2025-05-19T06:14:43","modified_gmt":"2025-05-19T06:14:43","slug":"poudre-de-turkesterone","status":"publish","type":"product","link":"https:\/\/bstextract.com\/fr\/produit\/poudre-de-turkesterone\/","title":{"rendered":"Poudre de Turkesterone"},"content":{"rendered":"<p><!-- Keyword Section (Outside Article) --><\/p>\n<h2>Qu'est-ce que la poudre de Turkesterone ?<\/h2>\n<p><strong>Poudre de Turkesterone<\/strong> est un extrait v\u00e9g\u00e9tal de haute puret\u00e9 d\u00e9riv\u00e9 du <strong>Ajuga turkestanica<\/strong>La substance active est une plante m\u00e9dicinale traditionnellement utilis\u00e9e dans la phytoth\u00e9rapie d'Asie centrale. Ce principe actif appartient \u00e0 la famille des ecdyst\u00e9ro\u00efdes, une classe de compos\u00e9s anabolisants naturels. Identifi\u00e9 par le num\u00e9ro CAS. <strong>41451-87-0<\/strong>Turkesterone est appr\u00e9ci\u00e9e pour ses <strong>des propri\u00e9t\u00e9s musculaires, adaptog\u00e8nes et d'am\u00e9lioration des performances<\/strong>sans les effets secondaires hormonaux associ\u00e9s aux st\u00e9ro\u00efdes synth\u00e9tiques.<\/p>\n<p>Notre poudre de Turkesterone est normalis\u00e9e pour <strong>2% et 10%<\/strong> contenu actif et appara\u00eet comme une fine <strong>poudre brune<\/strong>. Il est largement utilis\u00e9 dans les secteurs de la nutrition sportive et des compl\u00e9ments alimentaires, o\u00f9 il favorise la r\u00e9cup\u00e9ration musculaire, les gains de force, l'endurance et l'adaptation au stress chez les athl\u00e8tes et les personnes actives.<\/p>\n<h2>Applications de la poudre de Turkesterone<\/h2>\n<p>Le Turkesterone gagne en popularit\u00e9 dans l'Union europ\u00e9enne. <strong>les march\u00e9s de la performance sportive, de la musculation et de la r\u00e9cup\u00e9ration<\/strong>. Il est g\u00e9n\u00e9ralement formul\u00e9 en <strong>les g\u00e9lules, les comprim\u00e9s, les pr\u00e9parations en poudre et les boissons fonctionnelles<\/strong> visant \u00e0 augmenter la masse musculaire maigre et les performances physiques. Contrairement aux compos\u00e9s anabolisants synth\u00e9tiques, il n'est pas hormonal et ne n\u00e9cessite pas de th\u00e9rapie post-cycle (PCT).<\/p>\n<p><img fetchpriority=\"high\" decoding=\"async\" class=\"size-full wp-image-1005 aligncenter\" src=\"https:\/\/bstextract.com\/wp-content\/uploads\/2025\/05\/Turkesterone-Powder.jpg\" alt=\"\" width=\"1024\" height=\"683\" title=\"\" srcset=\"https:\/\/bstextract.com\/wp-content\/uploads\/2025\/05\/Turkesterone-Powder.jpg 1024w, https:\/\/bstextract.com\/wp-content\/uploads\/2025\/05\/Turkesterone-Powder-300x200.jpg 300w, https:\/\/bstextract.com\/wp-content\/uploads\/2025\/05\/Turkesterone-Powder-768x512.jpg 768w, https:\/\/bstextract.com\/wp-content\/uploads\/2025\/05\/Turkesterone-Powder-18x12.jpg 18w, https:\/\/bstextract.com\/wp-content\/uploads\/2025\/05\/Turkesterone-Powder-600x400.jpg 600w\" sizes=\"(max-width: 1024px) 100vw, 1024px\" \/><\/p>\n<p>Dans les secteurs des adaptog\u00e8nes et du bien-\u00eatre, la Turkesterone est appr\u00e9ci\u00e9e pour sa capacit\u00e9 \u00e0 promouvoir la r\u00e9sistance physique, \u00e0 r\u00e9duire la fatigue et \u00e0 soutenir l'\u00e9quilibre hormonal en cas de stress. Elle est id\u00e9ale pour les lignes de produits naturels ciblant <strong>la croissance musculaire, l'endurance, la vitalit\u00e9 et la r\u00e9cup\u00e9ration<\/strong>-sans enfreindre les r\u00e9glementations en mati\u00e8re de dopage. Son origine v\u00e9g\u00e9tale le rend \u00e9galement adapt\u00e9 aux formules v\u00e9g\u00e9taliennes et clean-label.<\/p>\n<h2>Questions fr\u00e9quemment pos\u00e9es<\/h2>\n<p><strong>Quelle est la source de votre Turkesterone ?<\/strong><br \/>\nNotre Turkesterone est extrait de <strong>Ajuga turkestanica<\/strong>une plante connue pour sa teneur \u00e9lev\u00e9e en ecdyst\u00e9ro\u00efdes et son utilisation m\u00e9dicinale traditionnelle.<\/p>\n<p><strong>Quelles sont les concentrations disponibles ?<\/strong><br \/>\nNous proposons de la poudre de Turkesterone standardis\u00e9e \u00e0 <strong>2% et 10%<\/strong> pour r\u00e9pondre aux diff\u00e9rents besoins en mati\u00e8re de formulation.<\/p>\n<p><strong>Quel est l'aspect de la poudre ?<\/strong><br \/>\nIl s'agit d'une belle <strong>poudre brune<\/strong>Il peut \u00eatre utilis\u00e9 dans les g\u00e9lules et les m\u00e9langes de boissons.<\/p>\n<p><strong>Puis-je obtenir un \u00e9chantillon \u00e0 des fins de test ?<\/strong><br \/>\nOui, nous proposons <strong>\u00e9chantillons gratuits<\/strong> pour soutenir les tests de qualit\u00e9 et le d\u00e9veloppement de la R&amp;D.<\/p>\n<p><strong>Quelles sont les certifications de votre Turkesterone ?<\/strong><br \/>\nNotre produit est certifi\u00e9 <strong>KOSHER, HALAL, HACCP, ISO22000, produits biologiques de l'UE et produits biologiques de l'USDA<\/strong>.<\/p>\n<p><strong>Comment doit-il \u00eatre stock\u00e9 ?<\/strong><br \/>\nStocker dans <strong>des r\u00e9cipients \u00e9tanches et r\u00e9sistants \u00e0 la lumi\u00e8re<\/strong>Le produit doit \u00eatre conserv\u00e9 dans un endroit frais et sec, \u00e0 l'abri de la lumi\u00e8re directe du soleil et de l'humidit\u00e9. La dur\u00e9e de conservation est de <strong>24 mois<\/strong> lorsqu'il est correctement stock\u00e9.<\/p>","protected":false},"excerpt":{"rendered":"<table>\n<tbody>\n<tr>\n<td colspan=\"1\" rowspan=\"1\">\n<div>\n<div><b>CAS NO<\/b><\/div>\n<\/div>\n<\/td>\n<td colspan=\"1\" rowspan=\"1\">\n<div>\n<div>41451-87-0<\/div>\n<\/div>\n<\/td>\n<\/tr>\n<tr>\n<td colspan=\"1\" rowspan=\"1\">\n<div>\n<div><b>Apparence<\/b><\/div>\n<\/div>\n<\/td>\n<td colspan=\"1\" rowspan=\"1\">\n<div>\n<div>Poudre brune<\/div>\n<\/div>\n<\/td>\n<\/tr>\n<tr>\n<td colspan=\"1\" rowspan=\"1\">\n<div>\n<div><b>Sp\u00e9cification du produit<\/b><\/div>\n<\/div>\n<\/td>\n<td colspan=\"1\" rowspan=\"1\">\n<div>\n<div>2% 10%<\/div>\n<\/div>\n<\/td>\n<\/tr>\n<\/tbody>\n<\/table>","protected":false},"featured_media":1001,"comment_status":"open","ping_status":"closed","template":"","meta":{"_acf_changed":false},"product_brand":[],"product_cat":[21],"product_tag":[],"class_list":{"0":"post-1000","1":"product","2":"type-product","3":"status-publish","4":"has-post-thumbnail","6":"product_cat-plant-extracts","8":"first","9":"instock","10":"shipping-taxable","11":"product-type-simple"},"acf":[],"_links":{"self":[{"href":"https:\/\/bstextract.com\/fr\/wp-json\/wp\/v2\/product\/1000","targetHints":{"allow":["GET"]}}],"collection":[{"href":"https:\/\/bstextract.com\/fr\/wp-json\/wp\/v2\/product"}],"about":[{"href":"https:\/\/bstextract.com\/fr\/wp-json\/wp\/v2\/types\/product"}],"replies":[{"embeddable":true,"href":"https:\/\/bstextract.com\/fr\/wp-json\/wp\/v2\/comments?post=1000"}],"wp:featuredmedia":[{"embeddable":true,"href":"https:\/\/bstextract.com\/fr\/wp-json\/wp\/v2\/media\/1001"}],"wp:attachment":[{"href":"https:\/\/bstextract.com\/fr\/wp-json\/wp\/v2\/media?parent=1000"}],"wp:term":[{"taxonomy":"product_brand","embeddable":true,"href":"https:\/\/bstextract.com\/fr\/wp-json\/wp\/v2\/product_brand?post=1000"},{"taxonomy":"product_cat","embeddable":true,"href":"https:\/\/bstextract.com\/fr\/wp-json\/wp\/v2\/product_cat?post=1000"},{"taxonomy":"product_tag","embeddable":true,"href":"https:\/\/bstextract.com\/fr\/wp-json\/wp\/v2\/product_tag?post=1000"}],"curies":[{"name":"wp","href":"https:\/\/api.w.org\/{rel}","templated":true}]}}