{"id":1022,"date":"2025-05-20T06:35:29","date_gmt":"2025-05-20T06:35:29","guid":{"rendered":"https:\/\/bstextract.com\/?post_type=product&#038;p=1022"},"modified":"2025-05-20T06:35:29","modified_gmt":"2025-05-20T06:35:29","slug":"spermidine-1-extrait-de-germe-de-ble-en-poudre","status":"publish","type":"product","link":"https:\/\/bstextract.com\/fr\/produit\/spermidine-1-extrait-de-germe-de-ble-en-poudre\/","title":{"rendered":"Spermidine 1% Extrait de germe de bl\u00e9 en poudre"},"content":{"rendered":"<p><!-- Keyword Section (Outside Article) --><\/p>\n<h2>Qu'est-ce que la spermidine ?<\/h2>\n<p><strong>Spermidine<\/strong> est un compos\u00e9 polyamin\u00e9 naturel extrait de l'huile d'olive. <strong>germe de bl\u00e9<\/strong>L'acide ac\u00e9tylsalicylique, reconnu pour son r\u00f4le dans le soutien de la sant\u00e9 cellulaire et de la long\u00e9vit\u00e9. Identifi\u00e9 par le num\u00e9ro CAS <strong>124-20-9<\/strong>La spermidine a attir\u00e9 l'attention du monde entier en tant qu'ingr\u00e9dient fonctionnel qui favorise le d\u00e9veloppement de la sant\u00e9. <strong>l'autophagie - le processus naturel de renouvellement des cellules de l'organisme<\/strong>. Notre poudre de spermidine est normalis\u00e9e \u00e0 <strong>1%<\/strong> contenu actif et est disponible sous la forme d'un <strong>poudre jaune brune<\/strong>.<\/p>\n<p><img fetchpriority=\"high\" decoding=\"async\" class=\"alignnone wp-image-1026 size-full\" src=\"https:\/\/bstextract.com\/wp-content\/uploads\/2025\/05\/germe-grano-header.jpg\" alt=\"Extrait de germe de bl\u00e9 en poudre\" width=\"1920\" height=\"647\" title=\"\" srcset=\"https:\/\/bstextract.com\/wp-content\/uploads\/2025\/05\/germe-grano-header.jpg 1920w, https:\/\/bstextract.com\/wp-content\/uploads\/2025\/05\/germe-grano-header-300x101.jpg 300w, https:\/\/bstextract.com\/wp-content\/uploads\/2025\/05\/germe-grano-header-1024x345.jpg 1024w, https:\/\/bstextract.com\/wp-content\/uploads\/2025\/05\/germe-grano-header-768x259.jpg 768w, https:\/\/bstextract.com\/wp-content\/uploads\/2025\/05\/germe-grano-header-1536x518.jpg 1536w, https:\/\/bstextract.com\/wp-content\/uploads\/2025\/05\/germe-grano-header-18x6.jpg 18w, https:\/\/bstextract.com\/wp-content\/uploads\/2025\/05\/germe-grano-header-600x202.jpg 600w\" sizes=\"(max-width: 1920px) 100vw, 1920px\" \/><\/p>\n<p>La spermidine est l'un des ingr\u00e9dients les plus prometteurs sur les march\u00e9s de l'anti-\u00e2ge et du biohacking. Elle est largement utilis\u00e9e dans les domaines suivants <strong>les produits nutraceutiques, les aliments fonctionnels et les compl\u00e9ments de bien-\u00eatre<\/strong>. Il offre une approche scientifiquement fond\u00e9e pour soutenir la fonction m\u00e9tabolique, le vieillissement en bonne sant\u00e9, l'\u00e9quilibre immunitaire et la sant\u00e9 cognitive.<\/p>\n<h2>Applications de la spermidine<\/h2>\n<p>La spermidine est de plus en plus utilis\u00e9e pour les produits de qualit\u00e9 sup\u00e9rieure. <strong>suppl\u00e9ments de long\u00e9vit\u00e9 et produits de bien-\u00eatre cellulaire<\/strong>. Il est g\u00e9n\u00e9ralement formul\u00e9 en <strong>g\u00e9lules, poudres, m\u00e9langes pour boissons et comprim\u00e9s<\/strong> qui soutiennent <strong>l'activation de l'autophagie, la fonction cardiovasculaire, les performances cognitives et la r\u00e9g\u00e9n\u00e9ration de la peau<\/strong>.<\/p>\n<p>Outre son utilisation dans les compl\u00e9ments alimentaires, la spermidine gagne du terrain dans le secteur de la sant\u00e9. <strong>les march\u00e9s du biohacking, du bien-\u00eatre et de l'antivieillissement<\/strong> en raison de sa capacit\u00e9 \u00e0 influencer l'expression des g\u00e8nes, la fonction mitochondriale et la r\u00e9ponse \u00e0 l'inflammation. Son origine de germe de bl\u00e9 int\u00e9resse \u00e9galement les formulateurs qui privil\u00e9gient les solutions naturelles \u00e0 base de plantes.<\/p>\n<h2>Questions fr\u00e9quemment pos\u00e9es<\/h2>\n<p><strong>Quelle est la source de votre spermidine ?<\/strong><br \/>\nNotre spermidine est extraite de <strong>germe de bl\u00e9<\/strong>Une source naturelle riche en polyamines et en nutriments.<\/p>\n<p><strong>Quelle est la sp\u00e9cification standard ?<\/strong><br \/>\nNous proposons de la spermidine standardis\u00e9e pour <strong>1%<\/strong> concentration de polyamines actives.<\/p>\n<p><strong>\u00c0 quoi ressemble le produit ?<\/strong><br \/>\nIl appara\u00eet sous la forme d'un <strong>poudre jaune brune<\/strong> avec une odeur douce et une excellente solubilit\u00e9 dans les formulations de suppl\u00e9ments.<\/p>\n<p><strong>Proposez-vous des \u00e9chantillons ?<\/strong><br \/>\nOui, nous fournissons <strong>\u00e9chantillons gratuits<\/strong> pour soutenir les essais de formulation et la v\u00e9rification de la qualit\u00e9.<\/p>\n<p><strong>Quelles sont les certifications de votre Spermidine ?<\/strong><br \/>\nNotre produit est certifi\u00e9 <strong>KOSHER, HALAL, ISO22000, HACCP, EU Organic et USDA Organic<\/strong>.<\/p>\n<p><strong>Quels sont les d\u00e9tails concernant le stockage et la dur\u00e9e de conservation ?<\/strong><br \/>\nStocker dans <strong>des r\u00e9cipients \u00e9tanches et r\u00e9sistants \u00e0 la lumi\u00e8re<\/strong> \u00e0 l'abri du soleil, de la chaleur et de l'humidit\u00e9. La dur\u00e9e de conservation est de <strong>24 mois<\/strong> dans les conditions recommand\u00e9es.<\/p>","protected":false},"excerpt":{"rendered":"<table class=\"has-title all magic-13\">\n<tbody>\n<tr>\n<td colspan=\"1\" rowspan=\"1\">\n<div class=\"magic-17\">\n<div class=\"magic-4\" data-spm-anchor-id=\"a2700.pc-decorate.0.i38.12c93333exgmM8\"><span style=\"font-family: Verdana;\"><b>CAS NO<\/b><\/span><\/div>\n<\/div>\n<\/td>\n<td colspan=\"1\" rowspan=\"1\">\n<div class=\"magic-18\">\n<div class=\"magic-4\" data-spm-anchor-id=\"a2700.pc-decorate.0.i25.329e33334x4Jlc\"><span style=\"font-family: Verdana;\">124-20-9<\/span><\/div>\n<\/div>\n<\/td>\n<\/tr>\n<tr>\n<td colspan=\"1\" rowspan=\"1\">\n<div class=\"magic-17\" data-spm-anchor-id=\"a2700.details-description.0.i1.2ddcXF9RXF9RIY\">\n<div class=\"magic-4\" data-spm-anchor-id=\"a2700.pc-decorate.0.i32.12c93333exgmM8\"><span style=\"font-family: Verdana;\"><b>Source<\/b><\/span><\/div>\n<\/div>\n<\/td>\n<td colspan=\"1\" rowspan=\"1\">\n<div class=\"magic-18\">\n<div class=\"magic-4\" data-spm-anchor-id=\"a2700.details-description.0.i2.2ddcXF9RXF9RIY\"><span style=\"font-family: Verdana;\">Extrait de germe de bl\u00e9<\/span><\/div>\n<\/div>\n<\/td>\n<\/tr>\n<tr>\n<td colspan=\"1\" rowspan=\"1\">\n<div class=\"magic-17\">\n<div class=\"magic-4\" data-spm-anchor-id=\"a2700.pc-decorate.0.i24.314e3333J7ECxY\"><span class=\"magic-12\" style=\"font-family: Verdana;\"><b data-spm-anchor-id=\"a2700.pc-decorate.0.i56.31b63333K2rRRx\">Apparence<\/b><\/span><\/div>\n<\/div>\n<\/td>\n<td colspan=\"1\" rowspan=\"1\">\n<div class=\"magic-18\">\n<div class=\"magic-4\" data-spm-anchor-id=\"a2700.pc-decorate.0.i16.314e3333J7ECxY\"><span class=\"magic-12\" style=\"font-family: Verdana;\">Poudre jaune brun<\/span><\/div>\n<\/div>\n<\/td>\n<\/tr>\n<tr>\n<td colspan=\"1\" rowspan=\"1\">\n<div class=\"magic-14\">\n<div class=\"magic-4\" data-spm-anchor-id=\"a2700.pc-decorate.0.i104.48d23333C7xf0C\"><b class=\"magic-15\"><span class=\"magic-12\" style=\"font-family: Verdana;\">Sp\u00e9cification du produit<\/span><\/b><\/div>\n<\/div>\n<\/td>\n<td colspan=\"1\" rowspan=\"1\">\n<div class=\"magic-16\">\n<div class=\"magic-4\" data-spm-anchor-id=\"a2700.pc-decorate.0.i37.48d23333C7xf0C\"><span class=\"magic-15\" data-spm-anchor-id=\"a2700.pc-decorate.0.i39.48d23333C7xf0C\"><span class=\"magic-12\" style=\"font-family: Verdana;\">1%<\/span><\/span><\/div>\n<\/div>\n<\/td>\n<\/tr>\n<\/tbody>\n<\/table>","protected":false},"featured_media":1023,"comment_status":"open","ping_status":"closed","template":"","meta":{"_acf_changed":false},"product_brand":[],"product_cat":[21],"product_tag":[],"class_list":{"0":"post-1022","1":"product","2":"type-product","3":"status-publish","4":"has-post-thumbnail","6":"product_cat-plant-extracts","8":"first","9":"instock","10":"shipping-taxable","11":"product-type-simple"},"acf":[],"_links":{"self":[{"href":"https:\/\/bstextract.com\/fr\/wp-json\/wp\/v2\/product\/1022","targetHints":{"allow":["GET"]}}],"collection":[{"href":"https:\/\/bstextract.com\/fr\/wp-json\/wp\/v2\/product"}],"about":[{"href":"https:\/\/bstextract.com\/fr\/wp-json\/wp\/v2\/types\/product"}],"replies":[{"embeddable":true,"href":"https:\/\/bstextract.com\/fr\/wp-json\/wp\/v2\/comments?post=1022"}],"wp:featuredmedia":[{"embeddable":true,"href":"https:\/\/bstextract.com\/fr\/wp-json\/wp\/v2\/media\/1023"}],"wp:attachment":[{"href":"https:\/\/bstextract.com\/fr\/wp-json\/wp\/v2\/media?parent=1022"}],"wp:term":[{"taxonomy":"product_brand","embeddable":true,"href":"https:\/\/bstextract.com\/fr\/wp-json\/wp\/v2\/product_brand?post=1022"},{"taxonomy":"product_cat","embeddable":true,"href":"https:\/\/bstextract.com\/fr\/wp-json\/wp\/v2\/product_cat?post=1022"},{"taxonomy":"product_tag","embeddable":true,"href":"https:\/\/bstextract.com\/fr\/wp-json\/wp\/v2\/product_tag?post=1022"}],"curies":[{"name":"wp","href":"https:\/\/api.w.org\/{rel}","templated":true}]}}