{"id":1036,"date":"2025-05-22T01:31:44","date_gmt":"2025-05-22T01:31:44","guid":{"rendered":"https:\/\/bstextract.com\/?post_type=product&#038;p=1036"},"modified":"2025-05-22T01:34:33","modified_gmt":"2025-05-22T01:34:33","slug":"extrait-de-venin-dabeille-en-poudre","status":"publish","type":"product","link":"https:\/\/bstextract.com\/fr\/produit\/extrait-de-venin-dabeille-en-poudre\/","title":{"rendered":"Extrait de venin d'abeille en poudre"},"content":{"rendered":"<p><!-- Keyword Section (Outside Article) --><\/p>\n<h2>Qu'est-ce que l'extrait de venin d'abeille en poudre ?<\/h2>\n<p><strong>Extrait de venin d'abeille en poudre<\/strong> est un ingr\u00e9dient naturel de haute puret\u00e9 obtenu \u00e0 partir de venin d'abeille et normalis\u00e9 pour contenir jusqu'\u00e0 <strong>99% melittin<\/strong>le principal peptide actif responsable de ses puissants effets biologiques. Se pr\u00e9sentant sous la forme d'une fine <strong>poudre jaune clair<\/strong>Cette substance hautement bioactive est utilis\u00e9e dans des formulations avanc\u00e9es dans l'ensemble de l'Union europ\u00e9enne. <strong>les industries cosm\u00e9tiques, pharmaceutiques et nutraceutiques<\/strong>.<\/p>\n<p>La m\u00e9littine, principal composant du venin d'abeille, est connue pour ses propri\u00e9t\u00e9s <strong>des propri\u00e9t\u00e9s anti-inflammatoires, antimicrobiennes et de stimulation cellulaire<\/strong>. Notre poudre d'extrait de venin d'abeille est obtenue avec pr\u00e9cision et trait\u00e9e dans le cadre de contr\u00f4les de qualit\u00e9 rigoureux afin de garantir une puret\u00e9 et une activit\u00e9 \u00e9lev\u00e9es, tout en respectant les normes mondiales de s\u00e9curit\u00e9 et de qualit\u00e9.<\/p>\n<h2>Applications de la poudre d'extrait de venin d'abeille<\/h2>\n<p>L'extrait de venin d'abeille est largement utilis\u00e9 dans les domaines suivants <strong>l'industrie des cosm\u00e9tiques et des soins de la peau<\/strong> pour ses vertus anti-\u00e2ge, de r\u00e9duction des rides et de raffermissement de la peau. Souvent appel\u00e9 \"<em>le botox naturel<\/em>Il stimule la production de collag\u00e8ne et favorise la microcirculation, ce qui en fait un produit id\u00e9al pour le traitement des maladies infectieuses. <strong>s\u00e9rums, cr\u00e8mes et masques pour le visage<\/strong> con\u00e7u pour le rajeunissement et l'\u00e9lasticit\u00e9 de la peau.<\/p>\n<p><img fetchpriority=\"high\" decoding=\"async\" class=\"aligncenter wp-image-1040\" src=\"https:\/\/bstextract.com\/wp-content\/uploads\/2025\/05\/images-1.jpg\" alt=\"Extrait de venin d&#039;abeille en poudre\" width=\"432\" height=\"304\" title=\"\" srcset=\"https:\/\/bstextract.com\/wp-content\/uploads\/2025\/05\/images-1.jpg 267w, https:\/\/bstextract.com\/wp-content\/uploads\/2025\/05\/images-1-18x12.jpg 18w\" sizes=\"(max-width: 432px) 100vw, 432px\" \/><\/p>\n<p>Dans le secteur de la sant\u00e9, la m\u00e9littine est \u00e9tudi\u00e9e pour son potentiel dans les domaines suivants <strong>la r\u00e9gulation immunitaire, les th\u00e9rapies anti-inflammatoires et les traitements antimicrobiens<\/strong>. Il gagne \u00e9galement en popularit\u00e9 dans les compl\u00e9ments fonctionnels modernes visant \u00e0 <strong>soutien des articulations, sant\u00e9 de la peau et r\u00e9duction de l'inflammation syst\u00e9mique<\/strong>. L'extrait de venin d'abeille est consid\u00e9r\u00e9 comme un compos\u00e9 bioactif de premi\u00e8re qualit\u00e9 dans la m\u00e9decine naturelle et les produits de bien-\u00eatre \u00e0 label propre.<\/p>\n<h2>Questions fr\u00e9quemment pos\u00e9es<\/h2>\n<p><strong>Quel est l'ingr\u00e9dient actif de l'extrait de venin d'abeille en poudre ?<\/strong><br \/>\nLe principal compos\u00e9 actif est <strong>Melittin<\/strong>, pr\u00e9sente \u00e0 une puret\u00e9 de <strong>99%<\/strong> dans notre produit.<\/p>\n<p><strong>Quelle est l'apparence du produit ?<\/strong><br \/>\nIl s'agit d'une belle <strong>poudre jaune clair<\/strong> avec une solubilit\u00e9 et une bioactivit\u00e9 \u00e9lev\u00e9es.<\/p>\n<p><strong>Quelles sont les principales utilisations ?<\/strong><br \/>\nUtilis\u00e9 dans <strong>cosm\u00e9tiques, soins de la peau anti-\u00e2ge, compl\u00e9ments alimentaires pour les articulations et formulations anti-inflammatoires<\/strong>.<\/p>\n<p><strong>Puis-je demander un \u00e9chantillon ?<\/strong><br \/>\nOui, nous proposons <strong>\u00e9chantillons gratuits<\/strong> pour les essais en laboratoire et le d\u00e9veloppement de produits.<\/p>\n<p><strong>Quelles sont les certifications disponibles ?<\/strong><br \/>\nNotre extrait de venin d'abeille est certifi\u00e9 <strong>KOSHER, HALAL, HACCP, ISO22000, produits biologiques de l'UE et produits biologiques de l'USDA<\/strong>.<\/p>\n<p><strong>Quelles sont les r\u00e8gles de conservation et de stockage ?<\/strong><br \/>\nLa dur\u00e9e de conservation est de <strong>24 mois<\/strong> lorsqu'il est stock\u00e9 dans <strong>des r\u00e9cipients \u00e9tanches et r\u00e9sistants \u00e0 la lumi\u00e8re<\/strong> \u00e0 l'abri de l'humidit\u00e9 et de la lumi\u00e8re directe du soleil.<\/p>","protected":false},"excerpt":{"rendered":"<table>\n<tbody>\n<tr>\n<td colspan=\"1\" rowspan=\"1\">\n<div>\n<div><b>Source<\/b><\/div>\n<\/div>\n<\/td>\n<td colspan=\"1\" rowspan=\"1\">\n<div>\n<div>Melittin<\/div>\n<\/div>\n<\/td>\n<\/tr>\n<tr>\n<td colspan=\"1\" rowspan=\"1\">\n<div>\n<div><b>Apparence<\/b><\/div>\n<\/div>\n<\/td>\n<td colspan=\"1\" rowspan=\"1\">\n<div>\n<div>Poudre jaune clair<\/div>\n<\/div>\n<\/td>\n<\/tr>\n<tr>\n<td colspan=\"1\" rowspan=\"1\">\n<div>\n<div><b>Sp\u00e9cification du produit<\/b><\/div>\n<\/div>\n<\/td>\n<td colspan=\"1\" rowspan=\"1\">\n<div>\n<div>99%<\/div>\n<\/div>\n<\/td>\n<\/tr>\n<\/tbody>\n<\/table>","protected":false},"featured_media":1037,"comment_status":"open","ping_status":"closed","template":"","meta":{"_acf_changed":false},"product_brand":[],"product_cat":[21],"product_tag":[],"class_list":{"0":"post-1036","1":"product","2":"type-product","3":"status-publish","4":"has-post-thumbnail","6":"product_cat-plant-extracts","8":"first","9":"instock","10":"shipping-taxable","11":"product-type-simple"},"acf":[],"_links":{"self":[{"href":"https:\/\/bstextract.com\/fr\/wp-json\/wp\/v2\/product\/1036","targetHints":{"allow":["GET"]}}],"collection":[{"href":"https:\/\/bstextract.com\/fr\/wp-json\/wp\/v2\/product"}],"about":[{"href":"https:\/\/bstextract.com\/fr\/wp-json\/wp\/v2\/types\/product"}],"replies":[{"embeddable":true,"href":"https:\/\/bstextract.com\/fr\/wp-json\/wp\/v2\/comments?post=1036"}],"wp:featuredmedia":[{"embeddable":true,"href":"https:\/\/bstextract.com\/fr\/wp-json\/wp\/v2\/media\/1037"}],"wp:attachment":[{"href":"https:\/\/bstextract.com\/fr\/wp-json\/wp\/v2\/media?parent=1036"}],"wp:term":[{"taxonomy":"product_brand","embeddable":true,"href":"https:\/\/bstextract.com\/fr\/wp-json\/wp\/v2\/product_brand?post=1036"},{"taxonomy":"product_cat","embeddable":true,"href":"https:\/\/bstextract.com\/fr\/wp-json\/wp\/v2\/product_cat?post=1036"},{"taxonomy":"product_tag","embeddable":true,"href":"https:\/\/bstextract.com\/fr\/wp-json\/wp\/v2\/product_tag?post=1036"}],"curies":[{"name":"wp","href":"https:\/\/api.w.org\/{rel}","templated":true}]}}