{"id":1041,"date":"2025-05-22T01:43:01","date_gmt":"2025-05-22T01:43:01","guid":{"rendered":"https:\/\/bstextract.com\/?post_type=product&#038;p=1041"},"modified":"2025-08-15T09:10:29","modified_gmt":"2025-08-15T09:10:29","slug":"extrait-naturel-de-capsicum-95-capsaicinoides-usp","status":"publish","type":"product","link":"https:\/\/bstextract.com\/fr\/produit\/extrait-naturel-de-capsicum-95-capsaicinoides-usp\/","title":{"rendered":"Extrait naturel de Capsicum 95%"},"content":{"rendered":"<h2><strong><span class=\"selected\">Aper\u00e7u du produit<\/span><\/strong><\/h2>\n<p><span class=\"selected\">Notre extrait naturel de Capsicum est une poudre cristalline de premi\u00e8re qualit\u00e9, hautement purifi\u00e9e, d\u00e9riv\u00e9e de cultivars s\u00e9lectionn\u00e9s de Capsicum. <\/span><em><span class=\"selected\">Capsicum annuum<\/span><\/em><span class=\"selected\"> L. Il est normalis\u00e9 pour contenir un minimum de 95% de capsaicino\u00efdes totaux, avec une teneur en capsa\u00efcine d'au moins 55%, comme v\u00e9rifi\u00e9 par la monographie USP40 (HPLC). Cela garantit une puissance constante et une qualit\u00e9 in\u00e9gal\u00e9e pour les applications exigeantes. Sa puret\u00e9 exceptionnelle, qui se manifeste par un aspect cristallin blanc, en fait le choix id\u00e9al pour les formulateurs \u00e0 la recherche de performances pr\u00e9cises et fiables dans les produits topiques, les compl\u00e9ments alimentaires et les aliments fonctionnels, sans impact sur le profil sensoriel du produit final.<\/span><\/p>\n<ul>\n<li><strong><span class=\"selected\">Normalis\u00e9 \u00e0 95% Capsaicino\u00efdes totaux :<\/span><\/strong><span class=\"selected\"> Garantit une activit\u00e9 pr\u00e9cise, de qualit\u00e9 pharmacop\u00e9e, et une constance d'un lot \u00e0 l'autre pour une performance fiable du produit.<\/span><\/li>\n<li><strong><span class=\"selected\">Excellentes propri\u00e9t\u00e9s physiques :<\/span><\/strong><span class=\"selected\"> La forme de poudre fine et blanche minimise l'impact sur la couleur et la texture du produit final.<\/span><\/li>\n<li><strong><span class=\"selected\">Documentation compl\u00e8te :<\/span><\/strong><span class=\"selected\"> Il est accompagn\u00e9 d'une documentation compl\u00e8te (COA, MSDS, d\u00e9claration d'allerg\u00e8nes) pour une conformit\u00e9 r\u00e9glementaire sans faille.<\/span><\/li>\n<li><strong><span class=\"selected\">Directement du fabricant :<\/span><\/strong><span class=\"selected\"> Garantit une cha\u00eene d'approvisionnement transparente et stable, provenant du pays d'origine. <\/span><strong><span class=\"selected\">usine<\/span><\/strong><span class=\"selected\">.<\/span><\/li>\n<\/ul>\n<h2><strong><span class=\"selected\">Principaux param\u00e8tres techniques<\/span><\/strong><\/h2>\n<table>\n<tbody>\n<tr>\n<th><span class=\"selected\">Param\u00e8tres<\/span><\/th>\n<th><span class=\"selected\">Sp\u00e9cifications<\/span><\/th>\n<th><span class=\"selected\">M\u00e9thode<\/span><\/th>\n<\/tr>\n<tr>\n<td><strong><span class=\"selected\">Ingr\u00e9dients actifs<\/span><\/strong><\/td>\n<td><span class=\"selected\">Capsaicino\u00efdes totaux<\/span><\/td>\n<td><span class=\"selected\">&#8211;<\/span><\/td>\n<\/tr>\n<tr>\n<td><strong><span class=\"selected\">Capsaicino\u00efdes totaux<\/span><\/strong><\/td>\n<td><span class=\"selected\">\u2265 95.0%<\/span><\/td>\n<td><span class=\"selected\">USP40 (HPLC)<\/span><\/td>\n<\/tr>\n<tr>\n<td><strong><span class=\"selected\">Capsa\u00efcine<\/span><\/strong><\/td>\n<td><span class=\"selected\">\u2265 55.0%<\/span><\/td>\n<td><span class=\"selected\">USP40 (HPLC)<\/span><\/td>\n<\/tr>\n<tr>\n<td><strong><span class=\"selected\">Apparence<\/span><\/strong><\/td>\n<td><span class=\"selected\">Poudre cristalline blanche<\/span><\/td>\n<td><span class=\"selected\">Organoleptique<\/span><\/td>\n<\/tr>\n<tr>\n<td><strong><span class=\"selected\">Solubilit\u00e9<\/span><\/strong><\/td>\n<td><span class=\"selected\">Soluble dans l'ac\u00e9tone, l'alcool m\u00e9thylique ; insoluble dans l'eau<\/span><\/td>\n<td><span class=\"selected\">&#8211;<\/span><\/td>\n<\/tr>\n<tr>\n<td><strong><span class=\"selected\">Plage de fusion<\/span><\/strong><\/td>\n<td><span class=\"selected\">57-66\u00b0C<\/span><\/td>\n<td><span class=\"selected\">USP40<\/span><\/td>\n<\/tr>\n<tr>\n<td><strong><span class=\"selected\">Perte au s\u00e9chage<\/span><\/strong><\/td>\n<td><span class=\"selected\">\u2264 1.0%<\/span><\/td>\n<td><span class=\"selected\">CP2015<\/span><\/td>\n<\/tr>\n<tr>\n<td><strong><span class=\"selected\">Teneur en cendres<\/span><\/strong><\/td>\n<td><span class=\"selected\">\u2264 1.0%<\/span><\/td>\n<td><span class=\"selected\">CP2015<\/span><\/td>\n<\/tr>\n<tr>\n<td><strong><span class=\"selected\">Plomb (Pb)<\/span><\/strong><\/td>\n<td><span class=\"selected\">\u2264 10 ppm<\/span><\/td>\n<td><span class=\"selected\">AOAC<\/span><\/td>\n<\/tr>\n<tr>\n<td><strong><span class=\"selected\">Arsenic (As)<\/span><\/strong><\/td>\n<td><span class=\"selected\">\u2264 2 ppm<\/span><\/td>\n<td><span class=\"selected\">AOAC<\/span><\/td>\n<\/tr>\n<tr>\n<td><strong><span class=\"selected\">R\u00e9sidus de solvants<\/span><\/strong><\/td>\n<td><span class=\"selected\">\u2264 50 mg\/kg<\/span><\/td>\n<td><span class=\"selected\">Norme GB<\/span><\/td>\n<\/tr>\n<\/tbody>\n<\/table>\n<h2><strong><span class=\"selected\">Contr\u00f4le de la qualit\u00e9 et documentation<\/span><\/strong><\/h2>\n<p><span class=\"selected\">Nous mettons en \u0153uvre un syst\u00e8me d'assurance qualit\u00e9 rigoureux qui r\u00e9git chaque \u00e9tape de la production, depuis l'approvisionnement en mati\u00e8res premi\u00e8res jusqu'\u00e0 la lib\u00e9ration du produit final. Ce syst\u00e8me assure une tra\u00e7abilit\u00e9 totale et garantit que chaque lot de notre poudre d'extrait de Capsicum r\u00e9pond aux normes les plus strictes en mati\u00e8re de puret\u00e9, de s\u00e9curit\u00e9 et d'homog\u00e9n\u00e9it\u00e9. Un ensemble complet de documents est disponible pour r\u00e9pondre \u00e0 vos besoins en mati\u00e8re de qualit\u00e9 et de r\u00e9glementation.<\/span><\/p>\n<h2><strong><span class=\"selected\">Documents disponibles :<\/span><\/strong><\/h2>\n<ul>\n<li><span class=\"selected\">Certificat d'analyse (COA)<\/span><\/li>\n<li><span class=\"selected\">Fiche de donn\u00e9es de s\u00e9curit\u00e9 (FDS)<\/span><\/li>\n<li><span class=\"selected\">D\u00e9claration sur les allerg\u00e8nes<\/span><\/li>\n<li><span class=\"selected\">D\u00e9claration sur les non-OGM<\/span><\/li>\n<li><span class=\"selected\">Certificats kasher et halal<\/span><\/li>\n<\/ul>\n<h2><strong><span class=\"selected\">Applications et conseils en mati\u00e8re de formulation<\/span><\/strong><\/h2>\n<p><strong><span class=\"selected\">Formulations topiques (cr\u00e8mes, gels, patchs) :<\/span><\/strong><\/p>\n<ul>\n<li><strong><span class=\"selected\">Fonction :<\/span><\/strong><span class=\"selected\"> Il procure une sensation de chaleur contr\u00f4l\u00e9e, ce qui en fait un ingr\u00e9dient actif essentiel pour les frictions sportives, les pr\u00e9parations apaisantes et les cr\u00e8mes analg\u00e9siques.<\/span><\/li>\n<li><strong><span class=\"selected\">Niveau d'utilisation recommand\u00e9 :<\/span><\/strong><span class=\"selected\"> 0,025% - 0,25% (Note : le dosage doit \u00eatre calcul\u00e9 sur la base de la teneur totale en capsa\u00efcino\u00efdes).<\/span><\/li>\n<li><strong><span class=\"selected\">Conseil de formulation :<\/span><\/strong><span class=\"selected\"> En raison de sa faible solubilit\u00e9 dans l'eau, il convient de pr\u00e9dissoudre la poudre dans un solvant appropri\u00e9 (par exemple, l'\u00e9thanol, le propyl\u00e8ne glycol, le myristate d'isopropyle) avant de l'incorporer dans la phase huileuse d'une \u00e9mulsion ou d'une base g\u00e9lifi\u00e9e.<\/span><\/li>\n<\/ul>\n<p><strong><span class=\"selected\">Compl\u00e9ments alimentaires (g\u00e9lules, comprim\u00e9s) :<\/span><\/strong><\/p>\n<ul>\n<li><strong><span class=\"selected\">Fonction :<\/span><\/strong><span class=\"selected\"> Largement utilis\u00e9 dans les formules thermog\u00e9niques et de soutien m\u00e9tabolique con\u00e7ues pour la gestion du poids et la nutrition sportive.<\/span><\/li>\n<li><strong><span class=\"selected\">Niveau d'utilisation recommand\u00e9 :<\/span><\/strong><span class=\"selected\"> 5 - 20 mg par portion (Note : le dosage doit \u00eatre calcul\u00e9 en fonction de la teneur totale en capsa\u00efcino\u00efdes).<\/span><\/li>\n<li><strong><span class=\"selected\">Conseil de formulation :<\/span><\/strong><span class=\"selected\"> Il s'agit d'un ingr\u00e9dient tr\u00e8s puissant. Pour garantir la pr\u00e9cision de la dose et minimiser l'inconfort gastrique potentiel, il est fortement recommand\u00e9 d'utiliser la microencapsulation ou de le m\u00e9langer soigneusement avec des excipients tels que la cellulose microcristalline.<\/span><\/li>\n<\/ul>\n<h2><strong><span class=\"selected\">Stabilit\u00e9 et stockage<\/span><\/strong><\/h2>\n<ul>\n<li><strong><span class=\"selected\">Stabilit\u00e9 :<\/span><\/strong><span class=\"selected\"> Le produit est stable dans les conditions de stockage recommand\u00e9es. Il doit \u00eatre prot\u00e9g\u00e9 d'une exposition prolong\u00e9e \u00e0 une lumi\u00e8re forte, \u00e0 des temp\u00e9ratures \u00e9lev\u00e9es et \u00e0 des agents oxydants.<\/span><\/li>\n<li><strong><span class=\"selected\">Stockage :<\/span><\/strong><span class=\"selected\"> Stocker dans un endroit frais, sec et bien ventil\u00e9. Garder les r\u00e9cipients herm\u00e9tiquement ferm\u00e9s pour \u00e9viter l'absorption d'humidit\u00e9.<\/span><\/li>\n<li><strong><span class=\"selected\">Dur\u00e9e de conservation :<\/span><\/strong><span class=\"selected\"> 24 mois \u00e0 partir de la date de fabrication si le produit est stock\u00e9 correctement.<\/span><\/li>\n<\/ul>\n<h2><strong><span class=\"selected\">S\u00e9curit\u00e9 et manutention<\/span><\/strong><\/h2>\n<ul>\n<li><strong><span class=\"selected\">AVERTISSEMENT :<\/span><\/strong><span class=\"selected\"> Ce produit est un irritant tr\u00e8s puissant. Le contact direct avec la peau, les yeux et les muqueuses provoque une forte sensation de br\u00fblure. L'inhalation de la poudre peut provoquer une grave irritation des voies respiratoires.<\/span><\/li>\n<li><strong><span class=\"selected\">\u00c9quipement de protection individuelle (EPI) :<\/span><\/strong><span class=\"selected\"> Tout le personnel doit porter des gants r\u00e9sistant aux produits chimiques, des lunettes de s\u00e9curit\u00e9 et une protection respiratoire (masque anti-poussi\u00e8re ou respirateur) lors de la manipulation de ce produit.<\/span><\/li>\n<li><strong><span class=\"selected\">Zone de manutention :<\/span><\/strong><span class=\"selected\"> Utiliser dans un endroit bien ventil\u00e9, de pr\u00e9f\u00e9rence sous une hotte.<\/span><\/li>\n<li><strong><span class=\"selected\">Premiers soins :<\/span><\/strong><span class=\"selected\"> En cas de contact avec la peau, laver imm\u00e9diatement et soigneusement la zone affect\u00e9e avec du savon et de l'eau froide. En cas de contact avec les yeux, rincer abondamment \u00e0 l'eau pendant au moins 15 minutes. Consulter imm\u00e9diatement un m\u00e9decin si l'irritation persiste. Consulter la fiche de donn\u00e9es de s\u00e9curit\u00e9 pour obtenir des informations compl\u00e8tes sur la s\u00e9curit\u00e9.<\/span><\/li>\n<\/ul>\n<h2><strong><span class=\"selected\">Emballage et approvisionnement<\/span><\/strong><\/h2>\n<ul>\n<li><strong><span class=\"selected\">Emballage standard :<\/span><\/strong><span class=\"selected\"> Conditionn\u00e9s en sachets d'aluminium inviolables de 1 kg et en f\u00fbts en fibre de 25 kg avec double doublure en PE. Des solutions d'emballage personnalis\u00e9es sont disponibles pour r\u00e9pondre \u00e0 vos besoins de production sp\u00e9cifiques.<\/span><\/li>\n<li><strong><span class=\"selected\">Cha\u00eene d'approvisionnement :<\/span><\/strong><span class=\"selected\"> En tant que leader <\/span><strong><span class=\"selected\">exportateur<\/span><\/strong><span class=\"selected\"> et <\/span><strong><span class=\"selected\">fournisseur<\/span><\/strong><span class=\"selected\">Nous offrons des services d'exp\u00e9dition et de soutien logistique \u00e0 l'\u00e9chelle mondiale, garantissant ainsi une livraison fiable et dans les d\u00e9lais \u00e0 partir de notre site web. <\/span><strong><span class=\"selected\">usine<\/span><\/strong><span class=\"selected\"> \u00e0 votre \u00e9tablissement.<\/span><\/li>\n<\/ul>\n<h2><strong><span class=\"selected\">Foire aux questions (FAQ)<\/span><\/strong><\/h2>\n<p><strong><span class=\"selected\">Q : Votre produit est-il naturel ou synth\u00e9tique ?<\/span><\/strong><\/p>\n<p><span class=\"selected\">R : Notre produit est 100% naturel, m\u00e9ticuleusement extrait de sources non OGM. <\/span><em><span class=\"selected\">Capsicum annuum<\/span><\/em><span class=\"selected\"> L. pour garantir la plus haute qualit\u00e9.<\/span><\/p>\n<p><strong><span class=\"selected\">Q : Quelle est la diff\u00e9rence entre la capsa\u00efcine et les capsa\u00efcino\u00efdes totaux ?<\/span><\/strong><\/p>\n<p><span class=\"selected\">R : La capsa\u00efcine est le principal compos\u00e9 responsable de la sensation piquante. Les capsa\u00efcino\u00efdes totaux comprennent la capsa\u00efcine et d'autres compos\u00e9s naturels apparent\u00e9s comme la dihydrocapsa\u00efcine. Notre produit est normalis\u00e9 \u00e0 un minimum de 95% de compos\u00e9s actifs totaux, conform\u00e9ment \u00e0 la monographie USP40, qui est la norme de l'industrie en mati\u00e8re d'efficacit\u00e9 et de qualit\u00e9.<\/span><\/p>\n<p><strong><span class=\"selected\">Q : Fournissez-vous des produits en provenance directe de l'usine ?<\/span><\/strong><\/p>\n<p><span class=\"selected\">R : Oui, nous sommes le <\/span><strong><span class=\"selected\">fabricant d'origine<\/span><\/strong><span class=\"selected\">. Nos clients b\u00e9n\u00e9ficient ainsi d'une tra\u00e7abilit\u00e9 totale, d'un approvisionnement stable et d'une communication directe.<\/span><\/p>\n<p><strong><span class=\"selected\">Q : Puis-je obtenir un \u00e9chantillon pour la R&amp;D ?<\/span><\/strong><\/p>\n<p><span class=\"selected\">R : Absolument. Nous encourageons les essais et la validation. Veuillez utiliser le formulaire de contact ci-dessous pour demander un \u00e9chantillon \u00e0 des fins d'\u00e9valuation. Notre \u00e9quipe technique se fera un plaisir de vous aider.<\/span><\/p>","protected":false},"excerpt":{"rendered":"<ul>\n<li><strong><span class=\"selected\">Produit :<\/span><\/strong><span class=\"selected\"> Extrait naturel de Capsicum (95% Capsa\u00efcino\u00efdes)<\/span><\/li>\n<li><strong><span class=\"selected\">Source :<\/span><\/strong><span class=\"selected\"> Extraits d'une substance \u00e0 haut pouvoir d'action <\/span><em><span class=\"selected\">Capsicum annuum<\/span><\/em><span class=\"selected\"> L.<\/span><\/li>\n<li><strong><span class=\"selected\">Apparence :<\/span><\/strong><span class=\"selected\"> Poudre cristalline fine et blanche.<\/span><\/li>\n<li><strong><span class=\"selected\">Caract\u00e9ristiques principales :<\/span><\/strong><span class=\"selected\"> Normalis\u00e9 \u00e0 \u226595% capsaicino\u00efdes totaux par USP40 (HPLC). Haute puret\u00e9 et excellent pour un dosage pr\u00e9cis.<\/span><\/li>\n<li><strong><span class=\"selected\">Applications :<\/span><\/strong><span class=\"selected\"> Id\u00e9al pour les formules de r\u00e9chauffement topique, les suppl\u00e9ments de nutrition sportive et les produits de sant\u00e9 m\u00e9tabolique.<\/span><\/li>\n<li><strong><span class=\"selected\">Approvisionnement :<\/span><\/strong><span class=\"selected\"> Disponible en grandes quantit\u00e9s directement aupr\u00e8s de l <\/span><strong><span class=\"selected\">fabricant<\/span><\/strong><span class=\"selected\"> pour une qualit\u00e9 constante et une stabilit\u00e9 de la cha\u00eene d'approvisionnement.<\/span><\/li>\n<\/ul>","protected":false},"featured_media":1042,"comment_status":"open","ping_status":"closed","template":"","meta":{"_acf_changed":false},"product_brand":[],"product_cat":[21],"product_tag":[],"class_list":{"0":"post-1041","1":"product","2":"type-product","3":"status-publish","4":"has-post-thumbnail","6":"product_cat-plant-extracts","8":"first","9":"instock","10":"shipping-taxable","11":"product-type-simple"},"acf":[],"_links":{"self":[{"href":"https:\/\/bstextract.com\/fr\/wp-json\/wp\/v2\/product\/1041","targetHints":{"allow":["GET"]}}],"collection":[{"href":"https:\/\/bstextract.com\/fr\/wp-json\/wp\/v2\/product"}],"about":[{"href":"https:\/\/bstextract.com\/fr\/wp-json\/wp\/v2\/types\/product"}],"replies":[{"embeddable":true,"href":"https:\/\/bstextract.com\/fr\/wp-json\/wp\/v2\/comments?post=1041"}],"wp:featuredmedia":[{"embeddable":true,"href":"https:\/\/bstextract.com\/fr\/wp-json\/wp\/v2\/media\/1042"}],"wp:attachment":[{"href":"https:\/\/bstextract.com\/fr\/wp-json\/wp\/v2\/media?parent=1041"}],"wp:term":[{"taxonomy":"product_brand","embeddable":true,"href":"https:\/\/bstextract.com\/fr\/wp-json\/wp\/v2\/product_brand?post=1041"},{"taxonomy":"product_cat","embeddable":true,"href":"https:\/\/bstextract.com\/fr\/wp-json\/wp\/v2\/product_cat?post=1041"},{"taxonomy":"product_tag","embeddable":true,"href":"https:\/\/bstextract.com\/fr\/wp-json\/wp\/v2\/product_tag?post=1041"}],"curies":[{"name":"wp","href":"https:\/\/api.w.org\/{rel}","templated":true}]}}