{"id":1046,"date":"2025-05-22T01:49:01","date_gmt":"2025-05-22T01:49:01","guid":{"rendered":"https:\/\/bstextract.com\/?post_type=product&#038;p=1046"},"modified":"2025-08-15T08:49:42","modified_gmt":"2025-08-15T08:49:42","slug":"fisetin-98-hplc-cotinus-coggygria-extract","status":"publish","type":"product","link":"https:\/\/bstextract.com\/fr\/produit\/fisetin-98-hplc-cotinus-coggygria-extract\/","title":{"rendered":"Fisetin 98% Poudre"},"content":{"rendered":"<p><!-- Keyword Section (Outside Article) --><\/p>\n<h2><strong><span class=\"selected\">Aper\u00e7u du produit<\/span><\/strong><\/h2>\n<p><span class=\"selected\">La fis\u00e9tine (CAS 528-48-3) est un flavono\u00efde distingu\u00e9 et un puissant compos\u00e9 bioactif naturellement pr\u00e9sent dans l'arbre \u00e0 fum\u00e9e (<\/span><em><span class=\"selected\">Cotinus coggygria<\/span><\/em><span class=\"selected\">). Notre produit est une poudre cristalline de haute puret\u00e9, normalis\u00e9e \u00e0 une concentration exceptionnelle de 98% Fisetin. Cette qualit\u00e9 sup\u00e9rieure est sp\u00e9cifiquement d\u00e9velopp\u00e9e pour les formulateurs des industries nutraceutiques et d'aliments fonctionnels qui exigent une puissance maximale, une transparence analytique et des performances sup\u00e9rieures dans leurs produits.<\/span><\/p>\n<p><span class=\"selected\">Caract\u00e9ris\u00e9e par sa teinte jaune vif, notre poudre de fis\u00e9tine est con\u00e7ue pour pr\u00e9senter des propri\u00e9t\u00e9s physiques optimales, ce qui en fait un ingr\u00e9dient de choix pour les compl\u00e9ments alimentaires sophistiqu\u00e9s destin\u00e9s aux march\u00e9s du vieillissement et du bien-\u00eatre cellulaire.<\/span><\/p>\n<ul>\n<li><strong><span class=\"selected\">Grande puissance et puret\u00e9 :<\/span><\/strong><span class=\"selected\"> Standardis\u00e9 pour contenir un minimum de 98% Fisetin, v\u00e9rifi\u00e9 par des tests rigoureux de chromatographie liquide haute performance (HPLC) pour une pr\u00e9cision et une assurance de puret\u00e9 in\u00e9gal\u00e9es.<\/span><\/li>\n<li><strong><span class=\"selected\">Propri\u00e9t\u00e9s de formulation sup\u00e9rieures :<\/span><\/strong><span class=\"selected\"> Un profil granulom\u00e9trique optimis\u00e9 garantit une excellente fluidit\u00e9, une uniformit\u00e9 des m\u00e9langes et une adaptation aux processus de fabrication \u00e0 grande vitesse tels que l'encapsulation et la mise en table.<\/span><\/li>\n<li><strong><span class=\"selected\">Approvisionnement transparent et tra\u00e7able :<\/span><\/strong><span class=\"selected\"> Extraite de tiges g\u00e9r\u00e9es durablement et soigneusement s\u00e9lectionn\u00e9es du <\/span><em><span class=\"selected\">Cotinus coggygria<\/span><\/em><span class=\"selected\"> ce qui garantit une source de mati\u00e8re premi\u00e8re pure et fiable.<\/span><\/li>\n<li><strong><span class=\"selected\">Fabrication certifi\u00e9e GMP :<\/span><\/strong><span class=\"selected\"> Produit dans une installation certifi\u00e9e ISO et GMP selon des protocoles de contr\u00f4le de qualit\u00e9 rigoureux, garantissant la s\u00e9curit\u00e9, l'uniformit\u00e9 et la conformit\u00e9 du produit.<\/span><\/li>\n<li><strong><span class=\"selected\">Approvisionnement direct du fabricant :<\/span><\/strong><span class=\"selected\"> Le fait de s'approvisionner directement aupr\u00e8s du fabricant d'origine garantit une coh\u00e9rence totale d'un lot \u00e0 l'autre et une cha\u00eene d'approvisionnement stable et fiable pour vos besoins de production.<\/span><\/li>\n<\/ul>\n<h2><strong><span class=\"selected\">Principaux param\u00e8tres techniques<\/span><\/strong><\/h2>\n<p><span class=\"selected\">Notre poudre Fisetin 98% est fabriqu\u00e9e pour r\u00e9pondre \u00e0 des sp\u00e9cifications pr\u00e9cises, fournissant aux formulateurs les donn\u00e9es fiables n\u00e9cessaires \u00e0 un d\u00e9veloppement de produit sans faille.<\/span><\/p>\n<table>\n<tbody>\n<tr>\n<th><span class=\"selected\">Param\u00e8tres<\/span><\/th>\n<th><span class=\"selected\">Sp\u00e9cifications<\/span><\/th>\n<th><span class=\"selected\">M\u00e9thode<\/span><\/th>\n<\/tr>\n<tr>\n<td><strong><span class=\"selected\">Ingr\u00e9dient actif<\/span><\/strong><\/td>\n<td><span class=\"selected\">Fis\u00e9tine<\/span><\/td>\n<td><span class=\"selected\">HPLC<\/span><\/td>\n<\/tr>\n<tr>\n<td><strong><span class=\"selected\">Puret\u00e9 (dosage)<\/span><\/strong><\/td>\n<td><span class=\"selected\">\u2265 98.0%<\/span><\/td>\n<td><span class=\"selected\">HPLC<\/span><\/td>\n<\/tr>\n<tr>\n<td><strong><span class=\"selected\">Source botanique<\/span><\/strong><\/td>\n<td><em><span class=\"selected\">Cotinus coggygria Scop.<\/span><\/em><\/td>\n<td><span class=\"selected\">&#8211;<\/span><\/td>\n<\/tr>\n<tr>\n<td><strong><span class=\"selected\">Partie utilis\u00e9e<\/span><\/strong><\/td>\n<td><span class=\"selected\">Tige<\/span><\/td>\n<td><span class=\"selected\">&#8211;<\/span><\/td>\n<\/tr>\n<tr>\n<td><strong><span class=\"selected\">Apparence<\/span><\/strong><\/td>\n<td><span class=\"selected\">Poudre fine jaune<\/span><\/td>\n<td><span class=\"selected\">Visuel<\/span><\/td>\n<\/tr>\n<tr>\n<td><strong><span class=\"selected\">Taille des particules<\/span><\/strong><\/td>\n<td><span class=\"selected\">NLT 95% pass 80 Mesh<\/span><\/td>\n<td><span class=\"selected\">Tamisage<\/span><\/td>\n<\/tr>\n<tr>\n<td><strong><span class=\"selected\">Solubilit\u00e9<\/span><\/strong><\/td>\n<td><span class=\"selected\">Peu soluble dans l'eau ; soluble dans l'\u00e9thanol, le DMSO<\/span><\/td>\n<td><span class=\"selected\">&#8211;<\/span><\/td>\n<\/tr>\n<tr>\n<td><strong><span class=\"selected\">Perte au s\u00e9chage<\/span><\/strong><\/td>\n<td><span class=\"selected\">\u2264 5.0%<\/span><\/td>\n<td><span class=\"selected\">USP<\/span><\/td>\n<\/tr>\n<tr>\n<td><strong><span class=\"selected\">Teneur en cendres<\/span><\/strong><\/td>\n<td><span class=\"selected\">\u2264 1.0%<\/span><\/td>\n<td><span class=\"selected\">USP<\/span><\/td>\n<\/tr>\n<tr>\n<td><strong><span class=\"selected\">Densit\u00e9 en vrac<\/span><\/strong><\/td>\n<td><span class=\"selected\">0,35 - 0,55 g\/mL<\/span><\/td>\n<td><span class=\"selected\">USP<\/span><\/td>\n<\/tr>\n<tr>\n<td><strong><span class=\"selected\">Densit\u00e9 du robinet<\/span><\/strong><\/td>\n<td><span class=\"selected\">0,60 - 0,85 g\/mL<\/span><\/td>\n<td><span class=\"selected\">USP<\/span><\/td>\n<\/tr>\n<tr>\n<td><strong><span class=\"selected\">M\u00e9taux lourds<\/span><\/strong><\/td>\n<td><span class=\"selected\">\u2264 10 ppm<\/span><\/td>\n<td><span class=\"selected\">ICP-MS<\/span><\/td>\n<\/tr>\n<tr>\n<td><strong><span class=\"selected\">Arsenic (As)<\/span><\/strong><\/td>\n<td><span class=\"selected\">\u2264 2 ppm<\/span><\/td>\n<td><span class=\"selected\">ICP-MS<\/span><\/td>\n<\/tr>\n<tr>\n<td><strong><span class=\"selected\">Plomb (Pb)<\/span><\/strong><\/td>\n<td><span class=\"selected\">\u2264 3 ppm<\/span><\/td>\n<td><span class=\"selected\">ICP-MS<\/span><\/td>\n<\/tr>\n<tr>\n<td><strong><span class=\"selected\">Solvants r\u00e9siduels<\/span><\/strong><\/td>\n<td><span class=\"selected\">Conforme \u00e0 USP  \/ EP 5.4<\/span><\/td>\n<td><span class=\"selected\">GC-HS<\/span><\/td>\n<\/tr>\n<tr>\n<td><strong><span class=\"selected\">Nombre total de plaques<\/span><\/strong><\/td>\n<td><span class=\"selected\">\u2264 1 000 ufc\/g<\/span><\/td>\n<td><span class=\"selected\">USP<\/span><\/td>\n<\/tr>\n<tr>\n<td><strong><span class=\"selected\">Levures et moisissures<\/span><\/strong><\/td>\n<td><span class=\"selected\">\u2264 100 cfu\/g<\/span><\/td>\n<td><span class=\"selected\">USP<\/span><\/td>\n<\/tr>\n<tr>\n<td><strong><span class=\"selected\">E. Coli<\/span><\/strong><\/td>\n<td><span class=\"selected\">N\u00e9gatif<\/span><\/td>\n<td><span class=\"selected\">USP<\/span><\/td>\n<\/tr>\n<tr>\n<td><strong><span class=\"selected\">Salmonelle<\/span><\/strong><\/td>\n<td><span class=\"selected\">N\u00e9gatif<\/span><\/td>\n<td><span class=\"selected\">USP<\/span><\/td>\n<\/tr>\n<\/tbody>\n<\/table>\n<h2><strong><span class=\"selected\">Essais et assurance qualit\u00e9<\/span><\/strong><\/h2>\n<p><span class=\"selected\">La qualit\u00e9 n'est pas seulement une mesure, c'est le fondement de notre philosophie de fabrication. Nous fournissons \u00e0 nos clients une assurance qualit\u00e9 totalement transparente et v\u00e9rifiable.<\/span><\/p>\n<ul>\n<li><strong><span class=\"selected\">M\u00e9thodologie :<\/span><\/strong><span class=\"selected\"> Nous utilisons exclusivement la chromatographie liquide haute performance (CLHP) pour le dosage de la fis\u00e9tine. Cette m\u00e9thode hautement sp\u00e9cifique s\u00e9pare et quantifie avec pr\u00e9cision la fis\u00e9tine, en la distinguant des autres flavono\u00efdes et impuret\u00e9s, un niveau de pr\u00e9cision que des m\u00e9thodes moins sp\u00e9cifiques telles que l'UV-Vis ne peuvent fournir.<\/span><\/li>\n<li><strong><span class=\"selected\">Coh\u00e9rence d'un lot \u00e0 l'autre :<\/span><\/strong><span class=\"selected\"> En tant que fabricant et exportateur d'origine, nous contr\u00f4lons chaque \u00e9tape de la production, depuis l'approvisionnement en mati\u00e8res premi\u00e8res jusqu'\u00e0 l'extraction et la purification finales. Cette int\u00e9gration verticale, associ\u00e9e \u00e0 des contr\u00f4les rigoureux en cours de fabrication, garantit que chaque lot de fis\u00e9tine que vous recevez pr\u00e9sente la m\u00eame puret\u00e9 et les m\u00eames caract\u00e9ristiques physiques.<\/span><\/li>\n<li><strong><span class=\"selected\">Documentation disponible :<\/span><\/strong><span class=\"selected\"> Pour soutenir vos \u00e9quipes charg\u00e9es de la qualit\u00e9 et de la r\u00e9glementation, nous proposons un ensemble complet de documents :<\/span>\n<ul>\n<li><span class=\"selected\">Certificat d'analyse (COA) pour chaque lot sp\u00e9cifique <\/span><strong><span class=\"selected\">[T\u00e9l\u00e9charger un exemple d'ACO ici]<\/span><\/strong><\/li>\n<li><span class=\"selected\">Fiche de donn\u00e9es de s\u00e9curit\u00e9 (FDS)<\/span><\/li>\n<li><span class=\"selected\">D\u00e9claration compl\u00e8te sur les allerg\u00e8nes<\/span><\/li>\n<li><span class=\"selected\">D\u00e9claration v\u00e9rifi\u00e9e par le projet Non-GMO<\/span><\/li>\n<li><span class=\"selected\">Certificats kasher et halal<\/span><\/li>\n<li><span class=\"selected\">Copies des certifications ISO 9001 et GMP de nos sites de production<\/span><\/li>\n<\/ul>\n<\/li>\n<\/ul>\n<h2><strong><span class=\"selected\">Applications et conseils en mati\u00e8re de formulation<\/span><\/strong><\/h2>\n<p><span class=\"selected\">Notre poudre Fisetin 98% HPLC est con\u00e7ue pour \u00eatre utilis\u00e9e dans une gamme de formes de dosage solides et liquides.<\/span><\/p>\n<ul>\n<li><strong><span class=\"selected\">Applications primaires :<\/span><\/strong><span class=\"selected\"> Sa grande puret\u00e9 et sa puissance en font un ingr\u00e9dient actif id\u00e9al pour les compl\u00e9ments alimentaires de qualit\u00e9 sup\u00e9rieure et les aliments fonctionnels ax\u00e9s sur la sant\u00e9 cellulaire et la long\u00e9vit\u00e9.<\/span><\/li>\n<li><strong><span class=\"selected\">Formes posologiques recommand\u00e9es :<\/span><\/strong>\n<ul>\n<li><strong><span class=\"selected\">G\u00e9lules et comprim\u00e9s :<\/span><\/strong><span class=\"selected\"> Avec une excellente fluidit\u00e9 et une taille de particule contr\u00f4l\u00e9e, ce grade est parfaitement adapt\u00e9 \u00e0 la fois \u00e0 la compression directe et \u00e0 l'encapsulation \u00e0 grande vitesse, minimisant ainsi le besoin d'excipients suppl\u00e9mentaires. Le niveau d'utilisation typique se situe entre 100 mg et 250 mg par portion.<\/span><\/li>\n<li><strong><span class=\"selected\">M\u00e9langes de poudres :<\/span><\/strong><span class=\"selected\"> La poudre fine et uniforme assure une distribution homog\u00e8ne lorsqu'elle est m\u00e9lang\u00e9e \u00e0 d'autres ingr\u00e9dients dans des sachets, des sticks ou des formulations de poudre en vrac.<\/span><\/li>\n<li><strong><span class=\"selected\">Boissons et liquides fonctionnels :<\/span><\/strong><span class=\"selected\"> Les formulateurs doivent noter que la fis\u00e9tine a une faible solubilit\u00e9 native dans l'eau. Pour les applications liquides, il est recommand\u00e9 de cr\u00e9er une suspension stable ou d'utiliser des technologies de solubilisation (par exemple, des supports \u00e0 base de lipides, des micro\u00e9mulsions) afin d'obtenir une diffusion et une stabilit\u00e9 optimales.<\/span><\/li>\n<\/ul>\n<\/li>\n<li><strong><span class=\"selected\">Conseils de formulation :<\/span><\/strong>\n<ul>\n<li><span class=\"selected\">La couleur jaune inh\u00e9rente \u00e0 la fis\u00e9tine contribue \u00e0 l'apparence du produit final et doit \u00eatre prise en compte dans la conception de la formulation.<\/span><\/li>\n<li><span class=\"selected\">Pour les produits visant \u00e0 am\u00e9liorer la biodisponibilit\u00e9, la coformulation avec des phospholipides ou des supports \u00e0 base de lipides tels que l'huile MCT peut \u00eatre envisag\u00e9e.<\/span><\/li>\n<\/ul>\n<\/li>\n<\/ul>\n<h2><strong><span class=\"selected\">Compatibilit\u00e9 et coformulation<\/span><\/strong><\/h2>\n<p><span class=\"selected\">La fis\u00e9tine est chimiquement stable et pr\u00e9sente une excellente compatibilit\u00e9 avec un large \u00e9ventail d'ingr\u00e9dients nutraceutiques courants. Elle peut \u00eatre coformul\u00e9e efficacement avec :<\/span><\/p>\n<ul>\n<li><span class=\"selected\">Autres flavono\u00efdes comme la querc\u00e9tine et la lut\u00e9oline<\/span><\/li>\n<li><span class=\"selected\">Vitamines (par exemple, vitamine C, vitamine D3)<\/span><\/li>\n<li><span class=\"selected\">Min\u00e9raux (par exemple, zinc, magn\u00e9sium)<\/span><\/li>\n<li><span class=\"selected\">Fibres pr\u00e9biotiques et autres extraits botaniques<\/span><\/li>\n<\/ul>\n<p><span class=\"selected\">Il reste stable dans la plupart des syst\u00e8mes de m\u00e9lange \u00e0 sec et n'interagit g\u00e9n\u00e9ralement pas avec les excipients courants.<\/span><\/p>\n<h2><strong><span class=\"selected\">Stabilit\u00e9 et stockage<\/span><\/strong><\/h2>\n<p><span class=\"selected\">Une manipulation et un stockage ad\u00e9quats sont essentiels pour pr\u00e9server l'efficacit\u00e9 et la dur\u00e9e de conservation de la fis\u00e9tine de haute puret\u00e9.<\/span><\/p>\n<ul>\n<li><strong><span class=\"selected\">Stabilit\u00e9 :<\/span><\/strong><span class=\"selected\"> La poudre est tr\u00e8s stable lorsqu'elle est prot\u00e9g\u00e9e de l'humidit\u00e9. Elle est sensible \u00e0 la d\u00e9gradation en cas d'exposition prolong\u00e9e \u00e0 une lumi\u00e8re forte et \u00e0 des temp\u00e9ratures \u00e9lev\u00e9es (&gt;40\u00b0C). Elle est plus stable dans les environnements \u00e0 pH neutre ou acide et peut se d\u00e9grader dans des conditions fortement alcalines.<\/span><\/li>\n<li><strong><span class=\"selected\">Recommandations de stockage :<\/span><\/strong><span class=\"selected\"> Pour garantir une stabilit\u00e9 maximale, conserver dans des r\u00e9cipients opaques et herm\u00e9tiquement ferm\u00e9s, dans un endroit frais (inf\u00e9rieur \u00e0 25\u00b0C) et sec. Tenir \u00e0 l'\u00e9cart de la lumi\u00e8re directe du soleil et des sources de chaleur.<\/span><\/li>\n<li><strong><span class=\"selected\">Dur\u00e9e de conservation :<\/span><\/strong><span class=\"selected\"> 24 mois \u00e0 compter de la date de fabrication si le produit est stock\u00e9 dans les conditions recommand\u00e9es.<\/span><\/li>\n<\/ul>\n<h2><strong><span class=\"selected\">Informations sur la s\u00e9curit\u00e9 et la r\u00e9glementation<\/span><\/strong><\/h2>\n<ul>\n<li><strong><span class=\"selected\">Statut r\u00e9glementaire :<\/span><\/strong><span class=\"selected\"> La fis\u00e9tine est largement utilis\u00e9e comme ingr\u00e9dient dans les compl\u00e9ments alimentaires aux \u00c9tats-Unis et dans d'autres r\u00e9gions. Il incombe au propri\u00e9taire de la marque de s'assurer que son produit final est conforme \u00e0 toutes les r\u00e9glementations locales et r\u00e9gionales.<\/span><\/li>\n<li><strong><span class=\"selected\">\u00c9tiquetage :<\/span><\/strong><span class=\"selected\"> Pour les compl\u00e9ments alimentaires am\u00e9ricains, l'ingr\u00e9dient doit \u00eatre d\u00e9clar\u00e9 sur l'\u00e9tiquette comme \"Fisetin\" ou \"Smoke Tree Extract (<\/span><em><span class=\"selected\">Cotinus coggygria<\/span><\/em><span class=\"selected\">) (tige)\".<\/span><\/li>\n<li><strong><span class=\"selected\">La s\u00e9curit\u00e9 :<\/span><\/strong><span class=\"selected\"> Lorsqu'elle est utilis\u00e9e \u00e0 des niveaux typiques de compl\u00e9ments alimentaires, la fis\u00e9tine est g\u00e9n\u00e9ralement consid\u00e9r\u00e9e comme s\u00fbre. Ce produit est un extrait concentr\u00e9 destin\u00e9 \u00e0 la fabrication et n'est pas destin\u00e9 \u00e0 la consommation directe. Il n'est pas recommand\u00e9 aux femmes enceintes ou allaitantes sans consulter un professionnel de la sant\u00e9.<\/span><\/li>\n<\/ul>\n<h2><strong><span class=\"selected\">Foire aux questions (FAQ)<\/span><\/strong><\/h2>\n<p><strong><span class=\"selected\">Q1 : Fournissez-vous la Fisetin directement \u00e0 partir de votre usine ?<\/span><\/strong><\/p>\n<p><span class=\"selected\">R : Oui, nous sommes le fabricant d'origine et un fournisseur mondial de <\/span><em><span class=\"selected\">Cotinus coggygria<\/span><\/em><span class=\"selected\"> extrait. Ce mod\u00e8le de production directe garantit une tra\u00e7abilit\u00e9 totale, des prix comp\u00e9titifs et une cha\u00eene d'approvisionnement stable et ininterrompue pour nos partenaires.<\/span><\/p>\n<p><strong><span class=\"selected\">Q2 : Quel est le solvant d'extraction utilis\u00e9 dans le processus ?<\/span><\/strong><\/p>\n<p><span class=\"selected\">R : Nous n'utilisons que de l'\u00e9thanol de qualit\u00e9 alimentaire et de l'eau purifi\u00e9e pour le processus d'extraction. Nos m\u00e9thodes de purification sont con\u00e7ues pour \u00e9liminer efficacement ces solvants, et notre produit final respecte syst\u00e9matiquement les limites strictes de solvants r\u00e9siduels d\u00e9finies dans l'USP  et l'EP 5.4. Un rapport d\u00e9taill\u00e9 sur les solvants est inclus dans chaque ACO sp\u00e9cifique \u00e0 un lot.<\/span><\/p>\n<p><strong><span class=\"selected\">Q3 : Puis-je obtenir un \u00e9chantillon pour des tests et des \u00e9valuations de R&amp;D ?<\/span><\/strong><\/p>\n<p><span class=\"selected\">R : Absolument. Nous encourageons nos clients \u00e0 effectuer leurs propres \u00e9valuations. Veuillez utiliser le formulaire de contact ci-dessous pour demander un \u00e9chantillon R&amp;D gratuit. Notre \u00e9quipe technique est \u00e9galement disponible pour r\u00e9pondre \u00e0 vos questions.<\/span><\/p>\n<p><strong><span class=\"selected\">Q4 : Quelle est la quantit\u00e9 minimale de commande (MOQ) pour ce produit ?<\/span><\/strong><\/p>\n<p><span class=\"selected\">R : Notre conditionnement standard et notre QMOS sont de 25 kg dans un tambour en fibre. Cependant, nous sommes flexibles et pouvons souvent accepter des commandes d'essai plus petites pour le d\u00e9veloppement de nouveaux produits. N'h\u00e9sitez pas \u00e0 nous contacter pour nous faire part de vos besoins sp\u00e9cifiques en termes de quantit\u00e9 afin d'obtenir un devis personnalis\u00e9.<\/span><\/p>","protected":false},"excerpt":{"rendered":"<ul>\n<li><b>Produit :<\/b> Fis\u00e9tine 98% Poudre (HPLC)<\/li>\n<li><b>Source :<\/b> Extrait de haute puret\u00e9 de <i>Cotinus coggygria<\/i> (Arbre \u00e0 fum\u00e9e).<\/li>\n<li><b>Apparence :<\/b> Poudre cristalline fine et jaune.<\/li>\n<li><b>Applications :<\/b> Id\u00e9al pour les compl\u00e9ments alimentaires (g\u00e9lules, comprim\u00e9s) et les aliments fonctionnels ciblant le vieillissement sain et la sant\u00e9 cellulaire.<\/li>\n<li><b>Caract\u00e9ristiques principales :<\/b> Puret\u00e9 \u226598% confirm\u00e9e par HPLC, excellente fluidit\u00e9, faible r\u00e9sidu de solvant, et provenant directement d'un fabricant certifi\u00e9 GMP.<\/li>\n<\/ul>","protected":false},"featured_media":1047,"comment_status":"open","ping_status":"closed","template":"","meta":{"_acf_changed":false},"product_brand":[],"product_cat":[21],"product_tag":[],"class_list":{"0":"post-1046","1":"product","2":"type-product","3":"status-publish","4":"has-post-thumbnail","6":"product_cat-plant-extracts","8":"first","9":"instock","10":"shipping-taxable","11":"product-type-simple"},"acf":[],"_links":{"self":[{"href":"https:\/\/bstextract.com\/fr\/wp-json\/wp\/v2\/product\/1046","targetHints":{"allow":["GET"]}}],"collection":[{"href":"https:\/\/bstextract.com\/fr\/wp-json\/wp\/v2\/product"}],"about":[{"href":"https:\/\/bstextract.com\/fr\/wp-json\/wp\/v2\/types\/product"}],"replies":[{"embeddable":true,"href":"https:\/\/bstextract.com\/fr\/wp-json\/wp\/v2\/comments?post=1046"}],"wp:featuredmedia":[{"embeddable":true,"href":"https:\/\/bstextract.com\/fr\/wp-json\/wp\/v2\/media\/1047"}],"wp:attachment":[{"href":"https:\/\/bstextract.com\/fr\/wp-json\/wp\/v2\/media?parent=1046"}],"wp:term":[{"taxonomy":"product_brand","embeddable":true,"href":"https:\/\/bstextract.com\/fr\/wp-json\/wp\/v2\/product_brand?post=1046"},{"taxonomy":"product_cat","embeddable":true,"href":"https:\/\/bstextract.com\/fr\/wp-json\/wp\/v2\/product_cat?post=1046"},{"taxonomy":"product_tag","embeddable":true,"href":"https:\/\/bstextract.com\/fr\/wp-json\/wp\/v2\/product_tag?post=1046"}],"curies":[{"name":"wp","href":"https:\/\/api.w.org\/{rel}","templated":true}]}}