{"id":1065,"date":"2025-05-23T06:56:04","date_gmt":"2025-05-23T06:56:04","guid":{"rendered":"https:\/\/bstextract.com\/?post_type=product&#038;p=1065"},"modified":"2025-08-21T07:06:35","modified_gmt":"2025-08-21T07:06:35","slug":"poudre-de-glutathion","status":"publish","type":"product","link":"https:\/\/bstextract.com\/fr\/produit\/poudre-de-glutathion\/","title":{"rendered":"99% Glutathion en poudre"},"content":{"rendered":"<p><!-- Keyword Section (Outside Article) --><\/p>\n<h2><strong><span class=\"selected\">Aper\u00e7u du produit<\/span><\/strong><\/h2>\n<p><span class=\"selected\">Le L-Glutathion r\u00e9duit (GSH) est un tripeptide compos\u00e9 d'acide glutamique, de cyst\u00e9ine et de glycine, qui joue le r\u00f4le d'antioxydant primaire dans l'organisme. Notre poudre de glutathion est un ingr\u00e9dient de haute puret\u00e9, issu de la fermentation et con\u00e7u pour une biodisponibilit\u00e9 et une stabilit\u00e9 maximales. Produit dans des conditions strictes de BPF, il constitue une r\u00e9f\u00e9rence pour les formulateurs des industries nutraceutique, cosm\u00e9tique et des aliments fonctionnels \u00e0 la recherche d'une source fiable et efficace de GSH. Son excellente solubilit\u00e9 dans l'eau et son profil sensoriel neutre en font un composant polyvalent pour une large gamme d'applications, des suppl\u00e9ments anti-\u00e2ge aux s\u00e9rums \u00e9claircissants pour la peau.<\/span><\/p>\n<p><img fetchpriority=\"high\" decoding=\"async\" class=\"aligncenter size-full wp-image-1066\" src=\"https:\/\/bstextract.com\/wp-content\/uploads\/2025\/05\/glutathione_powder_for_skin_whitening_480x480.webp\" alt=\"\" width=\"480\" height=\"360\" title=\"\" srcset=\"https:\/\/bstextract.com\/wp-content\/uploads\/2025\/05\/glutathione_powder_for_skin_whitening_480x480.webp 480w, https:\/\/bstextract.com\/wp-content\/uploads\/2025\/05\/glutathione_powder_for_skin_whitening_480x480-300x225.webp 300w, https:\/\/bstextract.com\/wp-content\/uploads\/2025\/05\/glutathione_powder_for_skin_whitening_480x480-16x12.webp 16w\" sizes=\"(max-width: 480px) 100vw, 480px\" \/><\/p>\n<p><span class=\"selected\">En tant que fabricant et exportateur d'origine, nous assurons une tra\u00e7abilit\u00e9 compl\u00e8te des lots et une qualit\u00e9 constante, garantissant que votre formulation fonctionne comme pr\u00e9vu, \u00e0 chaque fois.<\/span><\/p>\n<p><strong><span class=\"selected\">Des avantages uniques :<\/span><\/strong><\/p>\n<ul>\n<li><strong><span class=\"selected\">Puret\u00e9 sup\u00e9rieure et faibles impuret\u00e9s :<\/span><\/strong><span class=\"selected\"> Avec un dosage typique de 99,5% par HPLC et un niveau de forme oxyd\u00e9e (GSSG) constamment inf\u00e9rieur \u00e0 0,5%, notre GSH garantit une puissance et une stabilit\u00e9 maximales dans votre produit final.<\/span><\/li>\n<li><strong><span class=\"selected\">Excellente performance de formulation :<\/span><\/strong><span class=\"selected\"> La taille optimis\u00e9e des particules et la grande solubilit\u00e9 \u00e9vitent les probl\u00e8mes de traitement, garantissant l'homog\u00e9n\u00e9it\u00e9 des m\u00e9langes, des solutions claires dans les boissons et des textures lisses dans les applications topiques.<\/span><\/li>\n<li><strong><span class=\"selected\">Cha\u00eene d'approvisionnement directe \u00e0 partir de l'usine :<\/span><\/strong><span class=\"selected\"> Le fait de s'approvisionner directement aupr\u00e8s de notre usine garantit des prix comp\u00e9titifs, des d\u00e9lais de livraison stables et une assistance technique compl\u00e8te de la part de notre \u00e9quipe d'experts.<\/span><\/li>\n<li><strong><span class=\"selected\">Documentation compl\u00e8te :<\/span><\/strong><span class=\"selected\"> Chaque lot est accompagn\u00e9 d'un certificat d'analyse d\u00e9taill\u00e9 et d'un ensemble complet de documents r\u00e9glementaires pour r\u00e9pondre \u00e0 vos besoins en mati\u00e8re de qualit\u00e9 et de conformit\u00e9.<\/span><\/li>\n<\/ul>\n<h2><strong><span class=\"selected\">Principales sp\u00e9cifications techniques<\/span><\/strong><\/h2>\n<p><span class=\"selected\">Ce tableau repr\u00e9sente des valeurs typiques. Pour des informations d\u00e9taill\u00e9es et sp\u00e9cifiques \u00e0 un lot, veuillez demander le certificat d'analyse (COA).<\/span><\/p>\n<table>\n<tbody>\n<tr>\n<th><span class=\"selected\">Param\u00e8tres<\/span><\/th>\n<th><span class=\"selected\">Sp\u00e9cifications<\/span><\/th>\n<th><span class=\"selected\">R\u00e9sultat typique<\/span><\/th>\n<th><span class=\"selected\">M\u00e9thode d'essai<\/span><\/th>\n<\/tr>\n<tr>\n<td><strong><span class=\"selected\">Identification<\/span><\/strong><\/td>\n<td><\/td>\n<td><\/td>\n<td><\/td>\n<\/tr>\n<tr>\n<td><span class=\"selected\">Apparence<\/span><\/td>\n<td><span class=\"selected\">Poudre cristalline blanche<\/span><\/td>\n<td><span class=\"selected\">Conforme<\/span><\/td>\n<td><span class=\"selected\">Visuel<\/span><\/td>\n<\/tr>\n<tr>\n<td><span class=\"selected\">Identification IR<\/span><\/td>\n<td><span class=\"selected\">Conforme au spectre de r\u00e9f\u00e9rence<\/span><\/td>\n<td><span class=\"selected\">Conforme<\/span><\/td>\n<td><span class=\"selected\">USP\/EP<\/span><\/td>\n<\/tr>\n<tr>\n<td><strong><span class=\"selected\">Dosage et puret\u00e9<\/span><\/strong><\/td>\n<td><\/td>\n<td><\/td>\n<td><\/td>\n<\/tr>\n<tr>\n<td><span class=\"selected\">Essai (sur base s\u00e9ch\u00e9e)<\/span><\/td>\n<td><span class=\"selected\">98.0% - 101.0%<\/span><\/td>\n<td><span class=\"selected\">99.5%<\/span><\/td>\n<td><span class=\"selected\">HPLC<\/span><\/td>\n<\/tr>\n<tr>\n<td><span class=\"selected\">Substances apparent\u00e9es (GSSG)<\/span><\/td>\n<td><span class=\"selected\">\u2264 1.5%<\/span><\/td>\n<td><span class=\"selected\">0.2%<\/span><\/td>\n<td><span class=\"selected\">HPLC<\/span><\/td>\n<\/tr>\n<tr>\n<td><strong><span class=\"selected\">Propri\u00e9t\u00e9s physiques<\/span><\/strong><\/td>\n<td><\/td>\n<td><\/td>\n<td><\/td>\n<\/tr>\n<tr>\n<td><span class=\"selected\">Clart\u00e9 et couleur de la solution<\/span><\/td>\n<td><span class=\"selected\">Clair et incolore (5% dans l'eau)<\/span><\/td>\n<td><span class=\"selected\">Conforme<\/span><\/td>\n<td><span class=\"selected\">Visuel<\/span><\/td>\n<\/tr>\n<tr>\n<td><span class=\"selected\">Rotation optique<\/span><\/td>\n<td><span class=\"selected\">De -15,5\u00b0 \u00e0 -17,5\u00b0.<\/span><\/td>\n<td><span class=\"selected\">-15.8\u00b0<\/span><\/td>\n<td><span class=\"selected\">USP\/EP<\/span><\/td>\n<\/tr>\n<tr>\n<td><span class=\"selected\">Perte au s\u00e9chage<\/span><\/td>\n<td><span class=\"selected\">\u2264 0,5%<\/span><\/td>\n<td><span class=\"selected\">0.2%<\/span><\/td>\n<td><span class=\"selected\">Gravim\u00e9trique<\/span><\/td>\n<\/tr>\n<tr>\n<td><span class=\"selected\">R\u00e9sidus \u00e0 l'allumage<\/span><\/td>\n<td><span class=\"selected\">\u2264 0,1%<\/span><\/td>\n<td><span class=\"selected\">0.06%<\/span><\/td>\n<td><span class=\"selected\">USP\/EP<\/span><\/td>\n<\/tr>\n<tr>\n<td><span class=\"selected\">Densit\u00e9 en vrac<\/span><\/td>\n<td><span class=\"selected\">0,35 - 0,55 g\/mL<\/span><\/td>\n<td><span class=\"selected\">0,45 g\/mL<\/span><\/td>\n<td><span class=\"selected\">Densit\u00e9 de pr\u00e9l\u00e8vement<\/span><\/td>\n<\/tr>\n<tr>\n<td><strong><span class=\"selected\">Contaminants et microbiologie<\/span><\/strong><\/td>\n<td><\/td>\n<td><\/td>\n<td><\/td>\n<\/tr>\n<tr>\n<td><span class=\"selected\">M\u00e9taux lourds<\/span><\/td>\n<td><span class=\"selected\">\u2264 10 ppm<\/span><\/td>\n<td><span class=\"selected\">Conforme<\/span><\/td>\n<td><span class=\"selected\">ICP-MS<\/span><\/td>\n<\/tr>\n<tr>\n<td><span class=\"selected\">Plomb (Pb)<\/span><\/td>\n<td><span class=\"selected\">\u2264 1 ppm<\/span><\/td>\n<td><span class=\"selected\">Conforme<\/span><\/td>\n<td><span class=\"selected\">ICP-MS<\/span><\/td>\n<\/tr>\n<tr>\n<td><span class=\"selected\">Arsenic (As)<\/span><\/td>\n<td><span class=\"selected\">\u2264 1 ppm<\/span><\/td>\n<td><span class=\"selected\">Conforme<\/span><\/td>\n<td><span class=\"selected\">ICP-MS<\/span><\/td>\n<\/tr>\n<tr>\n<td><span class=\"selected\">Mercure (Hg)<\/span><\/td>\n<td><span class=\"selected\">\u2264 0,1 ppm<\/span><\/td>\n<td><span class=\"selected\">Conforme<\/span><\/td>\n<td><span class=\"selected\">ICP-MS<\/span><\/td>\n<\/tr>\n<tr>\n<td><span class=\"selected\">Nombre total de plaques<\/span><\/td>\n<td><span class=\"selected\">&lt; 1000 UFC\/g<\/span><\/td>\n<td><span class=\"selected\">&lt;100 UFC\/g<\/span><\/td>\n<td><span class=\"selected\">USP\/EP<\/span><\/td>\n<\/tr>\n<tr>\n<td><span class=\"selected\">Levures et moisissures<\/span><\/td>\n<td><span class=\"selected\">&lt; 100 UFC\/g<\/span><\/td>\n<td><span class=\"selected\">&lt;10 UFC\/g<\/span><\/td>\n<td><span class=\"selected\">USP\/EP<\/span><\/td>\n<\/tr>\n<tr>\n<td><span class=\"selected\">E. Coli<\/span><\/td>\n<td><span class=\"selected\">N\u00e9gatif<\/span><\/td>\n<td><span class=\"selected\">N\u00e9gatif<\/span><\/td>\n<td><span class=\"selected\">USP\/EP<\/span><\/td>\n<\/tr>\n<tr>\n<td><span class=\"selected\">Salmonelle<\/span><\/td>\n<td><span class=\"selected\">N\u00e9gatif<\/span><\/td>\n<td><span class=\"selected\">N\u00e9gatif<\/span><\/td>\n<td><span class=\"selected\">USP\/EP<\/span><\/td>\n<\/tr>\n<\/tbody>\n<\/table>\n<h2><strong><span class=\"selected\">Qualit\u00e9, essais et conformit\u00e9<\/span><\/strong><\/h2>\n<p><span class=\"selected\">La qualit\u00e9 fait partie int\u00e9grante de notre processus de fabrication. Nous utilisons la chromatographie liquide \u00e0 haute performance (CLHP) pour le dosage et le profilage des impuret\u00e9s, ce qui garantit des r\u00e9sultats pr\u00e9cis et fiables, sup\u00e9rieurs aux m\u00e9thodes de titrage les plus simples. Nos installations de production sont certifi\u00e9es ISO 9001 et GMP, ce qui garantit la coh\u00e9rence d'un lot \u00e0 l'autre et le respect des normes de qualit\u00e9 les plus strictes.<\/span><\/p>\n<p><strong><span class=\"selected\">Documentation disponible :<\/span><\/strong><\/p>\n<ul>\n<li><span class=\"selected\">Certificat d'analyse (COA)<\/span><\/li>\n<li><span class=\"selected\">Fiche de donn\u00e9es de s\u00e9curit\u00e9 (FDS)<\/span><\/li>\n<li><span class=\"selected\">D\u00e9claration sur les allerg\u00e8nes<\/span><\/li>\n<li><span class=\"selected\">D\u00e9claration sur les non-OGM<\/span><\/li>\n<li><span class=\"selected\">D\u00e9claration sur le v\u00e9ganisme<\/span><\/li>\n<li><span class=\"selected\">Certificats kasher et halal (sur demande)<\/span><\/li>\n<\/ul>\n<h2><strong><span class=\"selected\">Conseils en mati\u00e8re d'application et de formulation<\/span><\/strong><\/h2>\n<p><span class=\"selected\">Notre poudre de L-Glutathion r\u00e9duit est con\u00e7ue pour \u00eatre polyvalente et facile \u00e0 utiliser dans divers syst\u00e8mes d'administration.<\/span><\/p>\n<ul>\n<li><strong><span class=\"selected\">Compl\u00e9ments alimentaires :<\/span><\/strong>\n<ul>\n<li><strong><span class=\"selected\">Forme posologique :<\/span><\/strong><span class=\"selected\"> Capsules, comprim\u00e9s, poudres.<\/span><\/li>\n<li><strong><span class=\"selected\">Dosage recommand\u00e9 :<\/span><\/strong><span class=\"selected\"> 50 mg - 500 mg par portion.<\/span><\/li>\n<li><strong><span class=\"selected\">Conseil de formulation :<\/span><\/strong><span class=\"selected\"> Pour une meilleure stabilit\u00e9 et des effets synergiques, formuler avec des antioxydants tels que la vitamine C et l'acide alpha-lipo\u00efque. Son excellente fluidit\u00e9 convient \u00e0 la compression directe et \u00e0 l'encapsulation \u00e0 grande vitesse.<\/span><\/li>\n<\/ul>\n<\/li>\n<li><strong><span class=\"selected\">Aliments et boissons fonctionnels :<\/span><\/strong>\n<ul>\n<li><strong><span class=\"selected\">Forme posologique :<\/span><\/strong><span class=\"selected\"> Poudres pr\u00eates \u00e0 l'emploi, shots, boissons fonctionnelles.<\/span><\/li>\n<li><strong><span class=\"selected\">Conseil de formulation :<\/span><\/strong><span class=\"selected\"> Le GSH est tr\u00e8s soluble dans l'eau. Pour les applications liquides, il convient de l'ajouter lors de la derni\u00e8re \u00e9tape du m\u00e9lange et de maintenir le pH entre 4,0 et 6,0 pour une stabilit\u00e9 optimale. Son profil de go\u00fbt net n\u00e9cessite un masquage minimal des ar\u00f4mes.<\/span><\/li>\n<\/ul>\n<\/li>\n<li><strong><span class=\"selected\">Cosm\u00e9tiques et soins de la peau :<\/span><\/strong>\n<ul>\n<li><strong><span class=\"selected\">Forme posologique :<\/span><\/strong><span class=\"selected\"> S\u00e9rums, lotions, cr\u00e8mes, masques.<\/span><\/li>\n<li><strong><span class=\"selected\">Concentration recommand\u00e9e :<\/span><\/strong><span class=\"selected\"> 0.5% &#8211; 2.0%.<\/span><\/li>\n<li><strong><span class=\"selected\">Conseil de formulation :<\/span><\/strong><span class=\"selected\"> Incorporer dans la phase aqueuse d'une \u00e9mulsion \u00e0 des temp\u00e9ratures inf\u00e9rieures \u00e0 40\u00b0C (104\u00b0F) pour \u00e9viter la d\u00e9gradation. Il est plus stable dans les formulations dont le pH final se situe entre 5,0 et 6,5. Associ\u00e9 \u00e0 la vitamine C et \u00e0 l'acide f\u00e9rulique, il renforce les propri\u00e9t\u00e9s \u00e9claircissantes et antioxydantes de la peau.<\/span><\/li>\n<\/ul>\n<\/li>\n<\/ul>\n<h2><strong><span class=\"selected\">Stabilit\u00e9 et recommandations de stockage<\/span><\/strong><\/h2>\n<ul>\n<li><strong><span class=\"selected\">Stabilit\u00e9 :<\/span><\/strong><span class=\"selected\"> Le L-Glutathion r\u00e9duit est sensible \u00e0 l'oxydation, aux temp\u00e9ratures \u00e9lev\u00e9es et aux environnements \u00e0 pH \u00e9lev\u00e9. La pr\u00e9sence d'ions de m\u00e9taux de transition peut acc\u00e9l\u00e9rer la d\u00e9gradation.<\/span><\/li>\n<li><strong><span class=\"selected\">Stockage :<\/span><\/strong><span class=\"selected\"> Conserver dans un endroit frais et sec, \u00e0 l'abri de la lumi\u00e8re directe du soleil. Garder le r\u00e9cipient herm\u00e9tiquement ferm\u00e9 pour \u00e9viter l'absorption d'humidit\u00e9 et l'oxydation.<\/span><\/li>\n<li><strong><span class=\"selected\">Dur\u00e9e de conservation :<\/span><\/strong><span class=\"selected\"> 24 mois \u00e0 compter de la date de fabrication si le produit est stock\u00e9 dans les conditions recommand\u00e9es.<\/span><\/li>\n<\/ul>\n<h3><strong><span class=\"selected\">Foire aux questions (FAQ)<\/span><\/strong><\/h3>\n<p><strong><span class=\"selected\">Q1 : Quel est le processus de fabrication de votre poudre de glutathion ?<\/span><\/strong><\/p>\n<p><span class=\"selected\">R : Notre L-Glutathion est produit par un processus de fermentation microbienne contr\u00f4l\u00e9e, suivi d'une purification et d'une cristallisation en plusieurs \u00e9tapes afin d'obtenir une puret\u00e9 et une stabilit\u00e9 \u00e9lev\u00e9es. Cette m\u00e9thode est plus durable et permet d'obtenir un produit d'une puret\u00e9 sup\u00e9rieure \u00e0 celle de la synth\u00e8se chimique.<\/span><\/p>\n<p><strong><span class=\"selected\">Q2 : Fournissez-vous des produits en provenance directe de l'usine ?<\/span><\/strong><\/p>\n<p><span class=\"selected\">R : Oui, nous sommes le fabricant d'origine et le fournisseur mondial. En achetant chez nous, vous \u00eates s\u00fbr de recevoir un produit authentique, de haute qualit\u00e9, avec une tra\u00e7abilit\u00e9 compl\u00e8te, une assistance technique et des prix comp\u00e9titifs en direct de l'usine.<\/span><\/p>\n<p><strong><span class=\"selected\">Q3 : Quelle est la diff\u00e9rence entre le L-Glutathion r\u00e9duit (GSH) et le Glutathion oxyd\u00e9 (GSSG) ?<\/span><\/strong><\/p>\n<p><span class=\"selected\">R : Le GSH est la forme active et antioxydante du glutathion. Le GSSG est la forme oxyd\u00e9e et inactive. Une faible teneur en GSSG dans la poudre est un indicateur essentiel de haute qualit\u00e9, de fra\u00eecheur et de fabrication soign\u00e9e, car elle signifie que le produit ne s'est pas d\u00e9grad\u00e9.<\/span><\/p>\n<p><strong><span class=\"selected\">Q4 : Puis-je obtenir un \u00e9chantillon pour tester la formulation ?<\/span><\/strong><\/p>\n<p><span class=\"selected\">R : Absolument. Nous encourageons les essais de R&amp;D. Vous pouvez demander un \u00e9chantillon pour \u00e9valuation en utilisant le formulaire de contact ci-dessous. Veuillez pr\u00e9ciser votre application afin que nous puissions vous fournir la documentation n\u00e9cessaire.<\/span><\/p>\n<p><strong><span class=\"selected\">Q5 : Quelle est la quantit\u00e9 minimale de commande (MOQ) ?<\/span><\/strong><\/p>\n<p><span class=\"selected\">R : Notre MOQ standard est de 25 kg. Pour des quantit\u00e9s plus petites, pour des essais ou des projets sp\u00e9cifiques, veuillez contacter notre \u00e9quipe de vente pour discuter des options disponibles.<\/span><\/p>","protected":false},"excerpt":{"rendered":"<ul>\n<li><strong><span class=\"selected\">Produit :<\/span><\/strong><span class=\"selected\"> L-Glutathion (GSH) r\u00e9duit en poudre<\/span><\/li>\n<li><strong><span class=\"selected\">La puret\u00e9 :<\/span><\/strong><span class=\"selected\"> Essai \u226599% (lot typique : 99,5% par HPLC)<\/span><\/li>\n<li><strong><span class=\"selected\">Source :<\/span><\/strong><span class=\"selected\"> Fermentation microbienne<\/span><\/li>\n<li><strong><span class=\"selected\">Apparence :<\/span><\/strong><span class=\"selected\"> Fine poudre cristalline blanche avec une excellente solubilit\u00e9.<\/span><\/li>\n<li><strong><span class=\"selected\">Applications :<\/span><\/strong><span class=\"selected\"> Id\u00e9al pour les compl\u00e9ments alimentaires (g\u00e9lules, comprim\u00e9s), les boissons fonctionnelles et les formulations de soins de la peau avanc\u00e9s (s\u00e9rums, cr\u00e8mes).<\/span><\/li>\n<li><strong><span class=\"selected\">Principaux avantages :<\/span><\/strong><span class=\"selected\"> Grande stabilit\u00e9 avec une faible teneur en GSSG, une puret\u00e9 sup\u00e9rieure et une taille de particule constante pour une fabrication sans faille. Disponible directement aupr\u00e8s du fabricant pour une cha\u00eene d'approvisionnement tra\u00e7able et fiable.<\/span><\/li>\n<\/ul>","protected":false},"featured_media":1067,"comment_status":"open","ping_status":"closed","template":"","meta":{"_acf_changed":false},"product_brand":[],"product_cat":[22],"product_tag":[],"class_list":{"0":"post-1065","1":"product","2":"type-product","3":"status-publish","4":"has-post-thumbnail","6":"product_cat-cosmetic-personal-care-ingredients","8":"first","9":"instock","10":"shipping-taxable","11":"product-type-simple"},"acf":[],"_links":{"self":[{"href":"https:\/\/bstextract.com\/fr\/wp-json\/wp\/v2\/product\/1065","targetHints":{"allow":["GET"]}}],"collection":[{"href":"https:\/\/bstextract.com\/fr\/wp-json\/wp\/v2\/product"}],"about":[{"href":"https:\/\/bstextract.com\/fr\/wp-json\/wp\/v2\/types\/product"}],"replies":[{"embeddable":true,"href":"https:\/\/bstextract.com\/fr\/wp-json\/wp\/v2\/comments?post=1065"}],"wp:featuredmedia":[{"embeddable":true,"href":"https:\/\/bstextract.com\/fr\/wp-json\/wp\/v2\/media\/1067"}],"wp:attachment":[{"href":"https:\/\/bstextract.com\/fr\/wp-json\/wp\/v2\/media?parent=1065"}],"wp:term":[{"taxonomy":"product_brand","embeddable":true,"href":"https:\/\/bstextract.com\/fr\/wp-json\/wp\/v2\/product_brand?post=1065"},{"taxonomy":"product_cat","embeddable":true,"href":"https:\/\/bstextract.com\/fr\/wp-json\/wp\/v2\/product_cat?post=1065"},{"taxonomy":"product_tag","embeddable":true,"href":"https:\/\/bstextract.com\/fr\/wp-json\/wp\/v2\/product_tag?post=1065"}],"curies":[{"name":"wp","href":"https:\/\/api.w.org\/{rel}","templated":true}]}}