{"id":1072,"date":"2025-05-23T07:10:23","date_gmt":"2025-05-23T07:10:23","guid":{"rendered":"https:\/\/bstextract.com\/?post_type=product&#038;p=1072"},"modified":"2025-06-25T08:44:37","modified_gmt":"2025-06-25T08:44:37","slug":"90-pdrn-poudre-polydeoxyribonucleotide","status":"publish","type":"product","link":"https:\/\/bstextract.com\/fr\/produit\/90-pdrn-poudre-polydeoxyribonucleotide\/","title":{"rendered":"90% PDRN Poudre (Polydeoxyribonucl\u00e9otide)"},"content":{"rendered":"<p><strong>Poudre PDRN<\/strong> (poudre de polyd\u00e9soxyribonucl\u00e9otide) est un complexe d'ADN de faible poids mol\u00e9culaire extrait de cellules germinales sp\u00e9cifiques du saumon. La poudre de PDRN est g\u00e9n\u00e9ralement une poudre blanche ou blanc cass\u00e9, un liquide jaune clair incolore avec un pH de 3,0-5,0.<\/p>\n<ul>\n<li><strong>Nom du produit<\/strong>: PDRN Poudre<\/li>\n<li><strong>Autre nom<\/strong>: Poudre de saumon PDRN<\/li>\n<li><strong>Num\u00e9ro CAS<\/strong>: 100403-24-5<\/li>\n<li><strong>Apparence<\/strong>: Poudre blanche<\/li>\n<li><strong>La puret\u00e9<\/strong>: 90%<\/li>\n<li><strong>Synonymes<\/strong>: Polydeoxyribonucl\u00e9otide, extrait d'ADN de saumon, facteur de r\u00e9g\u00e9n\u00e9ration de la peau<\/li>\n<li><strong>COA : <a href=\"https:\/\/bstextract.com\/wp-content\/uploads\/2025\/05\/PDRN-Powder-COA.pdf\">PDRN Poudre COA<\/a><\/strong><\/li>\n<\/ul>\n<p>Issue d'une technologie avanc\u00e9e d'hydrolyse enzymatique et de purification, notre poudre PDRN est biologiquement active, de qualit\u00e9 st\u00e9rile, et compatible avec une large gamme de <strong>dermaceutique<\/strong> et <strong>clinique<\/strong> des applications.<\/p>\n<p><img fetchpriority=\"high\" decoding=\"async\" class=\"aligncenter wp-image-1076 size-large\" src=\"https:\/\/bstextract.com\/wp-content\/uploads\/2025\/05\/Polydeoxyribonucleotide-Microneedle-grade-outer-use-2-1024x768.jpg\" alt=\"\" width=\"800\" height=\"600\" title=\"\" srcset=\"https:\/\/bstextract.com\/wp-content\/uploads\/2025\/05\/Polydeoxyribonucleotide-Microneedle-grade-outer-use-2-1024x768.jpg 1024w, https:\/\/bstextract.com\/wp-content\/uploads\/2025\/05\/Polydeoxyribonucleotide-Microneedle-grade-outer-use-2-300x225.jpg 300w, https:\/\/bstextract.com\/wp-content\/uploads\/2025\/05\/Polydeoxyribonucleotide-Microneedle-grade-outer-use-2-768x576.jpg 768w, https:\/\/bstextract.com\/wp-content\/uploads\/2025\/05\/Polydeoxyribonucleotide-Microneedle-grade-outer-use-2-16x12.jpg 16w, https:\/\/bstextract.com\/wp-content\/uploads\/2025\/05\/Polydeoxyribonucleotide-Microneedle-grade-outer-use-2-600x450.jpg 600w, https:\/\/bstextract.com\/wp-content\/uploads\/2025\/05\/Polydeoxyribonucleotide-Microneedle-grade-outer-use-2.jpg 1440w\" sizes=\"(max-width: 800px) 100vw, 800px\" \/><\/p>\n<h2>Sp\u00e9cifications techniques<\/h2>\n<div>\n<div tabindex=\"-1\">\n<table>\n<thead>\n<tr>\n<th><strong>Param\u00e8tres<\/strong><\/th>\n<th><strong>Sp\u00e9cifications<\/strong><\/th>\n<\/tr>\n<\/thead>\n<tbody>\n<tr>\n<td>Nom du produit<\/td>\n<td>PDRN Poudre<\/td>\n<\/tr>\n<tr>\n<td>Autre nom<\/td>\n<td>Poudre de saumon PDRN<\/td>\n<\/tr>\n<tr>\n<td>Num\u00e9ro CAS<\/td>\n<td>100403-24-5<\/td>\n<\/tr>\n<tr>\n<td>Apparence<\/td>\n<td>Poudre blanche<\/td>\n<\/tr>\n<tr>\n<td>Sp\u00e9cification du produit<\/td>\n<td>90% Polyd\u00e9soxyribonucl\u00e9otide<\/td>\n<\/tr>\n<tr>\n<td>Emballage<\/td>\n<td>1kg\/sac\/carton ou 25kg\/tambour\/carton, personnalisable<\/td>\n<\/tr>\n<tr>\n<td>\u00c9chantillon<\/td>\n<td>\u00c9chantillons gratuits disponibles<\/td>\n<\/tr>\n<tr>\n<td>Dur\u00e9e de conservation<\/td>\n<td>24 mois (stock\u00e9 correctement)<\/td>\n<\/tr>\n<tr>\n<td>Conditions de stockage<\/td>\n<td>Conserver dans des r\u00e9cipients \u00e9tanches et r\u00e9sistants \u00e0 la lumi\u00e8re. \u00c9viter l'humidit\u00e9, la lumi\u00e8re du soleil et la chaleur.<\/td>\n<\/tr>\n<tr>\n<td>Certifications<\/td>\n<td>KOSHER, HALAL, ISO22000, HACCP, EU Organic, USDA Organic<\/td>\n<\/tr>\n<\/tbody>\n<\/table>\n<div>\n<div><\/div>\n<h2>Caract\u00e9ristiques principales<\/h2>\n<\/div>\n<\/div>\n<\/div>\n<ul>\n<li><strong>PDRN 90% de haute puret\u00e9<\/strong> de <strong>ADN du saumon<\/strong><\/li>\n<li><strong>Soutenu cliniquement<\/strong> propri\u00e9t\u00e9s de r\u00e9g\u00e9n\u00e9ration de la peau et de r\u00e9paration des tissus<\/li>\n<li>Favorise <strong>prolif\u00e9ration cellulaire<\/strong>, <strong>synth\u00e8se du collag\u00e8ne<\/strong>et <strong>cicatrisation des plaies<\/strong><\/li>\n<li>Soluble dans l'eau, facile \u00e0 formuler <strong>cosm\u00e9ceutique<\/strong> ou <strong>injectable<\/strong> produits<\/li>\n<li>Sans additifs ni conservateurs nocifs<\/li>\n<li>Certifi\u00e9 biologique et compatible avec le label \"propre\" (clean-label)<\/li>\n<\/ul>\n<h2>Qualit\u00e9 et conformit\u00e9<\/h2>\n<p>Notre <strong>PDRN Poudre<\/strong> est fabriqu\u00e9 sous <strong>normes de qualit\u00e9 pharmaceutique<\/strong>:<\/p>\n<ul>\n<li><strong>Production<\/strong> dans des installations certifi\u00e9es ISO22000 et conformes aux BPF<\/li>\n<li><strong>Puret\u00e9 v\u00e9rifi\u00e9e<\/strong> par HPLC et analyse par un tiers<\/li>\n<li><strong>Tests de st\u00e9rilit\u00e9, de m\u00e9taux lourds et d'endotoxines<\/strong> effectu\u00e9 sur tous les lots<\/li>\n<li><strong>Certifications<\/strong>:\n<ul>\n<li>KASHER, HALAL<\/li>\n<li>HACCP, ISO22000<\/li>\n<li>Biologique dans l'UE et biologique dans l'USDA<\/li>\n<\/ul>\n<\/li>\n<li><strong>COA (certificat d'analyse)<\/strong> disponible sur demande<\/li>\n<li>Tra\u00e7abilit\u00e9 et documentation compl\u00e8tes<\/li>\n<\/ul>\n<h2>Applications<\/h2>\n<h3>Zones d'utilisation principale<\/h3>\n<ul>\n<li><strong>Traitements esth\u00e9tiques m\u00e9dicaux<\/strong><\/li>\n<li><strong>Formulations cosm\u00e9tiques<\/strong><\/li>\n<li><strong>S\u00e9rums et cr\u00e8mes de soin<\/strong><\/li>\n<li><strong>Produits r\u00e9g\u00e9n\u00e9ratifs pour la cicatrisation des plaies<\/strong><\/li>\n<li><strong>Solutions de microneedling \/ Remplissage dermique<\/strong><\/li>\n<\/ul>\n<h3>Exemples de formulation<\/h3>\n<ul>\n<li>S\u00e9rum anti-\u00e2ge PDRN + Acide Hyaluronique<\/li>\n<li>PDRN solution injectable pour m\u00e9soth\u00e9rapie<\/li>\n<li>Cr\u00e8me PDRN pour la r\u00e9cup\u00e9ration de la peau apr\u00e8s le laser et le peeling<\/li>\n<li>Cr\u00e8mes pour les yeux et masques rajeunissants PDRN<\/li>\n<\/ul>\n<h3>Dosage recommand\u00e9<\/h3>\n<ul>\n<li>0,2%-2% concentration selon le type de produit<\/li>\n<li>Utilisation injectable : selon les directives r\u00e9glementaires ou cliniques locales.<\/li>\n<\/ul>\n<h3>Compatibilit\u00e9 des ingr\u00e9dients<\/h3>\n<ul>\n<li>Compatible avec :\n<ul>\n<li>Acide hyaluronique<\/li>\n<li>Facteurs de croissance (EGF, FGF)<\/li>\n<li>Niacinamide<\/li>\n<li>Peptides et c\u00e9ramides<\/li>\n<li>Extrait de Centella Asiatica<\/li>\n<\/ul>\n<\/li>\n<\/ul>\n<h2>Fourniture et service<\/h2>\n<ul>\n<li><strong>MOQ<\/strong>: 1kg<\/li>\n<li><strong>Options d'emballage<\/strong>:\n<ul>\n<li>1kg\/sac\/carton<\/li>\n<li>25kg\/tambour\/carton<\/li>\n<li>Emballage personnalis\u00e9 et options de qualit\u00e9 st\u00e9rile sur demande<\/li>\n<\/ul>\n<\/li>\n<li><strong>D\u00e9lai d'ex\u00e9cution<\/strong>: 5-7 jours ouvrables pour les produits en stock<\/li>\n<li><strong>OEM\/ODM<\/strong>: Conseils en mati\u00e8re de formulation, services de marque blanche disponibles<\/li>\n<li><strong>Exp\u00e9dition<\/strong>: Dans le monde entier par voie express, a\u00e9rienne ou maritime<\/li>\n<li><strong>Service apr\u00e8s-vente<\/strong>: Assistance technique, r\u00e9assortiment et assistance r\u00e9glementaire<\/li>\n<\/ul>\n<h2>R\u00e9f\u00e9rences de l'entreprise<\/h2>\n<p><strong>Xi'an Best Bio-Tech Co. Ltd.<\/strong> est un innovateur de premier plan dans le domaine des <strong>ingr\u00e9dients bioactifs<\/strong> et <strong>extraits naturels<\/strong>avec une forte pr\u00e9sence dans les pays suivants <strong>plus de 60 march\u00e9s mondiaux<\/strong>. Notre base de production \u00e0 <strong>Yangling, Chine<\/strong>, caract\u00e9ristiques <strong>Conforme aux BPF<\/strong> des installations de pointe, des <strong>R&amp;D<\/strong>et de l'ensemble des <strong>syst\u00e8mes de contr\u00f4le de la qualit\u00e9<\/strong>.<\/p>\n<ul>\n<li>Focus sur <strong>ingr\u00e9dients cosm\u00e9ceutiques et de sant\u00e9 r\u00e9g\u00e9n\u00e9rative<\/strong><\/li>\n<li>Certifi\u00e9 par <strong>ISO9001<\/strong>, <strong>USFDA<\/strong>, <strong>CACHERE<\/strong>, <strong>HALAL<\/strong>, <strong>Produits biologiques de l'UE et de l'USDA<\/strong><\/li>\n<li>Une \u00e9quipe d\u00e9di\u00e9e pour <strong>la documentation technique<\/strong>, <strong>d\u00e9veloppement de produits<\/strong>et <strong>service client\u00e8le<\/strong><\/li>\n<\/ul>\n<h2>Foire aux questions (FAQ)<\/h2>\n<h3>1. Qu'est-ce que le PDRN ?<\/h3>\n<p>Le PDRN (Polydeoxyribonucleotide) est une mol\u00e9cule \u00e0 base d'ADN extraite du sperme de saumon, connue pour ses vertus r\u00e9g\u00e9n\u00e9ratrices et anti-\u00e2ge.<\/p>\n<h3>2. Quelle puret\u00e9 offrez-vous ?<\/h3>\n<p>Nous proposons <strong>90% PDRN<\/strong> v\u00e9rifi\u00e9e par HPLC et par des laboratoires tiers.<\/p>\n<h3>3. Ce produit convient-il aux formulations injectables ?<\/h3>\n<p>Oui, il peut \u00eatre utilis\u00e9 dans <strong>m\u00e9soth\u00e9rapie et s\u00e9rums injectables<\/strong>en fonction de l'approbation r\u00e9glementaire dans votre r\u00e9gion.<\/p>\n<h3>4. Est-il certifi\u00e9 biologique ?<\/h3>\n<p>Oui - certifi\u00e9 par <strong>Biologique de l'UE<\/strong>, <strong>USDA Organic<\/strong>, <strong>CACHERE<\/strong>, <strong>HALAL<\/strong>, <strong>ISO22000<\/strong>et <strong>HACCP<\/strong>.<\/p>\n<h3>5. Puis-je obtenir un ACO et une aide \u00e0 la formulation ?<\/h3>\n<p>Absolument - nous fournissons <strong>ACO<\/strong>, <strong>documents techniques<\/strong>et <strong>services de formulation sur mesure<\/strong>.<\/p>","protected":false},"excerpt":{"rendered":"<ul>\n<li><strong>Nom du produit<\/strong>: PDRN Poudre<\/li>\n<li><strong>Autre nom<\/strong>: Poudre de saumon PDRN<\/li>\n<li><strong>Num\u00e9ro CAS<\/strong>: 100403-24-5<\/li>\n<li><strong>Apparence<\/strong>: Poudre blanche<\/li>\n<li><strong>La puret\u00e9<\/strong>: 90%<\/li>\n<li><strong>Synonymes<\/strong>: Polydeoxyribonucl\u00e9otide, extrait d'ADN de saumon, facteur de r\u00e9g\u00e9n\u00e9ration de la peau<\/li>\n<\/ul>","protected":false},"featured_media":1073,"comment_status":"open","ping_status":"closed","template":"","meta":{"_acf_changed":false},"product_brand":[],"product_cat":[22],"product_tag":[],"class_list":{"0":"post-1072","1":"product","2":"type-product","3":"status-publish","4":"has-post-thumbnail","6":"product_cat-cosmetic-personal-care-ingredients","8":"first","9":"instock","10":"shipping-taxable","11":"product-type-simple"},"acf":[],"_links":{"self":[{"href":"https:\/\/bstextract.com\/fr\/wp-json\/wp\/v2\/product\/1072","targetHints":{"allow":["GET"]}}],"collection":[{"href":"https:\/\/bstextract.com\/fr\/wp-json\/wp\/v2\/product"}],"about":[{"href":"https:\/\/bstextract.com\/fr\/wp-json\/wp\/v2\/types\/product"}],"replies":[{"embeddable":true,"href":"https:\/\/bstextract.com\/fr\/wp-json\/wp\/v2\/comments?post=1072"}],"wp:featuredmedia":[{"embeddable":true,"href":"https:\/\/bstextract.com\/fr\/wp-json\/wp\/v2\/media\/1073"}],"wp:attachment":[{"href":"https:\/\/bstextract.com\/fr\/wp-json\/wp\/v2\/media?parent=1072"}],"wp:term":[{"taxonomy":"product_brand","embeddable":true,"href":"https:\/\/bstextract.com\/fr\/wp-json\/wp\/v2\/product_brand?post=1072"},{"taxonomy":"product_cat","embeddable":true,"href":"https:\/\/bstextract.com\/fr\/wp-json\/wp\/v2\/product_cat?post=1072"},{"taxonomy":"product_tag","embeddable":true,"href":"https:\/\/bstextract.com\/fr\/wp-json\/wp\/v2\/product_tag?post=1072"}],"curies":[{"name":"wp","href":"https:\/\/api.w.org\/{rel}","templated":true}]}}