{"id":1093,"date":"2025-05-23T09:55:40","date_gmt":"2025-05-23T09:55:40","guid":{"rendered":"https:\/\/bstextract.com\/?post_type=product&#038;p=1093"},"modified":"2025-08-20T08:07:59","modified_gmt":"2025-08-20T08:07:59","slug":"isolat-de-proteine-de-soja-biologique","status":"publish","type":"product","link":"https:\/\/bstextract.com\/fr\/produit\/isolat-de-proteine-de-soja-biologique\/","title":{"rendered":"Isolat de prot\u00e9ines de soja biologique en poudre"},"content":{"rendered":"<p><strong>Isolat de prot\u00e9ines de soja<\/strong> est une poudre de prot\u00e9ine v\u00e9g\u00e9tale de haute puret\u00e9 extraite de <strong>soja non OGM<\/strong>. Avec un <strong>Contenu de la prot\u00e9ine 90%<\/strong>En outre, cet ingr\u00e9dient constitue une riche source de prot\u00e9ines compl\u00e8tes, contenant les neuf acides amin\u00e9s essentiels, ce qui en fait un choix id\u00e9al pour les r\u00e9gimes v\u00e9g\u00e9taliens et v\u00e9g\u00e9tariens.<\/p>\n<ul>\n<li><strong>Source botanique<\/strong>: <em>Glycine max<\/em> (Soja)<\/li>\n<li><strong>Num\u00e9ro CAS<\/strong>: -<\/li>\n<li><strong>Autres noms<\/strong>: Isolat de prot\u00e9ines de soja, prot\u00e9ines de soja isol\u00e9es, concentr\u00e9 de prot\u00e9ines de soja<\/li>\n<li><strong>Apparence physique<\/strong>: Fine poudre jaune<\/li>\n<li><strong>Sp\u00e9cifications<\/strong>Prot\u00e9ine : 90%<\/li>\n<li><strong>Synonymes \/ Noms alternatifs<\/strong>: Prot\u00e9ine de soja en poudre, prot\u00e9ine isol\u00e9e de soja, prot\u00e9ine de soja isol\u00e9e<\/li>\n<li><strong>COA : <a href=\"https:\/\/bstextract.com\/wp-content\/uploads\/2025\/05\/Soy-Protein-Isolated-COA.pdf\">Prot\u00e9ine de soja isol\u00e9e COA<\/a><\/strong><\/li>\n<\/ul>\n<p>Produites \u00e0 l'aide de proc\u00e9d\u00e9s de filtration et d'extraction avanc\u00e9s, nos <strong>Isolat de prot\u00e9ines de soja<\/strong> est pauvre en graisses, sans cholest\u00e9rol et tr\u00e8s digeste, ce qui le rend parfait pour la nutrition sportive, les compl\u00e9ments alimentaires, les aliments fonctionnels et les boissons.<\/p>\n<p><img fetchpriority=\"high\" decoding=\"async\" class=\"aligncenter size-full wp-image-1097\" src=\"https:\/\/bstextract.com\/wp-content\/uploads\/2025\/05\/organic-soy-protein-600x338-1.webp\" alt=\"\" width=\"600\" height=\"338\" title=\"\" srcset=\"https:\/\/bstextract.com\/wp-content\/uploads\/2025\/05\/organic-soy-protein-600x338-1.webp 600w, https:\/\/bstextract.com\/wp-content\/uploads\/2025\/05\/organic-soy-protein-600x338-1-300x169.webp 300w, https:\/\/bstextract.com\/wp-content\/uploads\/2025\/05\/organic-soy-protein-600x338-1-18x10.webp 18w\" sizes=\"(max-width: 600px) 100vw, 600px\" \/><\/p>\n<h2>Sp\u00e9cifications techniques<\/h2>\n<div>\n<div tabindex=\"-1\">\n<table>\n<thead>\n<tr>\n<th>Param\u00e8tres<\/th>\n<th>Sp\u00e9cifications<\/th>\n<\/tr>\n<\/thead>\n<tbody>\n<tr>\n<td>Nom du produit<\/td>\n<td>Isolat de prot\u00e9ines de soja<\/td>\n<\/tr>\n<tr>\n<td>Autre nom<\/td>\n<td>Isolat de prot\u00e9ines de soja<\/td>\n<\/tr>\n<tr>\n<td>Source<\/td>\n<td>Extrait de soja<\/td>\n<\/tr>\n<tr>\n<td>Apparence<\/td>\n<td>Poudre jaune<\/td>\n<\/tr>\n<tr>\n<td>Sp\u00e9cification du produit<\/td>\n<td>90% Prot\u00e9ine<\/td>\n<\/tr>\n<tr>\n<td>Emballage<\/td>\n<td>1kg\/sac\/carton ou 25kg\/tambour\/carton, personnalisable<\/td>\n<\/tr>\n<tr>\n<td>Disponibilit\u00e9 des \u00e9chantillons<\/td>\n<td>\u00c9chantillons gratuits<\/td>\n<\/tr>\n<tr>\n<td>Dur\u00e9e de conservation<\/td>\n<td>24 mois (en cas de stockage ad\u00e9quat)<\/td>\n<\/tr>\n<tr>\n<td>Conditions de stockage<\/td>\n<td>Conserver dans des r\u00e9cipients \u00e9tanches et r\u00e9sistants \u00e0 la lumi\u00e8re. \u00c9viter la lumi\u00e8re directe du soleil, l'humidit\u00e9 et la chaleur excessive.<\/td>\n<\/tr>\n<tr>\n<td>Certifications<\/td>\n<td>KOSHER, HACCP, ISO22000, HALAL, EU Organic, USDA Organic<\/td>\n<\/tr>\n<\/tbody>\n<\/table>\n<div>\n<div><\/div>\n<\/div>\n<\/div>\n<\/div>\n<p><strong>Caract\u00e9ristiques principales<\/strong>:<\/p>\n<ul>\n<li>Haute teneur en prot\u00e9ines (90%)<\/li>\n<li>Source compl\u00e8te de prot\u00e9ines d'origine v\u00e9g\u00e9tale<\/li>\n<li>Convient aux v\u00e9g\u00e9tariens et aux v\u00e9g\u00e9taliens<\/li>\n<li>Faible teneur en mati\u00e8res grasses, sans cholest\u00e9rol<\/li>\n<li>Exempt d'allerg\u00e8nes courants tels que les produits laitiers et le lactose<\/li>\n<li>Excellente solubilit\u00e9 et facilit\u00e9 de m\u00e9lange dans diverses formulations<\/li>\n<\/ul>\n<h2>Qualit\u00e9 et conformit\u00e9<\/h2>\n<p>Notre <strong>Isolat de prot\u00e9ines de soja<\/strong> est produit selon des normes strictes de contr\u00f4le de la qualit\u00e9 :<\/p>\n<ul>\n<li><strong>Certifications<\/strong>: KOSHER, HALAL, ISO22000, HACCP, EU Organic, USDA Organic<\/li>\n<li><strong>Conformit\u00e9<\/strong>: Conforme aux normes internationales USP, EP, CP<\/li>\n<li><strong>Essais<\/strong>:\n<ul>\n<li>Puret\u00e9 de la prot\u00e9ine (90%)<\/li>\n<li>S\u00e9curit\u00e9 microbiologique<\/li>\n<li>M\u00e9taux lourds<\/li>\n<li>R\u00e9sidus de pesticides<\/li>\n<\/ul>\n<\/li>\n<li><strong>ACO<\/strong>: Certificat d'analyse disponible pour chaque lot<\/li>\n<li><strong>S\u00e9curit\u00e9<\/strong>: Contr\u00f4le total de la contamination et tra\u00e7abilit\u00e9 tout au long de la production<\/li>\n<\/ul>\n<p><img decoding=\"async\" class=\"aligncenter wp-image-1539 size-large\" src=\"https:\/\/bstextract.com\/wp-content\/uploads\/2025\/05\/100011-1024x787.webp\" alt=\"USDA\" width=\"1024\" height=\"787\" title=\"\" srcset=\"https:\/\/bstextract.com\/wp-content\/uploads\/2025\/05\/100011-1024x787.webp 1024w, https:\/\/bstextract.com\/wp-content\/uploads\/2025\/05\/100011-300x230.webp 300w, https:\/\/bstextract.com\/wp-content\/uploads\/2025\/05\/100011-768x590.webp 768w, https:\/\/bstextract.com\/wp-content\/uploads\/2025\/05\/100011-1536x1180.webp 1536w, https:\/\/bstextract.com\/wp-content\/uploads\/2025\/05\/100011-16x12.webp 16w, https:\/\/bstextract.com\/wp-content\/uploads\/2025\/05\/100011-600x461.webp 600w, https:\/\/bstextract.com\/wp-content\/uploads\/2025\/05\/100011.webp 1700w\" sizes=\"(max-width: 1024px) 100vw, 1024px\" \/><\/p>\n<h2>Applications<\/h2>\n<h3>Industries primaires<\/h3>\n<ul>\n<li><strong>Nutrition sportive<\/strong><\/li>\n<li><strong>Compl\u00e9ments alimentaires<\/strong><\/li>\n<li><strong>Aliments fonctionnels<\/strong><\/li>\n<li><strong>Boissons<\/strong><\/li>\n<li><strong>Poudres de remplacement de repas<\/strong><\/li>\n<li><strong>Produits de boulangerie<\/strong><\/li>\n<li><strong>Aliments v\u00e9g\u00e9taliens et v\u00e9g\u00e9tariens<\/strong><\/li>\n<\/ul>\n<h3>Cas d'utilisation typiques<\/h3>\n<ul>\n<li>Boissons prot\u00e9in\u00e9es et smoothies<\/li>\n<li>Produits de remplacement de repas et de gestion du poids<\/li>\n<li>En-cas et barres enrichis en prot\u00e9ines<\/li>\n<li>Yaourts et produits laitiers \u00e0 base de plantes<\/li>\n<li>P\u00e2tisserie v\u00e9g\u00e9talienne (pains, g\u00e2teaux, p\u00e2tisseries)<\/li>\n<\/ul>\n<h3>Recommandations de dosage<\/h3>\n<ul>\n<li>Usage courant : <strong>10-30g par portion<\/strong>selon la formulation<\/li>\n<li>Boissons prot\u00e9in\u00e9es : g\u00e9n\u00e9ralement 20 g par portion<\/li>\n<\/ul>\n<h3>Compatibilit\u00e9 des ingr\u00e9dients<\/h3>\n<ul>\n<li>Se combine bien avec :\n<ul>\n<li><a href=\"https:\/\/bstextract.com\/fr\/produit\/proteine-de-pois\/\">Prot\u00e9ine de pois<\/a><\/li>\n<li><a href=\"https:\/\/bstextract.com\/fr\/produit\/80-proteines-de-riz-en-poudre\/\">Prot\u00e9ines de riz brun<\/a><\/li>\n<li>Prot\u00e9ines d'avoine<\/li>\n<li>Super-aliments et extraits de plantes<\/li>\n<li>Vitamines et min\u00e9raux<\/li>\n<\/ul>\n<\/li>\n<\/ul>\n<h2>Fourniture et service<\/h2>\n<ul>\n<li><strong>MOQ<\/strong>: 1kg<\/li>\n<li><strong>Options d'emballage<\/strong>:\n<ul>\n<li>1kg\/sac\/carton<\/li>\n<li>25kg\/tambour\/carton<\/li>\n<li>Emballage personnalis\u00e9 disponible sur demande<\/li>\n<\/ul>\n<\/li>\n<li><strong>Approvisionnement en vrac<\/strong>: Forte capacit\u00e9 de production et soutien des stocks<\/li>\n<li><strong>OEM\/ODM<\/strong>: Options de service complet OEM\/ODM et de marque priv\u00e9e<\/li>\n<li><strong>D\u00e9lai d'ex\u00e9cution<\/strong>: 5-7 jours ouvrables pour les articles en stock<\/li>\n<li><strong>Exp\u00e9dition<\/strong>: Exp\u00e9dition dans le monde entier par voie maritime, a\u00e9rienne ou par service de messagerie<\/li>\n<li><strong>Support technique<\/strong>: Des conseils en mati\u00e8re de formulation et des orientations r\u00e9glementaires sont disponibles<\/li>\n<li><strong>Apr\u00e8s-vente<\/strong>: Un service client\u00e8le d\u00e9di\u00e9 et un service de commandes r\u00e9p\u00e9t\u00e9es<\/li>\n<\/ul>\n<h2>R\u00e9f\u00e9rences de l'entreprise<\/h2>\n<p><strong>Xi'an Best Bio-Tech Co. Ltd.<\/strong> est un fournisseur mondial de <strong>prot\u00e9ines d'origine v\u00e9g\u00e9tale<\/strong> et <strong>extraits naturels de plantes<\/strong>qui offre des produits de haute qualit\u00e9 et un service exceptionnel \u00e0 des clients dans plus de 60 pays. Notre usine de <strong>Yangling, Chine<\/strong> est \u00e9quip\u00e9 de <strong>Lignes de production automatis\u00e9es certifi\u00e9es GMP<\/strong> et des instruments de test de qualit\u00e9 avanc\u00e9s.<\/p>\n<p>Les certifications comprennent <strong>CASHER, HALAL, ISO9001, HACCP, USFDA<\/strong>Les normes internationales les plus strictes s'appliquent \u00e0 nos produits.<\/p>\n<p>Notre portefeuille de produits comprend<\/p>\n<ul>\n<li><strong>Prot\u00e9ines d'origine v\u00e9g\u00e9tale<\/strong><\/li>\n<li><strong>Extraits de champignons<\/strong><\/li>\n<li><strong>Extraits de plantes<\/strong><\/li>\n<li><strong>Poudres de fruits et l\u00e9gumes<\/strong><\/li>\n<\/ul>\n<p>Nous nous engageons \u00e0 fournir <strong>s\u00fbr<\/strong>, <strong>efficace<\/strong>et <strong>ingr\u00e9dients personnalis\u00e9s<\/strong> pour soutenir des modes de vie sains dans le monde entier.<\/p>\n<h2>FAQ<\/h2>\n<h3>1. \u00c0 quoi sert l'isolat de prot\u00e9ines de soja ?<\/h3>\n<p>Il est utilis\u00e9 dans <strong>nutrition sportive<\/strong>, <strong>aliments fonctionnels<\/strong>, <strong>les compl\u00e9ments alimentaires<\/strong>et <strong>produits \u00e0 base de plantes<\/strong> comme source de prot\u00e9ines de haute qualit\u00e9.<\/p>\n<h3>2. Quelle est la posologie habituelle ?<\/h3>\n<p>Portion courante : <strong>10-30g par portion<\/strong>en fonction de l'application.<\/p>\n<h3>3. Votre isolat de prot\u00e9ines de soja est-il certifi\u00e9 ?<\/h3>\n<p>Oui - notre produit est <strong>KOSHER, HALAL, ISO22000, HACCP, EU Organic, USDA Organic<\/strong> certifi\u00e9e.<\/p>\n<h3>4. Proposez-vous des services OEM\/ODM ?<\/h3>\n<p>Oui - nous proposons <strong>OEM\/ODM, marque de distributeur<\/strong>et des solutions d'emballage personnalis\u00e9es.<\/p>\n<h3>5. Quel est votre MOQ ?<\/h3>\n<p><strong>1kg<\/strong>.<\/p>\n<h3>6. Comment dois-je conserver l'isolat de prot\u00e9ines de soja ?<\/h3>\n<p>Stocker dans <strong>des r\u00e9cipients herm\u00e9tiques et r\u00e9sistants \u00e0 la lumi\u00e8re<\/strong> loin de <strong>chaleur et humidit\u00e9<\/strong> pour une qualit\u00e9 optimale.<\/p>","protected":false},"excerpt":{"rendered":"<ul>\n<li><strong>Source botanique<\/strong>: <em>Glycine max<\/em> (Soja)<\/li>\n<li><strong>Autres noms<\/strong>: Isolat de prot\u00e9ines de soja, prot\u00e9ines de soja isol\u00e9es, concentr\u00e9 de prot\u00e9ines de soja<\/li>\n<li><strong>Apparence physique<\/strong>: Fine poudre jaune<\/li>\n<li><strong>Sp\u00e9cifications<\/strong>Prot\u00e9ine : 90%<\/li>\n<li><strong>Synonymes \/ Noms alternatifs<\/strong>: Prot\u00e9ine de soja en poudre, prot\u00e9ine isol\u00e9e de soja, prot\u00e9ine de soja isol\u00e9e<\/li>\n<\/ul>\n<p>&nbsp;<\/p>","protected":false},"featured_media":1094,"comment_status":"open","ping_status":"closed","template":"","meta":{"_acf_changed":false},"product_brand":[],"product_cat":[21],"product_tag":[],"class_list":{"0":"post-1093","1":"product","2":"type-product","3":"status-publish","4":"has-post-thumbnail","6":"product_cat-plant-extracts","8":"first","9":"instock","10":"shipping-taxable","11":"product-type-simple"},"acf":[],"_links":{"self":[{"href":"https:\/\/bstextract.com\/fr\/wp-json\/wp\/v2\/product\/1093","targetHints":{"allow":["GET"]}}],"collection":[{"href":"https:\/\/bstextract.com\/fr\/wp-json\/wp\/v2\/product"}],"about":[{"href":"https:\/\/bstextract.com\/fr\/wp-json\/wp\/v2\/types\/product"}],"replies":[{"embeddable":true,"href":"https:\/\/bstextract.com\/fr\/wp-json\/wp\/v2\/comments?post=1093"}],"wp:featuredmedia":[{"embeddable":true,"href":"https:\/\/bstextract.com\/fr\/wp-json\/wp\/v2\/media\/1094"}],"wp:attachment":[{"href":"https:\/\/bstextract.com\/fr\/wp-json\/wp\/v2\/media?parent=1093"}],"wp:term":[{"taxonomy":"product_brand","embeddable":true,"href":"https:\/\/bstextract.com\/fr\/wp-json\/wp\/v2\/product_brand?post=1093"},{"taxonomy":"product_cat","embeddable":true,"href":"https:\/\/bstextract.com\/fr\/wp-json\/wp\/v2\/product_cat?post=1093"},{"taxonomy":"product_tag","embeddable":true,"href":"https:\/\/bstextract.com\/fr\/wp-json\/wp\/v2\/product_tag?post=1093"}],"curies":[{"name":"wp","href":"https:\/\/api.w.org\/{rel}","templated":true}]}}