{"id":1106,"date":"2025-05-26T01:50:27","date_gmt":"2025-05-26T01:50:27","guid":{"rendered":"https:\/\/bstextract.com\/?post_type=product&#038;p=1106"},"modified":"2025-08-28T08:20:26","modified_gmt":"2025-08-28T08:20:26","slug":"creatine-monohydrate-200-mesh","status":"publish","type":"product","link":"https:\/\/bstextract.com\/fr\/produit\/creatine-monohydrate-200-mesh\/","title":{"rendered":"Monohydrate de cr\u00e9atine"},"content":{"rendered":"<h2><strong><span class=\"selected\">Aper\u00e7u du produit<\/span><\/strong><\/h2>\n<p><span class=\"selected\">Notre Creatine Monohydrate 200 Mesh est un ingr\u00e9dient pur et micronis\u00e9 de haute puissance, con\u00e7u pour r\u00e9pondre aux exigences rigoureuses des industries des compl\u00e9ments alimentaires et des aliments fonctionnels. Gr\u00e2ce \u00e0 un processus de cristallisation et de broyage contr\u00f4l\u00e9, nous produisons une poudre fine avec une taille de particule constante qui am\u00e9liore consid\u00e9rablement ses propri\u00e9t\u00e9s physiques. En tant que leader dans le domaine des <\/span><strong><span class=\"selected\">fabricant<\/span><\/strong><span class=\"selected\">Gr\u00e2ce \u00e0 notre syst\u00e8me de gestion de la qualit\u00e9, nous nous assurons que chaque lot respecte les normes mondiales les plus strictes en mati\u00e8re de qualit\u00e9 et de s\u00e9curit\u00e9, ce qui vous permet de disposer d'un ingr\u00e9dient fiable et efficace pour le lancement de votre prochain produit.<\/span><\/p>\n<p><img fetchpriority=\"high\" decoding=\"async\" class=\"aligncenter size-full wp-image-1110\" src=\"https:\/\/bstextract.com\/wp-content\/uploads\/2025\/05\/mainq2-1024x683-1.jpg\" alt=\"Applications de la cr\u00e9atine monohydrate\" width=\"1024\" height=\"683\" title=\"\" srcset=\"https:\/\/bstextract.com\/wp-content\/uploads\/2025\/05\/mainq2-1024x683-1.jpg 1024w, https:\/\/bstextract.com\/wp-content\/uploads\/2025\/05\/mainq2-1024x683-1-300x200.jpg 300w, https:\/\/bstextract.com\/wp-content\/uploads\/2025\/05\/mainq2-1024x683-1-768x512.jpg 768w, https:\/\/bstextract.com\/wp-content\/uploads\/2025\/05\/mainq2-1024x683-1-18x12.jpg 18w, https:\/\/bstextract.com\/wp-content\/uploads\/2025\/05\/mainq2-1024x683-1-600x400.jpg 600w\" sizes=\"(max-width: 1024px) 100vw, 1024px\" \/><\/p>\n<p><strong><span class=\"selected\">Des avantages uniques :<\/span><\/strong><\/p>\n<ul>\n<li><strong><span class=\"selected\">Dispersibilit\u00e9 sup\u00e9rieure :<\/span><\/strong><span class=\"selected\"> La taille des particules de 200 mesh assure un m\u00e9lange rapide et sans grumeaux dans les liquides, cr\u00e9ant un produit final lisse et app\u00e9tissant pour le consommateur final.<\/span><\/li>\n<li><strong><span class=\"selected\">Optimis\u00e9 pour la fabrication :<\/span><\/strong><span class=\"selected\"> Avec une densit\u00e9 en vrac constante et une excellente fluidit\u00e9, notre cr\u00e9atine en poudre r\u00e9duit la poussi\u00e8re, am\u00e9liore la pr\u00e9cision du dosage et minimise les temps d'arr\u00eat sur les lignes d'encapsulation et d'empilage \u00e0 grande vitesse.<\/span><\/li>\n<li><strong><span class=\"selected\">Haute biodisponibilit\u00e9 :<\/span><\/strong><span class=\"selected\"> La forme micronis\u00e9e pr\u00e9sente une plus grande surface, ce qui peut faciliter une absorption plus efficace dans l'organisme.<\/span><\/li>\n<li><strong><span class=\"selected\">Profil sensoriel neutre :<\/span><\/strong><span class=\"selected\"> Compl\u00e8tement inodore et insipide, il n'interf\u00e8re pas avec le profil de saveur de votre produit fini.<\/span><\/li>\n<li><strong><span class=\"selected\">Directement de l'usine :<\/span><\/strong><span class=\"selected\"> Notre cha\u00eene d'approvisionnement verticalement int\u00e9gr\u00e9e garantit une tra\u00e7abilit\u00e9 totale, un approvisionnement stable et des prix comp\u00e9titifs en \u00e9liminant les interm\u00e9diaires.<\/span><\/li>\n<\/ul>\n<h2><strong><span class=\"selected\">Principaux param\u00e8tres techniques<\/span><\/strong><\/h2>\n<p><span class=\"selected\">Ce tableau repr\u00e9sente les valeurs typiques de notre certificat d'analyse. Les r\u00e9sultats de lots sp\u00e9cifiques peuvent varier l\u00e9g\u00e8rement.<\/span><\/p>\n<table>\n<tbody>\n<tr>\n<th><span class=\"selected\">Param\u00e8tres<\/span><\/th>\n<th><span class=\"selected\">Standard<\/span><\/th>\n<th><span class=\"selected\">R\u00e9sultat typique<\/span><\/th>\n<th><span class=\"selected\">M\u00e9thode<\/span><\/th>\n<\/tr>\n<tr>\n<td><strong><span class=\"selected\">Apparence<\/span><\/strong><\/td>\n<td><span class=\"selected\">Poudre blanche<\/span><\/td>\n<td><span class=\"selected\">Conforme<\/span><\/td>\n<td><span class=\"selected\">Visuel<\/span><\/td>\n<\/tr>\n<tr>\n<td><strong><span class=\"selected\">Go\u00fbt \/ Odeur<\/span><\/strong><\/td>\n<td><span class=\"selected\">Sans go\u00fbt \/ sans odeur<\/span><\/td>\n<td><span class=\"selected\">Conforme<\/span><\/td>\n<td><span class=\"selected\">Organoleptique<\/span><\/td>\n<\/tr>\n<tr>\n<td><strong><span class=\"selected\">Essai (puret\u00e9)<\/span><\/strong><\/td>\n<td><span class=\"selected\">Min 99.50%<\/span><\/td>\n<td><strong><span class=\"selected\">99.98%<\/span><\/strong><\/td>\n<td><strong><span class=\"selected\">HPLC<\/span><\/strong><\/td>\n<\/tr>\n<tr>\n<td><strong><span class=\"selected\">Taille des particules<\/span><\/strong><\/td>\n<td><span class=\"selected\">100% jusqu'\u00e0 200 mesh<\/span><\/td>\n<td><span class=\"selected\">Conforme<\/span><\/td>\n<td><span class=\"selected\">Tamisage<\/span><\/td>\n<\/tr>\n<tr>\n<td><strong><span class=\"selected\">Perte au s\u00e9chage<\/span><\/strong><\/td>\n<td><span class=\"selected\">Max 12.0%<\/span><\/td>\n<td><span class=\"selected\">11.27%<\/span><\/td>\n<td><span class=\"selected\">USP<\/span><\/td>\n<\/tr>\n<tr>\n<td><strong><span class=\"selected\">R\u00e9sidus \u00e0 l'allumage<\/span><\/strong><\/td>\n<td><span class=\"selected\">Max 0.10%<\/span><\/td>\n<td><span class=\"selected\">0.01%<\/span><\/td>\n<td><span class=\"selected\">USP<\/span><\/td>\n<\/tr>\n<tr>\n<td><strong><span class=\"selected\">Densit\u00e9 en vrac<\/span><\/strong><\/td>\n<td><span class=\"selected\">Min 0,50 g\/L<\/span><\/td>\n<td><span class=\"selected\">0,51 g\/L<\/span><\/td>\n<td><span class=\"selected\">USP<\/span><\/td>\n<\/tr>\n<tr>\n<td><strong><span class=\"selected\">Clart\u00e9 de la solution<\/span><\/strong><\/td>\n<td><span class=\"selected\">Transparent et incolore<\/span><\/td>\n<td><span class=\"selected\">Conforme<\/span><\/td>\n<td><span class=\"selected\">Visuel<\/span><\/td>\n<\/tr>\n<tr>\n<td><strong><span class=\"selected\">M\u00e9taux lourds (en Pb)<\/span><\/strong><\/td>\n<td><span class=\"selected\">Max 10 ppm<\/span><\/td>\n<td><span class=\"selected\">&lt; 10 ppm<\/span><\/td>\n<td><span class=\"selected\">ICP-MS<\/span><\/td>\n<\/tr>\n<tr>\n<td><strong><span class=\"selected\">Nombre total de plaques<\/span><\/strong><\/td>\n<td><span class=\"selected\">&lt; 1000 UFC\/G<\/span><\/td>\n<td><span class=\"selected\">Conforme<\/span><\/td>\n<td><span class=\"selected\">USP<\/span><\/td>\n<\/tr>\n<tr>\n<td><strong><span class=\"selected\">Levures et moisissures<\/span><\/strong><\/td>\n<td><span class=\"selected\">&lt; 25 UFC\/G<\/span><\/td>\n<td><span class=\"selected\">Conforme<\/span><\/td>\n<td><span class=\"selected\">USP<\/span><\/td>\n<\/tr>\n<tr>\n<td><strong><span class=\"selected\">E. Coli, Salmonella, S. Aureus<\/span><\/strong><\/td>\n<td><span class=\"selected\">N\u00e9gatif<\/span><\/td>\n<td><span class=\"selected\">N\u00e9gatif<\/span><\/td>\n<td><span class=\"selected\">USP<\/span><\/td>\n<\/tr>\n<\/tbody>\n<\/table>\n<h2><strong><span class=\"selected\">Essais et assurance qualit\u00e9<\/span><\/strong><\/h2>\n<p><span class=\"selected\">La qualit\u00e9 est la pierre angulaire de notre philosophie de fabrication. Nous fournissons \u00e0 nos partenaires un ingr\u00e9dient non seulement puissant, mais aussi exceptionnellement pur et s\u00fbr.<\/span><\/p>\n<h3><strong><span class=\"selected\">M\u00e9thodes analytiques avanc\u00e9es<\/span><\/strong><\/h3>\n<p><span class=\"selected\">Alors que d'autres s'appuient sur le titrage, nous certifions la puret\u00e9 de notre monohydrate de cr\u00e9atine \u00e0 l'aide de la m\u00e9thode suivante <\/span><strong><span class=\"selected\">Chromatographie liquide \u00e0 haute performance (HPLC)<\/span><\/strong><span class=\"selected\">. Cette m\u00e9thode avanc\u00e9e s\u00e9pare et quantifie avec pr\u00e9cision la cr\u00e9atine, la distinguant des impuret\u00e9s potentielles telles que la cr\u00e9atinine, le dicyandiamide et d'autres substances apparent\u00e9es, ce qui garantit que vous recevez un produit dont la puissance a \u00e9t\u00e9 v\u00e9rifi\u00e9e.<\/span><\/p>\n<h3><strong><span class=\"selected\">Coh\u00e9rence d'un lot \u00e0 l'autre<\/span><\/strong><\/h3>\n<p><span class=\"selected\">Op\u00e9rer dans des conditions strictes <\/span><strong><span class=\"selected\">BPF (Bonnes pratiques de fabrication)<\/span><\/strong><span class=\"selected\">En outre, notre processus est m\u00e9ticuleusement contr\u00f4l\u00e9 depuis la synth\u00e8se des mati\u00e8res premi\u00e8res jusqu'\u00e0 l'emballage final. Ainsi, chaque lot que vous recevez pr\u00e9sente une distribution granulom\u00e9trique, une puret\u00e9 et des propri\u00e9t\u00e9s physiques constantes, ce qui garantit la pr\u00e9visibilit\u00e9 et la fiabilit\u00e9 de vos cycles de production. Notre statut d'entreprise mondiale de confiance <\/span><strong><span class=\"selected\">fournisseur<\/span><\/strong><span class=\"selected\"> est construit sur cette base de qualit\u00e9 et de transparence.<\/span><\/p>\n<h3><strong><span class=\"selected\">Documentation disponible<\/span><\/strong><\/h3>\n<p><span class=\"selected\">Nous fournissons un ensemble complet de documents pour r\u00e9pondre \u00e0 vos besoins en mati\u00e8re de contr\u00f4le de la qualit\u00e9 et de r\u00e9glementation :<\/span><\/p>\n<ul>\n<li><span class=\"selected\">Certificat d'analyse (COA) pour chaque lot<\/span><\/li>\n<li><span class=\"selected\">Fiche de donn\u00e9es de s\u00e9curit\u00e9 (FDS)<\/span><\/li>\n<li><span class=\"selected\">D\u00e9claration sur les allerg\u00e8nes<\/span><\/li>\n<li><span class=\"selected\">D\u00e9claration sur les non-OGM<\/span><\/li>\n<li><span class=\"selected\">Certificats kasher et halal<\/span><\/li>\n<li><span class=\"selected\">Certification ISO 9001 \/ 22000<\/span><\/li>\n<\/ul>\n<h2><strong><span class=\"selected\">Applications et conseils en mati\u00e8re de formulation<\/span><\/strong><\/h2>\n<p><span class=\"selected\">Notre cr\u00e9atine monohydrate 200 mesh est polyvalente et convient \u00e0 un large \u00e9ventail d'applications.<\/span><\/p>\n<h3><strong><span class=\"selected\">Poudres de nutrition sportive (pr\u00e9\/post-entra\u00eenement, m\u00e9langes de prot\u00e9ines)<\/span><\/strong><\/h3>\n<p><span class=\"selected\">La taille des particules fines \u00e9limine la sensation de sable ou de granulosit\u00e9 en bouche commune avec la cr\u00e9atine standard 80 mesh. Elle se disperse instantan\u00e9ment dans les shakers, cr\u00e9ant une exp\u00e9rience de consommation de premi\u00e8re qualit\u00e9.<\/span><\/p>\n<ul>\n<li><strong><span class=\"selected\">Dosage recommand\u00e9 :<\/span><\/strong><span class=\"selected\"> 3-5 grammes par portion.<\/span><\/li>\n<\/ul>\n<h3><strong><span class=\"selected\">Boissons fonctionnelles et boissons pr\u00eates \u00e0 boire (RTD)<\/span><\/strong><\/h3>\n<p><span class=\"selected\">Son excellente solubilit\u00e9 en fait un candidat de choix pour les boissons claires. Cependant, la stabilit\u00e9 de la cr\u00e9atine dans les solutions aqueuses d\u00e9pend du pH et de la temp\u00e9rature. Pour une dur\u00e9e de conservation optimale dans les boissons acides (pH &lt; 4,5), nous recommandons d&#039;effectuer des tests de stabilit\u00e9 ou d&#039;ajouter la poudre juste avant la consommation. Dans les boissons \u00e0 pH neutre, la stabilit\u00e9 est nettement am\u00e9lior\u00e9e.<\/span><\/p>\n<ul>\n<li><strong><span class=\"selected\">Dosage recommand\u00e9 :<\/span><\/strong><span class=\"selected\"> 1-3 grammes par 100 ml.<\/span><\/li>\n<\/ul>\n<h3><strong><span class=\"selected\">Capsules et comprim\u00e9s<\/span><\/strong><\/h3>\n<p><span class=\"selected\">La densit\u00e9 en vrac constante et les propri\u00e9t\u00e9s d'\u00e9coulement sup\u00e9rieures du produit en font un produit id\u00e9al pour le compactage par compression directe \u00e0 grande vitesse et le remplissage automatis\u00e9 des g\u00e9lules, ce qui garantit un dosage uniforme et une production efficace.<\/span><\/p>\n<h2><strong><span class=\"selected\">Stabilit\u00e9 et stockage<\/span><\/strong><\/h2>\n<p><span class=\"selected\">La cr\u00e9atine monohydrate est l\u00e9g\u00e8rement hygroscopique. Pour pr\u00e9server l'int\u00e9grit\u00e9 du produit, il doit \u00eatre conserv\u00e9 dans son emballage d'origine, non ouvert, dans un endroit frais et sec, \u00e0 l'abri de la lumi\u00e8re directe du soleil et de l'humidit\u00e9. Une fois ouvert, le r\u00e9cipient doit \u00eatre referm\u00e9 herm\u00e9tiquement.<\/span><\/p>\n<p><strong><span class=\"selected\">Informations sur la s\u00e9curit\u00e9 et la r\u00e9glementation<\/span><\/strong><\/p>\n<p><span class=\"selected\">Notre cr\u00e9atine monohydrate est produite dans le respect des principales normes mondiales de s\u00e9curit\u00e9 alimentaire. Elle est reconnue comme GRAS (Generally Recognized as Safe) pour une utilisation dans des cat\u00e9gories d'aliments sp\u00e9cifiques par la FDA am\u00e9ricaine. Tous les lots sont test\u00e9s pour s'assurer qu'ils sont bien en dessous des limites strictes pour les m\u00e9taux lourds, les contaminants microbiens et les r\u00e9sidus de solvants.<\/span><\/p>\n<h2><strong><span class=\"selected\">Foire aux questions (FAQ)<\/span><\/strong><\/h2>\n<p><strong><span class=\"selected\">Q1 : Quel est le principal avantage de la cr\u00e9atine 200 mesh par rapport \u00e0 la cr\u00e9atine standard 80 mesh ?<\/span><\/strong><\/p>\n<p><span class=\"selected\">A1 : Le principal avantage est une solubilit\u00e9 et une dispersibilit\u00e9 nettement am\u00e9lior\u00e9es dans les liquides. Il en r\u00e9sulte une texture plus lisse, un m\u00e9lange plus rapide et une meilleure exp\u00e9rience pour le consommateur, en particulier dans les m\u00e9langes de boissons en poudre.<\/span><\/p>\n<p><strong><span class=\"selected\">Q2 : Votre cr\u00e9atine monohydrate est-elle test\u00e9e par un laboratoire tiers ?<\/span><\/strong><\/p>\n<p><span class=\"selected\">R2 : Oui, en plus de notre laboratoire interne certifi\u00e9 GMP, nous pouvons fournir sur demande des rapports d'analyse de tiers pour v\u00e9rifier la puret\u00e9, la puissance et la s\u00e9curit\u00e9.<\/span><\/p>\n<p><strong><span class=\"selected\">Q3 : Quelle est la quantit\u00e9 minimale de commande (MOQ) et quel est le d\u00e9lai de livraison standard ?<\/span><\/strong><\/p>\n<p><span class=\"selected\">A3 : Notre quantit\u00e9 minimale de commande est d'une palette (par exemple, 500 kg). Le d\u00e9lai de livraison standard est de 2 \u00e0 4 semaines, en fonction de votre localisation et du volume de la commande. Veuillez nous contacter pour toute demande sp\u00e9cifique.<\/span><\/p>\n<p><strong><span class=\"selected\">Q4 : Fournissez-vous des produits en provenance directe de l'usine ?<\/span><\/strong><\/p>\n<p><span class=\"selected\">A4 : Oui, nous sommes l'original <\/span><strong><span class=\"selected\">fabricant<\/span><\/strong><span class=\"selected\"> et <\/span><strong><span class=\"selected\">exportateur<\/span><\/strong><span class=\"selected\">. S'approvisionner chez nous garantit une tra\u00e7abilit\u00e9 totale, une cha\u00eene d'approvisionnement stable et les prix les plus comp\u00e9titifs en \u00e9liminant les majorations des distributeurs.<\/span><\/p>\n<p><strong><span class=\"selected\">Q5 : Comment puis-je demander un \u00e9chantillon pour un test de formulation ?<\/span><\/strong><\/p>\n<p><span class=\"selected\">A5 : Vous pouvez facilement demander un \u00e9chantillon en cliquant sur le bouton \"Demander un \u00e9chantillon\" sur cette page et en remplissant un court formulaire. Notre \u00e9quipe technico-commerciale vous r\u00e9pondra dans les meilleurs d\u00e9lais.<\/span><\/p>","protected":false},"excerpt":{"rendered":"<ul>\n<li><b>Produit :<\/b> Cr\u00e9atine Monohydrate, 200 Mesh Poudre<\/li>\n<li><b>La puret\u00e9 :<\/b> &gt;99,5% par HPLC<\/li>\n<li><b>Source :<\/b> Synth\u00e9tique de haute puret\u00e9, enti\u00e8rement tra\u00e7able<\/li>\n<li><b>Caract\u00e9ristiques principales :<\/b> Micronis\u00e9 pour une solubilit\u00e9 sup\u00e9rieure et une sensation douce en bouche. Excellente fluidit\u00e9 pour une fabrication \u00e0 grande vitesse.<\/li>\n<li><b>Applications :<\/b> Id\u00e9al pour les poudres de nutrition sportive, les boissons fonctionnelles, les g\u00e9lules et les comprim\u00e9s.<\/li>\n<li><b>Conformit\u00e9 :<\/b> Certifi\u00e9 GMP, ISO, Kosher, Halal.<\/li>\n<\/ul>","protected":false},"featured_media":1107,"comment_status":"open","ping_status":"closed","template":"","meta":{"_acf_changed":false},"product_brand":[],"product_cat":[15],"product_tag":[],"class_list":{"0":"post-1106","1":"product","2":"type-product","3":"status-publish","4":"has-post-thumbnail","6":"product_cat-dietary-supplements","8":"first","9":"instock","10":"shipping-taxable","11":"product-type-simple"},"acf":[],"_links":{"self":[{"href":"https:\/\/bstextract.com\/fr\/wp-json\/wp\/v2\/product\/1106","targetHints":{"allow":["GET"]}}],"collection":[{"href":"https:\/\/bstextract.com\/fr\/wp-json\/wp\/v2\/product"}],"about":[{"href":"https:\/\/bstextract.com\/fr\/wp-json\/wp\/v2\/types\/product"}],"replies":[{"embeddable":true,"href":"https:\/\/bstextract.com\/fr\/wp-json\/wp\/v2\/comments?post=1106"}],"wp:featuredmedia":[{"embeddable":true,"href":"https:\/\/bstextract.com\/fr\/wp-json\/wp\/v2\/media\/1107"}],"wp:attachment":[{"href":"https:\/\/bstextract.com\/fr\/wp-json\/wp\/v2\/media?parent=1106"}],"wp:term":[{"taxonomy":"product_brand","embeddable":true,"href":"https:\/\/bstextract.com\/fr\/wp-json\/wp\/v2\/product_brand?post=1106"},{"taxonomy":"product_cat","embeddable":true,"href":"https:\/\/bstextract.com\/fr\/wp-json\/wp\/v2\/product_cat?post=1106"},{"taxonomy":"product_tag","embeddable":true,"href":"https:\/\/bstextract.com\/fr\/wp-json\/wp\/v2\/product_tag?post=1106"}],"curies":[{"name":"wp","href":"https:\/\/api.w.org\/{rel}","templated":true}]}}