{"id":1131,"date":"2025-05-27T01:49:14","date_gmt":"2025-05-27T01:49:14","guid":{"rendered":"https:\/\/bstextract.com\/?post_type=product&#038;p=1131"},"modified":"2025-05-27T01:53:36","modified_gmt":"2025-05-27T01:53:36","slug":"urolithine-a-poudre","status":"publish","type":"product","link":"https:\/\/bstextract.com\/fr\/produit\/urolithine-a-poudre\/","title":{"rendered":"Urolithine A en poudre"},"content":{"rendered":"<p><!-- Keyword Section (Outside Article) --><\/p>\n<h2>Qu'est-ce que l'Urolithine A en poudre ?<\/h2>\n<p><strong>Urolithine A en poudre<\/strong> est un compos\u00e9 postbiotique naturel d\u00e9riv\u00e9 du m\u00e9tabolisme microbien des ellagitannins, que l'on trouve couramment dans les grenades, les baies et les noix. Identifi\u00e9 par le num\u00e9ro CAS. <strong>1143-70-0<\/strong>L'Urolithine A attire l'attention pour sa capacit\u00e9 \u00e0 <strong>stimuler la mitophagie<\/strong>-le processus naturel de remplacement des mitochondries endommag\u00e9es par l'organisme- et soutiennent <strong>l'\u00e9nergie cellulaire, la sant\u00e9 musculaire et la long\u00e9vit\u00e9<\/strong>.<\/p>\n<p><img fetchpriority=\"high\" decoding=\"async\" class=\"size-full wp-image-1137 alignnone\" src=\"https:\/\/bstextract.com\/wp-content\/uploads\/2025\/05\/Urolithin-A-bulk-powder.jpg\" alt=\"\" width=\"1920\" height=\"750\" title=\"\" srcset=\"https:\/\/bstextract.com\/wp-content\/uploads\/2025\/05\/Urolithin-A-bulk-powder.jpg 1920w, https:\/\/bstextract.com\/wp-content\/uploads\/2025\/05\/Urolithin-A-bulk-powder-300x117.jpg 300w, https:\/\/bstextract.com\/wp-content\/uploads\/2025\/05\/Urolithin-A-bulk-powder-1024x400.jpg 1024w, https:\/\/bstextract.com\/wp-content\/uploads\/2025\/05\/Urolithin-A-bulk-powder-768x300.jpg 768w, https:\/\/bstextract.com\/wp-content\/uploads\/2025\/05\/Urolithin-A-bulk-powder-1536x600.jpg 1536w, https:\/\/bstextract.com\/wp-content\/uploads\/2025\/05\/Urolithin-A-bulk-powder-18x7.jpg 18w, https:\/\/bstextract.com\/wp-content\/uploads\/2025\/05\/Urolithin-A-bulk-powder-600x234.jpg 600w\" sizes=\"(max-width: 1920px) 100vw, 1920px\" \/><\/p>\n<p>Notre poudre d'Urolithine A est normalis\u00e9e pour <strong>98% puret\u00e9<\/strong> et appara\u00eet comme une fine <strong>poudre brun clair<\/strong>. Nous fournissons \u00e9galement <strong>Urolithine B<\/strong>une autre forme ayant des fonctions biologiques similaires mais distinctes. Les deux formes conviennent aux <strong>les applications nutraceutiques, pharmaceutiques et les aliments fonctionnels<\/strong>.<\/p>\n<h2>Applications de la poudre d'urolithine A<\/h2>\n<p>L'urolithine A est largement utilis\u00e9e dans <strong>suppl\u00e9ments anti-\u00e2ge, de r\u00e9cup\u00e9ration sportive et de sant\u00e9 mitochondriale<\/strong>. Il est g\u00e9n\u00e9ralement formul\u00e9 en <strong>g\u00e9lules, comprim\u00e9s, boissons en poudre et aliments fonctionnels<\/strong> pour soutenir <strong>rajeunissement cellulaire, performance musculaire et clart\u00e9 cognitive<\/strong>. Son r\u00f4le cliniquement prouv\u00e9 dans l'am\u00e9lioration de la fonction mitochondriale en fait un produit id\u00e9al pour les personnes qui se concentrent sur les aspects suivants <strong>vieillissement en bonne sant\u00e9 et optimisation de l'\u00e9nergie<\/strong>.<\/p>\n<p>L'urolithine B, un compos\u00e9 apparent\u00e9, est utilis\u00e9e dans des applications similaires et est connue pour ses effets anti-inflammatoires et ses bienfaits sur la synth\u00e8se des prot\u00e9ines musculaires. Les deux Urolithines sont de plus en plus populaires dans les <strong>des lignes de produits ax\u00e9es sur le biohacking, le bien-\u00eatre et la long\u00e9vit\u00e9<\/strong>.<\/p>\n<h2>Questions fr\u00e9quemment pos\u00e9es<\/h2>\n<p><strong>Quelle est la puret\u00e9 de votre Urolithin A ?<\/strong><br \/>\nNotre poudre d'Urolithine A est normalis\u00e9e pour <strong>98% puret\u00e9<\/strong> et convient aux compl\u00e9ments alimentaires pour les humains.<\/p>\n<p><strong>Proposez-vous \u00e9galement l'Urolithin B ?<\/strong><br \/>\nOui, nous fournissons <strong>Urolithine B<\/strong> pour une utilisation dans des produits ciblant les fonctions anti-inflammatoires et de soutien musculaire.<\/p>\n<p><strong>Quelle est l'apparence du produit ?<\/strong><br \/>\nIl s'agit d'un <strong>poudre brun clair<\/strong> avec une excellente stabilit\u00e9 et solubilit\u00e9 pour une utilisation en formulation.<\/p>\n<p><strong>Quelles sont les principales applications de l'Urolithine A ?<\/strong><br \/>\nUtilis\u00e9 dans <strong>des suppl\u00e9ments pour la sant\u00e9 mitochondriale, la lutte contre le vieillissement, l'endurance et la long\u00e9vit\u00e9<\/strong>.<\/p>\n<p><strong>Comment le produit est-il emball\u00e9 ?<\/strong><br \/>\nL'emballage standard comprend <strong>1kg\/sac\/carton<\/strong> ou <strong>25kg\/tambour ou carton<\/strong>. Options personnalis\u00e9es disponibles sur demande.<\/p>\n<p><strong>Quelle est la dur\u00e9e de stockage et de conservation recommand\u00e9e ?<\/strong><br \/>\nConserver dans un <strong>contenant frais, sec et r\u00e9sistant \u00e0 la lumi\u00e8re<\/strong>. La dur\u00e9e de conservation est de <strong>24 mois<\/strong> lorsqu'il est stock\u00e9 correctement.<\/p>\n<h2>\u00c0 propos de Xi'an Best Bio-Tech Co.<\/h2>\n<p><strong>Xi'an Best Bio-Tech Co. Ltd.<\/strong> se consacre \u00e0 la recherche, au d\u00e9veloppement et au commerce mondial d'extraits de plantes naturelles de haute qualit\u00e9. Avec une \u00e9quipe passionn\u00e9e et exp\u00e9riment\u00e9e, nous offrons une assistance \u00e0 la client\u00e8le 24 heures sur 24 et 7 jours sur 7 et nous nous effor\u00e7ons de proposer des prix comp\u00e9titifs, une qualit\u00e9 stable et un service attentif \u00e0 nos clients dans plus de 60 pays.<\/p>\n<p>Notre usine est situ\u00e9e \u00e0 Yangling, le plus grand centre de production et de distribution d'extraits de plantes de Chine. \u00c9quip\u00e9s d'instruments d'essai avanc\u00e9s et de plusieurs lignes de production automatis\u00e9es conformes aux BPF, nous assurons un contr\u00f4le strict de la qualit\u00e9 des mati\u00e8res premi\u00e8res jusqu'aux produits finaux. Nos certifications comprennent <strong>Kosher, Halal, ISO9001 et USFDA<\/strong>.<\/p>\n<p>Nos principaux produits sont les suivants <strong>extraits de champignons, ingr\u00e9dients de compl\u00e9ments alimentaires, extraits cosm\u00e9tiques \u00e0 base de plantes et poudres de fruits et l\u00e9gumes<\/strong>. Nous nous engageons \u00e0 fournir des solutions s\u00fbres, efficaces et personnalis\u00e9es pour aider les clients du monde entier \u00e0 promouvoir une vie saine.<\/p>","protected":false},"excerpt":{"rendered":"<table>\n<tbody>\n<tr>\n<td colspan=\"1\" rowspan=\"1\">\n<div>\n<div><b>Autres formes<\/b><\/div>\n<\/div>\n<\/td>\n<td colspan=\"1\" rowspan=\"1\">\n<div>\n<div>Urolithine B<\/div>\n<\/div>\n<\/td>\n<\/tr>\n<tr>\n<td colspan=\"1\" rowspan=\"1\">\n<div>\n<div><b>CAS NO<\/b><\/div>\n<\/div>\n<\/td>\n<td colspan=\"1\" rowspan=\"1\">\n<div>\n<div>1143-70-0<\/div>\n<\/div>\n<\/td>\n<\/tr>\n<tr>\n<td colspan=\"1\" rowspan=\"1\">\n<div>\n<div><b>Apparence<\/b><\/div>\n<\/div>\n<\/td>\n<td colspan=\"1\" rowspan=\"1\">\n<div>\n<div>Poudre brun clair<\/div>\n<\/div>\n<\/td>\n<\/tr>\n<tr>\n<td colspan=\"1\" rowspan=\"1\">\n<div>\n<div><b>Sp\u00e9cification du produit<\/b><\/div>\n<\/div>\n<\/td>\n<td colspan=\"1\" rowspan=\"1\">\n<div>\n<div>98%<\/div>\n<\/div>\n<\/td>\n<\/tr>\n<\/tbody>\n<\/table>","protected":false},"featured_media":1132,"comment_status":"open","ping_status":"closed","template":"","meta":{"_acf_changed":false},"product_brand":[],"product_cat":[15],"product_tag":[],"class_list":{"0":"post-1131","1":"product","2":"type-product","3":"status-publish","4":"has-post-thumbnail","6":"product_cat-dietary-supplements","8":"first","9":"instock","10":"shipping-taxable","11":"product-type-simple"},"acf":[],"_links":{"self":[{"href":"https:\/\/bstextract.com\/fr\/wp-json\/wp\/v2\/product\/1131","targetHints":{"allow":["GET"]}}],"collection":[{"href":"https:\/\/bstextract.com\/fr\/wp-json\/wp\/v2\/product"}],"about":[{"href":"https:\/\/bstextract.com\/fr\/wp-json\/wp\/v2\/types\/product"}],"replies":[{"embeddable":true,"href":"https:\/\/bstextract.com\/fr\/wp-json\/wp\/v2\/comments?post=1131"}],"wp:featuredmedia":[{"embeddable":true,"href":"https:\/\/bstextract.com\/fr\/wp-json\/wp\/v2\/media\/1132"}],"wp:attachment":[{"href":"https:\/\/bstextract.com\/fr\/wp-json\/wp\/v2\/media?parent=1131"}],"wp:term":[{"taxonomy":"product_brand","embeddable":true,"href":"https:\/\/bstextract.com\/fr\/wp-json\/wp\/v2\/product_brand?post=1131"},{"taxonomy":"product_cat","embeddable":true,"href":"https:\/\/bstextract.com\/fr\/wp-json\/wp\/v2\/product_cat?post=1131"},{"taxonomy":"product_tag","embeddable":true,"href":"https:\/\/bstextract.com\/fr\/wp-json\/wp\/v2\/product_tag?post=1131"}],"curies":[{"name":"wp","href":"https:\/\/api.w.org\/{rel}","templated":true}]}}