{"id":1145,"date":"2025-05-29T02:52:49","date_gmt":"2025-05-29T02:52:49","guid":{"rendered":"https:\/\/bstextract.com\/?post_type=product&#038;p=1145"},"modified":"2025-07-02T02:28:14","modified_gmt":"2025-07-02T02:28:14","slug":"n-acetyl-cysteinenac","status":"publish","type":"product","link":"https:\/\/bstextract.com\/fr\/produit\/n-acetyl-cysteinenac\/","title":{"rendered":"NAC en poudre (N-ac\u00e9tyl-cyst\u00e9ine)"},"content":{"rendered":"<p><!-- Keyword Section (Outside Article) --><\/p>\n<p><strong>NAC en poudre<\/strong> est un d\u00e9riv\u00e9 de l'acide amin\u00e9 L-cyst\u00e9ine. Elle est couramment utilis\u00e9e comme compl\u00e9ment alimentaire et est connue pour ses propri\u00e9t\u00e9s antioxydantes. La NAC est \u00e9galement un pr\u00e9curseur du glutathion, un puissant antioxydant produit par l'organisme.<\/p>\n<p><img fetchpriority=\"high\" decoding=\"async\" class=\"aligncenter wp-image-1784 size-large\" src=\"https:\/\/bstextract.com\/wp-content\/uploads\/2025\/05\/the-benefits-of-n-acetylcysteine-89416-primary-recirc-5a4235d9adfe45d19d276d024c537108-1024x683.webp\" alt=\"NAC en poudre\" width=\"1024\" height=\"683\" title=\"\" srcset=\"https:\/\/bstextract.com\/wp-content\/uploads\/2025\/05\/the-benefits-of-n-acetylcysteine-89416-primary-recirc-5a4235d9adfe45d19d276d024c537108-1024x683.webp 1024w, https:\/\/bstextract.com\/wp-content\/uploads\/2025\/05\/the-benefits-of-n-acetylcysteine-89416-primary-recirc-5a4235d9adfe45d19d276d024c537108-300x200.webp 300w, https:\/\/bstextract.com\/wp-content\/uploads\/2025\/05\/the-benefits-of-n-acetylcysteine-89416-primary-recirc-5a4235d9adfe45d19d276d024c537108-768x512.webp 768w, https:\/\/bstextract.com\/wp-content\/uploads\/2025\/05\/the-benefits-of-n-acetylcysteine-89416-primary-recirc-5a4235d9adfe45d19d276d024c537108-18x12.webp 18w, https:\/\/bstextract.com\/wp-content\/uploads\/2025\/05\/the-benefits-of-n-acetylcysteine-89416-primary-recirc-5a4235d9adfe45d19d276d024c537108-600x400.webp 600w, https:\/\/bstextract.com\/wp-content\/uploads\/2025\/05\/the-benefits-of-n-acetylcysteine-89416-primary-recirc-5a4235d9adfe45d19d276d024c537108.webp 1500w\" sizes=\"(max-width: 1024px) 100vw, 1024px\" \/><\/p>\n<p>Avec une puret\u00e9 de <strong>99%<\/strong>Cette poudre cristalline blanche r\u00e9pond aux normes pharmaceutiques et nutraceutiques et convient \u00e0 l'encapsulation, \u00e0 la mise en comprim\u00e9s, \u00e0 l'enrichissement des boissons et \u00e0 la formulation de compl\u00e9ments alimentaires.<\/p>\n<ul>\n<li><strong>Nom chimique<\/strong>: N-ac\u00e9tyl-L-cyst\u00e9ine<\/li>\n<li><strong>Num\u00e9ro CAS<\/strong>: 616-91-1<\/li>\n<li><strong>Formule mol\u00e9culaire<\/strong>: C\u2085H\u2089NO\u2083S<\/li>\n<li><strong>Grade<\/strong>: Pharmaceutique\/Nutraceutique<\/li>\n<li><strong>Certifications<\/strong>: KOSHER, HALAL, ISO22000, HACCP, EU Organic, USDA Organic<\/li>\n<\/ul>\n<h2>Composition des ingr\u00e9dients et sp\u00e9cifications techniques<\/h2>\n<div>\n<div tabindex=\"-1\">\n<table>\n<thead>\n<tr>\n<th>Param\u00e8tres<\/th>\n<th>Sp\u00e9cifications<\/th>\n<\/tr>\n<\/thead>\n<tbody>\n<tr>\n<td>Nom du produit<\/td>\n<td>N-ac\u00e9tyl-L-cyst\u00e9ine (NAC en poudre)<\/td>\n<\/tr>\n<tr>\n<td>Synonymes<\/td>\n<td>NAC, N-ac\u00e9tylcyst\u00e9ine, N-ac\u00e9tyl L-cyst\u00e9ine<\/td>\n<\/tr>\n<tr>\n<td>La puret\u00e9<\/td>\n<td>99%<\/td>\n<\/tr>\n<tr>\n<td>Apparence<\/td>\n<td>Poudre cristalline blanche<\/td>\n<\/tr>\n<tr>\n<td>Solubilit\u00e9<\/td>\n<td>Facilement soluble dans l'eau et l'alcool<\/td>\n<\/tr>\n<tr>\n<td>Taille des particules<\/td>\n<td>100% jusqu'\u00e0 80 mailles<\/td>\n<\/tr>\n<tr>\n<td>Options d'emballage<\/td>\n<td>1kg\/sac ou 25kg\/tambour ; emballage personnalis\u00e9 disponible<\/td>\n<\/tr>\n<tr>\n<td>Dur\u00e9e de conservation<\/td>\n<td>24 mois<\/td>\n<\/tr>\n<tr>\n<td>Stockage<\/td>\n<td>Conserver dans un endroit frais et sec, \u00e0 l'abri de la lumi\u00e8re et de la chaleur.<\/td>\n<\/tr>\n<tr>\n<td>Disponibilit\u00e9 des \u00e9chantillons<\/td>\n<td>\u00c9chantillon gratuit disponible sur demande<\/td>\n<\/tr>\n<\/tbody>\n<\/table>\n<div>\n<div><\/div>\n<\/div>\n<\/div>\n<\/div>\n<h2>Principaux avantages et facteurs de diff\u00e9renciation<\/h2>\n<ul>\n<li><strong>Soutien au foie et \u00e0 la d\u00e9sintoxication<\/strong>: La NAC favorise la production de glutathion, un antioxydant cl\u00e9 pour les voies de d\u00e9sintoxication.<\/li>\n<li><strong>Sant\u00e9 respiratoire<\/strong>: Agit comme un agent mucolytique, aidant \u00e0 d\u00e9composer le mucus dans les poumons et les voies respiratoires.<\/li>\n<li><strong>D\u00e9fense cellulaire antioxydante<\/strong>: Prot\u00e8ge les cellules contre les dommages oxydatifs et soutient la r\u00e9sistance immunitaire<\/li>\n<li><strong>Grande puret\u00e9 et stabilit\u00e9<\/strong>Compos\u00e9 actif 99%, avec une excellente solubilit\u00e9 et compatibilit\u00e9 avec les formulations.<\/li>\n<li><strong>Certification de qualit\u00e9 pour l'exportation<\/strong>: Enti\u00e8rement conforme aux exigences r\u00e9glementaires des principaux march\u00e9s<\/li>\n<\/ul>\n<h2>All\u00e9gations fonctionnelles et contexte scientifique<\/h2>\n<p>La N-ac\u00e9tyl-L-cyst\u00e9ine joue un r\u00f4le essentiel dans la biosynth\u00e8se de la <strong>glutathion (GSH)<\/strong>-un antioxydant intracellulaire majeur qui favorise la d\u00e9toxification, la modulation immunitaire et la r\u00e9paration cellulaire.<\/p>\n<p>Largement \u00e9tudi\u00e9 pour son r\u00f4le dans :<\/p>\n<ul>\n<li><strong>R\u00e9duction du stress oxydatif<\/strong><\/li>\n<li><strong>Protection contre les toxines environnementales<\/strong><\/li>\n<li><strong>Soutien de la fonction pulmonaire en cas d'affections respiratoires<\/strong><\/li>\n<li><strong>Am\u00e9lioration de l'activit\u00e9 des enzymes h\u00e9patiques dans les protocoles de d\u00e9sintoxication<\/strong><\/li>\n<\/ul>\n<blockquote><p><em>R\u00e9f\u00e9rence : <a href=\"https:\/\/pubmed.ncbi.nlm.nih.gov\/24080471\/\" target=\"_blank\" rel=\"noopener\">Rushworth, G. F. et Megson, I. L. (2014). \"Utilisations th\u00e9rapeutiques existantes et potentielles de la N-ac\u00e9tylcyst\u00e9ine\". British Journal of Clinical Pharmacology.<\/a><\/em><\/p><\/blockquote>\n<h2>Sc\u00e9narios d'application et d'utilisation<\/h2>\n<h3>Utilisation dans l'industrie<\/h3>\n<ul>\n<li>Compl\u00e9ments alimentaires (g\u00e9lules, comprim\u00e9s, effervescents)<\/li>\n<li>M\u00e9langes de produits pour le foie et la d\u00e9sintoxication<\/li>\n<li>Formules de soutien respiratoire<\/li>\n<li>Boissons et poudres fonctionnelles<\/li>\n<li>IPA pharmaceutiques (pour les m\u00e9dicaments mucolytiques)<\/li>\n<\/ul>\n<h3>Dosage sugg\u00e9r\u00e9<\/h3>\n<ul>\n<li>Dosage typique d'un suppl\u00e9ment : 600-1 200 mg par jour<\/li>\n<li>Formulations personnalis\u00e9es : jusqu'\u00e0 3g\/jour sous supervision professionnelle<\/li>\n<li>Solubilit\u00e9 adapt\u00e9e aux m\u00e9langes de poudres, aux boissons et aux comprim\u00e9s effervescents<\/li>\n<\/ul>\n<h2>Contr\u00f4le de la qualit\u00e9 et conformit\u00e9<\/h2>\n<p>Notre poudre de NAC est fabriqu\u00e9e dans une usine certifi\u00e9e GMP et test\u00e9e :<\/p>\n<ul>\n<li><strong>Identit\u00e9 et puret\u00e9 (\u226599%)<\/strong> via HPLC<\/li>\n<li><strong>M\u00e9taux lourds<\/strong>: Plomb, Arsenic, Cadmium, Mercure \u2264 limites internationales<\/li>\n<li><strong>Microbiologie<\/strong>: TPC, levures et moisissures, salmonelles, E. coli - N\u00e9gatif<\/li>\n<li><strong>Contr\u00f4le des r\u00e9sidus et des contaminants<\/strong>: Sans pesticide, conforme aux r\u00e9sidus de solvants<\/li>\n<\/ul>\n<h3>Certifications :<\/h3>\n<ul>\n<li>ISO22000, HACCP, CASHER, HALAL<\/li>\n<li>Conforme aux normes biologiques de l'USDA et de l'UE (origine des mati\u00e8res premi\u00e8res)<\/li>\n<li>COA, MSDS, TDS, rapports d'essais de tiers disponibles sur demande<\/li>\n<\/ul>\n<h2>Capacit\u00e9 d'approvisionnement et conditions commerciales<\/h2>\n<div>\n<div tabindex=\"-1\">\n<table>\n<thead>\n<tr>\n<th>Dur\u00e9e de l'offre<\/th>\n<th>Description<\/th>\n<\/tr>\n<\/thead>\n<tbody>\n<tr>\n<td>MOQ<\/td>\n<td>1kg (essai) \/ 25kg (standard)<\/td>\n<\/tr>\n<tr>\n<td>D\u00e9lai d'ex\u00e9cution<\/td>\n<td>5-10 jours ouvrables<\/td>\n<\/tr>\n<tr>\n<td>Options d'emballage<\/td>\n<td>Sacs en aluminium, tambours en fibre, sachets OEM<\/td>\n<\/tr>\n<tr>\n<td>Service OEM\/ODM<\/td>\n<td>Disponible sous forme de capsules, de m\u00e9langes et d'emballages personnalis\u00e9s<\/td>\n<\/tr>\n<tr>\n<td>March\u00e9s d'exportation<\/td>\n<td>\u00c9tats-Unis, UE, Japon, Cor\u00e9e, Moyen-Orient<\/td>\n<\/tr>\n<tr>\n<td>Conditions de paiement<\/td>\n<td>T\/T, PayPal, L\/C pour les commandes en gros<\/td>\n<\/tr>\n<tr>\n<td>Options d'exp\u00e9dition<\/td>\n<td>CIF, FOB, DDP (air\/mer\/express disponible)<\/td>\n<\/tr>\n<\/tbody>\n<\/table>\n<div>\n<div><\/div>\n<\/div>\n<\/div>\n<\/div>\n<h2>\u00c0 propos du fabricant<\/h2>\n<p><strong>Xi'an Best Bio-Tech Co. Ltd.<\/strong> est un fabricant et un exportateur professionnel d'ingr\u00e9dients d'origine v\u00e9g\u00e9tale et de d\u00e9riv\u00e9s d'acides amin\u00e9s. Situ\u00e9e \u00e0 <strong>Yangling, Chine<\/strong>Notre usine est \u00e9quip\u00e9e de <strong>Lignes de production certifi\u00e9es GMP<\/strong>, <strong>laboratoires d'essais avanc\u00e9s<\/strong>et un <strong>une \u00e9quipe d'exportation exp\u00e9riment\u00e9e<\/strong> au service de plus de 60 pays.<\/p>\n<p>Nous offrons :<\/p>\n<ul>\n<li>Fabrication en sous-traitance (OEM\/ODM)<\/li>\n<li>Consultation sur la formulation des ingr\u00e9dients<\/li>\n<li>Documentation r\u00e9glementaire et soutien \u00e0 l'enregistrement<\/li>\n<\/ul>\n<h2>Questions fr\u00e9quemment pos\u00e9es<\/h2>\n<p><strong>Q1 : Votre poudre de NAC est-elle adapt\u00e9e \u00e0 un usage pharmaceutique ?<\/strong><br \/>\nOui, il est d'une puret\u00e9 pharmaceutique et r\u00e9pond aux normes de contr\u00f4le de qualit\u00e9 de l'industrie.<\/p>\n<p><strong>Q2 : Fournissez-vous des rapports de laboratoire de tiers ?<\/strong><br \/>\nOui, le COA et les r\u00e9sultats des tests effectu\u00e9s par des tiers peuvent \u00eatre fournis sur demande.<\/p>\n<p><strong>Q3 : Puis-je commander de la NAC dans des formulations personnalis\u00e9es ou des sachets de marque ?<\/strong><br \/>\nAbsolument. Nous proposons des services OEM\/ODM complets.<\/p>\n<p><strong>Q4 : Ce produit est-il conforme aux normes europ\u00e9ennes\/am\u00e9ricaines ?<\/strong><br \/>\nOui, il est conforme aux normes USP, EP et \u00e0 d'autres normes de qualit\u00e9 internationales.<\/p>\n<p><strong>Q5 : La vente de NAC en tant que compl\u00e9ment alimentaire est-elle toujours l\u00e9gale aux \u00c9tats-Unis ?<\/strong><br \/>\nLe statut r\u00e9glementaire pouvant varier, nous vous recommandons de consulter votre conseiller local en mati\u00e8re de r\u00e9glementation. Notre NAC convient \u00e0 la fois aux applications di\u00e9t\u00e9tiques et techniques.<\/p>","protected":false},"excerpt":{"rendered":"<ul>\n<li><strong>Nom chimique<\/strong>: N-ac\u00e9tyl-L-cyst\u00e9ine<\/li>\n<li><strong>Num\u00e9ro CAS<\/strong>: 616-91-1<\/li>\n<li><strong>Formule mol\u00e9culaire<\/strong>: C\u2085H\u2089NO\u2083S<\/li>\n<li><strong>Grade<\/strong>: Pharmaceutique\/Nutraceutique<\/li>\n<li><strong>Certifications<\/strong>: KOSHER, HALAL, ISO22000, HACCP, EU Organic, USDA Organic<\/li>\n<\/ul>","protected":false},"featured_media":1780,"comment_status":"open","ping_status":"closed","template":"","meta":{"_acf_changed":false},"product_brand":[],"product_cat":[15],"product_tag":[],"class_list":{"0":"post-1145","1":"product","2":"type-product","3":"status-publish","4":"has-post-thumbnail","6":"product_cat-dietary-supplements","8":"first","9":"instock","10":"shipping-taxable","11":"product-type-simple"},"acf":[],"_links":{"self":[{"href":"https:\/\/bstextract.com\/fr\/wp-json\/wp\/v2\/product\/1145","targetHints":{"allow":["GET"]}}],"collection":[{"href":"https:\/\/bstextract.com\/fr\/wp-json\/wp\/v2\/product"}],"about":[{"href":"https:\/\/bstextract.com\/fr\/wp-json\/wp\/v2\/types\/product"}],"replies":[{"embeddable":true,"href":"https:\/\/bstextract.com\/fr\/wp-json\/wp\/v2\/comments?post=1145"}],"wp:featuredmedia":[{"embeddable":true,"href":"https:\/\/bstextract.com\/fr\/wp-json\/wp\/v2\/media\/1780"}],"wp:attachment":[{"href":"https:\/\/bstextract.com\/fr\/wp-json\/wp\/v2\/media?parent=1145"}],"wp:term":[{"taxonomy":"product_brand","embeddable":true,"href":"https:\/\/bstextract.com\/fr\/wp-json\/wp\/v2\/product_brand?post=1145"},{"taxonomy":"product_cat","embeddable":true,"href":"https:\/\/bstextract.com\/fr\/wp-json\/wp\/v2\/product_cat?post=1145"},{"taxonomy":"product_tag","embeddable":true,"href":"https:\/\/bstextract.com\/fr\/wp-json\/wp\/v2\/product_tag?post=1145"}],"curies":[{"name":"wp","href":"https:\/\/api.w.org\/{rel}","templated":true}]}}