{"id":1170,"date":"2025-05-29T02:57:51","date_gmt":"2025-05-29T02:57:51","guid":{"rendered":"https:\/\/bstextract.com\/?post_type=product&#038;p=1170"},"modified":"2025-05-30T02:33:12","modified_gmt":"2025-05-30T02:33:12","slug":"phosphatidylserine","status":"publish","type":"product","link":"https:\/\/bstextract.com\/fr\/produit\/phosphatidylserine\/","title":{"rendered":"Phosphatidyls\u00e9rine (PS)"},"content":{"rendered":"<h2>Qu'est-ce que la phosphatidyls\u00e9rine ?<\/h2>\n<p><strong>Phosphatidyls\u00e9rine (PS)<\/strong> est un phospholipide naturel et un composant structurel cl\u00e9 des membranes cellulaires, en particulier dans le tissu c\u00e9r\u00e9bral. D'origine <strong>extrait de soja<\/strong>notre PS est normalis\u00e9 \u00e0 <strong>20%, 50% et 70%<\/strong> et appara\u00eet sous la forme d'un <strong>poudre jaune clair \u00e0 blanche<\/strong>. Connu pour son soutien aux <strong>sant\u00e9 cognitive, r\u00e9tention de la m\u00e9moire et concentration mentale<\/strong>Il s'agit d'un ingr\u00e9dient fonctionnel largement utilis\u00e9 dans l'industrie nutraceutique mondiale.<\/p>\n<p>En tant que professionnel <strong>phosphatidyls\u00e9rine fabricant et usine<\/strong> Bas\u00e9s en Chine, nous fournissons de la PS de haute puret\u00e9 d\u00e9riv\u00e9e du soja pour les compl\u00e9ments alimentaires, les formules de sant\u00e9 c\u00e9r\u00e9brale et les produits de bien-\u00eatre. Notre phosphatidyls\u00e9rine convient \u00e0 une large gamme d'applications, notamment <strong>capsules, comprim\u00e9s, poudres et boissons fonctionnelles<\/strong>.<\/p>\n<h2><a href=\"https:\/\/bstextract.com\/fr\/phosphatidylserine-avantages-utilisations-et-risques\/\">Applications de la phosphatidyls\u00e9rine<\/a><\/h2>\n<p>La phosphatidyls\u00e9rine est couramment utilis\u00e9e dans <strong>suppl\u00e9ments am\u00e9liorant la m\u00e9moire, nootropiques, produits de r\u00e9duction du stress et formules de soutien c\u00e9r\u00e9bral<\/strong>. Il contribue \u00e0 optimiser la fonction des neurotransmetteurs, \u00e0 r\u00e9duire les niveaux de cortisol et \u00e0 am\u00e9liorer les performances mentales, en particulier chez les populations vieillissantes et les personnes souffrant d'un d\u00e9clin cognitif.<\/p>\n<p><img fetchpriority=\"high\" decoding=\"async\" class=\"aligncenter size-full wp-image-1165\" src=\"https:\/\/bstextract.com\/wp-content\/uploads\/2025\/05\/Phosphatidylserine-Benefits-Uses-and-Risks.png\" alt=\"\" width=\"1500\" height=\"1000\" title=\"\" srcset=\"https:\/\/bstextract.com\/wp-content\/uploads\/2025\/05\/Phosphatidylserine-Benefits-Uses-and-Risks.png 1500w, https:\/\/bstextract.com\/wp-content\/uploads\/2025\/05\/Phosphatidylserine-Benefits-Uses-and-Risks-300x200.png 300w, https:\/\/bstextract.com\/wp-content\/uploads\/2025\/05\/Phosphatidylserine-Benefits-Uses-and-Risks-1024x683.png 1024w, https:\/\/bstextract.com\/wp-content\/uploads\/2025\/05\/Phosphatidylserine-Benefits-Uses-and-Risks-768x512.png 768w, https:\/\/bstextract.com\/wp-content\/uploads\/2025\/05\/Phosphatidylserine-Benefits-Uses-and-Risks-18x12.png 18w, https:\/\/bstextract.com\/wp-content\/uploads\/2025\/05\/Phosphatidylserine-Benefits-Uses-and-Risks-600x400.png 600w\" sizes=\"(max-width: 1500px) 100vw, 1500px\" \/><\/p>\n<h2>Questions fr\u00e9quemment pos\u00e9es<\/h2>\n<p><strong>Quelle est la source de votre phosphatidyls\u00e9rine ?<\/strong><br \/>\nNotre PS est extrait de <strong>soja non OGM<\/strong>garantissant une grande puret\u00e9 et une compatibilit\u00e9 avec les plantes.<\/p>\n<p><strong>Quelles sont les concentrations disponibles ?<\/strong><br \/>\nNous fournissons \u00e0 PS <strong>20%, 50% et 70%<\/strong> pour r\u00e9pondre \u00e0 diverses exigences en mati\u00e8re de formulation.<\/p>\n<p><strong>Quel est l'aspect de la poudre ?<\/strong><br \/>\nIl s'agit d'un <strong>poudre jaune clair \u00e0 blanche<\/strong>Le produit est inodore, tr\u00e8s stable et convient \u00e0 de multiples formats d'administration.<\/p>\n<p><strong>Proposez-vous des livraisons en vrac et des emballages personnalis\u00e9s ?<\/strong><br \/>\nOui, en tant que personne de confiance <strong>phosphatidyls\u00e9rine usine et fournisseur<\/strong>Nous offrons <strong>les commandes en vrac, les services de marque priv\u00e9e et <a href=\"https:\/\/bstextract.com\/fr\/oem-odm-service\/\">Personnalisation OEM<\/a><\/strong>.<\/p>\n<p><strong>Comment doit-il \u00eatre stock\u00e9 ?<\/strong><br \/>\nConserver dans un <strong>contenant frais, sec et r\u00e9sistant \u00e0 la lumi\u00e8re<\/strong>. La dur\u00e9e de conservation est de <strong>24 mois<\/strong> dans des conditions de stockage appropri\u00e9es.<\/p>\n<p><strong>Puis-je demander un \u00e9chantillon ?<\/strong><br \/>\nOui, <strong>\u00e9chantillons gratuits<\/strong> sont disponibles pour les essais et le d\u00e9veloppement de produits.<\/p>","protected":false},"excerpt":{"rendered":"<table>\n<tbody>\n<tr>\n<td colspan=\"1\" rowspan=\"1\">\n<div>\n<div><b>Autre nom<\/b><\/div>\n<\/div>\n<\/td>\n<td colspan=\"1\" rowspan=\"1\">\n<div>\n<div>PS<\/div>\n<\/div>\n<\/td>\n<\/tr>\n<tr>\n<td colspan=\"1\" rowspan=\"1\">\n<div>\n<div><b>Source<\/b><\/div>\n<\/div>\n<\/td>\n<td colspan=\"1\" rowspan=\"1\">\n<div>\n<div>Extrait de soja<\/div>\n<\/div>\n<\/td>\n<\/tr>\n<tr>\n<td colspan=\"1\" rowspan=\"1\">\n<div>\n<div><b>Apparence<\/b><\/div>\n<\/div>\n<\/td>\n<td colspan=\"1\" rowspan=\"1\">\n<div>\n<div>Poudre jaune clair \u00e0 blanche<\/div>\n<\/div>\n<\/td>\n<\/tr>\n<tr>\n<td colspan=\"1\" rowspan=\"1\">\n<div>\n<div><b>Sp\u00e9cification du produit<\/b><\/div>\n<\/div>\n<\/td>\n<td colspan=\"1\" rowspan=\"1\">\n<div>\n<div>20% 50% 70%<\/div>\n<\/div>\n<\/td>\n<\/tr>\n<\/tbody>\n<\/table>","protected":false},"featured_media":1173,"comment_status":"open","ping_status":"closed","template":"","meta":{"_acf_changed":false},"product_brand":[],"product_cat":[15],"product_tag":[],"class_list":{"0":"post-1170","1":"product","2":"type-product","3":"status-publish","4":"has-post-thumbnail","6":"product_cat-dietary-supplements","8":"first","9":"instock","10":"shipping-taxable","11":"product-type-simple"},"acf":[],"_links":{"self":[{"href":"https:\/\/bstextract.com\/fr\/wp-json\/wp\/v2\/product\/1170","targetHints":{"allow":["GET"]}}],"collection":[{"href":"https:\/\/bstextract.com\/fr\/wp-json\/wp\/v2\/product"}],"about":[{"href":"https:\/\/bstextract.com\/fr\/wp-json\/wp\/v2\/types\/product"}],"replies":[{"embeddable":true,"href":"https:\/\/bstextract.com\/fr\/wp-json\/wp\/v2\/comments?post=1170"}],"wp:featuredmedia":[{"embeddable":true,"href":"https:\/\/bstextract.com\/fr\/wp-json\/wp\/v2\/media\/1173"}],"wp:attachment":[{"href":"https:\/\/bstextract.com\/fr\/wp-json\/wp\/v2\/media?parent=1170"}],"wp:term":[{"taxonomy":"product_brand","embeddable":true,"href":"https:\/\/bstextract.com\/fr\/wp-json\/wp\/v2\/product_brand?post=1170"},{"taxonomy":"product_cat","embeddable":true,"href":"https:\/\/bstextract.com\/fr\/wp-json\/wp\/v2\/product_cat?post=1170"},{"taxonomy":"product_tag","embeddable":true,"href":"https:\/\/bstextract.com\/fr\/wp-json\/wp\/v2\/product_tag?post=1170"}],"curies":[{"name":"wp","href":"https:\/\/api.w.org\/{rel}","templated":true}]}}