{"id":1191,"date":"2025-05-30T01:54:52","date_gmt":"2025-05-30T01:54:52","guid":{"rendered":"https:\/\/bstextract.com\/?post_type=product&#038;p=1191"},"modified":"2025-05-30T01:54:52","modified_gmt":"2025-05-30T01:54:52","slug":"desoxyarbutine-d-arbutine","status":"publish","type":"product","link":"https:\/\/bstextract.com\/fr\/produit\/desoxyarbutine-d-arbutine\/","title":{"rendered":"D\u00e9soxyarbutine (D-Arbutine)"},"content":{"rendered":"<p><!-- Keyword Section (Outside Article) --><\/p>\n<h2>Qu'est-ce que la d\u00e9soxyarbutine ?<\/h2>\n<p><strong>D\u00e9soxyarbutine<\/strong>\u00e9galement connu sous le nom de <strong>D-Arbutin<\/strong>est un agent d'\u00e9claircissement de la peau tr\u00e8s efficace, largement utilis\u00e9 dans les applications cosm\u00e9tiques et dermatologiques. Identifi\u00e9 par le num\u00e9ro CAS <strong>53936-56-4<\/strong> et la formule mol\u00e9culaire <strong>C<sub>11<\/sub>H<sub>14<\/sub>O<sub>3<\/sub><\/strong>Il s'agit d'un produit hautement purifi\u00e9 <strong>poudre blanche<\/strong> avec une sp\u00e9cification standard de <strong>99%<\/strong>.<\/p>\n<p>La d\u00e9soxyarbutine agit en inhibant directement <strong>tyrosinase<\/strong>l'enzyme cl\u00e9 impliqu\u00e9e dans la production de m\u00e9lanine. Compar\u00e9 \u00e0 l'arbutine traditionnelle ou \u00e0 l'acide kojique, il offre des propri\u00e9t\u00e9s plus stables et plus puissantes. <strong>effets d\u00e9pigmentants<\/strong> avec une irritation r\u00e9duite, ce qui en fait un produit id\u00e9al pour les formulations modernes de soins de la peau.<\/p>\n<h2>Applications de la d\u00e9soxyarbutine<\/h2>\n<p>En tant que professionnel <strong>Fabricant de d\u00e9soxyarbutine et fournisseur d'ingr\u00e9dients cosm\u00e9tiques<\/strong>Nous fournissons de la D-Arbutine de haute puret\u00e9 pour une utilisation dans les domaines suivants <strong>les cr\u00e8mes, s\u00e9rums, masques, lotions et correcteurs de teint blanchissants<\/strong>. Il est particuli\u00e8rement efficace dans <strong>estompe les taches sombres, les taches de vieillesse, les cicatrices d'acn\u00e9 et l'hyperpigmentation<\/strong>.<\/p>\n<p>La d\u00e9soxyarbutine est un choix populaire dans les cas suivants <strong>marques de cosm\u00e9tiques haut de gamme<\/strong> et est bien adapt\u00e9 pour <strong>formulations ciblant l'\u00e9claircissement, l'uniformisation du teint et l'anti-\u00e2ge<\/strong>. Il est compatible avec les syst\u00e8mes \u00e0 base d'eau et d'\u00e9mulsion, offrant aux formulateurs une grande flexibilit\u00e9 et stabilit\u00e9.<\/p>\n<h2>Questions fr\u00e9quemment pos\u00e9es<\/h2>\n<p><strong>Quelle est la puret\u00e9 de votre d\u00e9soxyarbutine ?<\/strong><br \/>\nNotre d\u00e9soxyarbutine est normalis\u00e9e pour <strong>99% puret\u00e9<\/strong>La qualit\u00e9 de l'eau est ainsi garantie pour des applications cosm\u00e9tiques de haute performance.<\/p>\n<p><strong>\u00c0 quoi ressemble le produit ?<\/strong><br \/>\nIl s'agit d'une amende, <strong>poudre cristalline blanche<\/strong>Le produit est stable, inodore et stable dans les conditions recommand\u00e9es.<\/p>\n<p><strong>Quelle est la fonction principale de la D-Arbutine ?<\/strong><br \/>\nLa D-Arbutine est un <strong>inhibiteur de la synth\u00e8se de la m\u00e9lanine<\/strong>, principalement utilis\u00e9 pour <strong>blanchiment de la peau, r\u00e9duction des taches et uniformisation du teint<\/strong>.<\/p>\n<p><strong>Pouvez-vous fournir des produits en vrac et des services OEM ?<\/strong><br \/>\nOui, nous sommes une entreprise fiable <strong>Usine de d\u00e9soxyarbutine<\/strong> offre <strong>commandes en gros, services OEM\/ODM et \u00e9tiquetage priv\u00e9<\/strong> sur demande.<\/p>\n<p><strong>Quelles sont les recommandations en mati\u00e8re de stockage et de dur\u00e9e de conservation ?<\/strong><br \/>\nConserver dans un <strong>r\u00e9cipient frais, sec et herm\u00e9tique<\/strong>\u00e0 l'abri de la lumi\u00e8re et de la chaleur. La dur\u00e9e de conservation est de <strong>24 mois<\/strong> dans des conditions de stockage appropri\u00e9es.<\/p>\n<p><strong>Des \u00e9chantillons gratuits sont-ils disponibles ?<\/strong><br \/>\nOui, nous proposons <strong>\u00e9chantillons gratuits<\/strong> pour soutenir vos essais de formulation et votre processus de R&amp;D.<\/p>","protected":false},"excerpt":{"rendered":"<table>\n<tbody>\n<tr>\n<td colspan=\"1\" rowspan=\"1\">\n<div>\n<div><b>Autre nom<\/b><\/div>\n<\/div>\n<\/td>\n<td colspan=\"1\" rowspan=\"1\">\n<div>\n<div>D-Arbutin<\/div>\n<\/div>\n<\/td>\n<\/tr>\n<tr>\n<td colspan=\"1\" rowspan=\"1\">\n<div>\n<div><b>Num\u00e9ro CAS<\/b><\/div>\n<\/div>\n<\/td>\n<td colspan=\"1\" rowspan=\"1\">\n<div>\n<div>53936-56-4<\/div>\n<\/div>\n<\/td>\n<\/tr>\n<tr>\n<td colspan=\"1\" rowspan=\"1\">\n<div>\n<div><b>Formule mol\u00e9culaire<\/b><\/div>\n<\/div>\n<\/td>\n<td colspan=\"1\" rowspan=\"1\">\n<div>\n<div>C11H14O3<\/div>\n<\/div>\n<\/td>\n<\/tr>\n<tr>\n<td colspan=\"1\" rowspan=\"1\">\n<div>\n<div><b>Apparence<\/b><\/div>\n<\/div>\n<\/td>\n<td colspan=\"1\" rowspan=\"1\">\n<div>\n<div>Poudre blanche<\/div>\n<\/div>\n<\/td>\n<\/tr>\n<tr>\n<td colspan=\"1\" rowspan=\"1\">\n<div>\n<div><b>Sp\u00e9cification du produit<\/b><\/div>\n<\/div>\n<\/td>\n<td colspan=\"1\" rowspan=\"1\">\n<div>\n<div>99%<\/div>\n<\/div>\n<\/td>\n<\/tr>\n<\/tbody>\n<\/table>","protected":false},"featured_media":1192,"comment_status":"open","ping_status":"closed","template":"","meta":{"_acf_changed":false},"product_brand":[],"product_cat":[22],"product_tag":[],"class_list":{"0":"post-1191","1":"product","2":"type-product","3":"status-publish","4":"has-post-thumbnail","6":"product_cat-cosmetic-personal-care-ingredients","8":"first","9":"instock","10":"shipping-taxable","11":"product-type-simple"},"acf":[],"_links":{"self":[{"href":"https:\/\/bstextract.com\/fr\/wp-json\/wp\/v2\/product\/1191","targetHints":{"allow":["GET"]}}],"collection":[{"href":"https:\/\/bstextract.com\/fr\/wp-json\/wp\/v2\/product"}],"about":[{"href":"https:\/\/bstextract.com\/fr\/wp-json\/wp\/v2\/types\/product"}],"replies":[{"embeddable":true,"href":"https:\/\/bstextract.com\/fr\/wp-json\/wp\/v2\/comments?post=1191"}],"wp:featuredmedia":[{"embeddable":true,"href":"https:\/\/bstextract.com\/fr\/wp-json\/wp\/v2\/media\/1192"}],"wp:attachment":[{"href":"https:\/\/bstextract.com\/fr\/wp-json\/wp\/v2\/media?parent=1191"}],"wp:term":[{"taxonomy":"product_brand","embeddable":true,"href":"https:\/\/bstextract.com\/fr\/wp-json\/wp\/v2\/product_brand?post=1191"},{"taxonomy":"product_cat","embeddable":true,"href":"https:\/\/bstextract.com\/fr\/wp-json\/wp\/v2\/product_cat?post=1191"},{"taxonomy":"product_tag","embeddable":true,"href":"https:\/\/bstextract.com\/fr\/wp-json\/wp\/v2\/product_tag?post=1191"}],"curies":[{"name":"wp","href":"https:\/\/api.w.org\/{rel}","templated":true}]}}